{"id":12,"date":"2015-12-14T12:24:32","date_gmt":"2015-12-14T12:24:32","guid":{"rendered":"http:\/\/www.vakantiehuis-zuid-frankrijk-barcares.nl\/?page_id=12"},"modified":"2016-02-12T13:32:41","modified_gmt":"2016-02-12T13:32:41","slug":"restaurants-2","status":"publish","type":"page","link":"https:\/\/www.vakantiehuis-zuid-frankrijk-barcares.nl\/fr\/restaurants-2\/","title":{"rendered":"Restaurants"},"content":{"rendered":"<figure id=\"attachment_459\" aria-describedby=\"caption-attachment-459\" style=\"width: 987px\" class=\"wp-caption alignnone\"><a href=\"http:\/\/www.vakantiehuis-zuid-frankrijk-barcares.nl\/wp-content\/uploads\/2015\/12\/Barcar\u00e8s-village-vakantiehuis-zuid-frankrijk.jpg\" target=\"_blank\" rel=\"attachment wp-att-459\"><img loading=\"lazy\" decoding=\"async\" class=\"wp-image-459 size-large\" src=\"http:\/\/www.vakantiehuis-zuid-frankrijk-barcares.nl\/wp-content\/uploads\/2015\/12\/Barcar\u00e8s-village-vakantiehuis-zuid-frankrijk-1024x768.jpg\" alt=\"Barcar\u00e8s village vakantiehuis-zuid-frankrijk\" width=\"987\" height=\"740\" srcset=\"https:\/\/www.vakantiehuis-zuid-frankrijk-barcares.nl\/wp-content\/uploads\/2015\/12\/Barcar\u00e8s-village-vakantiehuis-zuid-frankrijk-1024x768.jpg 1024w, https:\/\/www.vakantiehuis-zuid-frankrijk-barcares.nl\/wp-content\/uploads\/2015\/12\/Barcar\u00e8s-village-vakantiehuis-zuid-frankrijk-300x225.jpg 300w, https:\/\/www.vakantiehuis-zuid-frankrijk-barcares.nl\/wp-content\/uploads\/2015\/12\/Barcar\u00e8s-village-vakantiehuis-zuid-frankrijk-768x576.jpg 768w, https:\/\/www.vakantiehuis-zuid-frankrijk-barcares.nl\/wp-content\/uploads\/2015\/12\/Barcar\u00e8s-village-vakantiehuis-zuid-frankrijk-938x704.jpg 938w, https:\/\/www.vakantiehuis-zuid-frankrijk-barcares.nl\/wp-content\/uploads\/2015\/12\/Barcar\u00e8s-village-vakantiehuis-zuid-frankrijk.jpg 1280w\" sizes=\"auto, (max-width: 987px) 100vw, 987px\" \/><\/a><figcaption id=\"caption-attachment-459\" class=\"wp-caption-text\">Restaurants midden-klasse in centrum Barcar\u00e8s<\/figcaption><\/figure>\n<figure id=\"attachment_455\" aria-describedby=\"caption-attachment-455\" style=\"width: 987px\" class=\"wp-caption alignnone\"><a href=\"http:\/\/www.vakantiehuis-zuid-frankrijk-barcares.nl\/wp-content\/uploads\/2015\/12\/Barcar\u00e8s-boulevard-vakantiepark-zuid-frankrijk.jpg\" target=\"_blank\" rel=\"attachment wp-att-455\"><img loading=\"lazy\" decoding=\"async\" class=\"wp-image-455 size-large\" src=\"http:\/\/www.vakantiehuis-zuid-frankrijk-barcares.nl\/wp-content\/uploads\/2015\/12\/Barcar\u00e8s-boulevard-vakantiepark-zuid-frankrijk-1024x768.jpg\" alt=\"Barcar\u00e8s boulevard vakantiepark-zuid-frankrijk\" width=\"987\" height=\"740\" srcset=\"https:\/\/www.vakantiehuis-zuid-frankrijk-barcares.nl\/wp-content\/uploads\/2015\/12\/Barcar\u00e8s-boulevard-vakantiepark-zuid-frankrijk-1024x768.jpg 1024w, https:\/\/www.vakantiehuis-zuid-frankrijk-barcares.nl\/wp-content\/uploads\/2015\/12\/Barcar\u00e8s-boulevard-vakantiepark-zuid-frankrijk-300x225.jpg 300w, https:\/\/www.vakantiehuis-zuid-frankrijk-barcares.nl\/wp-content\/uploads\/2015\/12\/Barcar\u00e8s-boulevard-vakantiepark-zuid-frankrijk-768x576.jpg 768w, https:\/\/www.vakantiehuis-zuid-frankrijk-barcares.nl\/wp-content\/uploads\/2015\/12\/Barcar\u00e8s-boulevard-vakantiepark-zuid-frankrijk-938x704.jpg 938w, https:\/\/www.vakantiehuis-zuid-frankrijk-barcares.nl\/wp-content\/uploads\/2015\/12\/Barcar\u00e8s-boulevard-vakantiepark-zuid-frankrijk.jpg 1280w\" sizes=\"auto, (max-width: 987px) 100vw, 987px\" \/><\/a><figcaption id=\"caption-attachment-455\" class=\"wp-caption-text\">Restaurants in de buurt van La Pin\u00e8de<\/figcaption><\/figure>\n<h4>Restaurants met veel vari\u00ebteit<\/h4>\n<p>In Le Barcar\u00e8s kunt u kiezen uit diverse middenklasse restaurants met een gevarieerd aanbod\u00a0aan menu&#8217;s voor elke leeftijdscategorie.\u00a0 De prijzen kunnen\u00a0worden getypeerd als gemiddeld en zijn uiteraard ook grotendeels afhankelijk van de drankjes en\/of wijn die\u00a0u bestelt. Mocht u zoeken naar een hogere klasse en\u00a0ook duurder restaurant, dan bieden de aangrenzende plaatsen zoals\u00a0<a href=\"http:\/\/www.vakantiehuis-zuid-frankrijk-barcares.nl\/perpignan\/\" target=\"_blank\">Perpignan <\/a>en <a href=\"http:\/\/www.vakantiehuis-zuid-frankrijk-barcares.nl\/canet-en-leucate\/\" target=\"_blank\">Canet <\/a>u vele mogelijkheden om u eens lekker culinair te laten verwennen. Uiteraard past daar ook een gevarieerde <a href=\"http:\/\/www.vakantiehuis-zuid-frankrijk-barcares.nl\/eten\/\" target=\"_blank\">wijnkaart <\/a>bij waarover het bedienend personeel u graag een nuttig en bruikbaar advies kan geven. Het is goed om te weten dat de meeste mensen in Frankrijk ook meer tijd uittrekken bij het uit eten gaan. In de meeste restaurants wordt alle tijd voor u uitgetrokken om u rustig te laten genieten van de lekkernijen die op tafel worden gezet.<\/p>\n<h3><i>Culinaire specialiteiten van de Languedoc<\/i><\/h3>\n<p><span style=\"font-family: 'Arial',sans-serif;\"><span style=\"color: #000000;\">Wie van zeevruchten houdt kan in de <a href=\"http:\/\/www.vakantiehuis-zuid-frankrijk-barcares.nl\/bezienswaardigheden\/\" target=\"_blank\">Languedoc-Roussillon <\/a>zijn hart ophalen aan plateaus met <\/span><strong><span style=\"font-family: 'Arial',sans-serif;\"><span style=\"color: #000000;\">schaaldieren, venusschelpen, oesters of mosselen uit Bouzigues<\/span><\/span><\/strong><span style=\"color: #000000;\">. Ook de regionale kazen uit de streek zijn heerlijk. Denk bijvoorbeeld aan <\/span><strong><span style=\"font-family: 'Arial',sans-serif;\"><span style=\"color: #000000;\">P\u00e9lardon, Bleu des Causses<\/span><\/span><\/strong><span style=\"color: #000000;\"> (blauwe schimmelkaas) en <\/span><strong><span style=\"font-family: 'Arial',sans-serif;\"><span style=\"color: #000000;\">Tome<\/span><\/span><\/strong><span style=\"color: #000000;\"> (kaas uit de Pyreneen). Ontdek bijzondere regionale specialiteiten zoals <\/span><strong><span style=\"font-family: 'Arial',sans-serif;\"><span style=\"color: #000000;\">p\u00e2t\u00e9s uit P\u00e9zenas<\/span><\/span><\/strong><span style=\"color: #000000;\">, tielle s\u00e9toise (een hartige taart), picholine (olijven), <\/span><strong><span style=\"font-family: 'Arial',sans-serif;\"><span style=\"color: #000000;\">cassoulet de Castelnaudary<\/span><\/span><\/strong><span style=\"color: #000000;\"> (stevige bonenschotel) en rousquilles catalanes (zoete lekkernijen). Ze maken je vakantie tot een<a href=\"http:\/\/www.vakantiehuis-zuid-frankrijk-barcares.nl\/eten\/\" target=\"_blank\"> culinair festijn<\/a>! De Camarque geniet bekendheid vanwege <\/span><strong><span style=\"font-family: 'Arial',sans-serif;\"><span style=\"color: #000000;\">zout en rijst.<\/span><\/span><\/strong><span style=\"color: #000000;\"> De streekgerechten kunnen natuurlijk niet zonder de wijnen van Fitou, Corbi\u00e8res, Muscat de Lunel en de C\u00f4tes du Roussillon. Al deze specialiteiten tref je aan op de kleurrijke marktjes van de Languedoc waar je streekproducten van goede kwaliteit kunt aanschaffen.<\/span><\/span><\/p>\n<h3><em>Oesters eten in Canet en\u00a0een grote berg\u00a0van schelpen maken<\/em><\/h3>\n<p>In een van de vele restaurants in Canet vindt u\u00a0wel een\u00a0heel erg speciaal restaurant met de naam [ Cabane des Pontons ] waar\u00a0u heerlijke oesters kunt eten en meehelpen aan het maken van een berg van schelpen die de bezoekers tijdens het eten en smikkelen achterover kunnen gooien. U moet het echt eens een keer meegemaakt hebben. Dus een van de mooie avonden van uw vakantie is nu al gevuld.<\/p>\n<p><strong>Dit keer wordt\u00a0het echt\u00a0lachen aan tafel !<\/strong><\/p>\n<h3>Specialiteiten van deze streek Languedoc-Roussillon<\/h3>\n<p>De keuken in deze streek is een combinatie van Franse en Spaanse specialiteiten. Daarnaast wordt er in de Languedoc veel vis en coquillage (schelpdieren) gegeten. Dit zijn typische streekgerechten die je zeker terugvindt op het menu van een restaurant in de regio Languedoc.<\/p>\n<h5>Voorgerecht<\/h5>\n<p>Feuillet\u00e9s aux anchois: dit voorgerecht bestaat uit een bladerdeeggebak dat gevuld is met ansjovisboter en ansjovis. Dit bladerdeeggebak wordt geserveerd op een heerlijke salade.<\/p>\n<h4>Hoofdgerechten<\/h4>\n<p>Cargolade: een gerecht met escargots! Oftewel slakken, deze wijngaardslakken zijn pikant gekruid met aioli. Bullinade: is een vissoep die ook wel bouillabaisse d\u2019anguilles wordt genoemd.\u00a0In deze soep zit de vis aal, daarnaast zit er ook aardappel, reuzel, paprika, knoflook en kleine krabbetjes in. Brasucade de moules: is een mosselgerecht. Typerend voor dit gerecht zijn de verse kruiden tijm, rozemarijn en laurier die de mossel op smaak brengen samen in combinatie met olie en een vleugje pastis (aperitief op basis van steranijs, zoethout en kruidenextracten).<\/p>\n<h4>Nagerecht<\/h4>\n<p>Cr\u00e8me Catalane: een heerlijk Spaans nagerecht, wat je dus ook in de Languedoc kunt eten! Het is een romig dessert op basis van custard, de citroen en kaneel brengen het heerlijke toetje op smaak. Zoals de naam al doet vermoeden heeft dit nagerecht het \u00e9\u00e9n en ander gemeen met een Franse \u2018cr\u00e8me br\u00fbl\u00e9e\u2019, maar er zijn zeker verschillen! Zo gaart een cr\u00e8me br\u00fbl\u00e9e in de oven, en een Cr\u00e8me Catalane moet opstijven in de koelkast.<\/p>\n<p>&nbsp;<\/p>\n<p>&nbsp;<\/p>\n","protected":false},"excerpt":{"rendered":"<p>Restaurants met veel vari\u00ebteit In Le Barcar\u00e8s kunt u kiezen uit diverse middenklasse restaurants met een gevarieerd aanbod\u00a0aan menu&#8217;s voor elke leeftijdscategorie.\u00a0 De prijzen kunnen\u00a0worden getypeerd als gemiddeld en zijn uiteraard ook grotendeels afhankelijk van de drankjes en\/of wijn die\u00a0u bestelt. Mocht u zoeken naar een hogere klasse en\u00a0ook duurder restaurant, dan bieden de aangrenzende [&hellip;]<\/p>\n","protected":false},"author":3,"featured_media":0,"parent":0,"menu_order":0,"comment_status":"closed","ping_status":"closed","template":"page-templates\/full-width-wide.php","meta":{"footnotes":""},"class_list":["post-12","page","type-page","status-publish","hentry"],"yoast_head":"<!-- This site is optimized with the Yoast SEO plugin v27.4 - https:\/\/yoast.com\/product\/yoast-seo-wordpress\/ -->\n<title>Restaurants - Vakantiehuis te huur in Zuid-Frankrijk<\/title>\n<meta name=\"robots\" content=\"index, follow, max-snippet:-1, max-image-preview:large, max-video-preview:-1\" \/>\n<link rel=\"canonical\" href=\"https:\/\/www.vakantiehuis-zuid-frankrijk-barcares.nl\/fr\/restaurants-2\/\" \/>\n<meta property=\"og:locale\" content=\"fr_FR\" \/>\n<meta property=\"og:type\" content=\"article\" \/>\n<meta property=\"og:title\" content=\"Restaurants - Vakantiehuis te huur in Zuid-Frankrijk\" \/>\n<meta property=\"og:description\" content=\"Restaurants met veel vari\u00ebteit In Le Barcar\u00e8s kunt u kiezen uit diverse middenklasse restaurants met een gevarieerd aanbod\u00a0aan menu&#8217;s voor elke leeftijdscategorie.\u00a0 De prijzen kunnen\u00a0worden getypeerd als gemiddeld en zijn uiteraard ook grotendeels afhankelijk van de drankjes en\/of wijn die\u00a0u bestelt. Mocht u zoeken naar een hogere klasse en\u00a0ook duurder restaurant, dan bieden de aangrenzende [&hellip;]\" \/>\n<meta property=\"og:url\" content=\"https:\/\/www.vakantiehuis-zuid-frankrijk-barcares.nl\/fr\/restaurants-2\/\" \/>\n<meta property=\"og:site_name\" content=\"Vakantiehuis te huur in Zuid-Frankrijk\" \/>\n<meta property=\"article:publisher\" content=\"https:\/\/www.facebook.com\/vakantiehuiszuidfrankrijkbarcares\/\" \/>\n<meta property=\"article:modified_time\" content=\"2016-02-12T13:32:41+00:00\" \/>\n<meta property=\"og:image\" content=\"http:\/\/www.vakantiehuis-zuid-frankrijk-barcares.nl\/wp-content\/uploads\/2015\/12\/Barcar\u00e8s-village-vakantiehuis-zuid-frankrijk-1024x768.jpg\" \/>\n<meta name=\"twitter:card\" content=\"summary_large_image\" \/>\n<meta name=\"twitter:label1\" content=\"Dur\u00e9e de lecture estim\u00e9e\" \/>\n\t<meta name=\"twitter:data1\" content=\"3 minutes\" \/>\n<script type=\"application\/ld+json\" class=\"yoast-schema-graph\">{\"@context\":\"https:\\\/\\\/schema.org\",\"@graph\":[{\"@type\":\"WebPage\",\"@id\":\"https:\\\/\\\/www.vakantiehuis-zuid-frankrijk-barcares.nl\\\/restaurants-2\\\/\",\"url\":\"https:\\\/\\\/www.vakantiehuis-zuid-frankrijk-barcares.nl\\\/restaurants-2\\\/\",\"name\":\"Restaurants - Vakantiehuis te huur in Zuid-Frankrijk\",\"isPartOf\":{\"@id\":\"https:\\\/\\\/www.vakantiehuis-zuid-frankrijk-barcares.nl\\\/#website\"},\"datePublished\":\"2015-12-14T12:24:32+00:00\",\"dateModified\":\"2016-02-12T13:32:41+00:00\",\"breadcrumb\":{\"@id\":\"https:\\\/\\\/www.vakantiehuis-zuid-frankrijk-barcares.nl\\\/restaurants-2\\\/#breadcrumb\"},\"inLanguage\":\"fr-FR\",\"potentialAction\":[{\"@type\":\"ReadAction\",\"target\":[\"https:\\\/\\\/www.vakantiehuis-zuid-frankrijk-barcares.nl\\\/restaurants-2\\\/\"]}]},{\"@type\":\"BreadcrumbList\",\"@id\":\"https:\\\/\\\/www.vakantiehuis-zuid-frankrijk-barcares.nl\\\/restaurants-2\\\/#breadcrumb\",\"itemListElement\":[{\"@type\":\"ListItem\",\"position\":1,\"name\":\"Home\",\"item\":\"https:\\\/\\\/www.vakantiehuis-zuid-frankrijk-barcares.nl\\\/\"},{\"@type\":\"ListItem\",\"position\":2,\"name\":\"Restaurants\"}]},{\"@type\":\"WebSite\",\"@id\":\"https:\\\/\\\/www.vakantiehuis-zuid-frankrijk-barcares.nl\\\/#website\",\"url\":\"https:\\\/\\\/www.vakantiehuis-zuid-frankrijk-barcares.nl\\\/\",\"name\":\"Vakantiehuis te huur in Zuid-Frankrijk\",\"description\":\"Aan Middellandse zee (400 m) op vakantiepark met zwembad &#039;R\u00e9sidence La Pin\u00e8de&#039; in Le Barcar\u00e8s in de prachtige streek Languedoc-Roussillon, Pyr\u00e9n\u00e9es-Orientales, dichtbij Perpignan. Huur direct van Nederlandse eigenaar.\",\"potentialAction\":[{\"@type\":\"SearchAction\",\"target\":{\"@type\":\"EntryPoint\",\"urlTemplate\":\"https:\\\/\\\/www.vakantiehuis-zuid-frankrijk-barcares.nl\\\/?s={search_term_string}\"},\"query-input\":{\"@type\":\"PropertyValueSpecification\",\"valueRequired\":true,\"valueName\":\"search_term_string\"}}],\"inLanguage\":\"fr-FR\"}]}<\/script>\n<!-- \/ Yoast SEO plugin. -->","yoast_head_json":{"title":"Restaurants - Vakantiehuis te huur in Zuid-Frankrijk","robots":{"index":"index","follow":"follow","max-snippet":"max-snippet:-1","max-image-preview":"max-image-preview:large","max-video-preview":"max-video-preview:-1"},"canonical":"https:\/\/www.vakantiehuis-zuid-frankrijk-barcares.nl\/fr\/restaurants-2\/","og_locale":"fr_FR","og_type":"article","og_title":"Restaurants - Vakantiehuis te huur in Zuid-Frankrijk","og_description":"Restaurants met veel vari\u00ebteit In Le Barcar\u00e8s kunt u kiezen uit diverse middenklasse restaurants met een gevarieerd aanbod\u00a0aan menu&#8217;s voor elke leeftijdscategorie.\u00a0 De prijzen kunnen\u00a0worden getypeerd als gemiddeld en zijn uiteraard ook grotendeels afhankelijk van de drankjes en\/of wijn die\u00a0u bestelt. Mocht u zoeken naar een hogere klasse en\u00a0ook duurder restaurant, dan bieden de aangrenzende [&hellip;]","og_url":"https:\/\/www.vakantiehuis-zuid-frankrijk-barcares.nl\/fr\/restaurants-2\/","og_site_name":"Vakantiehuis te huur in Zuid-Frankrijk","article_publisher":"https:\/\/www.facebook.com\/vakantiehuiszuidfrankrijkbarcares\/","article_modified_time":"2016-02-12T13:32:41+00:00","og_image":[{"url":"http:\/\/www.vakantiehuis-zuid-frankrijk-barcares.nl\/wp-content\/uploads\/2015\/12\/Barcar\u00e8s-village-vakantiehuis-zuid-frankrijk-1024x768.jpg","type":"","width":"","height":""}],"twitter_card":"summary_large_image","twitter_misc":{"Dur\u00e9e de lecture estim\u00e9e":"3 minutes"},"schema":{"@context":"https:\/\/schema.org","@graph":[{"@type":"WebPage","@id":"https:\/\/www.vakantiehuis-zuid-frankrijk-barcares.nl\/restaurants-2\/","url":"https:\/\/www.vakantiehuis-zuid-frankrijk-barcares.nl\/restaurants-2\/","name":"Restaurants - Vakantiehuis te huur in Zuid-Frankrijk","isPartOf":{"@id":"https:\/\/www.vakantiehuis-zuid-frankrijk-barcares.nl\/#website"},"datePublished":"2015-12-14T12:24:32+00:00","dateModified":"2016-02-12T13:32:41+00:00","breadcrumb":{"@id":"https:\/\/www.vakantiehuis-zuid-frankrijk-barcares.nl\/restaurants-2\/#breadcrumb"},"inLanguage":"fr-FR","potentialAction":[{"@type":"ReadAction","target":["https:\/\/www.vakantiehuis-zuid-frankrijk-barcares.nl\/restaurants-2\/"]}]},{"@type":"BreadcrumbList","@id":"https:\/\/www.vakantiehuis-zuid-frankrijk-barcares.nl\/restaurants-2\/#breadcrumb","itemListElement":[{"@type":"ListItem","position":1,"name":"Home","item":"https:\/\/www.vakantiehuis-zuid-frankrijk-barcares.nl\/"},{"@type":"ListItem","position":2,"name":"Restaurants"}]},{"@type":"WebSite","@id":"https:\/\/www.vakantiehuis-zuid-frankrijk-barcares.nl\/#website","url":"https:\/\/www.vakantiehuis-zuid-frankrijk-barcares.nl\/","name":"Vakantiehuis te huur in Zuid-Frankrijk","description":"Aan Middellandse zee (400 m) op vakantiepark met zwembad &#039;R\u00e9sidence La Pin\u00e8de&#039; in Le Barcar\u00e8s in de prachtige streek Languedoc-Roussillon, Pyr\u00e9n\u00e9es-Orientales, dichtbij Perpignan. Huur direct van Nederlandse eigenaar.","potentialAction":[{"@type":"SearchAction","target":{"@type":"EntryPoint","urlTemplate":"https:\/\/www.vakantiehuis-zuid-frankrijk-barcares.nl\/?s={search_term_string}"},"query-input":{"@type":"PropertyValueSpecification","valueRequired":true,"valueName":"search_term_string"}}],"inLanguage":"fr-FR"}]}},"_links":{"self":[{"href":"https:\/\/www.vakantiehuis-zuid-frankrijk-barcares.nl\/fr\/wp-json\/wp\/v2\/pages\/12","targetHints":{"allow":["GET"]}}],"collection":[{"href":"https:\/\/www.vakantiehuis-zuid-frankrijk-barcares.nl\/fr\/wp-json\/wp\/v2\/pages"}],"about":[{"href":"https:\/\/www.vakantiehuis-zuid-frankrijk-barcares.nl\/fr\/wp-json\/wp\/v2\/types\/page"}],"author":[{"embeddable":true,"href":"https:\/\/www.vakantiehuis-zuid-frankrijk-barcares.nl\/fr\/wp-json\/wp\/v2\/users\/3"}],"replies":[{"embeddable":true,"href":"https:\/\/www.vakantiehuis-zuid-frankrijk-barcares.nl\/fr\/wp-json\/wp\/v2\/comments?post=12"}],"version-history":[{"count":22,"href":"https:\/\/www.vakantiehuis-zuid-frankrijk-barcares.nl\/fr\/wp-json\/wp\/v2\/pages\/12\/revisions"}],"predecessor-version":[{"id":1197,"href":"https:\/\/www.vakantiehuis-zuid-frankrijk-barcares.nl\/fr\/wp-json\/wp\/v2\/pages\/12\/revisions\/1197"}],"wp:attachment":[{"href":"https:\/\/www.vakantiehuis-zuid-frankrijk-barcares.nl\/fr\/wp-json\/wp\/v2\/media?parent=12"}],"curies":[{"name":"wp","href":"https:\/\/api.w.org\/{rel}","templated":true}]}}