{"id":14,"date":"2015-12-14T12:25:08","date_gmt":"2015-12-14T12:25:08","guid":{"rendered":"http:\/\/www.vakantiehuis-zuid-frankrijk-barcares.nl\/?page_id=14"},"modified":"2019-05-01T04:56:27","modified_gmt":"2019-05-01T04:56:27","slug":"animaties","status":"publish","type":"page","link":"https:\/\/www.vakantiehuis-zuid-frankrijk-barcares.nl\/fr\/animaties\/","title":{"rendered":"Animations"},"content":{"rendered":"<h2><strong>In het centrum van&nbsp;Barcar\u00e8s en op het strand<\/strong><\/h2>\n<p>Afhankelijk van de leeftijd van uw kinderen zijn zij vaak op zoek naar animaties. Meestal zullen&nbsp;zij&nbsp;zich&nbsp;kostelijk kunnen amuseren&nbsp;aan, en rondom het <a href=\"http:\/\/www.vakantiehuis-zuid-frankrijk-barcares.nl\/fr\/zwembad\/\" target=\"_blank\" rel=\"noopener noreferrer\">zwembad<\/a> op R\u00e9sidence La Pin\u00e8de zelf, vooral in de zomermaanden als de temperaturen hoog zijn. Mochten uw kinderen zich liever willen amuseren&nbsp;op speeltoestellen of door deelname aan activiteiten op het strand, dan vindt u hiervoor genoeg mogelijkheden&nbsp;in het centrum van <a href=\"http:\/\/www.vakantiehuis-zuid-frankrijk-barcares.nl\/fr\/le-barcares-village\/\" target=\"_blank\" rel=\"noopener noreferrer\">Barcar\u00e8s.<\/a> In het&nbsp;<a href=\"http:\/\/www.vakantiehuis-zuid-frankrijk-barcares.nl\/fr\/le-barcares-village\/\" target=\"_blank\" rel=\"noopener noreferrer\">Office de Tourisme <\/a>gelegen in het centrum kunnen zij u informeren over de tijden waarop kinderen spelletjes kunnen doen op het strand. Hiervoor zijn ervaren begeleidsters en begeleiders paraat om de kinderen op een speelse en ontspannen manier leuke activiteiten te laten doen die passen bij hun leeftijd.<\/p>\n<p>U kunt kijken naar de volgende mogelijkheden en locaties in Barcar\u00e8s;<\/p>\n<ul>\n<li>Aire de jeux de L&#8217;hourou met spellen en speeltuin voor kinderen.<\/li>\n<li>Le Lido Lydia ( rue d&#8217; alsarce Lorrain Quartie ).<\/li>\n<li>Le Petit Train Toeristique&nbsp;( rijdt half juni tot half september&nbsp;op een traject van ongeveer 18 km ), vertrekt vanaf&nbsp;Place de Republique.<\/li>\n<li>De Cap Coudalere met speeltuin aan de Promenade Tobago.<\/li>\n<li>Lunapark ( elke avond in juli en augustus ) aan Route de St. Laurent.<\/li>\n<li><strong><span style=\"color: #333399;\">( Door veel onderzoekers wordt dit park geroemd en aanbevolen ).<\/span><\/strong><\/li>\n<li>Place de Republique ( grote boot&nbsp;ingericht als speeltuin voor kinderen ) in het centrum van Barcar\u00e8s met tevens een&nbsp;caroussel in juli en augustus.<\/li>\n<li>Hotel de Ville met spellentuin en korf- en basketbal e.d. aan de Boulevard ( 14 Julliet Quartier Barcar\u00e8s Village )<\/li>\n<\/ul>\n<div><\/div>\n<div><\/div>\n<div><\/div>","protected":false},"excerpt":{"rendered":"<p>In het centrum van&nbsp;Barcar\u00e8s en op het strand Afhankelijk van de leeftijd van uw kinderen zijn zij vaak op zoek naar animaties. Meestal zullen&nbsp;zij&nbsp;zich&nbsp;kostelijk kunnen amuseren&nbsp;aan, en rondom het zwembad op R\u00e9sidence La Pin\u00e8de zelf, vooral in de zomermaanden als de temperaturen hoog zijn. Mochten uw kinderen zich liever willen amuseren&nbsp;op speeltoestellen of door deelname [&hellip;]<\/p>\n","protected":false},"author":2,"featured_media":0,"parent":0,"menu_order":0,"comment_status":"closed","ping_status":"closed","template":"page-templates\/left-sidebar.php","meta":{"footnotes":""},"class_list":["post-14","page","type-page","status-publish","hentry"],"yoast_head":"<!-- This site is optimized with the Yoast SEO plugin v27.4 - https:\/\/yoast.com\/product\/yoast-seo-wordpress\/ -->\n<title>Animaties - Vakantiehuis te huur in Zuid-Frankrijk<\/title>\n<meta name=\"description\" content=\"Animaties, spellen, speeltuin voor kinderen, toeristentreintje, Luna park, Lydia, hotel de ville, place de rupublique, Aice de jeux de L&#039;hourou\" \/>\n<meta name=\"robots\" content=\"index, follow, max-snippet:-1, max-image-preview:large, max-video-preview:-1\" \/>\n<link rel=\"canonical\" href=\"https:\/\/www.vakantiehuis-zuid-frankrijk-barcares.nl\/fr\/animaties\/\" \/>\n<meta property=\"og:locale\" content=\"fr_FR\" \/>\n<meta property=\"og:type\" content=\"article\" \/>\n<meta property=\"og:title\" content=\"Animaties - Vakantiehuis te huur in Zuid-Frankrijk\" \/>\n<meta property=\"og:description\" content=\"Animaties, spellen, speeltuin voor kinderen, toeristentreintje, Luna park, Lydia, hotel de ville, place de rupublique, Aice de jeux de L&#039;hourou\" \/>\n<meta property=\"og:url\" content=\"https:\/\/www.vakantiehuis-zuid-frankrijk-barcares.nl\/fr\/animaties\/\" \/>\n<meta property=\"og:site_name\" content=\"Vakantiehuis te huur in Zuid-Frankrijk\" \/>\n<meta property=\"article:publisher\" content=\"https:\/\/www.facebook.com\/vakantiehuiszuidfrankrijkbarcares\/\" \/>\n<meta property=\"article:modified_time\" content=\"2019-05-01T04:56:27+00:00\" \/>\n<meta name=\"twitter:card\" content=\"summary_large_image\" \/>\n<meta name=\"twitter:label1\" content=\"Dur\u00e9e de lecture estim\u00e9e\" \/>\n\t<meta name=\"twitter:data1\" content=\"1 minute\" \/>\n<script type=\"application\/ld+json\" class=\"yoast-schema-graph\">{\"@context\":\"https:\\\/\\\/schema.org\",\"@graph\":[{\"@type\":\"WebPage\",\"@id\":\"https:\\\/\\\/www.vakantiehuis-zuid-frankrijk-barcares.nl\\\/animaties\\\/\",\"url\":\"https:\\\/\\\/www.vakantiehuis-zuid-frankrijk-barcares.nl\\\/animaties\\\/\",\"name\":\"Animaties - Vakantiehuis te huur in Zuid-Frankrijk\",\"isPartOf\":{\"@id\":\"https:\\\/\\\/www.vakantiehuis-zuid-frankrijk-barcares.nl\\\/#website\"},\"datePublished\":\"2015-12-14T12:25:08+00:00\",\"dateModified\":\"2019-05-01T04:56:27+00:00\",\"description\":\"Animaties, spellen, speeltuin voor kinderen, toeristentreintje, Luna park, Lydia, hotel de ville, place de rupublique, Aice de jeux de L'hourou\",\"breadcrumb\":{\"@id\":\"https:\\\/\\\/www.vakantiehuis-zuid-frankrijk-barcares.nl\\\/animaties\\\/#breadcrumb\"},\"inLanguage\":\"fr-FR\",\"potentialAction\":[{\"@type\":\"ReadAction\",\"target\":[\"https:\\\/\\\/www.vakantiehuis-zuid-frankrijk-barcares.nl\\\/animaties\\\/\"]}]},{\"@type\":\"BreadcrumbList\",\"@id\":\"https:\\\/\\\/www.vakantiehuis-zuid-frankrijk-barcares.nl\\\/animaties\\\/#breadcrumb\",\"itemListElement\":[{\"@type\":\"ListItem\",\"position\":1,\"name\":\"Home\",\"item\":\"https:\\\/\\\/www.vakantiehuis-zuid-frankrijk-barcares.nl\\\/\"},{\"@type\":\"ListItem\",\"position\":2,\"name\":\"Animaties\"}]},{\"@type\":\"WebSite\",\"@id\":\"https:\\\/\\\/www.vakantiehuis-zuid-frankrijk-barcares.nl\\\/#website\",\"url\":\"https:\\\/\\\/www.vakantiehuis-zuid-frankrijk-barcares.nl\\\/\",\"name\":\"Vakantiehuis te huur in Zuid-Frankrijk\",\"description\":\"Aan Middellandse zee (400 m) op vakantiepark met zwembad &#039;R\u00e9sidence La Pin\u00e8de&#039; in Le Barcar\u00e8s in de prachtige streek Languedoc-Roussillon, Pyr\u00e9n\u00e9es-Orientales, dichtbij Perpignan. Huur direct van Nederlandse eigenaar.\",\"potentialAction\":[{\"@type\":\"SearchAction\",\"target\":{\"@type\":\"EntryPoint\",\"urlTemplate\":\"https:\\\/\\\/www.vakantiehuis-zuid-frankrijk-barcares.nl\\\/?s={search_term_string}\"},\"query-input\":{\"@type\":\"PropertyValueSpecification\",\"valueRequired\":true,\"valueName\":\"search_term_string\"}}],\"inLanguage\":\"fr-FR\"}]}<\/script>\n<!-- \/ Yoast SEO plugin. -->","yoast_head_json":{"title":"Animaties - Vakantiehuis te huur in Zuid-Frankrijk","description":"Animaties, spellen, speeltuin voor kinderen, toeristentreintje, Luna park, Lydia, hotel de ville, place de rupublique, Aice de jeux de L'hourou","robots":{"index":"index","follow":"follow","max-snippet":"max-snippet:-1","max-image-preview":"max-image-preview:large","max-video-preview":"max-video-preview:-1"},"canonical":"https:\/\/www.vakantiehuis-zuid-frankrijk-barcares.nl\/fr\/animaties\/","og_locale":"fr_FR","og_type":"article","og_title":"Animaties - Vakantiehuis te huur in Zuid-Frankrijk","og_description":"Animaties, spellen, speeltuin voor kinderen, toeristentreintje, Luna park, Lydia, hotel de ville, place de rupublique, Aice de jeux de L'hourou","og_url":"https:\/\/www.vakantiehuis-zuid-frankrijk-barcares.nl\/fr\/animaties\/","og_site_name":"Vakantiehuis te huur in Zuid-Frankrijk","article_publisher":"https:\/\/www.facebook.com\/vakantiehuiszuidfrankrijkbarcares\/","article_modified_time":"2019-05-01T04:56:27+00:00","twitter_card":"summary_large_image","twitter_misc":{"Dur\u00e9e de lecture estim\u00e9e":"1 minute"},"schema":{"@context":"https:\/\/schema.org","@graph":[{"@type":"WebPage","@id":"https:\/\/www.vakantiehuis-zuid-frankrijk-barcares.nl\/animaties\/","url":"https:\/\/www.vakantiehuis-zuid-frankrijk-barcares.nl\/animaties\/","name":"Animaties - Vakantiehuis te huur in Zuid-Frankrijk","isPartOf":{"@id":"https:\/\/www.vakantiehuis-zuid-frankrijk-barcares.nl\/#website"},"datePublished":"2015-12-14T12:25:08+00:00","dateModified":"2019-05-01T04:56:27+00:00","description":"Animaties, spellen, speeltuin voor kinderen, toeristentreintje, Luna park, Lydia, hotel de ville, place de rupublique, Aice de jeux de L'hourou","breadcrumb":{"@id":"https:\/\/www.vakantiehuis-zuid-frankrijk-barcares.nl\/animaties\/#breadcrumb"},"inLanguage":"fr-FR","potentialAction":[{"@type":"ReadAction","target":["https:\/\/www.vakantiehuis-zuid-frankrijk-barcares.nl\/animaties\/"]}]},{"@type":"BreadcrumbList","@id":"https:\/\/www.vakantiehuis-zuid-frankrijk-barcares.nl\/animaties\/#breadcrumb","itemListElement":[{"@type":"ListItem","position":1,"name":"Home","item":"https:\/\/www.vakantiehuis-zuid-frankrijk-barcares.nl\/"},{"@type":"ListItem","position":2,"name":"Animaties"}]},{"@type":"WebSite","@id":"https:\/\/www.vakantiehuis-zuid-frankrijk-barcares.nl\/#website","url":"https:\/\/www.vakantiehuis-zuid-frankrijk-barcares.nl\/","name":"Vakantiehuis te huur in Zuid-Frankrijk","description":"Aan Middellandse zee (400 m) op vakantiepark met zwembad &#039;R\u00e9sidence La Pin\u00e8de&#039; in Le Barcar\u00e8s in de prachtige streek Languedoc-Roussillon, Pyr\u00e9n\u00e9es-Orientales, dichtbij Perpignan. Huur direct van Nederlandse eigenaar.","potentialAction":[{"@type":"SearchAction","target":{"@type":"EntryPoint","urlTemplate":"https:\/\/www.vakantiehuis-zuid-frankrijk-barcares.nl\/?s={search_term_string}"},"query-input":{"@type":"PropertyValueSpecification","valueRequired":true,"valueName":"search_term_string"}}],"inLanguage":"fr-FR"}]}},"_links":{"self":[{"href":"https:\/\/www.vakantiehuis-zuid-frankrijk-barcares.nl\/fr\/wp-json\/wp\/v2\/pages\/14","targetHints":{"allow":["GET"]}}],"collection":[{"href":"https:\/\/www.vakantiehuis-zuid-frankrijk-barcares.nl\/fr\/wp-json\/wp\/v2\/pages"}],"about":[{"href":"https:\/\/www.vakantiehuis-zuid-frankrijk-barcares.nl\/fr\/wp-json\/wp\/v2\/types\/page"}],"author":[{"embeddable":true,"href":"https:\/\/www.vakantiehuis-zuid-frankrijk-barcares.nl\/fr\/wp-json\/wp\/v2\/users\/2"}],"replies":[{"embeddable":true,"href":"https:\/\/www.vakantiehuis-zuid-frankrijk-barcares.nl\/fr\/wp-json\/wp\/v2\/comments?post=14"}],"version-history":[{"count":20,"href":"https:\/\/www.vakantiehuis-zuid-frankrijk-barcares.nl\/fr\/wp-json\/wp\/v2\/pages\/14\/revisions"}],"predecessor-version":[{"id":1711,"href":"https:\/\/www.vakantiehuis-zuid-frankrijk-barcares.nl\/fr\/wp-json\/wp\/v2\/pages\/14\/revisions\/1711"}],"wp:attachment":[{"href":"https:\/\/www.vakantiehuis-zuid-frankrijk-barcares.nl\/fr\/wp-json\/wp\/v2\/media?parent=14"}],"curies":[{"name":"wp","href":"https:\/\/api.w.org\/{rel}","templated":true}]}}