{"id":1423,"date":"2017-11-12T13:43:43","date_gmt":"2017-11-12T13:43:43","guid":{"rendered":"https:\/\/www.vakantiehuis-zuid-frankrijk-barcares.nl\/?page_id=1423"},"modified":"2019-01-27T17:34:49","modified_gmt":"2019-01-27T17:34:49","slug":"sfeervolle-en-grote-kerstmarkt-barcares","status":"publish","type":"page","link":"https:\/\/www.vakantiehuis-zuid-frankrijk-barcares.nl\/fr\/residence-la-pinede-le-barcares\/sfeervolle-en-grote-kerstmarkt-barcares\/","title":{"rendered":"MARCH\u00c9 DE NO\u00cbL"},"content":{"rendered":"<h2><span style=\"color: #333399;\">Santa Claus visites Le Barcar\u00e8s)<\/span><\/h2>\n<p>Vous regardez vos yeux sur le incroyablement amusant et tr\u00e8s vari\u00e9 <strong>atmosph\u00e9rique et grand march\u00e9 de No\u00ebl dans Le Barcar\u00e8s)<\/strong> qui est organis\u00e9 dans le domaine de La Lydie (grand navire restaur\u00e9 ) environ 4 km de La R\u00e9sidence La Pin\u00e8de. Vous trouverez m\u00eame une piste de ski, patinoire, o\u00f9 vos enfants peuvent avoir un grand temps. Vous pouvez ramasser une terrasse ou visiter les nombreux nice stands de No\u00ebl avec vos enfants. Ils sont tr\u00e8s occup\u00e9s, et c&#039;est aussi bon pour leur sant\u00e9 et peuvent jouer amusant et aventureux avec des amis et amies. Santa Claus regarde avec un grand int\u00e9r\u00eat chez les visiteurs qui aiment la Grande Ho, ho, ho atmosph\u00e8re et de d\u00e9tente.<\/p>\n<p>Santa Claus dans le Barcar\u00e8s offre un cadre romantique et de l&#039;atmosph\u00e8re de l&#039;exp\u00e9rience pour les jeunes et les vieux<\/p>\n<h3>Regarder les vid\u00e9os<\/h3>\n<p><a href=\"https:\/\/www.youtube.com\/watch?v=97B9OAiYEzQ\" target=\"_blank\" rel=\"noopener\">Aussi, en 2015, 2016, 2017 et 2018, de nombreuses personnes ont pu profiter de l&#039;atmosph\u00e8re et de l&#039;ambiance romantique<\/a><\/p>\n<p><a href=\"http:\/\/bookcatalogne.over-blog.com\/2014\/12\/village-magique-port-barcares-2014.html\" target=\"_blank\" rel=\"noopener\">Livre Catalogne<\/a><\/p>\n<h2><span style=\"color: #333399;\">Vacances de no\u00ebl dans une spacieuse Villa de 8 The Orange Tulip<\/span><\/h2>\n<p>Il est tr\u00e8s utile pour vous <strong>Vacances de no\u00ebl<\/strong> passer 1 ou 2 semaines dans notre <a href=\"https:\/\/www.vakantiehuis-zuid-frankrijk-barcares.nl\/fr\/vakantiehuis\/\" target=\"_blank\" rel=\"noopener\">Villa 8 The Orange Tulip<\/a> au Parc de Vacances La Pin\u00e8de qui est \u00e0 seulement 4 km de ce march\u00e9 de No\u00ebl. Passer des vacances avec votre famille dans une villa spacieuse pour jusqu&#039;\u00e0 7 personnes avec tout le tralala. Peut-\u00eatre que cette ann\u00e9e vous allez avec vos amis ou tout simplement avec toute la famille pour la Vari\u00e9t\u00e9 et de la convivialit\u00e9. Ou aimez-vous le fait que le grand-p\u00e8re et grand-m\u00e8re aussi passer une semaine de vacances avec leurs petits-enfants. Ce qui est encore plus amusant de c\u00e9l\u00e9brer la nouvelle ann\u00e9e dans cette belle et romantique de l&#039;environnement et avec d&#039;autres histoires et l&#039;atmosph\u00e8re que vous sont g\u00e9n\u00e9ralement utilis\u00e9s \u00e0 la maison. La villa peut accueillir 6 \u00e0 8 personnes en fonction de l&#039;\u00e2ge. Si vous voulez venir avec d&#039;autres personnes ou en famille, vous pouvez nous demander une combinaison avec une autre villa ou d&#039;un appartement lou\u00e9 par nos amis sur le m\u00eame parc.<\/p>\n<h3>Regarder la vid\u00e9o<\/h3>\n<p><a href=\"https:\/\/www.youtube.com\/watch?v=gHzt-Hq2zZ4\" target=\"_blank\" rel=\"noopener\">Le march\u00e9 de No\u00ebl \u2013 Port Barcar\u00e8s \u2013 Dec\u00e9mbre 2016<\/a><\/p>\n<h4><span style=\"color: #333399;\"><a href=\"https:\/\/www.youtube.com\/watch?v=zHFFqgyW75g\" target=\"_blank\" rel=\"noopener\"><span style=\"color: #000080;\">Chaleureux march\u00e9 de No\u00ebl \u00e0 Port Barcar\u00e8s 2018<\/span><\/a><\/span><\/h4>\n<h2><span style=\"color: #333399;\">D\u00e9licieux Menu De No\u00ebl\u00a0<\/span><\/h2>\n<p>Un merveilleux hiver \u00e0 pied le long de la magnifique boulevard qui s&#039;ex\u00e9cute directement derri\u00e8re le march\u00e9 de No\u00ebl. Par la suite, bien manger dans Barcar\u00e8s et \/ ou de l&#039;environnement avec un choix de plusieurs <a href=\"https:\/\/www.vakantiehuis-zuid-frankrijk-barcares.nl\/fr\/restaurants-2\/\" target=\"_blank\" rel=\"noopener\">les restaurants et les menus <\/a>quelque chose pour tout le monde. Du Chic au d\u00e9contract\u00e9 ou tout simplement une pizza ou des lasagnes \u00e0 des prix tr\u00e8s acceptables. Comment sur les vins fran\u00e7ais que vous pouvez simplement du go\u00fbt et de r\u00e9gler d&#039;abord. Alors seulement vous de faire un choix d\u00e9finitif en faveur des plus d\u00e9licieux vin qui convient le mieux \u00e0 vous et \u00e0 vos compagnons de table. Si vous \u00eates en mesure de faire votre propre <strong>Menu de no\u00ebl<\/strong> que vous voulez trouver et faire, m\u00eame alors, vous avez tous les \u00e9quipements de notre villa. L&#039; <a href=\"https:\/\/www.vakantiehuis-zuid-frankrijk-barcares.nl\/fr\/keuken\/\" target=\"_blank\" rel=\"noopener\">cuisine <\/a>\u00e0 savoir, a tout l&#039;\u00e9quipement n\u00e9cessaire et d&#039;autres fournitures pour la pr\u00e9paration d&#039;un d\u00e9licieux et fabuleux No\u00ebl dis. Pas de doute, votre famille et \/ ou vos connaissances seront agr\u00e9ablement surpris par cette nouvelle variante d&#039;une c\u00e9l\u00e9bration de No\u00ebl.<\/p>\n<p>Peut-\u00eatre que vous spontan\u00e9ment, d&#039;obtenir du p\u00e8re No\u00ebl \u00e0 vous rendre visite et de vous offrir un verre de vin chaud.<\/p>\n<h3>Regarder la vid\u00e9o<\/h3>\n<p><a href=\"https:\/\/issuu.com\/port-barcares\/docs\/barcares_village_magique_2014_2015\" target=\"_blank\" rel=\"noopener\">Bienvenue au Village Magique<\/a><\/p>","protected":false},"excerpt":{"rendered":"<p>De Kerstman op bezoek in Le Barcar\u00e8s U kijkt uw ogen uit op de ontzettend leuke en zeer gevarieerde sfeervolle en grote Kerstmarkt in Le Barcar\u00e8s die wordt georganiseerd in de omgeving van La Lydia ( groot gerestaureerd schip ) op ongeveer 4 km afstand van R\u00e9sidence La Pin\u00e8de. Zelfs vindt u daar een ski [&hellip;]<\/p>\n","protected":false},"author":2,"featured_media":0,"parent":4,"menu_order":0,"comment_status":"closed","ping_status":"closed","template":"","meta":{"footnotes":""},"class_list":["post-1423","page","type-page","status-publish","hentry"],"yoast_head":"<!-- This site is optimized with the Yoast SEO plugin v27.4 - https:\/\/yoast.com\/product\/yoast-seo-wordpress\/ -->\n<title>KERSTMARKT - Vakantiehuis te huur in Zuid-Frankrijk<\/title>\n<meta name=\"robots\" content=\"index, follow, max-snippet:-1, max-image-preview:large, max-video-preview:-1\" \/>\n<link rel=\"canonical\" href=\"https:\/\/www.vakantiehuis-zuid-frankrijk-barcares.nl\/fr\/residence-la-pinede-le-barcares\/sfeervolle-en-grote-kerstmarkt-barcares\/\" \/>\n<meta property=\"og:locale\" content=\"fr_FR\" \/>\n<meta property=\"og:type\" content=\"article\" \/>\n<meta property=\"og:title\" content=\"KERSTMARKT - Vakantiehuis te huur in Zuid-Frankrijk\" \/>\n<meta property=\"og:description\" content=\"De Kerstman op bezoek in Le Barcar\u00e8s U kijkt uw ogen uit op de ontzettend leuke en zeer gevarieerde sfeervolle en grote Kerstmarkt in Le Barcar\u00e8s die wordt georganiseerd in de omgeving van La Lydia ( groot gerestaureerd schip ) op ongeveer 4 km afstand van R\u00e9sidence La Pin\u00e8de. Zelfs vindt u daar een ski [&hellip;]\" \/>\n<meta property=\"og:url\" content=\"https:\/\/www.vakantiehuis-zuid-frankrijk-barcares.nl\/fr\/residence-la-pinede-le-barcares\/sfeervolle-en-grote-kerstmarkt-barcares\/\" \/>\n<meta property=\"og:site_name\" content=\"Vakantiehuis te huur in Zuid-Frankrijk\" \/>\n<meta property=\"article:publisher\" content=\"https:\/\/www.facebook.com\/vakantiehuiszuidfrankrijkbarcares\/\" \/>\n<meta property=\"article:modified_time\" content=\"2019-01-27T17:34:49+00:00\" \/>\n<meta name=\"twitter:card\" content=\"summary_large_image\" \/>\n<meta name=\"twitter:label1\" content=\"Dur\u00e9e de lecture estim\u00e9e\" \/>\n\t<meta name=\"twitter:data1\" content=\"3 minutes\" \/>\n<script type=\"application\/ld+json\" class=\"yoast-schema-graph\">{\"@context\":\"https:\\\/\\\/schema.org\",\"@graph\":[{\"@type\":\"WebPage\",\"@id\":\"https:\\\/\\\/www.vakantiehuis-zuid-frankrijk-barcares.nl\\\/residence-la-pinede-le-barcares\\\/sfeervolle-en-grote-kerstmarkt-barcares\\\/\",\"url\":\"https:\\\/\\\/www.vakantiehuis-zuid-frankrijk-barcares.nl\\\/residence-la-pinede-le-barcares\\\/sfeervolle-en-grote-kerstmarkt-barcares\\\/\",\"name\":\"KERSTMARKT - Vakantiehuis te huur in Zuid-Frankrijk\",\"isPartOf\":{\"@id\":\"https:\\\/\\\/www.vakantiehuis-zuid-frankrijk-barcares.nl\\\/#website\"},\"datePublished\":\"2017-11-12T13:43:43+00:00\",\"dateModified\":\"2019-01-27T17:34:49+00:00\",\"breadcrumb\":{\"@id\":\"https:\\\/\\\/www.vakantiehuis-zuid-frankrijk-barcares.nl\\\/residence-la-pinede-le-barcares\\\/sfeervolle-en-grote-kerstmarkt-barcares\\\/#breadcrumb\"},\"inLanguage\":\"fr-FR\",\"potentialAction\":[{\"@type\":\"ReadAction\",\"target\":[\"https:\\\/\\\/www.vakantiehuis-zuid-frankrijk-barcares.nl\\\/residence-la-pinede-le-barcares\\\/sfeervolle-en-grote-kerstmarkt-barcares\\\/\"]}]},{\"@type\":\"BreadcrumbList\",\"@id\":\"https:\\\/\\\/www.vakantiehuis-zuid-frankrijk-barcares.nl\\\/residence-la-pinede-le-barcares\\\/sfeervolle-en-grote-kerstmarkt-barcares\\\/#breadcrumb\",\"itemListElement\":[{\"@type\":\"ListItem\",\"position\":1,\"name\":\"Home\",\"item\":\"https:\\\/\\\/www.vakantiehuis-zuid-frankrijk-barcares.nl\\\/\"},{\"@type\":\"ListItem\",\"position\":2,\"name\":\"LA PINEDE\",\"item\":\"https:\\\/\\\/www.vakantiehuis-zuid-frankrijk-barcares.nl\\\/\"},{\"@type\":\"ListItem\",\"position\":3,\"name\":\"KERSTMARKT\"}]},{\"@type\":\"WebSite\",\"@id\":\"https:\\\/\\\/www.vakantiehuis-zuid-frankrijk-barcares.nl\\\/#website\",\"url\":\"https:\\\/\\\/www.vakantiehuis-zuid-frankrijk-barcares.nl\\\/\",\"name\":\"Vakantiehuis te huur in Zuid-Frankrijk\",\"description\":\"Aan Middellandse zee (400 m) op vakantiepark met zwembad &#039;R\u00e9sidence La Pin\u00e8de&#039; in Le Barcar\u00e8s in de prachtige streek Languedoc-Roussillon, Pyr\u00e9n\u00e9es-Orientales, dichtbij Perpignan. Huur direct van Nederlandse eigenaar.\",\"potentialAction\":[{\"@type\":\"SearchAction\",\"target\":{\"@type\":\"EntryPoint\",\"urlTemplate\":\"https:\\\/\\\/www.vakantiehuis-zuid-frankrijk-barcares.nl\\\/?s={search_term_string}\"},\"query-input\":{\"@type\":\"PropertyValueSpecification\",\"valueRequired\":true,\"valueName\":\"search_term_string\"}}],\"inLanguage\":\"fr-FR\"}]}<\/script>\n<!-- \/ Yoast SEO plugin. -->","yoast_head_json":{"title":"KERSTMARKT - Vakantiehuis te huur in Zuid-Frankrijk","robots":{"index":"index","follow":"follow","max-snippet":"max-snippet:-1","max-image-preview":"max-image-preview:large","max-video-preview":"max-video-preview:-1"},"canonical":"https:\/\/www.vakantiehuis-zuid-frankrijk-barcares.nl\/fr\/residence-la-pinede-le-barcares\/sfeervolle-en-grote-kerstmarkt-barcares\/","og_locale":"fr_FR","og_type":"article","og_title":"KERSTMARKT - Vakantiehuis te huur in Zuid-Frankrijk","og_description":"De Kerstman op bezoek in Le Barcar\u00e8s U kijkt uw ogen uit op de ontzettend leuke en zeer gevarieerde sfeervolle en grote Kerstmarkt in Le Barcar\u00e8s die wordt georganiseerd in de omgeving van La Lydia ( groot gerestaureerd schip ) op ongeveer 4 km afstand van R\u00e9sidence La Pin\u00e8de. Zelfs vindt u daar een ski [&hellip;]","og_url":"https:\/\/www.vakantiehuis-zuid-frankrijk-barcares.nl\/fr\/residence-la-pinede-le-barcares\/sfeervolle-en-grote-kerstmarkt-barcares\/","og_site_name":"Vakantiehuis te huur in Zuid-Frankrijk","article_publisher":"https:\/\/www.facebook.com\/vakantiehuiszuidfrankrijkbarcares\/","article_modified_time":"2019-01-27T17:34:49+00:00","twitter_card":"summary_large_image","twitter_misc":{"Dur\u00e9e de lecture estim\u00e9e":"3 minutes"},"schema":{"@context":"https:\/\/schema.org","@graph":[{"@type":"WebPage","@id":"https:\/\/www.vakantiehuis-zuid-frankrijk-barcares.nl\/residence-la-pinede-le-barcares\/sfeervolle-en-grote-kerstmarkt-barcares\/","url":"https:\/\/www.vakantiehuis-zuid-frankrijk-barcares.nl\/residence-la-pinede-le-barcares\/sfeervolle-en-grote-kerstmarkt-barcares\/","name":"KERSTMARKT - Vakantiehuis te huur in Zuid-Frankrijk","isPartOf":{"@id":"https:\/\/www.vakantiehuis-zuid-frankrijk-barcares.nl\/#website"},"datePublished":"2017-11-12T13:43:43+00:00","dateModified":"2019-01-27T17:34:49+00:00","breadcrumb":{"@id":"https:\/\/www.vakantiehuis-zuid-frankrijk-barcares.nl\/residence-la-pinede-le-barcares\/sfeervolle-en-grote-kerstmarkt-barcares\/#breadcrumb"},"inLanguage":"fr-FR","potentialAction":[{"@type":"ReadAction","target":["https:\/\/www.vakantiehuis-zuid-frankrijk-barcares.nl\/residence-la-pinede-le-barcares\/sfeervolle-en-grote-kerstmarkt-barcares\/"]}]},{"@type":"BreadcrumbList","@id":"https:\/\/www.vakantiehuis-zuid-frankrijk-barcares.nl\/residence-la-pinede-le-barcares\/sfeervolle-en-grote-kerstmarkt-barcares\/#breadcrumb","itemListElement":[{"@type":"ListItem","position":1,"name":"Home","item":"https:\/\/www.vakantiehuis-zuid-frankrijk-barcares.nl\/"},{"@type":"ListItem","position":2,"name":"LA PINEDE","item":"https:\/\/www.vakantiehuis-zuid-frankrijk-barcares.nl\/"},{"@type":"ListItem","position":3,"name":"KERSTMARKT"}]},{"@type":"WebSite","@id":"https:\/\/www.vakantiehuis-zuid-frankrijk-barcares.nl\/#website","url":"https:\/\/www.vakantiehuis-zuid-frankrijk-barcares.nl\/","name":"Vakantiehuis te huur in Zuid-Frankrijk","description":"Aan Middellandse zee (400 m) op vakantiepark met zwembad &#039;R\u00e9sidence La Pin\u00e8de&#039; in Le Barcar\u00e8s in de prachtige streek Languedoc-Roussillon, Pyr\u00e9n\u00e9es-Orientales, dichtbij Perpignan. Huur direct van Nederlandse eigenaar.","potentialAction":[{"@type":"SearchAction","target":{"@type":"EntryPoint","urlTemplate":"https:\/\/www.vakantiehuis-zuid-frankrijk-barcares.nl\/?s={search_term_string}"},"query-input":{"@type":"PropertyValueSpecification","valueRequired":true,"valueName":"search_term_string"}}],"inLanguage":"fr-FR"}]}},"_links":{"self":[{"href":"https:\/\/www.vakantiehuis-zuid-frankrijk-barcares.nl\/fr\/wp-json\/wp\/v2\/pages\/1423","targetHints":{"allow":["GET"]}}],"collection":[{"href":"https:\/\/www.vakantiehuis-zuid-frankrijk-barcares.nl\/fr\/wp-json\/wp\/v2\/pages"}],"about":[{"href":"https:\/\/www.vakantiehuis-zuid-frankrijk-barcares.nl\/fr\/wp-json\/wp\/v2\/types\/page"}],"author":[{"embeddable":true,"href":"https:\/\/www.vakantiehuis-zuid-frankrijk-barcares.nl\/fr\/wp-json\/wp\/v2\/users\/2"}],"replies":[{"embeddable":true,"href":"https:\/\/www.vakantiehuis-zuid-frankrijk-barcares.nl\/fr\/wp-json\/wp\/v2\/comments?post=1423"}],"version-history":[{"count":59,"href":"https:\/\/www.vakantiehuis-zuid-frankrijk-barcares.nl\/fr\/wp-json\/wp\/v2\/pages\/1423\/revisions"}],"predecessor-version":[{"id":1667,"href":"https:\/\/www.vakantiehuis-zuid-frankrijk-barcares.nl\/fr\/wp-json\/wp\/v2\/pages\/1423\/revisions\/1667"}],"up":[{"embeddable":true,"href":"https:\/\/www.vakantiehuis-zuid-frankrijk-barcares.nl\/fr\/wp-json\/wp\/v2\/pages\/4"}],"wp:attachment":[{"href":"https:\/\/www.vakantiehuis-zuid-frankrijk-barcares.nl\/fr\/wp-json\/wp\/v2\/media?parent=1423"}],"curies":[{"name":"wp","href":"https:\/\/api.w.org\/{rel}","templated":true}]}}