{"id":1910,"date":"2020-07-01T13:14:58","date_gmt":"2020-07-01T13:14:58","guid":{"rendered":"https:\/\/www.vakantiehuis-zuid-frankrijk-barcares.nl\/?page_id=1910"},"modified":"2022-05-07T06:53:46","modified_gmt":"2022-05-07T06:53:46","slug":"videos-en-fotos","status":"publish","type":"page","link":"https:\/\/www.vakantiehuis-zuid-frankrijk-barcares.nl\/fr\/videos-en-fotos\/","title":{"rendered":"LA VID\u00c9O EST EN FOTO"},"content":{"rendered":"<p>J&#039;<strong><span class=\"has-inline-color has-vivid-cyan-blue-color\">NSI le bruit du vent qui vous d\u00e9range, vous pouvez cliquer sur le micro-symbole de haut-parleur pour couper le son ( il n&#039;y aura plus parler lors de la lecture de vid\u00e9os. ainsi, vous ne manquerez de rien \u00e0 cause de cela.<\/span><\/strong><\/p>\n\n\n\n<figure class=\"wp-block-embed is-type-video is-provider-youtube wp-block-embed-youtube wp-embed-aspect-16-9 wp-has-aspect-ratio\"><div class=\"wp-block-embed__wrapper\">\n<iframe loading=\"lazy\" title=\"20200628142556\" width=\"987\" height=\"555\" src=\"https:\/\/www.youtube.com\/embed\/3LDV0bimZtA?feature=oembed\" frameborder=\"0\" allow=\"accelerometer; autoplay; clipboard-write; encrypted-media; gyroscope; picture-in-picture\" allowfullscreen><\/iframe>\n<\/div><figcaption>Des images de la forme allong\u00e9e de la plage avec beaucoup de place pour de nombreux amoureux du soleil et des enfants qui aiment jouer dans le sable et de construire des ch\u00e2teaux<\/figcaption><\/figure>\n\n\n\n<figure class=\"wp-block-embed is-type-video is-provider-youtube wp-block-embed-youtube wp-embed-aspect-16-9 wp-has-aspect-ratio\"><div class=\"wp-block-embed__wrapper\">\n<iframe loading=\"lazy\" title=\"20200628141715\" width=\"987\" height=\"555\" src=\"https:\/\/www.youtube.com\/embed\/Ne4REgQrUbg?feature=oembed\" frameborder=\"0\" allow=\"accelerometer; autoplay; clipboard-write; encrypted-media; gyroscope; picture-in-picture\" allowfullscreen><\/iframe>\n<\/div><figcaption>Vue de la plage sur la Mer M\u00e9diterran\u00e9e, \u00e0 proximit\u00e9 du centre de Le Barcar\u00e8s<\/figcaption><\/figure>\n\n\n\n<figure class=\"wp-block-embed is-type-video is-provider-youtube wp-block-embed-youtube wp-embed-aspect-16-9 wp-has-aspect-ratio\"><div class=\"wp-block-embed__wrapper\">\n<iframe loading=\"lazy\" title=\"20200628143131\" width=\"987\" height=\"555\" src=\"https:\/\/www.youtube.com\/embed\/7YrGYJf4V9E?feature=oembed\" frameborder=\"0\" allow=\"accelerometer; autoplay; clipboard-write; encrypted-media; gyroscope; picture-in-picture\" allowfullscreen><\/iframe>\n<\/div><figcaption>Le Barcar\u00e8s offre non seulement une grande plage de sable et de la promenade pour se d\u00e9tendre et bronzer, mais aussi pour des activit\u00e9s telles que les sports nautiques ( cano\u00eb-kayak ou l&#039;aviron, etc. )<\/figcaption><\/figure>\n\n\n\n<figure class=\"wp-block-embed is-type-video is-provider-youtube wp-block-embed-youtube wp-embed-aspect-16-9 wp-has-aspect-ratio\"><div class=\"wp-block-embed__wrapper\">\n<iframe loading=\"lazy\" title=\"20200628141905\" width=\"987\" height=\"555\" src=\"https:\/\/www.youtube.com\/embed\/sr66nH9_jhc?feature=oembed\" frameborder=\"0\" allow=\"accelerometer; autoplay; clipboard-write; encrypted-media; gyroscope; picture-in-picture\" allowfullscreen><\/iframe>\n<\/div><figcaption>Non seulement les sports nautiques, mais aussi de courtes ou de longues promenades le long de la plage ou \u00e0 l&#039;int\u00e9rieur des terres sur la paysagers \u00e0 l&#039;\u00e9chelle de la marche et des pistes cyclables faire des que possible<\/figcaption><\/figure>\n\n\n\n<figure class=\"wp-block-embed is-type-video is-provider-youtube wp-block-embed-youtube wp-embed-aspect-16-9 wp-has-aspect-ratio\"><div class=\"wp-block-embed__wrapper\">\n<iframe loading=\"lazy\" title=\"20200628141245\" width=\"987\" height=\"555\" src=\"https:\/\/www.youtube.com\/embed\/CpuYj0NP88E?feature=oembed\" frameborder=\"0\" allow=\"accelerometer; autoplay; clipboard-write; encrypted-media; gyroscope; picture-in-picture\" allowfullscreen><\/iframe>\n<\/div><figcaption>Impression et affichage de la grande et allong\u00e9e de la plage avec beaucoup d&#039;espace pour de nombreux baigneurs ou les nageurs \u00e0 moins de 400 m\u00e8tres de La R\u00e9sidence La Pin\u00e8de et Villa 8 de Oranje Tulp dans Le Barcar\u00e8s)<\/figcaption><\/figure>\n\n\n\n<figure class=\"wp-block-embed is-type-video is-provider-youtube wp-block-embed-youtube wp-embed-aspect-16-9 wp-has-aspect-ratio\"><div class=\"wp-block-embed__wrapper\">\n<iframe loading=\"lazy\" title=\"20200628150436\" width=\"987\" height=\"555\" src=\"https:\/\/www.youtube.com\/embed\/VpBKsn0te0k?feature=oembed\" frameborder=\"0\" allow=\"accelerometer; autoplay; clipboard-write; encrypted-media; gyroscope; picture-in-picture\" allowfullscreen><\/iframe>\n<\/div><figcaption>L&#039;entr\u00e9e de l&#039;autoroute A9 en direction de Le Barcar\u00e8s avec r\u00e9f\u00e9rence \u00e0 Port Barcar\u00e8s avec une belle marina<\/figcaption><\/figure>\n\n\n\n<figure class=\"wp-block-embed is-type-video is-provider-youtube wp-block-embed-youtube wp-embed-aspect-16-9 wp-has-aspect-ratio\"><div class=\"wp-block-embed__wrapper\">\n<iframe loading=\"lazy\" title=\"20200628152923\" width=\"987\" height=\"555\" src=\"https:\/\/www.youtube.com\/embed\/cxbWbwsCK9M?feature=oembed\" frameborder=\"0\" allow=\"accelerometer; autoplay; clipboard-write; encrypted-media; gyroscope; picture-in-picture\" allowfullscreen><\/iframe>\n<\/div><figcaption>Impression de l&#039;authentique attractions foraines sur la p\u00e9riph\u00e9rie de Le Barcar\u00e8s) que les enfants et leurs parents semblent profiter de beaucoup<\/figcaption><\/figure>\n\n\n\n<figure class=\"wp-block-embed is-type-video is-provider-youtube wp-block-embed-youtube wp-embed-aspect-16-9 wp-has-aspect-ratio\"><div class=\"wp-block-embed__wrapper\">\n<iframe loading=\"lazy\" title=\"20200628150131\" width=\"987\" height=\"555\" src=\"https:\/\/www.youtube.com\/embed\/-DFwcBaNoUw?feature=oembed\" frameborder=\"0\" allow=\"accelerometer; autoplay; clipboard-write; encrypted-media; gyroscope; picture-in-picture\" allowfullscreen><\/iframe>\n<\/div><figcaption>La route d&#039;acc\u00e8s de l&#039;autoroute A9 ( direction de Perpignan et de l&#039;Espagne ) vers le centre de Le Barcar\u00e8s et Parc de Vacances R\u00e9sidence La Pin\u00e8de<\/figcaption><\/figure>\n\n\n\n<figure class=\"wp-block-embed is-type-video is-provider-youtube wp-block-embed-youtube wp-embed-aspect-16-9 wp-has-aspect-ratio\"><div class=\"wp-block-embed__wrapper\">\n<iframe loading=\"lazy\" title=\"20200628143302\" width=\"987\" height=\"555\" src=\"https:\/\/www.youtube.com\/embed\/_W_HFiiPHvk?feature=oembed\" frameborder=\"0\" allow=\"accelerometer; autoplay; clipboard-write; encrypted-media; gyroscope; picture-in-picture\" allowfullscreen><\/iframe>\n<\/div><figcaption>Possibilit\u00e9s pour les sports nautiques comme le cano\u00eb-kayak ou l&#039;aviron sur un \u00e9peron de la Mer M\u00e9diterran\u00e9e, \u00e0 proximit\u00e9 du centre de Le Barcar\u00e8s<\/figcaption><\/figure>\n\n\n\n<figure class=\"wp-block-embed is-type-video is-provider-youtube wp-block-embed-youtube wp-embed-aspect-16-9 wp-has-aspect-ratio\"><div class=\"wp-block-embed__wrapper\">\n<iframe loading=\"lazy\" title=\"20200628142854\" width=\"987\" height=\"555\" src=\"https:\/\/www.youtube.com\/embed\/Ywlk4KSAbbY?feature=oembed\" frameborder=\"0\" allow=\"accelerometer; autoplay; clipboard-write; encrypted-media; gyroscope; picture-in-picture\" allowfullscreen><\/iframe>\n<\/div><figcaption>La marche et le v\u00e9lo sur les larges chemins le long de la M\u00e9diterran\u00e9e et de l&#039;int\u00e9rieur avec de belles vues et paysages<\/figcaption><\/figure>\n\n\n\n<figure class=\"wp-block-embed is-type-video is-provider-youtube wp-block-embed-youtube wp-embed-aspect-16-9 wp-has-aspect-ratio\"><div class=\"wp-block-embed__wrapper\">\n<iframe loading=\"lazy\" title=\"20200628142124\" width=\"987\" height=\"555\" src=\"https:\/\/www.youtube.com\/embed\/_XuG4ZJ8OXQ?feature=oembed\" frameborder=\"0\" allow=\"accelerometer; autoplay; clipboard-write; encrypted-media; gyroscope; picture-in-picture\" allowfullscreen><\/iframe>\n<\/div><figcaption>Pavillons de plage pour une collation et une boisson <\/figcaption><\/figure>\n\n\n\n<figure class=\"wp-block-embed is-type-video is-provider-youtube wp-block-embed-youtube wp-embed-aspect-16-9 wp-has-aspect-ratio\"><div class=\"wp-block-embed__wrapper\">\n<iframe loading=\"lazy\" title=\"20200628141545\" width=\"987\" height=\"555\" src=\"https:\/\/www.youtube.com\/embed\/nO6g-x05OHU?feature=oembed\" frameborder=\"0\" allow=\"accelerometer; autoplay; clipboard-write; encrypted-media; gyroscope; picture-in-picture\" allowfullscreen><\/iframe>\n<\/div><figcaption>Boulevard Long avec un grand parking \u00e0 proximit\u00e9 du centre de Le Barcar\u00e8s et Parc de Vacances R\u00e9sidence La Pin\u00e8de et Villa 8 de Oranje Tulp<\/figcaption><\/figure>","protected":false},"excerpt":{"rendered":"<p>Indien het geluid van de wind u stoort , kunt u op het symbool van de microfoon-luidspreker klikken om het geluid uit te zetten ( er wordt verder niet gesproken bij het afspelen van de video&#8217;s. Dus u mist hierdoor niets.<\/p>","protected":false},"author":2,"featured_media":0,"parent":0,"menu_order":0,"comment_status":"closed","ping_status":"closed","template":"","meta":{"footnotes":""},"class_list":["post-1910","page","type-page","status-publish","hentry"],"yoast_head":"<!-- This site is optimized with the Yoast SEO plugin v27.4 - https:\/\/yoast.com\/product\/yoast-seo-wordpress\/ -->\n<title>VIDEO&#039;S EN FOTO&#039;S - Vakantiehuis te huur in Zuid-Frankrijk<\/title>\n<meta name=\"robots\" content=\"index, follow, max-snippet:-1, max-image-preview:large, max-video-preview:-1\" \/>\n<link rel=\"canonical\" href=\"https:\/\/www.vakantiehuis-zuid-frankrijk-barcares.nl\/fr\/videos-en-fotos\/\" \/>\n<meta property=\"og:locale\" content=\"fr_FR\" \/>\n<meta property=\"og:type\" content=\"article\" \/>\n<meta property=\"og:title\" content=\"VIDEO&#039;S EN FOTO&#039;S - Vakantiehuis te huur in Zuid-Frankrijk\" \/>\n<meta property=\"og:description\" content=\"Indien het geluid van de wind u stoort , kunt u op het symbool van de microfoon-luidspreker klikken om het geluid uit te zetten ( er wordt verder niet gesproken bij het afspelen van de video&#8217;s. Dus u mist hierdoor niets.\" \/>\n<meta property=\"og:url\" content=\"https:\/\/www.vakantiehuis-zuid-frankrijk-barcares.nl\/fr\/videos-en-fotos\/\" \/>\n<meta property=\"og:site_name\" content=\"Vakantiehuis te huur in Zuid-Frankrijk\" \/>\n<meta property=\"article:publisher\" content=\"https:\/\/www.facebook.com\/vakantiehuiszuidfrankrijkbarcares\/\" \/>\n<meta property=\"article:modified_time\" content=\"2022-05-07T06:53:46+00:00\" \/>\n<meta name=\"twitter:card\" content=\"summary_large_image\" \/>\n<meta name=\"twitter:label1\" content=\"Dur\u00e9e de lecture estim\u00e9e\" \/>\n\t<meta name=\"twitter:data1\" content=\"2 minutes\" \/>\n<script type=\"application\/ld+json\" class=\"yoast-schema-graph\">{\"@context\":\"https:\\\/\\\/schema.org\",\"@graph\":[{\"@type\":\"WebPage\",\"@id\":\"https:\\\/\\\/www.vakantiehuis-zuid-frankrijk-barcares.nl\\\/videos-en-fotos\\\/\",\"url\":\"https:\\\/\\\/www.vakantiehuis-zuid-frankrijk-barcares.nl\\\/videos-en-fotos\\\/\",\"name\":\"VIDEO'S EN FOTO'S - Vakantiehuis te huur in Zuid-Frankrijk\",\"isPartOf\":{\"@id\":\"https:\\\/\\\/www.vakantiehuis-zuid-frankrijk-barcares.nl\\\/#website\"},\"datePublished\":\"2020-07-01T13:14:58+00:00\",\"dateModified\":\"2022-05-07T06:53:46+00:00\",\"breadcrumb\":{\"@id\":\"https:\\\/\\\/www.vakantiehuis-zuid-frankrijk-barcares.nl\\\/videos-en-fotos\\\/#breadcrumb\"},\"inLanguage\":\"fr-FR\",\"potentialAction\":[{\"@type\":\"ReadAction\",\"target\":[\"https:\\\/\\\/www.vakantiehuis-zuid-frankrijk-barcares.nl\\\/videos-en-fotos\\\/\"]}]},{\"@type\":\"BreadcrumbList\",\"@id\":\"https:\\\/\\\/www.vakantiehuis-zuid-frankrijk-barcares.nl\\\/videos-en-fotos\\\/#breadcrumb\",\"itemListElement\":[{\"@type\":\"ListItem\",\"position\":1,\"name\":\"Home\",\"item\":\"https:\\\/\\\/www.vakantiehuis-zuid-frankrijk-barcares.nl\\\/\"},{\"@type\":\"ListItem\",\"position\":2,\"name\":\"VIDEO&#8217;S EN FOTO&#8217;S\"}]},{\"@type\":\"WebSite\",\"@id\":\"https:\\\/\\\/www.vakantiehuis-zuid-frankrijk-barcares.nl\\\/#website\",\"url\":\"https:\\\/\\\/www.vakantiehuis-zuid-frankrijk-barcares.nl\\\/\",\"name\":\"Vakantiehuis te huur in Zuid-Frankrijk\",\"description\":\"Aan Middellandse zee (400 m) op vakantiepark met zwembad &#039;R\u00e9sidence La Pin\u00e8de&#039; in Le Barcar\u00e8s in de prachtige streek Languedoc-Roussillon, Pyr\u00e9n\u00e9es-Orientales, dichtbij Perpignan. Huur direct van Nederlandse eigenaar.\",\"potentialAction\":[{\"@type\":\"SearchAction\",\"target\":{\"@type\":\"EntryPoint\",\"urlTemplate\":\"https:\\\/\\\/www.vakantiehuis-zuid-frankrijk-barcares.nl\\\/?s={search_term_string}\"},\"query-input\":{\"@type\":\"PropertyValueSpecification\",\"valueRequired\":true,\"valueName\":\"search_term_string\"}}],\"inLanguage\":\"fr-FR\"}]}<\/script>\n<!-- \/ Yoast SEO plugin. -->","yoast_head_json":{"title":"VIDEO'S EN FOTO'S - Vakantiehuis te huur in Zuid-Frankrijk","robots":{"index":"index","follow":"follow","max-snippet":"max-snippet:-1","max-image-preview":"max-image-preview:large","max-video-preview":"max-video-preview:-1"},"canonical":"https:\/\/www.vakantiehuis-zuid-frankrijk-barcares.nl\/fr\/videos-en-fotos\/","og_locale":"fr_FR","og_type":"article","og_title":"VIDEO'S EN FOTO'S - Vakantiehuis te huur in Zuid-Frankrijk","og_description":"Indien het geluid van de wind u stoort , kunt u op het symbool van de microfoon-luidspreker klikken om het geluid uit te zetten ( er wordt verder niet gesproken bij het afspelen van de video&#8217;s. Dus u mist hierdoor niets.","og_url":"https:\/\/www.vakantiehuis-zuid-frankrijk-barcares.nl\/fr\/videos-en-fotos\/","og_site_name":"Vakantiehuis te huur in Zuid-Frankrijk","article_publisher":"https:\/\/www.facebook.com\/vakantiehuiszuidfrankrijkbarcares\/","article_modified_time":"2022-05-07T06:53:46+00:00","twitter_card":"summary_large_image","twitter_misc":{"Dur\u00e9e de lecture estim\u00e9e":"2 minutes"},"schema":{"@context":"https:\/\/schema.org","@graph":[{"@type":"WebPage","@id":"https:\/\/www.vakantiehuis-zuid-frankrijk-barcares.nl\/videos-en-fotos\/","url":"https:\/\/www.vakantiehuis-zuid-frankrijk-barcares.nl\/videos-en-fotos\/","name":"VIDEO'S EN FOTO'S - Vakantiehuis te huur in Zuid-Frankrijk","isPartOf":{"@id":"https:\/\/www.vakantiehuis-zuid-frankrijk-barcares.nl\/#website"},"datePublished":"2020-07-01T13:14:58+00:00","dateModified":"2022-05-07T06:53:46+00:00","breadcrumb":{"@id":"https:\/\/www.vakantiehuis-zuid-frankrijk-barcares.nl\/videos-en-fotos\/#breadcrumb"},"inLanguage":"fr-FR","potentialAction":[{"@type":"ReadAction","target":["https:\/\/www.vakantiehuis-zuid-frankrijk-barcares.nl\/videos-en-fotos\/"]}]},{"@type":"BreadcrumbList","@id":"https:\/\/www.vakantiehuis-zuid-frankrijk-barcares.nl\/videos-en-fotos\/#breadcrumb","itemListElement":[{"@type":"ListItem","position":1,"name":"Home","item":"https:\/\/www.vakantiehuis-zuid-frankrijk-barcares.nl\/"},{"@type":"ListItem","position":2,"name":"VIDEO&#8217;S EN FOTO&#8217;S"}]},{"@type":"WebSite","@id":"https:\/\/www.vakantiehuis-zuid-frankrijk-barcares.nl\/#website","url":"https:\/\/www.vakantiehuis-zuid-frankrijk-barcares.nl\/","name":"Vakantiehuis te huur in Zuid-Frankrijk","description":"Aan Middellandse zee (400 m) op vakantiepark met zwembad &#039;R\u00e9sidence La Pin\u00e8de&#039; in Le Barcar\u00e8s in de prachtige streek Languedoc-Roussillon, Pyr\u00e9n\u00e9es-Orientales, dichtbij Perpignan. Huur direct van Nederlandse eigenaar.","potentialAction":[{"@type":"SearchAction","target":{"@type":"EntryPoint","urlTemplate":"https:\/\/www.vakantiehuis-zuid-frankrijk-barcares.nl\/?s={search_term_string}"},"query-input":{"@type":"PropertyValueSpecification","valueRequired":true,"valueName":"search_term_string"}}],"inLanguage":"fr-FR"}]}},"_links":{"self":[{"href":"https:\/\/www.vakantiehuis-zuid-frankrijk-barcares.nl\/fr\/wp-json\/wp\/v2\/pages\/1910","targetHints":{"allow":["GET"]}}],"collection":[{"href":"https:\/\/www.vakantiehuis-zuid-frankrijk-barcares.nl\/fr\/wp-json\/wp\/v2\/pages"}],"about":[{"href":"https:\/\/www.vakantiehuis-zuid-frankrijk-barcares.nl\/fr\/wp-json\/wp\/v2\/types\/page"}],"author":[{"embeddable":true,"href":"https:\/\/www.vakantiehuis-zuid-frankrijk-barcares.nl\/fr\/wp-json\/wp\/v2\/users\/2"}],"replies":[{"embeddable":true,"href":"https:\/\/www.vakantiehuis-zuid-frankrijk-barcares.nl\/fr\/wp-json\/wp\/v2\/comments?post=1910"}],"version-history":[{"count":5,"href":"https:\/\/www.vakantiehuis-zuid-frankrijk-barcares.nl\/fr\/wp-json\/wp\/v2\/pages\/1910\/revisions"}],"predecessor-version":[{"id":2080,"href":"https:\/\/www.vakantiehuis-zuid-frankrijk-barcares.nl\/fr\/wp-json\/wp\/v2\/pages\/1910\/revisions\/2080"}],"wp:attachment":[{"href":"https:\/\/www.vakantiehuis-zuid-frankrijk-barcares.nl\/fr\/wp-json\/wp\/v2\/media?parent=1910"}],"curies":[{"name":"wp","href":"https:\/\/api.w.org\/{rel}","templated":true}]}}