{"id":26,"date":"2015-12-14T12:30:58","date_gmt":"2015-12-14T12:30:58","guid":{"rendered":"http:\/\/www.vakantiehuis-zuid-frankrijk-barcares.nl\/?page_id=26"},"modified":"2017-05-15T19:50:36","modified_gmt":"2017-05-15T19:50:36","slug":"vakantiehuis","status":"publish","type":"page","link":"https:\/\/www.vakantiehuis-zuid-frankrijk-barcares.nl\/fr\/vakantiehuis\/","title":{"rendered":"VACANCES"},"content":{"rendered":"<h1><strong>6 \u00e0 8 personnes, belle maison de vacances<\/strong><\/h1>\n<p>La maison de vacances est une villa et dispose d&#039;une grande <a href=\"http:\/\/www.vakantiehuis-zuid-frankrijk-barcares.nl\/fr\/villa-8\/\" target=\"_blank\" rel=\"noopener noreferrer\">la vie <\/a>avec une salle \u00e0 manger et d&#039;un coin salon, <a href=\"http:\/\/www.vakantiehuis-zuid-frankrijk-barcares.nl\/fr\/keuken\/\" target=\"_blank\" rel=\"noopener noreferrer\">cuisine<\/a>, salle de bains et <a href=\"http:\/\/www.vakantiehuis-zuid-frankrijk-barcares.nl\/fr\/slaapkamer-3\/\" target=\"_blank\" rel=\"noopener noreferrer\">3 chambres \u00e0 coucher<\/a>, <a href=\"http:\/\/www.vakantiehuis-zuid-frankrijk-barcares.nl\/fr\/terras\/\" target=\"_blank\" rel=\"noopener noreferrer\">terrasse ext\u00e9rieure <\/a>et une autre int\u00e9rieure <a href=\"http:\/\/www.vakantiehuis-zuid-frankrijk-barcares.nl\/fr\/\" target=\"_blank\" rel=\"noopener noreferrer\">garage<\/a><\/p>\n<p><a href=\"http:\/\/www.vakantiehuis-zuid-frankrijk-barcares.nl\/wp-content\/uploads\/2015\/12\/Vakantie-huis-Zuid-Frankrijk-huren-zee-met-zwembad-Le-Barcares-bij-Perpignan-1309.jpg\"><img loading=\"lazy\" decoding=\"async\" class=\"alignnone size-full wp-image-1289\" src=\"http:\/\/www.vakantiehuis-zuid-frankrijk-barcares.nl\/wp-content\/uploads\/2015\/12\/Vakantie-huis-Zuid-Frankrijk-huren-zee-met-zwembad-Le-Barcares-bij-Perpignan-1309.jpg\" alt=\"Als u ons vakantiehuis in Zuid Frankrijk huurt zult u zich geen dag vervelen. Voor jong en oud is er vanalles te beleven. Aan zee, bij het zwembad, maar ook richting het binnenland met zijn bossen, bergen, meren, rivieren, oude historische steden en kastelen, authentieke dorpjes, etc.\" width=\"1309\" height=\"982\" srcset=\"https:\/\/www.vakantiehuis-zuid-frankrijk-barcares.nl\/wp-content\/uploads\/2015\/12\/Vakantie-huis-Zuid-Frankrijk-huren-zee-met-zwembad-Le-Barcares-bij-Perpignan-1309.jpg 1309w, https:\/\/www.vakantiehuis-zuid-frankrijk-barcares.nl\/wp-content\/uploads\/2015\/12\/Vakantie-huis-Zuid-Frankrijk-huren-zee-met-zwembad-Le-Barcares-bij-Perpignan-1309-300x225.jpg 300w, https:\/\/www.vakantiehuis-zuid-frankrijk-barcares.nl\/wp-content\/uploads\/2015\/12\/Vakantie-huis-Zuid-Frankrijk-huren-zee-met-zwembad-Le-Barcares-bij-Perpignan-1309-768x576.jpg 768w, https:\/\/www.vakantiehuis-zuid-frankrijk-barcares.nl\/wp-content\/uploads\/2015\/12\/Vakantie-huis-Zuid-Frankrijk-huren-zee-met-zwembad-Le-Barcares-bij-Perpignan-1309-1024x768.jpg 1024w, https:\/\/www.vakantiehuis-zuid-frankrijk-barcares.nl\/wp-content\/uploads\/2015\/12\/Vakantie-huis-Zuid-Frankrijk-huren-zee-met-zwembad-Le-Barcares-bij-Perpignan-1309-1278x959.jpg 1278w\" sizes=\"auto, (max-width: 1309px) 100vw, 1309px\" \/><\/a> Maison de vacances-Villa 8 appartient \u00e0 la villas, mais chaque villa est totalement ind\u00e9pendante.<\/p>\n<p><a href=\"http:\/\/www.vakantiehuis-zuid-frankrijk-barcares.nl\/wp-content\/uploads\/2015\/12\/villa-la-pinede-exterieur.jpg\"><img loading=\"lazy\" decoding=\"async\" class=\"alignnone wp-image-1369 size-full\" src=\"http:\/\/www.vakantiehuis-zuid-frankrijk-barcares.nl\/wp-content\/uploads\/2015\/12\/villa-la-pinede-exterieur.jpg\" alt=\"\" width=\"2500\" height=\"1667\" srcset=\"https:\/\/www.vakantiehuis-zuid-frankrijk-barcares.nl\/wp-content\/uploads\/2015\/12\/villa-la-pinede-exterieur.jpg 2500w, https:\/\/www.vakantiehuis-zuid-frankrijk-barcares.nl\/wp-content\/uploads\/2015\/12\/villa-la-pinede-exterieur-300x200.jpg 300w, https:\/\/www.vakantiehuis-zuid-frankrijk-barcares.nl\/wp-content\/uploads\/2015\/12\/villa-la-pinede-exterieur-768x512.jpg 768w, https:\/\/www.vakantiehuis-zuid-frankrijk-barcares.nl\/wp-content\/uploads\/2015\/12\/villa-la-pinede-exterieur-1024x683.jpg 1024w, https:\/\/www.vakantiehuis-zuid-frankrijk-barcares.nl\/wp-content\/uploads\/2015\/12\/villa-la-pinede-exterieur-1278x852.jpg 1278w, https:\/\/www.vakantiehuis-zuid-frankrijk-barcares.nl\/wp-content\/uploads\/2015\/12\/villa-la-pinede-exterieur-1309x873.jpg 1309w\" sizes=\"auto, (max-width: 2500px) 100vw, 2500px\" \/><\/a><\/p>\n<p>C\u00f4t\u00e9 face maison de vacances-villa de 8.<\/p>\n<h2><strong>Jardin et terrasse ext\u00e9rieure<\/strong><\/h2>\n<p>La villa de vacances est climatis\u00e9 et dispose d&#039;un jardin avec terrasse et suffisamment de mobilier de jardin confortable en <a href=\"http:\/\/www.vakantiehuis-zuid-frankrijk-barcares.nl\/fr\/buitenterras-2\/\" target=\"_blank\" rel=\"noopener noreferrer\">jardin priv\u00e9 <\/a>pour \u00eatre en mesure de rester ensemble avec vos voisins sur le parc, vos amis et \/ ou connaissances. Vous pouvez garer la voiture dans le garage priv\u00e9 et il est parfaitement sous le toit tout comme \u00e0 votre maison et vous n&#039;avez rien \u00e0 vous inqui\u00e9ter ou s&#039;en inqui\u00e9ter.<\/p>\n<p><a href=\"http:\/\/www.vakantiehuis-zuid-frankrijk-barcares.nl\/wp-content\/uploads\/2015\/12\/villa-la-pinede-terras.jpg\"><img loading=\"lazy\" decoding=\"async\" class=\"alignleft wp-image-1375 size-full\" src=\"http:\/\/www.vakantiehuis-zuid-frankrijk-barcares.nl\/wp-content\/uploads\/2015\/12\/villa-la-pinede-terras.jpg\" alt=\"\" width=\"2500\" height=\"1667\" srcset=\"https:\/\/www.vakantiehuis-zuid-frankrijk-barcares.nl\/wp-content\/uploads\/2015\/12\/villa-la-pinede-terras.jpg 2500w, https:\/\/www.vakantiehuis-zuid-frankrijk-barcares.nl\/wp-content\/uploads\/2015\/12\/villa-la-pinede-terras-300x200.jpg 300w, https:\/\/www.vakantiehuis-zuid-frankrijk-barcares.nl\/wp-content\/uploads\/2015\/12\/villa-la-pinede-terras-768x512.jpg 768w, https:\/\/www.vakantiehuis-zuid-frankrijk-barcares.nl\/wp-content\/uploads\/2015\/12\/villa-la-pinede-terras-1024x683.jpg 1024w, https:\/\/www.vakantiehuis-zuid-frankrijk-barcares.nl\/wp-content\/uploads\/2015\/12\/villa-la-pinede-terras-1278x852.jpg 1278w, https:\/\/www.vakantiehuis-zuid-frankrijk-barcares.nl\/wp-content\/uploads\/2015\/12\/villa-la-pinede-terras-1309x873.jpg 1309w\" sizes=\"auto, (max-width: 2500px) 100vw, 2500px\" \/><\/a><\/p>\n<p>&nbsp;<\/p>\n<h2><strong>Les visites de la famille ou des connaissances<\/strong><\/h2>\n<p>La villa offre assez d&#039;espace pour inviter votre famille ou des amis \u00e0 visiter et profiter du soleil et de la paix qu&#039;il offre <a href=\"http:\/\/www.vakantiehuis-zuid-frankrijk-barcares.nl\/fr\/het-park\/\" target=\"_blank\" rel=\"noopener noreferrer\">resort <\/a>offre. Vous pouvez m\u00eame les laisser dormir si votre famille n&#039;est pas trop grand, et ils veulent rester avec vous pour une ou quelques nuits. Pensez aussi aux gens qui sont en transit vers l&#039;Espagne et souhaitez bri\u00e8vement interrompre leur voyage en France. Resort <a href=\"http:\/\/www.vakantiehuis-zuid-frankrijk-barcares.nl\/fr\/le-barcares-village\/\" target=\"_blank\" rel=\"noopener noreferrer\">Barcar\u00e8s <\/a>situ\u00e9 \u00e0 seulement 50 km de l&#039; <a href=\"http:\/\/www.vakantiehuis-zuid-frankrijk-barcares.nl\/fr\/bezienswaardigheden\/\" target=\"_blank\" rel=\"noopener noreferrer\">Fronti\u00e8re Espagnole<\/a>. Aussi un <a href=\"http:\/\/www.vakantiehuis-zuid-frankrijk-barcares.nl\/fr\/auto-uitstapjes\/\" target=\"_blank\" rel=\"noopener noreferrer\">voyage <\/a>pour l&#039;Espagne, par exemple, est tout \u00e0 fait possible sur 1 ou quelques jours et il est une combinaison de nice et absolument recommand\u00e9 pour profiter de merveilleuses vacances que vous pouvez l&#039;exp\u00e9rience.<\/p>","protected":false},"excerpt":{"rendered":"<p>6-8 persoons prachtig vakantiehuis Het vakantiehuis is een villa en heeft een grote woonkamer met een eet- en zithoek, keuken, badkamer en 3 slaapkamers, buitenterras en een aparte inpandige garage Vakantiehuis &#8211; Villa 8 behoort tot de geschakelde villa&#8217;s maar elke villa is toch geheel zelfstandig. Zij-aangezicht vakantiehuis &#8211; villa 8. Tuin en buitenterras De [&hellip;]<\/p>\n","protected":false},"author":3,"featured_media":0,"parent":0,"menu_order":0,"comment_status":"closed","ping_status":"closed","template":"page-templates\/left-sidebar.php","meta":{"footnotes":""},"class_list":["post-26","page","type-page","status-publish","hentry"],"yoast_head":"<!-- This site is optimized with the Yoast SEO plugin v27.4 - https:\/\/yoast.com\/product\/yoast-seo-wordpress\/ -->\n<title>VAKANTIEHUIS - Vakantiehuis te huur in Zuid-Frankrijk<\/title>\n<meta name=\"description\" content=\"vakantiehuis met 3 slaapkamers, zitkamer, complete keuken, badkamer en eigen terras\" \/>\n<meta name=\"robots\" content=\"index, follow, max-snippet:-1, max-image-preview:large, max-video-preview:-1\" \/>\n<link rel=\"canonical\" href=\"https:\/\/www.vakantiehuis-zuid-frankrijk-barcares.nl\/fr\/vakantiehuis\/\" \/>\n<meta property=\"og:locale\" content=\"fr_FR\" \/>\n<meta property=\"og:type\" content=\"article\" \/>\n<meta property=\"og:title\" content=\"VAKANTIEHUIS - Vakantiehuis te huur in Zuid-Frankrijk\" \/>\n<meta property=\"og:description\" content=\"vakantiehuis met 3 slaapkamers, zitkamer, complete keuken, badkamer en eigen terras\" \/>\n<meta property=\"og:url\" content=\"https:\/\/www.vakantiehuis-zuid-frankrijk-barcares.nl\/fr\/vakantiehuis\/\" \/>\n<meta property=\"og:site_name\" content=\"Vakantiehuis te huur in Zuid-Frankrijk\" \/>\n<meta property=\"article:publisher\" content=\"https:\/\/www.facebook.com\/vakantiehuiszuidfrankrijkbarcares\/\" \/>\n<meta property=\"article:modified_time\" content=\"2017-05-15T19:50:36+00:00\" \/>\n<meta property=\"og:image\" content=\"http:\/\/www.vakantiehuis-zuid-frankrijk-barcares.nl\/wp-content\/uploads\/2015\/12\/Vakantie-huis-Zuid-Frankrijk-huren-zee-met-zwembad-Le-Barcares-bij-Perpignan-1309.jpg\" \/>\n<meta name=\"twitter:card\" content=\"summary_large_image\" \/>\n<meta name=\"twitter:label1\" content=\"Dur\u00e9e de lecture estim\u00e9e\" \/>\n\t<meta name=\"twitter:data1\" content=\"1 minute\" \/>\n<script type=\"application\/ld+json\" class=\"yoast-schema-graph\">{\"@context\":\"https:\\\/\\\/schema.org\",\"@graph\":[{\"@type\":\"WebPage\",\"@id\":\"https:\\\/\\\/www.vakantiehuis-zuid-frankrijk-barcares.nl\\\/vakantiehuis\\\/\",\"url\":\"https:\\\/\\\/www.vakantiehuis-zuid-frankrijk-barcares.nl\\\/vakantiehuis\\\/\",\"name\":\"VAKANTIEHUIS - Vakantiehuis te huur in Zuid-Frankrijk\",\"isPartOf\":{\"@id\":\"https:\\\/\\\/www.vakantiehuis-zuid-frankrijk-barcares.nl\\\/#website\"},\"primaryImageOfPage\":{\"@id\":\"https:\\\/\\\/www.vakantiehuis-zuid-frankrijk-barcares.nl\\\/vakantiehuis\\\/#primaryimage\"},\"image\":{\"@id\":\"https:\\\/\\\/www.vakantiehuis-zuid-frankrijk-barcares.nl\\\/vakantiehuis\\\/#primaryimage\"},\"thumbnailUrl\":\"http:\\\/\\\/www.vakantiehuis-zuid-frankrijk-barcares.nl\\\/wp-content\\\/uploads\\\/2015\\\/12\\\/Vakantie-huis-Zuid-Frankrijk-huren-zee-met-zwembad-Le-Barcares-bij-Perpignan-1309.jpg\",\"datePublished\":\"2015-12-14T12:30:58+00:00\",\"dateModified\":\"2017-05-15T19:50:36+00:00\",\"description\":\"vakantiehuis met 3 slaapkamers, zitkamer, complete keuken, badkamer en eigen terras\",\"breadcrumb\":{\"@id\":\"https:\\\/\\\/www.vakantiehuis-zuid-frankrijk-barcares.nl\\\/vakantiehuis\\\/#breadcrumb\"},\"inLanguage\":\"fr-FR\",\"potentialAction\":[{\"@type\":\"ReadAction\",\"target\":[\"https:\\\/\\\/www.vakantiehuis-zuid-frankrijk-barcares.nl\\\/vakantiehuis\\\/\"]}]},{\"@type\":\"ImageObject\",\"inLanguage\":\"fr-FR\",\"@id\":\"https:\\\/\\\/www.vakantiehuis-zuid-frankrijk-barcares.nl\\\/vakantiehuis\\\/#primaryimage\",\"url\":\"http:\\\/\\\/www.vakantiehuis-zuid-frankrijk-barcares.nl\\\/wp-content\\\/uploads\\\/2015\\\/12\\\/Vakantie-huis-Zuid-Frankrijk-huren-zee-met-zwembad-Le-Barcares-bij-Perpignan-1309.jpg\",\"contentUrl\":\"http:\\\/\\\/www.vakantiehuis-zuid-frankrijk-barcares.nl\\\/wp-content\\\/uploads\\\/2015\\\/12\\\/Vakantie-huis-Zuid-Frankrijk-huren-zee-met-zwembad-Le-Barcares-bij-Perpignan-1309.jpg\"},{\"@type\":\"BreadcrumbList\",\"@id\":\"https:\\\/\\\/www.vakantiehuis-zuid-frankrijk-barcares.nl\\\/vakantiehuis\\\/#breadcrumb\",\"itemListElement\":[{\"@type\":\"ListItem\",\"position\":1,\"name\":\"Home\",\"item\":\"https:\\\/\\\/www.vakantiehuis-zuid-frankrijk-barcares.nl\\\/\"},{\"@type\":\"ListItem\",\"position\":2,\"name\":\"VAKANTIEHUIS\"}]},{\"@type\":\"WebSite\",\"@id\":\"https:\\\/\\\/www.vakantiehuis-zuid-frankrijk-barcares.nl\\\/#website\",\"url\":\"https:\\\/\\\/www.vakantiehuis-zuid-frankrijk-barcares.nl\\\/\",\"name\":\"Vakantiehuis te huur in Zuid-Frankrijk\",\"description\":\"Aan Middellandse zee (400 m) op vakantiepark met zwembad &#039;R\u00e9sidence La Pin\u00e8de&#039; in Le Barcar\u00e8s in de prachtige streek Languedoc-Roussillon, Pyr\u00e9n\u00e9es-Orientales, dichtbij Perpignan. Huur direct van Nederlandse eigenaar.\",\"potentialAction\":[{\"@type\":\"SearchAction\",\"target\":{\"@type\":\"EntryPoint\",\"urlTemplate\":\"https:\\\/\\\/www.vakantiehuis-zuid-frankrijk-barcares.nl\\\/?s={search_term_string}\"},\"query-input\":{\"@type\":\"PropertyValueSpecification\",\"valueRequired\":true,\"valueName\":\"search_term_string\"}}],\"inLanguage\":\"fr-FR\"}]}<\/script>\n<!-- \/ Yoast SEO plugin. -->","yoast_head_json":{"title":"VAKANTIEHUIS - Vakantiehuis te huur in Zuid-Frankrijk","description":"vakantiehuis met 3 slaapkamers, zitkamer, complete keuken, badkamer en eigen terras","robots":{"index":"index","follow":"follow","max-snippet":"max-snippet:-1","max-image-preview":"max-image-preview:large","max-video-preview":"max-video-preview:-1"},"canonical":"https:\/\/www.vakantiehuis-zuid-frankrijk-barcares.nl\/fr\/vakantiehuis\/","og_locale":"fr_FR","og_type":"article","og_title":"VAKANTIEHUIS - Vakantiehuis te huur in Zuid-Frankrijk","og_description":"vakantiehuis met 3 slaapkamers, zitkamer, complete keuken, badkamer en eigen terras","og_url":"https:\/\/www.vakantiehuis-zuid-frankrijk-barcares.nl\/fr\/vakantiehuis\/","og_site_name":"Vakantiehuis te huur in Zuid-Frankrijk","article_publisher":"https:\/\/www.facebook.com\/vakantiehuiszuidfrankrijkbarcares\/","article_modified_time":"2017-05-15T19:50:36+00:00","og_image":[{"url":"http:\/\/www.vakantiehuis-zuid-frankrijk-barcares.nl\/wp-content\/uploads\/2015\/12\/Vakantie-huis-Zuid-Frankrijk-huren-zee-met-zwembad-Le-Barcares-bij-Perpignan-1309.jpg","type":"","width":"","height":""}],"twitter_card":"summary_large_image","twitter_misc":{"Dur\u00e9e de lecture estim\u00e9e":"1 minute"},"schema":{"@context":"https:\/\/schema.org","@graph":[{"@type":"WebPage","@id":"https:\/\/www.vakantiehuis-zuid-frankrijk-barcares.nl\/vakantiehuis\/","url":"https:\/\/www.vakantiehuis-zuid-frankrijk-barcares.nl\/vakantiehuis\/","name":"VAKANTIEHUIS - Vakantiehuis te huur in Zuid-Frankrijk","isPartOf":{"@id":"https:\/\/www.vakantiehuis-zuid-frankrijk-barcares.nl\/#website"},"primaryImageOfPage":{"@id":"https:\/\/www.vakantiehuis-zuid-frankrijk-barcares.nl\/vakantiehuis\/#primaryimage"},"image":{"@id":"https:\/\/www.vakantiehuis-zuid-frankrijk-barcares.nl\/vakantiehuis\/#primaryimage"},"thumbnailUrl":"http:\/\/www.vakantiehuis-zuid-frankrijk-barcares.nl\/wp-content\/uploads\/2015\/12\/Vakantie-huis-Zuid-Frankrijk-huren-zee-met-zwembad-Le-Barcares-bij-Perpignan-1309.jpg","datePublished":"2015-12-14T12:30:58+00:00","dateModified":"2017-05-15T19:50:36+00:00","description":"vakantiehuis met 3 slaapkamers, zitkamer, complete keuken, badkamer en eigen terras","breadcrumb":{"@id":"https:\/\/www.vakantiehuis-zuid-frankrijk-barcares.nl\/vakantiehuis\/#breadcrumb"},"inLanguage":"fr-FR","potentialAction":[{"@type":"ReadAction","target":["https:\/\/www.vakantiehuis-zuid-frankrijk-barcares.nl\/vakantiehuis\/"]}]},{"@type":"ImageObject","inLanguage":"fr-FR","@id":"https:\/\/www.vakantiehuis-zuid-frankrijk-barcares.nl\/vakantiehuis\/#primaryimage","url":"http:\/\/www.vakantiehuis-zuid-frankrijk-barcares.nl\/wp-content\/uploads\/2015\/12\/Vakantie-huis-Zuid-Frankrijk-huren-zee-met-zwembad-Le-Barcares-bij-Perpignan-1309.jpg","contentUrl":"http:\/\/www.vakantiehuis-zuid-frankrijk-barcares.nl\/wp-content\/uploads\/2015\/12\/Vakantie-huis-Zuid-Frankrijk-huren-zee-met-zwembad-Le-Barcares-bij-Perpignan-1309.jpg"},{"@type":"BreadcrumbList","@id":"https:\/\/www.vakantiehuis-zuid-frankrijk-barcares.nl\/vakantiehuis\/#breadcrumb","itemListElement":[{"@type":"ListItem","position":1,"name":"Home","item":"https:\/\/www.vakantiehuis-zuid-frankrijk-barcares.nl\/"},{"@type":"ListItem","position":2,"name":"VAKANTIEHUIS"}]},{"@type":"WebSite","@id":"https:\/\/www.vakantiehuis-zuid-frankrijk-barcares.nl\/#website","url":"https:\/\/www.vakantiehuis-zuid-frankrijk-barcares.nl\/","name":"Vakantiehuis te huur in Zuid-Frankrijk","description":"Aan Middellandse zee (400 m) op vakantiepark met zwembad &#039;R\u00e9sidence La Pin\u00e8de&#039; in Le Barcar\u00e8s in de prachtige streek Languedoc-Roussillon, Pyr\u00e9n\u00e9es-Orientales, dichtbij Perpignan. Huur direct van Nederlandse eigenaar.","potentialAction":[{"@type":"SearchAction","target":{"@type":"EntryPoint","urlTemplate":"https:\/\/www.vakantiehuis-zuid-frankrijk-barcares.nl\/?s={search_term_string}"},"query-input":{"@type":"PropertyValueSpecification","valueRequired":true,"valueName":"search_term_string"}}],"inLanguage":"fr-FR"}]}},"_links":{"self":[{"href":"https:\/\/www.vakantiehuis-zuid-frankrijk-barcares.nl\/fr\/wp-json\/wp\/v2\/pages\/26","targetHints":{"allow":["GET"]}}],"collection":[{"href":"https:\/\/www.vakantiehuis-zuid-frankrijk-barcares.nl\/fr\/wp-json\/wp\/v2\/pages"}],"about":[{"href":"https:\/\/www.vakantiehuis-zuid-frankrijk-barcares.nl\/fr\/wp-json\/wp\/v2\/types\/page"}],"author":[{"embeddable":true,"href":"https:\/\/www.vakantiehuis-zuid-frankrijk-barcares.nl\/fr\/wp-json\/wp\/v2\/users\/3"}],"replies":[{"embeddable":true,"href":"https:\/\/www.vakantiehuis-zuid-frankrijk-barcares.nl\/fr\/wp-json\/wp\/v2\/comments?post=26"}],"version-history":[{"count":43,"href":"https:\/\/www.vakantiehuis-zuid-frankrijk-barcares.nl\/fr\/wp-json\/wp\/v2\/pages\/26\/revisions"}],"predecessor-version":[{"id":1388,"href":"https:\/\/www.vakantiehuis-zuid-frankrijk-barcares.nl\/fr\/wp-json\/wp\/v2\/pages\/26\/revisions\/1388"}],"wp:attachment":[{"href":"https:\/\/www.vakantiehuis-zuid-frankrijk-barcares.nl\/fr\/wp-json\/wp\/v2\/media?parent=26"}],"curies":[{"name":"wp","href":"https:\/\/api.w.org\/{rel}","templated":true}]}}