{"id":28,"date":"2015-12-14T12:32:09","date_gmt":"2015-12-14T12:32:09","guid":{"rendered":"http:\/\/www.vakantiehuis-zuid-frankrijk-barcares.nl\/?page_id=28"},"modified":"2019-05-01T05:05:19","modified_gmt":"2019-05-01T05:05:19","slug":"keuken","status":"publish","type":"page","link":"https:\/\/www.vakantiehuis-zuid-frankrijk-barcares.nl\/fr\/keuken\/","title":{"rendered":"Cuisine"},"content":{"rendered":"<p><img loading=\"lazy\" decoding=\"async\" width=\"2500\" height=\"1667\" class=\"alignnone wp-image-1371 size-full\" alt=\"\" src=\"http:\/\/www.vakantiehuis-zuid-frankrijk-barcares.nl\/wp-content\/uploads\/2015\/12\/villa-la-pinede-keuken.jpg\" srcset=\"https:\/\/www.vakantiehuis-zuid-frankrijk-barcares.nl\/wp-content\/uploads\/2015\/12\/villa-la-pinede-keuken.jpg 2500w, https:\/\/www.vakantiehuis-zuid-frankrijk-barcares.nl\/wp-content\/uploads\/2015\/12\/villa-la-pinede-keuken-300x200.jpg 300w, https:\/\/www.vakantiehuis-zuid-frankrijk-barcares.nl\/wp-content\/uploads\/2015\/12\/villa-la-pinede-keuken-768x512.jpg 768w, https:\/\/www.vakantiehuis-zuid-frankrijk-barcares.nl\/wp-content\/uploads\/2015\/12\/villa-la-pinede-keuken-1024x683.jpg 1024w, https:\/\/www.vakantiehuis-zuid-frankrijk-barcares.nl\/wp-content\/uploads\/2015\/12\/villa-la-pinede-keuken-1278x852.jpg 1278w, https:\/\/www.vakantiehuis-zuid-frankrijk-barcares.nl\/wp-content\/uploads\/2015\/12\/villa-la-pinede-keuken-1309x873.jpg 1309w\" sizes=\"auto, (max-width: 2500px) 100vw, 2500px\" \/>\u200b<\/p>\n<table style=\"border-color: #ffffff; background-color: #ffffff;\" border=\"0\">\n<tbody>\n<tr>\n<td style=\"border-color: #ffffff; background-color: #ffffff;\"><\/td>\n<td style=\"border-color: #ffffff; background-color: #ffffff;\"><\/td>\n<\/tr>\n<\/tbody>\n<\/table>\n<h3><strong>Keuken met complete apparatuur, serviesgoed en bestek<\/strong><\/h3>\n<p>Er is een aparte <strong>cuisine<\/strong> die is uitgerust met kookplaten, een koelkast, combi magnetron, vaatwasser, waterkoker en koffiezetapparaat. In de keuken vindt u servies, bestek, pannen, afwasspullen en alles wat u thuis ook in de keuken heeft staan. Het is geheel uw eigen keuze om een deel van de vakantie uw eigen eten klaar te maken of u gaat naar een van de vele restaurants in het centrum of ergens in de buurt. De supermarkt ( <strong>Super U<\/strong> ) met een ruim assortiment bevindt zich op nog geen 200 meter afstand van het vakantiepark. Ook de bakker en slager zijn hier nog altijd actief en vindt u&nbsp;in het centrum van Le Barcar\u00e8s niet ver van het vakantiepark La Pin\u00e8de.<\/p>\n<p>Houdt u helemaal niet van koken tijdens uw vakantie? Ook dan geen nood. Op een afstand van slechts enkele honderden meters komt u in het centrum van Barcar\u00e8s waar u kunt kiezen een aantal <a href=\"http:\/\/www.vakantiehuis-zuid-frankrijk-barcares.nl\/fr\/restaurants-2\/\" target=\"_blank\" rel=\"noopener noreferrer\">restaurants<\/a> die vari\u00ebren van eenvoudig tot uitstekend. Kortom, u maakt het zich tijdens uw vakantie zo gemakkelijk als uzelf wil. Tussendoor warm maken van een pizza of een ander gerecht is ook allemaal mogelijk.<\/p>","protected":false},"excerpt":{"rendered":"<p>\u200b Keuken met complete apparatuur, serviesgoed en bestek Er is een aparte keuken die is uitgerust met kookplaten, een koelkast, combi magnetron, vaatwasser, waterkoker en koffiezetapparaat. In de keuken vindt u servies, bestek, pannen, afwasspullen en alles wat u thuis ook in de keuken heeft staan. Het is geheel uw eigen keuze om een deel [&hellip;]<\/p>\n","protected":false},"author":2,"featured_media":0,"parent":0,"menu_order":0,"comment_status":"closed","ping_status":"closed","template":"page-templates\/full-width-wide.php","meta":{"footnotes":""},"class_list":["post-28","page","type-page","status-publish","hentry"],"yoast_head":"<!-- This site is optimized with the Yoast SEO plugin v27.4 - https:\/\/yoast.com\/product\/yoast-seo-wordpress\/ -->\n<title>Keuken - Vakantiehuis te huur in Zuid-Frankrijk<\/title>\n<meta name=\"robots\" content=\"index, follow, max-snippet:-1, max-image-preview:large, max-video-preview:-1\" \/>\n<link rel=\"canonical\" href=\"https:\/\/www.vakantiehuis-zuid-frankrijk-barcares.nl\/fr\/keuken\/\" \/>\n<meta property=\"og:locale\" content=\"fr_FR\" \/>\n<meta property=\"og:type\" content=\"article\" \/>\n<meta property=\"og:title\" content=\"Keuken - Vakantiehuis te huur in Zuid-Frankrijk\" \/>\n<meta property=\"og:description\" content=\"\u200b Keuken met complete apparatuur, serviesgoed en bestek Er is een aparte keuken die is uitgerust met kookplaten, een koelkast, combi magnetron, vaatwasser, waterkoker en koffiezetapparaat. In de keuken vindt u servies, bestek, pannen, afwasspullen en alles wat u thuis ook in de keuken heeft staan. Het is geheel uw eigen keuze om een deel [&hellip;]\" \/>\n<meta property=\"og:url\" content=\"https:\/\/www.vakantiehuis-zuid-frankrijk-barcares.nl\/fr\/keuken\/\" \/>\n<meta property=\"og:site_name\" content=\"Vakantiehuis te huur in Zuid-Frankrijk\" \/>\n<meta property=\"article:publisher\" content=\"https:\/\/www.facebook.com\/vakantiehuiszuidfrankrijkbarcares\/\" \/>\n<meta property=\"article:modified_time\" content=\"2019-05-01T05:05:19+00:00\" \/>\n<meta property=\"og:image\" content=\"http:\/\/www.vakantiehuis-zuid-frankrijk-barcares.nl\/wp-content\/uploads\/2015\/12\/villa-la-pinede-keuken.jpg\" \/>\n<meta name=\"twitter:card\" content=\"summary_large_image\" \/>\n<meta name=\"twitter:label1\" content=\"Dur\u00e9e de lecture estim\u00e9e\" \/>\n\t<meta name=\"twitter:data1\" content=\"1 minute\" \/>\n<script type=\"application\/ld+json\" class=\"yoast-schema-graph\">{\"@context\":\"https:\\\/\\\/schema.org\",\"@graph\":[{\"@type\":\"WebPage\",\"@id\":\"https:\\\/\\\/www.vakantiehuis-zuid-frankrijk-barcares.nl\\\/keuken\\\/\",\"url\":\"https:\\\/\\\/www.vakantiehuis-zuid-frankrijk-barcares.nl\\\/keuken\\\/\",\"name\":\"Keuken - Vakantiehuis te huur in Zuid-Frankrijk\",\"isPartOf\":{\"@id\":\"https:\\\/\\\/www.vakantiehuis-zuid-frankrijk-barcares.nl\\\/#website\"},\"primaryImageOfPage\":{\"@id\":\"https:\\\/\\\/www.vakantiehuis-zuid-frankrijk-barcares.nl\\\/keuken\\\/#primaryimage\"},\"image\":{\"@id\":\"https:\\\/\\\/www.vakantiehuis-zuid-frankrijk-barcares.nl\\\/keuken\\\/#primaryimage\"},\"thumbnailUrl\":\"http:\\\/\\\/www.vakantiehuis-zuid-frankrijk-barcares.nl\\\/wp-content\\\/uploads\\\/2015\\\/12\\\/villa-la-pinede-keuken.jpg\",\"datePublished\":\"2015-12-14T12:32:09+00:00\",\"dateModified\":\"2019-05-01T05:05:19+00:00\",\"breadcrumb\":{\"@id\":\"https:\\\/\\\/www.vakantiehuis-zuid-frankrijk-barcares.nl\\\/keuken\\\/#breadcrumb\"},\"inLanguage\":\"fr-FR\",\"potentialAction\":[{\"@type\":\"ReadAction\",\"target\":[\"https:\\\/\\\/www.vakantiehuis-zuid-frankrijk-barcares.nl\\\/keuken\\\/\"]}]},{\"@type\":\"ImageObject\",\"inLanguage\":\"fr-FR\",\"@id\":\"https:\\\/\\\/www.vakantiehuis-zuid-frankrijk-barcares.nl\\\/keuken\\\/#primaryimage\",\"url\":\"http:\\\/\\\/www.vakantiehuis-zuid-frankrijk-barcares.nl\\\/wp-content\\\/uploads\\\/2015\\\/12\\\/villa-la-pinede-keuken.jpg\",\"contentUrl\":\"http:\\\/\\\/www.vakantiehuis-zuid-frankrijk-barcares.nl\\\/wp-content\\\/uploads\\\/2015\\\/12\\\/villa-la-pinede-keuken.jpg\"},{\"@type\":\"BreadcrumbList\",\"@id\":\"https:\\\/\\\/www.vakantiehuis-zuid-frankrijk-barcares.nl\\\/keuken\\\/#breadcrumb\",\"itemListElement\":[{\"@type\":\"ListItem\",\"position\":1,\"name\":\"Home\",\"item\":\"https:\\\/\\\/www.vakantiehuis-zuid-frankrijk-barcares.nl\\\/\"},{\"@type\":\"ListItem\",\"position\":2,\"name\":\"Keuken\"}]},{\"@type\":\"WebSite\",\"@id\":\"https:\\\/\\\/www.vakantiehuis-zuid-frankrijk-barcares.nl\\\/#website\",\"url\":\"https:\\\/\\\/www.vakantiehuis-zuid-frankrijk-barcares.nl\\\/\",\"name\":\"Vakantiehuis te huur in Zuid-Frankrijk\",\"description\":\"Aan Middellandse zee (400 m) op vakantiepark met zwembad &#039;R\u00e9sidence La Pin\u00e8de&#039; in Le Barcar\u00e8s in de prachtige streek Languedoc-Roussillon, Pyr\u00e9n\u00e9es-Orientales, dichtbij Perpignan. Huur direct van Nederlandse eigenaar.\",\"potentialAction\":[{\"@type\":\"SearchAction\",\"target\":{\"@type\":\"EntryPoint\",\"urlTemplate\":\"https:\\\/\\\/www.vakantiehuis-zuid-frankrijk-barcares.nl\\\/?s={search_term_string}\"},\"query-input\":{\"@type\":\"PropertyValueSpecification\",\"valueRequired\":true,\"valueName\":\"search_term_string\"}}],\"inLanguage\":\"fr-FR\"}]}<\/script>\n<!-- \/ Yoast SEO plugin. -->","yoast_head_json":{"title":"Keuken - Vakantiehuis te huur in Zuid-Frankrijk","robots":{"index":"index","follow":"follow","max-snippet":"max-snippet:-1","max-image-preview":"max-image-preview:large","max-video-preview":"max-video-preview:-1"},"canonical":"https:\/\/www.vakantiehuis-zuid-frankrijk-barcares.nl\/fr\/keuken\/","og_locale":"fr_FR","og_type":"article","og_title":"Keuken - Vakantiehuis te huur in Zuid-Frankrijk","og_description":"\u200b Keuken met complete apparatuur, serviesgoed en bestek Er is een aparte keuken die is uitgerust met kookplaten, een koelkast, combi magnetron, vaatwasser, waterkoker en koffiezetapparaat. In de keuken vindt u servies, bestek, pannen, afwasspullen en alles wat u thuis ook in de keuken heeft staan. Het is geheel uw eigen keuze om een deel [&hellip;]","og_url":"https:\/\/www.vakantiehuis-zuid-frankrijk-barcares.nl\/fr\/keuken\/","og_site_name":"Vakantiehuis te huur in Zuid-Frankrijk","article_publisher":"https:\/\/www.facebook.com\/vakantiehuiszuidfrankrijkbarcares\/","article_modified_time":"2019-05-01T05:05:19+00:00","og_image":[{"url":"http:\/\/www.vakantiehuis-zuid-frankrijk-barcares.nl\/wp-content\/uploads\/2015\/12\/villa-la-pinede-keuken.jpg","type":"","width":"","height":""}],"twitter_card":"summary_large_image","twitter_misc":{"Dur\u00e9e de lecture estim\u00e9e":"1 minute"},"schema":{"@context":"https:\/\/schema.org","@graph":[{"@type":"WebPage","@id":"https:\/\/www.vakantiehuis-zuid-frankrijk-barcares.nl\/keuken\/","url":"https:\/\/www.vakantiehuis-zuid-frankrijk-barcares.nl\/keuken\/","name":"Keuken - Vakantiehuis te huur in Zuid-Frankrijk","isPartOf":{"@id":"https:\/\/www.vakantiehuis-zuid-frankrijk-barcares.nl\/#website"},"primaryImageOfPage":{"@id":"https:\/\/www.vakantiehuis-zuid-frankrijk-barcares.nl\/keuken\/#primaryimage"},"image":{"@id":"https:\/\/www.vakantiehuis-zuid-frankrijk-barcares.nl\/keuken\/#primaryimage"},"thumbnailUrl":"http:\/\/www.vakantiehuis-zuid-frankrijk-barcares.nl\/wp-content\/uploads\/2015\/12\/villa-la-pinede-keuken.jpg","datePublished":"2015-12-14T12:32:09+00:00","dateModified":"2019-05-01T05:05:19+00:00","breadcrumb":{"@id":"https:\/\/www.vakantiehuis-zuid-frankrijk-barcares.nl\/keuken\/#breadcrumb"},"inLanguage":"fr-FR","potentialAction":[{"@type":"ReadAction","target":["https:\/\/www.vakantiehuis-zuid-frankrijk-barcares.nl\/keuken\/"]}]},{"@type":"ImageObject","inLanguage":"fr-FR","@id":"https:\/\/www.vakantiehuis-zuid-frankrijk-barcares.nl\/keuken\/#primaryimage","url":"http:\/\/www.vakantiehuis-zuid-frankrijk-barcares.nl\/wp-content\/uploads\/2015\/12\/villa-la-pinede-keuken.jpg","contentUrl":"http:\/\/www.vakantiehuis-zuid-frankrijk-barcares.nl\/wp-content\/uploads\/2015\/12\/villa-la-pinede-keuken.jpg"},{"@type":"BreadcrumbList","@id":"https:\/\/www.vakantiehuis-zuid-frankrijk-barcares.nl\/keuken\/#breadcrumb","itemListElement":[{"@type":"ListItem","position":1,"name":"Home","item":"https:\/\/www.vakantiehuis-zuid-frankrijk-barcares.nl\/"},{"@type":"ListItem","position":2,"name":"Keuken"}]},{"@type":"WebSite","@id":"https:\/\/www.vakantiehuis-zuid-frankrijk-barcares.nl\/#website","url":"https:\/\/www.vakantiehuis-zuid-frankrijk-barcares.nl\/","name":"Vakantiehuis te huur in Zuid-Frankrijk","description":"Aan Middellandse zee (400 m) op vakantiepark met zwembad &#039;R\u00e9sidence La Pin\u00e8de&#039; in Le Barcar\u00e8s in de prachtige streek Languedoc-Roussillon, Pyr\u00e9n\u00e9es-Orientales, dichtbij Perpignan. Huur direct van Nederlandse eigenaar.","potentialAction":[{"@type":"SearchAction","target":{"@type":"EntryPoint","urlTemplate":"https:\/\/www.vakantiehuis-zuid-frankrijk-barcares.nl\/?s={search_term_string}"},"query-input":{"@type":"PropertyValueSpecification","valueRequired":true,"valueName":"search_term_string"}}],"inLanguage":"fr-FR"}]}},"_links":{"self":[{"href":"https:\/\/www.vakantiehuis-zuid-frankrijk-barcares.nl\/fr\/wp-json\/wp\/v2\/pages\/28","targetHints":{"allow":["GET"]}}],"collection":[{"href":"https:\/\/www.vakantiehuis-zuid-frankrijk-barcares.nl\/fr\/wp-json\/wp\/v2\/pages"}],"about":[{"href":"https:\/\/www.vakantiehuis-zuid-frankrijk-barcares.nl\/fr\/wp-json\/wp\/v2\/types\/page"}],"author":[{"embeddable":true,"href":"https:\/\/www.vakantiehuis-zuid-frankrijk-barcares.nl\/fr\/wp-json\/wp\/v2\/users\/2"}],"replies":[{"embeddable":true,"href":"https:\/\/www.vakantiehuis-zuid-frankrijk-barcares.nl\/fr\/wp-json\/wp\/v2\/comments?post=28"}],"version-history":[{"count":26,"href":"https:\/\/www.vakantiehuis-zuid-frankrijk-barcares.nl\/fr\/wp-json\/wp\/v2\/pages\/28\/revisions"}],"predecessor-version":[{"id":1723,"href":"https:\/\/www.vakantiehuis-zuid-frankrijk-barcares.nl\/fr\/wp-json\/wp\/v2\/pages\/28\/revisions\/1723"}],"wp:attachment":[{"href":"https:\/\/www.vakantiehuis-zuid-frankrijk-barcares.nl\/fr\/wp-json\/wp\/v2\/media?parent=28"}],"curies":[{"name":"wp","href":"https:\/\/api.w.org\/{rel}","templated":true}]}}