{"id":37,"date":"2015-12-15T09:54:07","date_gmt":"2015-12-15T09:54:07","guid":{"rendered":"http:\/\/www.vakantiehuis-zuid-frankrijk-barcares.nl\/?page_id=37"},"modified":"2017-05-20T05:07:17","modified_gmt":"2017-05-20T05:07:17","slug":"villa-8","status":"publish","type":"page","link":"https:\/\/www.vakantiehuis-zuid-frankrijk-barcares.nl\/fr\/villa-8\/","title":{"rendered":"Villa De Oranje Tulp"},"content":{"rendered":"<h2><a href=\"http:\/\/www.vakantiehuis-zuid-frankrijk-barcares.nl\/wp-content\/uploads\/2015\/12\/villa-la-pinede-woonkamer.jpg\"><img loading=\"lazy\" decoding=\"async\" class=\"alignnone wp-image-1377 size-full\" src=\"http:\/\/www.vakantiehuis-zuid-frankrijk-barcares.nl\/wp-content\/uploads\/2015\/12\/villa-la-pinede-woonkamer.jpg\" alt=\"\" width=\"2500\" height=\"1667\" srcset=\"https:\/\/www.vakantiehuis-zuid-frankrijk-barcares.nl\/wp-content\/uploads\/2015\/12\/villa-la-pinede-woonkamer.jpg 2500w, https:\/\/www.vakantiehuis-zuid-frankrijk-barcares.nl\/wp-content\/uploads\/2015\/12\/villa-la-pinede-woonkamer-300x200.jpg 300w, https:\/\/www.vakantiehuis-zuid-frankrijk-barcares.nl\/wp-content\/uploads\/2015\/12\/villa-la-pinede-woonkamer-768x512.jpg 768w, https:\/\/www.vakantiehuis-zuid-frankrijk-barcares.nl\/wp-content\/uploads\/2015\/12\/villa-la-pinede-woonkamer-1024x683.jpg 1024w, https:\/\/www.vakantiehuis-zuid-frankrijk-barcares.nl\/wp-content\/uploads\/2015\/12\/villa-la-pinede-woonkamer-1278x852.jpg 1278w, https:\/\/www.vakantiehuis-zuid-frankrijk-barcares.nl\/wp-content\/uploads\/2015\/12\/villa-la-pinede-woonkamer-1309x873.jpg 1309w\" sizes=\"auto, (max-width: 2500px) 100vw, 2500px\" \/><\/a><\/h2>\n<p>Ruime woonkamer ( zitgedeelte )\u00a0met een\u00a0eethoek en directe\u00a0uitgang naar buitenterras en eigen tuin<\/p>\n<p><a href=\"http:\/\/www.vakantiehuis-zuid-frankrijk-barcares.nl\/wp-content\/uploads\/2015\/12\/villa-la-pinede-stoelen.jpg\"><img loading=\"lazy\" decoding=\"async\" class=\"alignnone wp-image-1374 size-full\" src=\"http:\/\/www.vakantiehuis-zuid-frankrijk-barcares.nl\/wp-content\/uploads\/2015\/12\/villa-la-pinede-stoelen.jpg\" alt=\"\" width=\"2500\" height=\"1667\" srcset=\"https:\/\/www.vakantiehuis-zuid-frankrijk-barcares.nl\/wp-content\/uploads\/2015\/12\/villa-la-pinede-stoelen.jpg 2500w, https:\/\/www.vakantiehuis-zuid-frankrijk-barcares.nl\/wp-content\/uploads\/2015\/12\/villa-la-pinede-stoelen-300x200.jpg 300w, https:\/\/www.vakantiehuis-zuid-frankrijk-barcares.nl\/wp-content\/uploads\/2015\/12\/villa-la-pinede-stoelen-768x512.jpg 768w, https:\/\/www.vakantiehuis-zuid-frankrijk-barcares.nl\/wp-content\/uploads\/2015\/12\/villa-la-pinede-stoelen-1024x683.jpg 1024w, https:\/\/www.vakantiehuis-zuid-frankrijk-barcares.nl\/wp-content\/uploads\/2015\/12\/villa-la-pinede-stoelen-1278x852.jpg 1278w, https:\/\/www.vakantiehuis-zuid-frankrijk-barcares.nl\/wp-content\/uploads\/2015\/12\/villa-la-pinede-stoelen-1309x873.jpg 1309w\" sizes=\"auto, (max-width: 2500px) 100vw, 2500px\" \/><\/a><\/p>\n<p>Ruime zithoek met comfortabele stoelen<\/p>\n<p><a href=\"http:\/\/www.vakantiehuis-zuid-frankrijk-barcares.nl\/wp-content\/uploads\/2015\/12\/villa-la-pinede-woonkamer-1.jpg\"><img loading=\"lazy\" decoding=\"async\" class=\"alignnone wp-image-1378 size-full\" src=\"http:\/\/www.vakantiehuis-zuid-frankrijk-barcares.nl\/wp-content\/uploads\/2015\/12\/villa-la-pinede-woonkamer-1.jpg\" alt=\"\" width=\"2500\" height=\"1667\" srcset=\"https:\/\/www.vakantiehuis-zuid-frankrijk-barcares.nl\/wp-content\/uploads\/2015\/12\/villa-la-pinede-woonkamer-1.jpg 2500w, https:\/\/www.vakantiehuis-zuid-frankrijk-barcares.nl\/wp-content\/uploads\/2015\/12\/villa-la-pinede-woonkamer-1-300x200.jpg 300w, https:\/\/www.vakantiehuis-zuid-frankrijk-barcares.nl\/wp-content\/uploads\/2015\/12\/villa-la-pinede-woonkamer-1-768x512.jpg 768w, https:\/\/www.vakantiehuis-zuid-frankrijk-barcares.nl\/wp-content\/uploads\/2015\/12\/villa-la-pinede-woonkamer-1-1024x683.jpg 1024w, https:\/\/www.vakantiehuis-zuid-frankrijk-barcares.nl\/wp-content\/uploads\/2015\/12\/villa-la-pinede-woonkamer-1-1278x852.jpg 1278w, https:\/\/www.vakantiehuis-zuid-frankrijk-barcares.nl\/wp-content\/uploads\/2015\/12\/villa-la-pinede-woonkamer-1-1309x873.jpg 1309w\" sizes=\"auto, (max-width: 2500px) 100vw, 2500px\" \/><\/a><\/p>\n<p>Grote\u00a0en comfortabele zitbank die ook als slaapbank kan worden gebruikt met 2 zeer ruime heerlijk zittende fauteuils.<\/p>\n<p><a href=\"http:\/\/www.vakantiehuis-zuid-frankrijk-barcares.nl\/wp-content\/uploads\/2015\/12\/villa-la-pinede-keuken.jpg\"><img loading=\"lazy\" decoding=\"async\" class=\"alignnone wp-image-1371 size-full\" src=\"http:\/\/www.vakantiehuis-zuid-frankrijk-barcares.nl\/wp-content\/uploads\/2015\/12\/villa-la-pinede-keuken.jpg\" alt=\"\" width=\"2500\" height=\"1667\" srcset=\"https:\/\/www.vakantiehuis-zuid-frankrijk-barcares.nl\/wp-content\/uploads\/2015\/12\/villa-la-pinede-keuken.jpg 2500w, https:\/\/www.vakantiehuis-zuid-frankrijk-barcares.nl\/wp-content\/uploads\/2015\/12\/villa-la-pinede-keuken-300x200.jpg 300w, https:\/\/www.vakantiehuis-zuid-frankrijk-barcares.nl\/wp-content\/uploads\/2015\/12\/villa-la-pinede-keuken-768x512.jpg 768w, https:\/\/www.vakantiehuis-zuid-frankrijk-barcares.nl\/wp-content\/uploads\/2015\/12\/villa-la-pinede-keuken-1024x683.jpg 1024w, https:\/\/www.vakantiehuis-zuid-frankrijk-barcares.nl\/wp-content\/uploads\/2015\/12\/villa-la-pinede-keuken-1278x852.jpg 1278w, https:\/\/www.vakantiehuis-zuid-frankrijk-barcares.nl\/wp-content\/uploads\/2015\/12\/villa-la-pinede-keuken-1309x873.jpg 1309w\" sizes=\"auto, (max-width: 2500px) 100vw, 2500px\" \/><\/a><\/p>\n<p>Keuken van alle gemakken voorzien en apparatuur om zelf je eten te kunnen klaarmaken<\/p>\n<p><em><strong>\u00a0<\/strong><\/em><\/p>\n<h2>Filmpje met de indeling van villa de Oranje Tulp<\/h2>\n<p><iframe loading=\"lazy\" src=\"https:\/\/www.youtube.com\/embed\/FxHucWwvvho\" width=\"640\" height=\"360\" frameborder=\"0\" allowfullscreen=\"allowfullscreen\"><\/iframe><\/p>\n<h3><strong>Villa ( 8 ) indeling<\/strong><\/h3>\n<p>Vakantievilla ( 8 )\u00a0heeft een grote woonkamer met een eet- en zithoek en een 2-persoons slaapbank, tv en dvd-speler. Er is een aparte keuken die is uitgerust met kookplaten, een koelkast, combi magnetron, vaatwasser, waterkoker en koffiezetapparaat. Er zijn <a href=\"http:\/\/www.vakantiehuis-zuid-frankrijk-barcares.nl\/fr\/slaapkamer-2\/\" target=\"_blank\" rel=\"noopener noreferrer\">3 chambres spacieuses<\/a> met ieder twee 1-persoons boxspring bedden. De bedden zijn opgemaakt bij aankomst. De <a href=\"http:\/\/www.vakantiehuis-zuid-frankrijk-barcares.nl\/fr\/badkamer\/\" target=\"_blank\" rel=\"noopener noreferrer\">salle de bain <\/a>is voorzien van een ligbad, dubbele wastafel en een apart toilet. Verder kunt u beschikken over een wasmachine, poetsspullen, strijkijzer en stofzuiger.<\/p>\n<h2><strong>Afmetingen ruimten ( totaal 90 m2 )<\/strong><\/h2>\n<p>Zitkamer ( 32 m2 ), keuken ( 10 m2 ), badkamer ( 8 m2 ), slaapkamer 1 ( 10 m2 ), slaapkamer 2 ( 10 m2 ), slaapkamer 3 ( 10 m2 ), gangen ( 10 m2 ) = totaal 90 m2. De inpandige garage heeft een afmeting van 28 m2.<\/p>","protected":false},"excerpt":{"rendered":"<p>Ruime woonkamer ( zitgedeelte )\u00a0met een\u00a0eethoek en directe\u00a0uitgang naar buitenterras en eigen tuin Ruime zithoek met comfortabele stoelen Grote\u00a0en comfortabele zitbank die ook als slaapbank kan worden gebruikt met 2 zeer ruime heerlijk zittende fauteuils. Keuken van alle gemakken voorzien en apparatuur om zelf je eten te kunnen klaarmaken \u00a0 Filmpje met de indeling van [&hellip;]<\/p>\n","protected":false},"author":3,"featured_media":0,"parent":0,"menu_order":0,"comment_status":"closed","ping_status":"closed","template":"page-templates\/left-sidebar.php","meta":{"footnotes":""},"class_list":["post-37","page","type-page","status-publish","hentry"],"yoast_head":"<!-- This site is optimized with the Yoast SEO plugin v27.4 - https:\/\/yoast.com\/product\/yoast-seo-wordpress\/ -->\n<title>Villa De Oranje Tulp - Vakantiehuis te huur in Zuid-Frankrijk<\/title>\n<meta name=\"description\" content=\"ruime woonkamer,\u00a0indeling, woonkamer, keuken, 2-persoons slaapbank, 3 ruime slaapkamers, eethoek, afmeting ruimten, koffiezetapparaat, koelkast, vaatwasser\" \/>\n<meta name=\"robots\" content=\"index, follow, max-snippet:-1, max-image-preview:large, max-video-preview:-1\" \/>\n<link rel=\"canonical\" href=\"https:\/\/www.vakantiehuis-zuid-frankrijk-barcares.nl\/fr\/villa-8\/\" \/>\n<meta property=\"og:locale\" content=\"fr_FR\" \/>\n<meta property=\"og:type\" content=\"article\" \/>\n<meta property=\"og:title\" content=\"Villa De Oranje Tulp - Vakantiehuis te huur in Zuid-Frankrijk\" \/>\n<meta property=\"og:description\" content=\"ruime woonkamer,\u00a0indeling, woonkamer, keuken, 2-persoons slaapbank, 3 ruime slaapkamers, eethoek, afmeting ruimten, koffiezetapparaat, koelkast, vaatwasser\" \/>\n<meta property=\"og:url\" content=\"https:\/\/www.vakantiehuis-zuid-frankrijk-barcares.nl\/fr\/villa-8\/\" \/>\n<meta property=\"og:site_name\" content=\"Vakantiehuis te huur in Zuid-Frankrijk\" \/>\n<meta property=\"article:publisher\" content=\"https:\/\/www.facebook.com\/vakantiehuiszuidfrankrijkbarcares\/\" \/>\n<meta property=\"article:modified_time\" content=\"2017-05-20T05:07:17+00:00\" \/>\n<meta property=\"og:image\" content=\"http:\/\/www.vakantiehuis-zuid-frankrijk-barcares.nl\/wp-content\/uploads\/2015\/12\/villa-la-pinede-woonkamer.jpg\" \/>\n<meta name=\"twitter:card\" content=\"summary_large_image\" \/>\n<meta name=\"twitter:label1\" content=\"Dur\u00e9e de lecture estim\u00e9e\" \/>\n\t<meta name=\"twitter:data1\" content=\"1 minute\" \/>\n<script type=\"application\/ld+json\" class=\"yoast-schema-graph\">{\"@context\":\"https:\\\/\\\/schema.org\",\"@graph\":[{\"@type\":\"WebPage\",\"@id\":\"https:\\\/\\\/www.vakantiehuis-zuid-frankrijk-barcares.nl\\\/villa-8\\\/\",\"url\":\"https:\\\/\\\/www.vakantiehuis-zuid-frankrijk-barcares.nl\\\/villa-8\\\/\",\"name\":\"Villa De Oranje Tulp - Vakantiehuis te huur in Zuid-Frankrijk\",\"isPartOf\":{\"@id\":\"https:\\\/\\\/www.vakantiehuis-zuid-frankrijk-barcares.nl\\\/#website\"},\"primaryImageOfPage\":{\"@id\":\"https:\\\/\\\/www.vakantiehuis-zuid-frankrijk-barcares.nl\\\/villa-8\\\/#primaryimage\"},\"image\":{\"@id\":\"https:\\\/\\\/www.vakantiehuis-zuid-frankrijk-barcares.nl\\\/villa-8\\\/#primaryimage\"},\"thumbnailUrl\":\"http:\\\/\\\/www.vakantiehuis-zuid-frankrijk-barcares.nl\\\/wp-content\\\/uploads\\\/2015\\\/12\\\/villa-la-pinede-woonkamer.jpg\",\"datePublished\":\"2015-12-15T09:54:07+00:00\",\"dateModified\":\"2017-05-20T05:07:17+00:00\",\"description\":\"ruime woonkamer,\u00a0indeling, woonkamer, keuken, 2-persoons slaapbank, 3 ruime slaapkamers, eethoek, afmeting ruimten, koffiezetapparaat, koelkast, vaatwasser\",\"breadcrumb\":{\"@id\":\"https:\\\/\\\/www.vakantiehuis-zuid-frankrijk-barcares.nl\\\/villa-8\\\/#breadcrumb\"},\"inLanguage\":\"fr-FR\",\"potentialAction\":[{\"@type\":\"ReadAction\",\"target\":[\"https:\\\/\\\/www.vakantiehuis-zuid-frankrijk-barcares.nl\\\/villa-8\\\/\"]}]},{\"@type\":\"ImageObject\",\"inLanguage\":\"fr-FR\",\"@id\":\"https:\\\/\\\/www.vakantiehuis-zuid-frankrijk-barcares.nl\\\/villa-8\\\/#primaryimage\",\"url\":\"http:\\\/\\\/www.vakantiehuis-zuid-frankrijk-barcares.nl\\\/wp-content\\\/uploads\\\/2015\\\/12\\\/villa-la-pinede-woonkamer.jpg\",\"contentUrl\":\"http:\\\/\\\/www.vakantiehuis-zuid-frankrijk-barcares.nl\\\/wp-content\\\/uploads\\\/2015\\\/12\\\/villa-la-pinede-woonkamer.jpg\"},{\"@type\":\"BreadcrumbList\",\"@id\":\"https:\\\/\\\/www.vakantiehuis-zuid-frankrijk-barcares.nl\\\/villa-8\\\/#breadcrumb\",\"itemListElement\":[{\"@type\":\"ListItem\",\"position\":1,\"name\":\"Home\",\"item\":\"https:\\\/\\\/www.vakantiehuis-zuid-frankrijk-barcares.nl\\\/\"},{\"@type\":\"ListItem\",\"position\":2,\"name\":\"Villa De Oranje Tulp\"}]},{\"@type\":\"WebSite\",\"@id\":\"https:\\\/\\\/www.vakantiehuis-zuid-frankrijk-barcares.nl\\\/#website\",\"url\":\"https:\\\/\\\/www.vakantiehuis-zuid-frankrijk-barcares.nl\\\/\",\"name\":\"Vakantiehuis te huur in Zuid-Frankrijk\",\"description\":\"Aan Middellandse zee (400 m) op vakantiepark met zwembad &#039;R\u00e9sidence La Pin\u00e8de&#039; in Le Barcar\u00e8s in de prachtige streek Languedoc-Roussillon, Pyr\u00e9n\u00e9es-Orientales, dichtbij Perpignan. Huur direct van Nederlandse eigenaar.\",\"potentialAction\":[{\"@type\":\"SearchAction\",\"target\":{\"@type\":\"EntryPoint\",\"urlTemplate\":\"https:\\\/\\\/www.vakantiehuis-zuid-frankrijk-barcares.nl\\\/?s={search_term_string}\"},\"query-input\":{\"@type\":\"PropertyValueSpecification\",\"valueRequired\":true,\"valueName\":\"search_term_string\"}}],\"inLanguage\":\"fr-FR\"}]}<\/script>\n<!-- \/ Yoast SEO plugin. -->","yoast_head_json":{"title":"Villa De Oranje Tulp - Vakantiehuis te huur in Zuid-Frankrijk","description":"ruime woonkamer,\u00a0indeling, woonkamer, keuken, 2-persoons slaapbank, 3 ruime slaapkamers, eethoek, afmeting ruimten, koffiezetapparaat, koelkast, vaatwasser","robots":{"index":"index","follow":"follow","max-snippet":"max-snippet:-1","max-image-preview":"max-image-preview:large","max-video-preview":"max-video-preview:-1"},"canonical":"https:\/\/www.vakantiehuis-zuid-frankrijk-barcares.nl\/fr\/villa-8\/","og_locale":"fr_FR","og_type":"article","og_title":"Villa De Oranje Tulp - Vakantiehuis te huur in Zuid-Frankrijk","og_description":"ruime woonkamer,\u00a0indeling, woonkamer, keuken, 2-persoons slaapbank, 3 ruime slaapkamers, eethoek, afmeting ruimten, koffiezetapparaat, koelkast, vaatwasser","og_url":"https:\/\/www.vakantiehuis-zuid-frankrijk-barcares.nl\/fr\/villa-8\/","og_site_name":"Vakantiehuis te huur in Zuid-Frankrijk","article_publisher":"https:\/\/www.facebook.com\/vakantiehuiszuidfrankrijkbarcares\/","article_modified_time":"2017-05-20T05:07:17+00:00","og_image":[{"url":"http:\/\/www.vakantiehuis-zuid-frankrijk-barcares.nl\/wp-content\/uploads\/2015\/12\/villa-la-pinede-woonkamer.jpg","type":"","width":"","height":""}],"twitter_card":"summary_large_image","twitter_misc":{"Dur\u00e9e de lecture estim\u00e9e":"1 minute"},"schema":{"@context":"https:\/\/schema.org","@graph":[{"@type":"WebPage","@id":"https:\/\/www.vakantiehuis-zuid-frankrijk-barcares.nl\/villa-8\/","url":"https:\/\/www.vakantiehuis-zuid-frankrijk-barcares.nl\/villa-8\/","name":"Villa De Oranje Tulp - Vakantiehuis te huur in Zuid-Frankrijk","isPartOf":{"@id":"https:\/\/www.vakantiehuis-zuid-frankrijk-barcares.nl\/#website"},"primaryImageOfPage":{"@id":"https:\/\/www.vakantiehuis-zuid-frankrijk-barcares.nl\/villa-8\/#primaryimage"},"image":{"@id":"https:\/\/www.vakantiehuis-zuid-frankrijk-barcares.nl\/villa-8\/#primaryimage"},"thumbnailUrl":"http:\/\/www.vakantiehuis-zuid-frankrijk-barcares.nl\/wp-content\/uploads\/2015\/12\/villa-la-pinede-woonkamer.jpg","datePublished":"2015-12-15T09:54:07+00:00","dateModified":"2017-05-20T05:07:17+00:00","description":"ruime woonkamer,\u00a0indeling, woonkamer, keuken, 2-persoons slaapbank, 3 ruime slaapkamers, eethoek, afmeting ruimten, koffiezetapparaat, koelkast, vaatwasser","breadcrumb":{"@id":"https:\/\/www.vakantiehuis-zuid-frankrijk-barcares.nl\/villa-8\/#breadcrumb"},"inLanguage":"fr-FR","potentialAction":[{"@type":"ReadAction","target":["https:\/\/www.vakantiehuis-zuid-frankrijk-barcares.nl\/villa-8\/"]}]},{"@type":"ImageObject","inLanguage":"fr-FR","@id":"https:\/\/www.vakantiehuis-zuid-frankrijk-barcares.nl\/villa-8\/#primaryimage","url":"http:\/\/www.vakantiehuis-zuid-frankrijk-barcares.nl\/wp-content\/uploads\/2015\/12\/villa-la-pinede-woonkamer.jpg","contentUrl":"http:\/\/www.vakantiehuis-zuid-frankrijk-barcares.nl\/wp-content\/uploads\/2015\/12\/villa-la-pinede-woonkamer.jpg"},{"@type":"BreadcrumbList","@id":"https:\/\/www.vakantiehuis-zuid-frankrijk-barcares.nl\/villa-8\/#breadcrumb","itemListElement":[{"@type":"ListItem","position":1,"name":"Home","item":"https:\/\/www.vakantiehuis-zuid-frankrijk-barcares.nl\/"},{"@type":"ListItem","position":2,"name":"Villa De Oranje Tulp"}]},{"@type":"WebSite","@id":"https:\/\/www.vakantiehuis-zuid-frankrijk-barcares.nl\/#website","url":"https:\/\/www.vakantiehuis-zuid-frankrijk-barcares.nl\/","name":"Vakantiehuis te huur in Zuid-Frankrijk","description":"Aan Middellandse zee (400 m) op vakantiepark met zwembad &#039;R\u00e9sidence La Pin\u00e8de&#039; in Le Barcar\u00e8s in de prachtige streek Languedoc-Roussillon, Pyr\u00e9n\u00e9es-Orientales, dichtbij Perpignan. Huur direct van Nederlandse eigenaar.","potentialAction":[{"@type":"SearchAction","target":{"@type":"EntryPoint","urlTemplate":"https:\/\/www.vakantiehuis-zuid-frankrijk-barcares.nl\/?s={search_term_string}"},"query-input":{"@type":"PropertyValueSpecification","valueRequired":true,"valueName":"search_term_string"}}],"inLanguage":"fr-FR"}]}},"_links":{"self":[{"href":"https:\/\/www.vakantiehuis-zuid-frankrijk-barcares.nl\/fr\/wp-json\/wp\/v2\/pages\/37","targetHints":{"allow":["GET"]}}],"collection":[{"href":"https:\/\/www.vakantiehuis-zuid-frankrijk-barcares.nl\/fr\/wp-json\/wp\/v2\/pages"}],"about":[{"href":"https:\/\/www.vakantiehuis-zuid-frankrijk-barcares.nl\/fr\/wp-json\/wp\/v2\/types\/page"}],"author":[{"embeddable":true,"href":"https:\/\/www.vakantiehuis-zuid-frankrijk-barcares.nl\/fr\/wp-json\/wp\/v2\/users\/3"}],"replies":[{"embeddable":true,"href":"https:\/\/www.vakantiehuis-zuid-frankrijk-barcares.nl\/fr\/wp-json\/wp\/v2\/comments?post=37"}],"version-history":[{"count":65,"href":"https:\/\/www.vakantiehuis-zuid-frankrijk-barcares.nl\/fr\/wp-json\/wp\/v2\/pages\/37\/revisions"}],"predecessor-version":[{"id":1403,"href":"https:\/\/www.vakantiehuis-zuid-frankrijk-barcares.nl\/fr\/wp-json\/wp\/v2\/pages\/37\/revisions\/1403"}],"wp:attachment":[{"href":"https:\/\/www.vakantiehuis-zuid-frankrijk-barcares.nl\/fr\/wp-json\/wp\/v2\/media?parent=37"}],"curies":[{"name":"wp","href":"https:\/\/api.w.org\/{rel}","templated":true}]}}