{"id":43,"date":"2015-12-15T09:56:05","date_gmt":"2015-12-15T09:56:05","guid":{"rendered":"http:\/\/www.vakantiehuis-zuid-frankrijk-barcares.nl\/?page_id=43"},"modified":"2021-05-23T07:39:43","modified_gmt":"2021-05-23T07:39:43","slug":"omgeving","status":"publish","type":"page","link":"https:\/\/www.vakantiehuis-zuid-frankrijk-barcares.nl\/fr\/omgeving\/","title":{"rendered":"ENVIRONNEMENT"},"content":{"rendered":"<h1>Le Barcar\u00e8s et ses environs (voir la vid\u00e9o )<\/h1>\n<p><a href=\"https:\/\/www.lebarcares.fr\/#after_section_2\" target=\"_blank\" rel=\"noopener\">Voir les magnifiques environs de Le Barcar\u00e8s<\/a><\/p>\n<h1><strong>Emplacement <\/strong><\/h1>\n<p>Notre maison de vacances est situ\u00e9 dans le plus polyvalent de la r\u00e9gion de la France, Languedoc-Roussillon, dans le D\u00e9partement des Pyr\u00e9n\u00e9es-Orientales.<\/p>\n<p><a href=\"https:\/\/www.vakantiehuis-zuid-frankrijk-barcares.nl\/wp-content\/uploads\/2015\/12\/Vakantie-huis-Zuid-Frankrijk-Le-Barcares-Nederlandse-Eigenaren-1309.gif\" rel=\"attachment wp-att-888\"><img loading=\"lazy\" decoding=\"async\" class=\"alignnone size-full wp-image-888\" src=\"https:\/\/www.vakantiehuis-zuid-frankrijk-barcares.nl\/wp-content\/uploads\/2015\/12\/Vakantie-huis-Zuid-Frankrijk-Le-Barcares-Nederlandse-Eigenaren-1309.gif\" alt=\"Zuid Frankrijk, Languedoc-Roussillon, Pyr\u00e9n\u00e9es-Orientales, Le Barcar\u00e8s. Vakantiehuis te huur op Vakantiepark La Penide. Van Nederlandse eigenaren. Het vakantiehuis ligt 400 m van de Middellandse zee en beschikt over een zwembad.\" width=\"1309\" height=\"510\" \/><\/a><\/p>\n<p>La villa de vacances est situ\u00e9 sur le Parc de Vacances R\u00e9sidence La Pin\u00e8de dans Le Barcar\u00e8s). Notre maison de vacances &#034;Villa 8&#039; a son propre garage. La villa a une superficie d&#039;env. 90 m2 et est tr\u00e8s confortablement meubl\u00e9e. \u00c0 la R\u00e9sidence La Pin\u00e8de il y a une grande piscine et piscine pour enfants avec des parasols et des chaises longues autour de la piscine. La station baln\u00e9aire de le Barcar\u00e8s avec ses longues plages de sable fin, port de plaisance et de nombreuses installations de sports nautiques a tout \u00e0 offrir pour un s\u00e9jour merveilleux. Malgr\u00e9 la popularit\u00e9 de cette r\u00e9gion Languedoc-Roussillon dans le D\u00e9partement \u2013Orientales-Pyr\u00e9ne\u00e9s il n&#039;est pas bond\u00e9 et les gens sont tr\u00e8s d\u00e9tendue et sociable. Le centre de Barcar\u00e8s est amusant et ludique, et a un certain nombre d&#039;\u00e9quipements de jeux et Man\u00e8ge pour les enfants en particulier.<\/p>\n<h2><strong>Jeu de boules<\/strong><\/h2>\n<p>Si vous \u00eates int\u00e9ress\u00e9 dans le jeu de boules, vous pouvez regarder les personnes \u00e2g\u00e9es, mais aussi des jeunes qui mettent leur meilleur pied sur la grande cour qui est \u00e9galement \u00e9quip\u00e9 dans le centre. Tr\u00e8s contagieuse, \u00e0 essayer de comprendre le jeu et de faire preuve d&#039;empathie avec les fanatiques joueurs.<\/p>\n<h2><strong>Le Barcar\u00e9s <\/strong><\/h2>\n<p>Le Barcar\u00e9s est situ\u00e9 \u00e0 environ 4 000 habitants, sur le c\u00f4t\u00e9 droit de la Mer M\u00e9diterran\u00e9e et sur l&#039;autre c\u00f4t\u00e9, sur un vaste lac. C&#039;est un lieu de vie pour une grande partie du tourisme, mais n&#039;est certainement pas \u201cdisparu\u201d en hiver. De nombreuses installations sont disponibles dans Le Barcar\u00e9s, tels que les diverses possibilit\u00e9s dans le contexte de la salle \u00e0 manger et de divertissement, de d\u00e9tente et de divertissement.<\/p>\n<h2><strong>Pyr\u00e9n\u00e9es<\/strong><\/h2>\n<p>Vous pourrez profiter de belles vues sur les Pyr\u00e9n\u00e9es, promenez-vous le long du port et \u00e0 participer aux activit\u00e9s qui y sont organis\u00e9es. Dans le centre il y a divers mat\u00e9riel de jeu o\u00f9 m\u00eame les plus petits de la famille peut s&#039;amuser et de jouer.<\/p>\n<h2><strong>Environnement<\/strong><\/h2>\n<p>La plage de la Mer M\u00e9diterran\u00e9e, est et reste un p\u00f4le d&#039;attraction. La jolie chose sur les diff\u00e9rentes villes c\u00f4ti\u00e8res, c&#039;est qu&#039;ils sont \u00e9galement visit\u00e9 par les touristes en basse saison. La grande plage de sable et la mer offrent de nombreuses possibilit\u00e9s de sports et de d\u00e9tente. Il y a la possibilit\u00e9 de pratiquer des sports nautiques comme la voile, la planche \u00e0 voile, jet ski, plong\u00e9e, p\u00eache en mer ou en p\u00e9dalo. Vous pouvez \u00e9galement jouer au mini-golf, tennis, \u00e9quitation, aller \u00e0 l&#039;diff\u00e9rents bars, des discoth\u00e8ques et des jolis villages de la r\u00e9gion. Il est \u00e9galement fortement recommand\u00e9 de visiter le ch\u00e2teau de Salses ou faire un voyage \u00e0 la ville de Pepignan et de la pittoresque ville de Collioure!<\/p>\n<h3>Vid\u00e9o Campinglife environs Barcar\u00e8s<\/h3>\n<p>Le 23 janvier 2016, le programme Campinglife pr\u00e9sent\u00e9 une \u00e9mission dans laquelle non seulement d&#039;attention a \u00e9t\u00e9 port\u00e9e \u00e0 la vie de camping dans le sud de la France, mais aussi un certain nombre d&#039;enregistrements ont \u00e9t\u00e9 r\u00e9alis\u00e9s magnifique sur les environs de Barcar\u00e8s. Vous verrez des images de nombreuses possibilit\u00e9s de sports nautiques, autres exp\u00e9riences et d&#039;autres sp\u00e9cialit\u00e9s telles que l&#039;observation des dauphins avec votre propre bateau \u00e0 moteur lou\u00e9 sur la Mer M\u00e9diterran\u00e9e. Regardez \u00e9galement les possibilit\u00e9s de manger de d\u00e9licieuses hu\u00eetres fra\u00eeches et de les aider \u00e0 construire un shell de montagne \u00e0 c\u00f4t\u00e9 de votre table de salle \u00e0 manger.<\/p>\n<p>Regarder la diffusion en utilisant le lien suivant <a href=\"http:\/\/www.rtlxl.nl\/#!\/campinglife-8623\/4a2038af-d976-4a31-9f60-aa31efee14f4\" target=\"_blank\" rel=\"noopener noreferrer\">Diffusion campinglife zone Barcar\u00e8s<\/a>.<\/p>","protected":false},"excerpt":{"rendered":"<p>Le Barcar\u00e8s en omgeving ( zie video ) Bekijk de schitterende omgeving van Le Barcar\u00e8s Ligging Ons vakantiehuis ligt in de meest veelzijdige streek van Frankrijk, Languedoc-Roussillon in het department Pyr\u00e9n\u00e9es-Orientales. De vakantievilla is gelegen op Vakantiepark R\u00e9sidence La Pin\u00e8de in Le Barcar\u00e8s. Ons vakantiehuis &#8216;Villa 8&#8217; beschikt over een eigen garage. De villa heeft [&hellip;]<\/p>\n","protected":false},"author":3,"featured_media":0,"parent":0,"menu_order":0,"comment_status":"closed","ping_status":"closed","template":"page-templates\/left-sidebar.php","meta":{"footnotes":""},"class_list":["post-43","page","type-page","status-publish","hentry"],"yoast_head":"<!-- This site is optimized with the Yoast SEO plugin v27.4 - https:\/\/yoast.com\/product\/yoast-seo-wordpress\/ -->\n<title>OMGEVING - Vakantiehuis te huur in Zuid-Frankrijk<\/title>\n<meta name=\"robots\" content=\"index, follow, max-snippet:-1, max-image-preview:large, max-video-preview:-1\" \/>\n<link rel=\"canonical\" href=\"https:\/\/www.vakantiehuis-zuid-frankrijk-barcares.nl\/fr\/omgeving\/\" \/>\n<meta property=\"og:locale\" content=\"fr_FR\" \/>\n<meta property=\"og:type\" content=\"article\" \/>\n<meta property=\"og:title\" content=\"OMGEVING - Vakantiehuis te huur in Zuid-Frankrijk\" \/>\n<meta property=\"og:description\" content=\"Le Barcar\u00e8s en omgeving ( zie video ) Bekijk de schitterende omgeving van Le Barcar\u00e8s Ligging Ons vakantiehuis ligt in de meest veelzijdige streek van Frankrijk, Languedoc-Roussillon in het department Pyr\u00e9n\u00e9es-Orientales. De vakantievilla is gelegen op Vakantiepark R\u00e9sidence La Pin\u00e8de in Le Barcar\u00e8s. Ons vakantiehuis &#8216;Villa 8&#8217; beschikt over een eigen garage. De villa heeft [&hellip;]\" \/>\n<meta property=\"og:url\" content=\"https:\/\/www.vakantiehuis-zuid-frankrijk-barcares.nl\/fr\/omgeving\/\" \/>\n<meta property=\"og:site_name\" content=\"Vakantiehuis te huur in Zuid-Frankrijk\" \/>\n<meta property=\"article:publisher\" content=\"https:\/\/www.facebook.com\/vakantiehuiszuidfrankrijkbarcares\/\" \/>\n<meta property=\"article:modified_time\" content=\"2021-05-23T07:39:43+00:00\" \/>\n<meta property=\"og:image\" content=\"https:\/\/www.vakantiehuis-zuid-frankrijk-barcares.nl\/wp-content\/uploads\/2015\/12\/Vakantie-huis-Zuid-Frankrijk-Le-Barcares-Nederlandse-Eigenaren-1309.gif\" \/>\n<meta name=\"twitter:card\" content=\"summary_large_image\" \/>\n<meta name=\"twitter:label1\" content=\"Dur\u00e9e de lecture estim\u00e9e\" \/>\n\t<meta name=\"twitter:data1\" content=\"3 minutes\" \/>\n<script type=\"application\/ld+json\" class=\"yoast-schema-graph\">{\"@context\":\"https:\\\/\\\/schema.org\",\"@graph\":[{\"@type\":\"WebPage\",\"@id\":\"https:\\\/\\\/www.vakantiehuis-zuid-frankrijk-barcares.nl\\\/omgeving\\\/\",\"url\":\"https:\\\/\\\/www.vakantiehuis-zuid-frankrijk-barcares.nl\\\/omgeving\\\/\",\"name\":\"OMGEVING - Vakantiehuis te huur in Zuid-Frankrijk\",\"isPartOf\":{\"@id\":\"https:\\\/\\\/www.vakantiehuis-zuid-frankrijk-barcares.nl\\\/#website\"},\"primaryImageOfPage\":{\"@id\":\"https:\\\/\\\/www.vakantiehuis-zuid-frankrijk-barcares.nl\\\/omgeving\\\/#primaryimage\"},\"image\":{\"@id\":\"https:\\\/\\\/www.vakantiehuis-zuid-frankrijk-barcares.nl\\\/omgeving\\\/#primaryimage\"},\"thumbnailUrl\":\"https:\\\/\\\/www.vakantiehuis-zuid-frankrijk-barcares.nl\\\/wp-content\\\/uploads\\\/2015\\\/12\\\/Vakantie-huis-Zuid-Frankrijk-Le-Barcares-Nederlandse-Eigenaren-1309.gif\",\"datePublished\":\"2015-12-15T09:56:05+00:00\",\"dateModified\":\"2021-05-23T07:39:43+00:00\",\"breadcrumb\":{\"@id\":\"https:\\\/\\\/www.vakantiehuis-zuid-frankrijk-barcares.nl\\\/omgeving\\\/#breadcrumb\"},\"inLanguage\":\"fr-FR\",\"potentialAction\":[{\"@type\":\"ReadAction\",\"target\":[\"https:\\\/\\\/www.vakantiehuis-zuid-frankrijk-barcares.nl\\\/omgeving\\\/\"]}]},{\"@type\":\"ImageObject\",\"inLanguage\":\"fr-FR\",\"@id\":\"https:\\\/\\\/www.vakantiehuis-zuid-frankrijk-barcares.nl\\\/omgeving\\\/#primaryimage\",\"url\":\"https:\\\/\\\/www.vakantiehuis-zuid-frankrijk-barcares.nl\\\/wp-content\\\/uploads\\\/2015\\\/12\\\/Vakantie-huis-Zuid-Frankrijk-Le-Barcares-Nederlandse-Eigenaren-1309.gif\",\"contentUrl\":\"https:\\\/\\\/www.vakantiehuis-zuid-frankrijk-barcares.nl\\\/wp-content\\\/uploads\\\/2015\\\/12\\\/Vakantie-huis-Zuid-Frankrijk-Le-Barcares-Nederlandse-Eigenaren-1309.gif\"},{\"@type\":\"BreadcrumbList\",\"@id\":\"https:\\\/\\\/www.vakantiehuis-zuid-frankrijk-barcares.nl\\\/omgeving\\\/#breadcrumb\",\"itemListElement\":[{\"@type\":\"ListItem\",\"position\":1,\"name\":\"Home\",\"item\":\"https:\\\/\\\/www.vakantiehuis-zuid-frankrijk-barcares.nl\\\/\"},{\"@type\":\"ListItem\",\"position\":2,\"name\":\"OMGEVING\"}]},{\"@type\":\"WebSite\",\"@id\":\"https:\\\/\\\/www.vakantiehuis-zuid-frankrijk-barcares.nl\\\/#website\",\"url\":\"https:\\\/\\\/www.vakantiehuis-zuid-frankrijk-barcares.nl\\\/\",\"name\":\"Vakantiehuis te huur in Zuid-Frankrijk\",\"description\":\"Aan Middellandse zee (400 m) op vakantiepark met zwembad &#039;R\u00e9sidence La Pin\u00e8de&#039; in Le Barcar\u00e8s in de prachtige streek Languedoc-Roussillon, Pyr\u00e9n\u00e9es-Orientales, dichtbij Perpignan. Huur direct van Nederlandse eigenaar.\",\"potentialAction\":[{\"@type\":\"SearchAction\",\"target\":{\"@type\":\"EntryPoint\",\"urlTemplate\":\"https:\\\/\\\/www.vakantiehuis-zuid-frankrijk-barcares.nl\\\/?s={search_term_string}\"},\"query-input\":{\"@type\":\"PropertyValueSpecification\",\"valueRequired\":true,\"valueName\":\"search_term_string\"}}],\"inLanguage\":\"fr-FR\"}]}<\/script>\n<!-- \/ Yoast SEO plugin. -->","yoast_head_json":{"title":"OMGEVING - Vakantiehuis te huur in Zuid-Frankrijk","robots":{"index":"index","follow":"follow","max-snippet":"max-snippet:-1","max-image-preview":"max-image-preview:large","max-video-preview":"max-video-preview:-1"},"canonical":"https:\/\/www.vakantiehuis-zuid-frankrijk-barcares.nl\/fr\/omgeving\/","og_locale":"fr_FR","og_type":"article","og_title":"OMGEVING - Vakantiehuis te huur in Zuid-Frankrijk","og_description":"Le Barcar\u00e8s en omgeving ( zie video ) Bekijk de schitterende omgeving van Le Barcar\u00e8s Ligging Ons vakantiehuis ligt in de meest veelzijdige streek van Frankrijk, Languedoc-Roussillon in het department Pyr\u00e9n\u00e9es-Orientales. De vakantievilla is gelegen op Vakantiepark R\u00e9sidence La Pin\u00e8de in Le Barcar\u00e8s. Ons vakantiehuis &#8216;Villa 8&#8217; beschikt over een eigen garage. De villa heeft [&hellip;]","og_url":"https:\/\/www.vakantiehuis-zuid-frankrijk-barcares.nl\/fr\/omgeving\/","og_site_name":"Vakantiehuis te huur in Zuid-Frankrijk","article_publisher":"https:\/\/www.facebook.com\/vakantiehuiszuidfrankrijkbarcares\/","article_modified_time":"2021-05-23T07:39:43+00:00","og_image":[{"url":"https:\/\/www.vakantiehuis-zuid-frankrijk-barcares.nl\/wp-content\/uploads\/2015\/12\/Vakantie-huis-Zuid-Frankrijk-Le-Barcares-Nederlandse-Eigenaren-1309.gif","type":"","width":"","height":""}],"twitter_card":"summary_large_image","twitter_misc":{"Dur\u00e9e de lecture estim\u00e9e":"3 minutes"},"schema":{"@context":"https:\/\/schema.org","@graph":[{"@type":"WebPage","@id":"https:\/\/www.vakantiehuis-zuid-frankrijk-barcares.nl\/omgeving\/","url":"https:\/\/www.vakantiehuis-zuid-frankrijk-barcares.nl\/omgeving\/","name":"OMGEVING - Vakantiehuis te huur in Zuid-Frankrijk","isPartOf":{"@id":"https:\/\/www.vakantiehuis-zuid-frankrijk-barcares.nl\/#website"},"primaryImageOfPage":{"@id":"https:\/\/www.vakantiehuis-zuid-frankrijk-barcares.nl\/omgeving\/#primaryimage"},"image":{"@id":"https:\/\/www.vakantiehuis-zuid-frankrijk-barcares.nl\/omgeving\/#primaryimage"},"thumbnailUrl":"https:\/\/www.vakantiehuis-zuid-frankrijk-barcares.nl\/wp-content\/uploads\/2015\/12\/Vakantie-huis-Zuid-Frankrijk-Le-Barcares-Nederlandse-Eigenaren-1309.gif","datePublished":"2015-12-15T09:56:05+00:00","dateModified":"2021-05-23T07:39:43+00:00","breadcrumb":{"@id":"https:\/\/www.vakantiehuis-zuid-frankrijk-barcares.nl\/omgeving\/#breadcrumb"},"inLanguage":"fr-FR","potentialAction":[{"@type":"ReadAction","target":["https:\/\/www.vakantiehuis-zuid-frankrijk-barcares.nl\/omgeving\/"]}]},{"@type":"ImageObject","inLanguage":"fr-FR","@id":"https:\/\/www.vakantiehuis-zuid-frankrijk-barcares.nl\/omgeving\/#primaryimage","url":"https:\/\/www.vakantiehuis-zuid-frankrijk-barcares.nl\/wp-content\/uploads\/2015\/12\/Vakantie-huis-Zuid-Frankrijk-Le-Barcares-Nederlandse-Eigenaren-1309.gif","contentUrl":"https:\/\/www.vakantiehuis-zuid-frankrijk-barcares.nl\/wp-content\/uploads\/2015\/12\/Vakantie-huis-Zuid-Frankrijk-Le-Barcares-Nederlandse-Eigenaren-1309.gif"},{"@type":"BreadcrumbList","@id":"https:\/\/www.vakantiehuis-zuid-frankrijk-barcares.nl\/omgeving\/#breadcrumb","itemListElement":[{"@type":"ListItem","position":1,"name":"Home","item":"https:\/\/www.vakantiehuis-zuid-frankrijk-barcares.nl\/"},{"@type":"ListItem","position":2,"name":"OMGEVING"}]},{"@type":"WebSite","@id":"https:\/\/www.vakantiehuis-zuid-frankrijk-barcares.nl\/#website","url":"https:\/\/www.vakantiehuis-zuid-frankrijk-barcares.nl\/","name":"Vakantiehuis te huur in Zuid-Frankrijk","description":"Aan Middellandse zee (400 m) op vakantiepark met zwembad &#039;R\u00e9sidence La Pin\u00e8de&#039; in Le Barcar\u00e8s in de prachtige streek Languedoc-Roussillon, Pyr\u00e9n\u00e9es-Orientales, dichtbij Perpignan. Huur direct van Nederlandse eigenaar.","potentialAction":[{"@type":"SearchAction","target":{"@type":"EntryPoint","urlTemplate":"https:\/\/www.vakantiehuis-zuid-frankrijk-barcares.nl\/?s={search_term_string}"},"query-input":{"@type":"PropertyValueSpecification","valueRequired":true,"valueName":"search_term_string"}}],"inLanguage":"fr-FR"}]}},"_links":{"self":[{"href":"https:\/\/www.vakantiehuis-zuid-frankrijk-barcares.nl\/fr\/wp-json\/wp\/v2\/pages\/43","targetHints":{"allow":["GET"]}}],"collection":[{"href":"https:\/\/www.vakantiehuis-zuid-frankrijk-barcares.nl\/fr\/wp-json\/wp\/v2\/pages"}],"about":[{"href":"https:\/\/www.vakantiehuis-zuid-frankrijk-barcares.nl\/fr\/wp-json\/wp\/v2\/types\/page"}],"author":[{"embeddable":true,"href":"https:\/\/www.vakantiehuis-zuid-frankrijk-barcares.nl\/fr\/wp-json\/wp\/v2\/users\/3"}],"replies":[{"embeddable":true,"href":"https:\/\/www.vakantiehuis-zuid-frankrijk-barcares.nl\/fr\/wp-json\/wp\/v2\/comments?post=43"}],"version-history":[{"count":15,"href":"https:\/\/www.vakantiehuis-zuid-frankrijk-barcares.nl\/fr\/wp-json\/wp\/v2\/pages\/43\/revisions"}],"predecessor-version":[{"id":2002,"href":"https:\/\/www.vakantiehuis-zuid-frankrijk-barcares.nl\/fr\/wp-json\/wp\/v2\/pages\/43\/revisions\/2002"}],"wp:attachment":[{"href":"https:\/\/www.vakantiehuis-zuid-frankrijk-barcares.nl\/fr\/wp-json\/wp\/v2\/media?parent=43"}],"curies":[{"name":"wp","href":"https:\/\/api.w.org\/{rel}","templated":true}]}}