{"id":47,"date":"2015-12-15T09:56:44","date_gmt":"2015-12-15T09:56:44","guid":{"rendered":"http:\/\/www.vakantiehuis-zuid-frankrijk-barcares.nl\/?page_id=47"},"modified":"2019-05-01T05:05:41","modified_gmt":"2019-05-01T05:05:41","slug":"le-barcares-port","status":"publish","type":"page","link":"https:\/\/www.vakantiehuis-zuid-frankrijk-barcares.nl\/fr\/le-barcares-port\/","title":{"rendered":"Le Barcar\u00e8s port"},"content":{"rendered":"<figure id=\"attachment_320\" aria-describedby=\"caption-attachment-320\" style=\"width: 987px\" class=\"wp-caption alignnone\"><a href=\"http:\/\/www.vakantiehuis-zuid-frankrijk-barcares.nl\/wp-content\/uploads\/2015\/12\/Port-Barcar\u00eb-vakantievilla-huren-zuid-frankrijk.jpg\" target=\"_blank\" rel=\"attachment wp-att-320 noopener noreferrer\"><img loading=\"lazy\" decoding=\"async\" width=\"987\" height=\"740\" class=\"wp-image-320 size-large\" alt=\"Port Barcar\u00eb vakantievilla-huren-zuid-frankrijk\" src=\"http:\/\/www.vakantiehuis-zuid-frankrijk-barcares.nl\/wp-content\/uploads\/2015\/12\/Port-Barcar\u00eb-vakantievilla-huren-zuid-frankrijk-1024x768.jpg\" srcset=\"https:\/\/www.vakantiehuis-zuid-frankrijk-barcares.nl\/wp-content\/uploads\/2015\/12\/Port-Barcar\u00eb-vakantievilla-huren-zuid-frankrijk-1024x768.jpg 1024w, https:\/\/www.vakantiehuis-zuid-frankrijk-barcares.nl\/wp-content\/uploads\/2015\/12\/Port-Barcar\u00eb-vakantievilla-huren-zuid-frankrijk-300x225.jpg 300w, https:\/\/www.vakantiehuis-zuid-frankrijk-barcares.nl\/wp-content\/uploads\/2015\/12\/Port-Barcar\u00eb-vakantievilla-huren-zuid-frankrijk-768x576.jpg 768w, https:\/\/www.vakantiehuis-zuid-frankrijk-barcares.nl\/wp-content\/uploads\/2015\/12\/Port-Barcar\u00eb-vakantievilla-huren-zuid-frankrijk-938x704.jpg 938w, https:\/\/www.vakantiehuis-zuid-frankrijk-barcares.nl\/wp-content\/uploads\/2015\/12\/Port-Barcar\u00eb-vakantievilla-huren-zuid-frankrijk-1309x982.jpg 1309w\" sizes=\"auto, (max-width: 987px) 100vw, 987px\" \/><\/a><figcaption id=\"caption-attachment-320\" class=\"wp-caption-text\">Port Barcar\u00e8s met jachthaven en gezellige terrassen<\/figcaption><\/figure>\n<h2><strong>Mooie jachthaven met gezellige restaurants en terrassen<\/strong><\/h2>\n<p>Op slechts enkele km afstand vanaf het vakantiepark <a href=\"http:\/\/www.vakantiehuis-zuid-frankrijk-barcares.nl\/het-park\/\" target=\"_blank\" rel=\"noopener noreferrer\">La Pin\u00e8de <\/a>bevindt zich een mooie kleinere jachthaven [ Port Barcar\u00e8s ] wat erg de moeite waard is om daaraan een bezoek te brengen. Een sportieve wandeling over de boulevard brengt u&nbsp;op een&nbsp;ontspannen manier,&nbsp;en met veel kijkgenot onderweg naar deze jachthaven.&nbsp;Ter plaatse kunt u eventueel kiezen uit&nbsp;een onderbreking van uw wandeling, en&nbsp;pikt u een gezellig terrasje&nbsp;mee of misschien kiest u voor een heerlijke lunch of diner afhankelijk van het tijdstip&nbsp;van de dag.&nbsp;Het is allemaal mogelijk en u heeft&nbsp;een ruime keuze uit vele mogelijkheden.<\/p>\n","protected":false},"excerpt":{"rendered":"<p>Mooie jachthaven met gezellige restaurants en terrassen Op slechts enkele km afstand vanaf het vakantiepark La Pin\u00e8de bevindt zich een mooie kleinere jachthaven [ Port Barcar\u00e8s ] wat erg de moeite waard is om daaraan een bezoek te brengen. Een sportieve wandeling over de boulevard brengt u&nbsp;op een&nbsp;ontspannen manier,&nbsp;en met veel kijkgenot onderweg naar deze [&hellip;]<\/p>\n","protected":false},"author":2,"featured_media":0,"parent":0,"menu_order":0,"comment_status":"closed","ping_status":"closed","template":"page-templates\/full-width-wide.php","meta":{"footnotes":""},"class_list":["post-47","page","type-page","status-publish","hentry"],"yoast_head":"<!-- This site is optimized with the Yoast SEO plugin v27.4 - https:\/\/yoast.com\/product\/yoast-seo-wordpress\/ -->\n<title>Le Barcar\u00e8s port - Vakantiehuis te huur in Zuid-Frankrijk<\/title>\n<meta name=\"description\" content=\"Le barcar\u00e8s port, jachthaven, gezellige restaurants, terrassen, sportieve wandeling\" \/>\n<meta name=\"robots\" content=\"index, follow, max-snippet:-1, max-image-preview:large, max-video-preview:-1\" \/>\n<link rel=\"canonical\" href=\"https:\/\/www.vakantiehuis-zuid-frankrijk-barcares.nl\/fr\/le-barcares-port\/\" \/>\n<meta property=\"og:locale\" content=\"fr_FR\" \/>\n<meta property=\"og:type\" content=\"article\" \/>\n<meta property=\"og:title\" content=\"Le Barcar\u00e8s port - Vakantiehuis te huur in Zuid-Frankrijk\" \/>\n<meta property=\"og:description\" content=\"Le barcar\u00e8s port, jachthaven, gezellige restaurants, terrassen, sportieve wandeling\" \/>\n<meta property=\"og:url\" content=\"https:\/\/www.vakantiehuis-zuid-frankrijk-barcares.nl\/fr\/le-barcares-port\/\" \/>\n<meta property=\"og:site_name\" content=\"Vakantiehuis te huur in Zuid-Frankrijk\" \/>\n<meta property=\"article:publisher\" content=\"https:\/\/www.facebook.com\/vakantiehuiszuidfrankrijkbarcares\/\" \/>\n<meta property=\"article:modified_time\" content=\"2019-05-01T05:05:41+00:00\" \/>\n<meta property=\"og:image\" content=\"http:\/\/www.vakantiehuis-zuid-frankrijk-barcares.nl\/wp-content\/uploads\/2015\/12\/Port-Barcar\u00eb-vakantievilla-huren-zuid-frankrijk-1024x768.jpg\" \/>\n<meta name=\"twitter:card\" content=\"summary_large_image\" \/>\n<meta name=\"twitter:label1\" content=\"Dur\u00e9e de lecture estim\u00e9e\" \/>\n\t<meta name=\"twitter:data1\" content=\"1 minute\" \/>\n<script type=\"application\/ld+json\" class=\"yoast-schema-graph\">{\"@context\":\"https:\\\/\\\/schema.org\",\"@graph\":[{\"@type\":\"WebPage\",\"@id\":\"https:\\\/\\\/www.vakantiehuis-zuid-frankrijk-barcares.nl\\\/le-barcares-port\\\/\",\"url\":\"https:\\\/\\\/www.vakantiehuis-zuid-frankrijk-barcares.nl\\\/le-barcares-port\\\/\",\"name\":\"Le Barcar\u00e8s port - Vakantiehuis te huur in Zuid-Frankrijk\",\"isPartOf\":{\"@id\":\"https:\\\/\\\/www.vakantiehuis-zuid-frankrijk-barcares.nl\\\/#website\"},\"datePublished\":\"2015-12-15T09:56:44+00:00\",\"dateModified\":\"2019-05-01T05:05:41+00:00\",\"description\":\"Le barcar\u00e8s port, jachthaven, gezellige restaurants, terrassen, sportieve wandeling\",\"breadcrumb\":{\"@id\":\"https:\\\/\\\/www.vakantiehuis-zuid-frankrijk-barcares.nl\\\/le-barcares-port\\\/#breadcrumb\"},\"inLanguage\":\"fr-FR\",\"potentialAction\":[{\"@type\":\"ReadAction\",\"target\":[\"https:\\\/\\\/www.vakantiehuis-zuid-frankrijk-barcares.nl\\\/le-barcares-port\\\/\"]}]},{\"@type\":\"BreadcrumbList\",\"@id\":\"https:\\\/\\\/www.vakantiehuis-zuid-frankrijk-barcares.nl\\\/le-barcares-port\\\/#breadcrumb\",\"itemListElement\":[{\"@type\":\"ListItem\",\"position\":1,\"name\":\"Home\",\"item\":\"https:\\\/\\\/www.vakantiehuis-zuid-frankrijk-barcares.nl\\\/\"},{\"@type\":\"ListItem\",\"position\":2,\"name\":\"Le Barcar\u00e8s port\"}]},{\"@type\":\"WebSite\",\"@id\":\"https:\\\/\\\/www.vakantiehuis-zuid-frankrijk-barcares.nl\\\/#website\",\"url\":\"https:\\\/\\\/www.vakantiehuis-zuid-frankrijk-barcares.nl\\\/\",\"name\":\"Vakantiehuis te huur in Zuid-Frankrijk\",\"description\":\"Aan Middellandse zee (400 m) op vakantiepark met zwembad &#039;R\u00e9sidence La Pin\u00e8de&#039; in Le Barcar\u00e8s in de prachtige streek Languedoc-Roussillon, Pyr\u00e9n\u00e9es-Orientales, dichtbij Perpignan. Huur direct van Nederlandse eigenaar.\",\"potentialAction\":[{\"@type\":\"SearchAction\",\"target\":{\"@type\":\"EntryPoint\",\"urlTemplate\":\"https:\\\/\\\/www.vakantiehuis-zuid-frankrijk-barcares.nl\\\/?s={search_term_string}\"},\"query-input\":{\"@type\":\"PropertyValueSpecification\",\"valueRequired\":true,\"valueName\":\"search_term_string\"}}],\"inLanguage\":\"fr-FR\"}]}<\/script>\n<!-- \/ Yoast SEO plugin. -->","yoast_head_json":{"title":"Le Barcar\u00e8s port - Vakantiehuis te huur in Zuid-Frankrijk","description":"Le barcar\u00e8s port, jachthaven, gezellige restaurants, terrassen, sportieve wandeling","robots":{"index":"index","follow":"follow","max-snippet":"max-snippet:-1","max-image-preview":"max-image-preview:large","max-video-preview":"max-video-preview:-1"},"canonical":"https:\/\/www.vakantiehuis-zuid-frankrijk-barcares.nl\/fr\/le-barcares-port\/","og_locale":"fr_FR","og_type":"article","og_title":"Le Barcar\u00e8s port - Vakantiehuis te huur in Zuid-Frankrijk","og_description":"Le barcar\u00e8s port, jachthaven, gezellige restaurants, terrassen, sportieve wandeling","og_url":"https:\/\/www.vakantiehuis-zuid-frankrijk-barcares.nl\/fr\/le-barcares-port\/","og_site_name":"Vakantiehuis te huur in Zuid-Frankrijk","article_publisher":"https:\/\/www.facebook.com\/vakantiehuiszuidfrankrijkbarcares\/","article_modified_time":"2019-05-01T05:05:41+00:00","og_image":[{"url":"http:\/\/www.vakantiehuis-zuid-frankrijk-barcares.nl\/wp-content\/uploads\/2015\/12\/Port-Barcar\u00eb-vakantievilla-huren-zuid-frankrijk-1024x768.jpg","type":"","width":"","height":""}],"twitter_card":"summary_large_image","twitter_misc":{"Dur\u00e9e de lecture estim\u00e9e":"1 minute"},"schema":{"@context":"https:\/\/schema.org","@graph":[{"@type":"WebPage","@id":"https:\/\/www.vakantiehuis-zuid-frankrijk-barcares.nl\/le-barcares-port\/","url":"https:\/\/www.vakantiehuis-zuid-frankrijk-barcares.nl\/le-barcares-port\/","name":"Le Barcar\u00e8s port - Vakantiehuis te huur in Zuid-Frankrijk","isPartOf":{"@id":"https:\/\/www.vakantiehuis-zuid-frankrijk-barcares.nl\/#website"},"datePublished":"2015-12-15T09:56:44+00:00","dateModified":"2019-05-01T05:05:41+00:00","description":"Le barcar\u00e8s port, jachthaven, gezellige restaurants, terrassen, sportieve wandeling","breadcrumb":{"@id":"https:\/\/www.vakantiehuis-zuid-frankrijk-barcares.nl\/le-barcares-port\/#breadcrumb"},"inLanguage":"fr-FR","potentialAction":[{"@type":"ReadAction","target":["https:\/\/www.vakantiehuis-zuid-frankrijk-barcares.nl\/le-barcares-port\/"]}]},{"@type":"BreadcrumbList","@id":"https:\/\/www.vakantiehuis-zuid-frankrijk-barcares.nl\/le-barcares-port\/#breadcrumb","itemListElement":[{"@type":"ListItem","position":1,"name":"Home","item":"https:\/\/www.vakantiehuis-zuid-frankrijk-barcares.nl\/"},{"@type":"ListItem","position":2,"name":"Le Barcar\u00e8s port"}]},{"@type":"WebSite","@id":"https:\/\/www.vakantiehuis-zuid-frankrijk-barcares.nl\/#website","url":"https:\/\/www.vakantiehuis-zuid-frankrijk-barcares.nl\/","name":"Vakantiehuis te huur in Zuid-Frankrijk","description":"Aan Middellandse zee (400 m) op vakantiepark met zwembad &#039;R\u00e9sidence La Pin\u00e8de&#039; in Le Barcar\u00e8s in de prachtige streek Languedoc-Roussillon, Pyr\u00e9n\u00e9es-Orientales, dichtbij Perpignan. Huur direct van Nederlandse eigenaar.","potentialAction":[{"@type":"SearchAction","target":{"@type":"EntryPoint","urlTemplate":"https:\/\/www.vakantiehuis-zuid-frankrijk-barcares.nl\/?s={search_term_string}"},"query-input":{"@type":"PropertyValueSpecification","valueRequired":true,"valueName":"search_term_string"}}],"inLanguage":"fr-FR"}]}},"_links":{"self":[{"href":"https:\/\/www.vakantiehuis-zuid-frankrijk-barcares.nl\/fr\/wp-json\/wp\/v2\/pages\/47","targetHints":{"allow":["GET"]}}],"collection":[{"href":"https:\/\/www.vakantiehuis-zuid-frankrijk-barcares.nl\/fr\/wp-json\/wp\/v2\/pages"}],"about":[{"href":"https:\/\/www.vakantiehuis-zuid-frankrijk-barcares.nl\/fr\/wp-json\/wp\/v2\/types\/page"}],"author":[{"embeddable":true,"href":"https:\/\/www.vakantiehuis-zuid-frankrijk-barcares.nl\/fr\/wp-json\/wp\/v2\/users\/2"}],"replies":[{"embeddable":true,"href":"https:\/\/www.vakantiehuis-zuid-frankrijk-barcares.nl\/fr\/wp-json\/wp\/v2\/comments?post=47"}],"version-history":[{"count":10,"href":"https:\/\/www.vakantiehuis-zuid-frankrijk-barcares.nl\/fr\/wp-json\/wp\/v2\/pages\/47\/revisions"}],"predecessor-version":[{"id":1724,"href":"https:\/\/www.vakantiehuis-zuid-frankrijk-barcares.nl\/fr\/wp-json\/wp\/v2\/pages\/47\/revisions\/1724"}],"wp:attachment":[{"href":"https:\/\/www.vakantiehuis-zuid-frankrijk-barcares.nl\/fr\/wp-json\/wp\/v2\/media?parent=47"}],"curies":[{"name":"wp","href":"https:\/\/api.w.org\/{rel}","templated":true}]}}