{"id":49,"date":"2015-12-15T09:57:03","date_gmt":"2015-12-15T09:57:03","guid":{"rendered":"http:\/\/www.vakantiehuis-zuid-frankrijk-barcares.nl\/?page_id=49"},"modified":"2016-01-17T20:48:20","modified_gmt":"2016-01-17T20:48:20","slug":"middellandse-zee","status":"publish","type":"page","link":"https:\/\/www.vakantiehuis-zuid-frankrijk-barcares.nl\/fr\/middellandse-zee\/","title":{"rendered":"Mer M\u00e9diterran\u00e9e"},"content":{"rendered":"<p><a href=\"http:\/\/www.vakantiehuis-zuid-frankrijk-barcares.nl\/wp-content\/uploads\/2015\/12\/Pyrenee\u00ebn-vakantie-huis-frankrijk-aan-zee.jpg\" target=\"_blank\" rel=\"attachment wp-att-225\"><img loading=\"lazy\" decoding=\"async\" class=\"alignnone wp-image-225 size-large\" src=\"http:\/\/www.vakantiehuis-zuid-frankrijk-barcares.nl\/wp-content\/uploads\/2015\/12\/Pyrenee\u00ebn-vakantie-huis-frankrijk-aan-zee-1024x289.jpg\" alt=\"Pyrenee\u00ebn vakantie-huis-frankrijk-aan-zee\" width=\"987\" height=\"279\" srcset=\"https:\/\/www.vakantiehuis-zuid-frankrijk-barcares.nl\/wp-content\/uploads\/2015\/12\/Pyrenee\u00ebn-vakantie-huis-frankrijk-aan-zee.jpg 1024w, https:\/\/www.vakantiehuis-zuid-frankrijk-barcares.nl\/wp-content\/uploads\/2015\/12\/Pyrenee\u00ebn-vakantie-huis-frankrijk-aan-zee-300x85.jpg 300w, https:\/\/www.vakantiehuis-zuid-frankrijk-barcares.nl\/wp-content\/uploads\/2015\/12\/Pyrenee\u00ebn-vakantie-huis-frankrijk-aan-zee-768x217.jpg 768w, https:\/\/www.vakantiehuis-zuid-frankrijk-barcares.nl\/wp-content\/uploads\/2015\/12\/Pyrenee\u00ebn-vakantie-huis-frankrijk-aan-zee-938x265.jpg 938w\" sizes=\"auto, (max-width: 987px) 100vw, 987px\" \/><\/a><\/p>\n<figure id=\"attachment_355\" aria-describedby=\"caption-attachment-355\" style=\"width: 987px\" class=\"wp-caption alignnone\"><a href=\"http:\/\/www.vakantiehuis-zuid-frankrijk-barcares.nl\/wp-content\/uploads\/2015\/12\/Barcar\u00e9s-strand-vakantiepark-zuid-frankrijk.jpg\" target=\"_blank\" rel=\"attachment wp-att-355\"><img loading=\"lazy\" decoding=\"async\" class=\"wp-image-355 size-large\" src=\"http:\/\/www.vakantiehuis-zuid-frankrijk-barcares.nl\/wp-content\/uploads\/2015\/12\/Barcar\u00e9s-strand-vakantiepark-zuid-frankrijk-1024x768.jpg\" alt=\"Barcar\u00e9s strand vakantiepark-zuid-frankrijk\" width=\"987\" height=\"740\" srcset=\"https:\/\/www.vakantiehuis-zuid-frankrijk-barcares.nl\/wp-content\/uploads\/2015\/12\/Barcar\u00e9s-strand-vakantiepark-zuid-frankrijk-1024x768.jpg 1024w, https:\/\/www.vakantiehuis-zuid-frankrijk-barcares.nl\/wp-content\/uploads\/2015\/12\/Barcar\u00e9s-strand-vakantiepark-zuid-frankrijk-300x225.jpg 300w, https:\/\/www.vakantiehuis-zuid-frankrijk-barcares.nl\/wp-content\/uploads\/2015\/12\/Barcar\u00e9s-strand-vakantiepark-zuid-frankrijk-768x576.jpg 768w, https:\/\/www.vakantiehuis-zuid-frankrijk-barcares.nl\/wp-content\/uploads\/2015\/12\/Barcar\u00e9s-strand-vakantiepark-zuid-frankrijk-938x704.jpg 938w, https:\/\/www.vakantiehuis-zuid-frankrijk-barcares.nl\/wp-content\/uploads\/2015\/12\/Barcar\u00e9s-strand-vakantiepark-zuid-frankrijk.jpg 1280w\" sizes=\"auto, (max-width: 987px) 100vw, 987px\" \/><\/a><figcaption id=\"caption-attachment-355\" class=\"wp-caption-text\">Zandstrand met veel ruimte en meestal zeer aangenaam weer<\/figcaption><\/figure>\n<p><strong><em>Klik op de foto voor een vergroting<\/em><\/strong><\/p>\n<p>Dit is slechts een van de vele views die de <a href=\"http:\/\/www.vakantiehuis-zuid-frankrijk-barcares.nl\/fr\/middellandse-zee\/\" target=\"_blank\">Mer M\u00e9diterran\u00e9e <\/a>vanaf<a href=\"http:\/\/www.vakantiehuis-zuid-frankrijk-barcares.nl\/fr\/le-barcares-village\/\" target=\"_blank\"> Barcar\u00e8s<\/a> gezien, u te bieden heeft. Afhankelijk van het tijdstip van de dag, het weer en de tijd van het jaar, zult u erachter komen dat er een oneindig aantal landschappen door <a href=\"http:\/\/www.vakantiehuis-zuid-frankrijk-barcares.nl\/fr\/natuur\/\" target=\"_blank\">moeder natuur <\/a>worden getoond die u nog nooit eerder in uw leven heeft gezien. Op de achtergrond ziet u de <a href=\"http:\/\/www.vakantiehuis-zuid-frankrijk-barcares.nl\/fr\/bezienswaardigheden\/\" target=\"_blank\">Pyr\u00e9n\u00e9es<\/a> waar ook de Tour renners op bepaalde dagen van de Tour de France hun zweetdruppels laten lopen. Misschien vindt u het wel interessant om een of meerdere etappes life te willen volgen. Het is aan u om deze keuze te maken en op te nemen in uw vakantieplannen of reisschema.<\/p>\n<h2><strong>Lekker uitrusten en relaxen op het eindeloze zandstrand<\/strong><\/h2>\n<p>Vanaf de boulevard in <a href=\"http:\/\/www.vakantiehuis-zuid-frankrijk-barcares.nl\/fr\/le-barcares-village\/\" target=\"_blank\">Barcar\u00e8s <\/a>kunt u km&#8217;s aan een stuk\u00a0langs de kust lopen en uw eigen plaatsje op het<a href=\"http:\/\/www.vakantiehuis-zuid-frankrijk-barcares.nl\/fr\/middellandse-zee\/\" target=\"_blank\"> eindeloze zandstrand <\/a>uitzoeken om lekker te gaan zonnen en te relaxen zonder dat u last heeft van drukke en luidruchtige gasten. Er is meestal plaats genoeg\u00a0om uw vakantie frankrijk aan zee tot een geweldige beleving te kunnen maken. Ook is er\u00a0voldoende ruimte om\u00a0uw\u00a0 badhanddoeken\u00a0royaal te kunnen uitrollen en uw spulletjes en picknick te kunnen\u00a0neerzetten. Ook uw kinderen zullen van niemand last hebben en kunnen naar harte lust\u00a0in het mulle zand spelen en mooie (lucht)kastelen of andere kunstwerken bouwen. U zult al snel zien, of uw kind de gaven of talenten heeft om te behoren tot de nieuwste generatie Nederlandse kunstenaars.<\/p>","protected":false},"excerpt":{"rendered":"<p>Klik op de foto voor een vergroting Dit is slechts een van de vele views die de Middellandse Zee vanaf Barcar\u00e8s gezien, u te bieden heeft. Afhankelijk van het tijdstip van de dag, het weer en de tijd van het jaar, zult u erachter komen dat er een oneindig aantal landschappen door moeder natuur worden [&hellip;]<\/p>\n","protected":false},"author":3,"featured_media":0,"parent":0,"menu_order":0,"comment_status":"closed","ping_status":"closed","template":"page-templates\/left-sidebar.php","meta":{"footnotes":""},"class_list":["post-49","page","type-page","status-publish","hentry"],"yoast_head":"<!-- This site is optimized with the Yoast SEO plugin v27.4 - https:\/\/yoast.com\/product\/yoast-seo-wordpress\/ -->\n<title>Middellandse Zee - Vakantiehuis te huur in Zuid-Frankrijk<\/title>\n<meta name=\"description\" content=\"Middellandse zee met schitterend zandstrand, veel ruimte en zeer aangenaam klimaat\" \/>\n<meta name=\"robots\" content=\"index, follow, max-snippet:-1, max-image-preview:large, max-video-preview:-1\" \/>\n<link rel=\"canonical\" href=\"https:\/\/www.vakantiehuis-zuid-frankrijk-barcares.nl\/fr\/middellandse-zee\/\" \/>\n<meta property=\"og:locale\" content=\"fr_FR\" \/>\n<meta property=\"og:type\" content=\"article\" \/>\n<meta property=\"og:title\" content=\"Middellandse Zee - Vakantiehuis te huur in Zuid-Frankrijk\" \/>\n<meta property=\"og:description\" content=\"Middellandse zee met schitterend zandstrand, veel ruimte en zeer aangenaam klimaat\" \/>\n<meta property=\"og:url\" content=\"https:\/\/www.vakantiehuis-zuid-frankrijk-barcares.nl\/fr\/middellandse-zee\/\" \/>\n<meta property=\"og:site_name\" content=\"Vakantiehuis te huur in Zuid-Frankrijk\" \/>\n<meta property=\"article:publisher\" content=\"https:\/\/www.facebook.com\/vakantiehuiszuidfrankrijkbarcares\/\" \/>\n<meta property=\"article:modified_time\" content=\"2016-01-17T20:48:20+00:00\" \/>\n<meta property=\"og:image\" content=\"http:\/\/www.vakantiehuis-zuid-frankrijk-barcares.nl\/wp-content\/uploads\/2015\/12\/Pyrenee\u00ebn-vakantie-huis-frankrijk-aan-zee-1024x289.jpg\" \/>\n<meta name=\"twitter:card\" content=\"summary_large_image\" \/>\n<meta name=\"twitter:label1\" content=\"Dur\u00e9e de lecture estim\u00e9e\" \/>\n\t<meta name=\"twitter:data1\" content=\"1 minute\" \/>\n<script type=\"application\/ld+json\" class=\"yoast-schema-graph\">{\"@context\":\"https:\\\/\\\/schema.org\",\"@graph\":[{\"@type\":\"WebPage\",\"@id\":\"https:\\\/\\\/www.vakantiehuis-zuid-frankrijk-barcares.nl\\\/middellandse-zee\\\/\",\"url\":\"https:\\\/\\\/www.vakantiehuis-zuid-frankrijk-barcares.nl\\\/middellandse-zee\\\/\",\"name\":\"Middellandse Zee - Vakantiehuis te huur in Zuid-Frankrijk\",\"isPartOf\":{\"@id\":\"https:\\\/\\\/www.vakantiehuis-zuid-frankrijk-barcares.nl\\\/#website\"},\"datePublished\":\"2015-12-15T09:57:03+00:00\",\"dateModified\":\"2016-01-17T20:48:20+00:00\",\"description\":\"Middellandse zee met schitterend zandstrand, veel ruimte en zeer aangenaam klimaat\",\"breadcrumb\":{\"@id\":\"https:\\\/\\\/www.vakantiehuis-zuid-frankrijk-barcares.nl\\\/middellandse-zee\\\/#breadcrumb\"},\"inLanguage\":\"fr-FR\",\"potentialAction\":[{\"@type\":\"ReadAction\",\"target\":[\"https:\\\/\\\/www.vakantiehuis-zuid-frankrijk-barcares.nl\\\/middellandse-zee\\\/\"]}]},{\"@type\":\"BreadcrumbList\",\"@id\":\"https:\\\/\\\/www.vakantiehuis-zuid-frankrijk-barcares.nl\\\/middellandse-zee\\\/#breadcrumb\",\"itemListElement\":[{\"@type\":\"ListItem\",\"position\":1,\"name\":\"Home\",\"item\":\"https:\\\/\\\/www.vakantiehuis-zuid-frankrijk-barcares.nl\\\/\"},{\"@type\":\"ListItem\",\"position\":2,\"name\":\"Middellandse Zee\"}]},{\"@type\":\"WebSite\",\"@id\":\"https:\\\/\\\/www.vakantiehuis-zuid-frankrijk-barcares.nl\\\/#website\",\"url\":\"https:\\\/\\\/www.vakantiehuis-zuid-frankrijk-barcares.nl\\\/\",\"name\":\"Vakantiehuis te huur in Zuid-Frankrijk\",\"description\":\"Aan Middellandse zee (400 m) op vakantiepark met zwembad &#039;R\u00e9sidence La Pin\u00e8de&#039; in Le Barcar\u00e8s in de prachtige streek Languedoc-Roussillon, Pyr\u00e9n\u00e9es-Orientales, dichtbij Perpignan. Huur direct van Nederlandse eigenaar.\",\"potentialAction\":[{\"@type\":\"SearchAction\",\"target\":{\"@type\":\"EntryPoint\",\"urlTemplate\":\"https:\\\/\\\/www.vakantiehuis-zuid-frankrijk-barcares.nl\\\/?s={search_term_string}\"},\"query-input\":{\"@type\":\"PropertyValueSpecification\",\"valueRequired\":true,\"valueName\":\"search_term_string\"}}],\"inLanguage\":\"fr-FR\"}]}<\/script>\n<!-- \/ Yoast SEO plugin. -->","yoast_head_json":{"title":"Middellandse Zee - Vakantiehuis te huur in Zuid-Frankrijk","description":"Middellandse zee met schitterend zandstrand, veel ruimte en zeer aangenaam klimaat","robots":{"index":"index","follow":"follow","max-snippet":"max-snippet:-1","max-image-preview":"max-image-preview:large","max-video-preview":"max-video-preview:-1"},"canonical":"https:\/\/www.vakantiehuis-zuid-frankrijk-barcares.nl\/fr\/middellandse-zee\/","og_locale":"fr_FR","og_type":"article","og_title":"Middellandse Zee - Vakantiehuis te huur in Zuid-Frankrijk","og_description":"Middellandse zee met schitterend zandstrand, veel ruimte en zeer aangenaam klimaat","og_url":"https:\/\/www.vakantiehuis-zuid-frankrijk-barcares.nl\/fr\/middellandse-zee\/","og_site_name":"Vakantiehuis te huur in Zuid-Frankrijk","article_publisher":"https:\/\/www.facebook.com\/vakantiehuiszuidfrankrijkbarcares\/","article_modified_time":"2016-01-17T20:48:20+00:00","og_image":[{"url":"http:\/\/www.vakantiehuis-zuid-frankrijk-barcares.nl\/wp-content\/uploads\/2015\/12\/Pyrenee\u00ebn-vakantie-huis-frankrijk-aan-zee-1024x289.jpg","type":"","width":"","height":""}],"twitter_card":"summary_large_image","twitter_misc":{"Dur\u00e9e de lecture estim\u00e9e":"1 minute"},"schema":{"@context":"https:\/\/schema.org","@graph":[{"@type":"WebPage","@id":"https:\/\/www.vakantiehuis-zuid-frankrijk-barcares.nl\/middellandse-zee\/","url":"https:\/\/www.vakantiehuis-zuid-frankrijk-barcares.nl\/middellandse-zee\/","name":"Middellandse Zee - Vakantiehuis te huur in Zuid-Frankrijk","isPartOf":{"@id":"https:\/\/www.vakantiehuis-zuid-frankrijk-barcares.nl\/#website"},"datePublished":"2015-12-15T09:57:03+00:00","dateModified":"2016-01-17T20:48:20+00:00","description":"Middellandse zee met schitterend zandstrand, veel ruimte en zeer aangenaam klimaat","breadcrumb":{"@id":"https:\/\/www.vakantiehuis-zuid-frankrijk-barcares.nl\/middellandse-zee\/#breadcrumb"},"inLanguage":"fr-FR","potentialAction":[{"@type":"ReadAction","target":["https:\/\/www.vakantiehuis-zuid-frankrijk-barcares.nl\/middellandse-zee\/"]}]},{"@type":"BreadcrumbList","@id":"https:\/\/www.vakantiehuis-zuid-frankrijk-barcares.nl\/middellandse-zee\/#breadcrumb","itemListElement":[{"@type":"ListItem","position":1,"name":"Home","item":"https:\/\/www.vakantiehuis-zuid-frankrijk-barcares.nl\/"},{"@type":"ListItem","position":2,"name":"Middellandse Zee"}]},{"@type":"WebSite","@id":"https:\/\/www.vakantiehuis-zuid-frankrijk-barcares.nl\/#website","url":"https:\/\/www.vakantiehuis-zuid-frankrijk-barcares.nl\/","name":"Vakantiehuis te huur in Zuid-Frankrijk","description":"Aan Middellandse zee (400 m) op vakantiepark met zwembad &#039;R\u00e9sidence La Pin\u00e8de&#039; in Le Barcar\u00e8s in de prachtige streek Languedoc-Roussillon, Pyr\u00e9n\u00e9es-Orientales, dichtbij Perpignan. Huur direct van Nederlandse eigenaar.","potentialAction":[{"@type":"SearchAction","target":{"@type":"EntryPoint","urlTemplate":"https:\/\/www.vakantiehuis-zuid-frankrijk-barcares.nl\/?s={search_term_string}"},"query-input":{"@type":"PropertyValueSpecification","valueRequired":true,"valueName":"search_term_string"}}],"inLanguage":"fr-FR"}]}},"_links":{"self":[{"href":"https:\/\/www.vakantiehuis-zuid-frankrijk-barcares.nl\/fr\/wp-json\/wp\/v2\/pages\/49","targetHints":{"allow":["GET"]}}],"collection":[{"href":"https:\/\/www.vakantiehuis-zuid-frankrijk-barcares.nl\/fr\/wp-json\/wp\/v2\/pages"}],"about":[{"href":"https:\/\/www.vakantiehuis-zuid-frankrijk-barcares.nl\/fr\/wp-json\/wp\/v2\/types\/page"}],"author":[{"embeddable":true,"href":"https:\/\/www.vakantiehuis-zuid-frankrijk-barcares.nl\/fr\/wp-json\/wp\/v2\/users\/3"}],"replies":[{"embeddable":true,"href":"https:\/\/www.vakantiehuis-zuid-frankrijk-barcares.nl\/fr\/wp-json\/wp\/v2\/comments?post=49"}],"version-history":[{"count":18,"href":"https:\/\/www.vakantiehuis-zuid-frankrijk-barcares.nl\/fr\/wp-json\/wp\/v2\/pages\/49\/revisions"}],"predecessor-version":[{"id":1034,"href":"https:\/\/www.vakantiehuis-zuid-frankrijk-barcares.nl\/fr\/wp-json\/wp\/v2\/pages\/49\/revisions\/1034"}],"wp:attachment":[{"href":"https:\/\/www.vakantiehuis-zuid-frankrijk-barcares.nl\/fr\/wp-json\/wp\/v2\/media?parent=49"}],"curies":[{"name":"wp","href":"https:\/\/api.w.org\/{rel}","templated":true}]}}