{"id":53,"date":"2015-12-15T09:57:36","date_gmt":"2015-12-15T09:57:36","guid":{"rendered":"http:\/\/www.vakantiehuis-zuid-frankrijk-barcares.nl\/?page_id=53"},"modified":"2019-05-01T05:00:08","modified_gmt":"2019-05-01T05:00:08","slug":"canet-en-leucate","status":"publish","type":"page","link":"https:\/\/www.vakantiehuis-zuid-frankrijk-barcares.nl\/fr\/canet-en-leucate\/","title":{"rendered":"Canet et Leucate"},"content":{"rendered":"<p><a href=\"https:\/\/www.vakantiehuis-zuid-frankrijk-barcares.nl\/wp-content\/uploads\/2015\/12\/Canet-en-Roussillon-boulevard-vakantiehuisje-huren-zuid-frankrijk.jpg\" target=\"_blank\" rel=\"attachment wp-att-628 noopener noreferrer\"><img loading=\"lazy\" decoding=\"async\" width=\"2048\" height=\"1536\" class=\"alignnone wp-image-628 size-full\" alt=\"Canet-en-Roussillon boulevard vakantiehuisje-huren-zuid-frankrijk\" src=\"https:\/\/www.vakantiehuis-zuid-frankrijk-barcares.nl\/wp-content\/uploads\/2015\/12\/Canet-en-Roussillon-boulevard-vakantiehuisje-huren-zuid-frankrijk.jpg\" srcset=\"https:\/\/www.vakantiehuis-zuid-frankrijk-barcares.nl\/wp-content\/uploads\/2015\/12\/Canet-en-Roussillon-boulevard-vakantiehuisje-huren-zuid-frankrijk.jpg 2048w, https:\/\/www.vakantiehuis-zuid-frankrijk-barcares.nl\/wp-content\/uploads\/2015\/12\/Canet-en-Roussillon-boulevard-vakantiehuisje-huren-zuid-frankrijk-300x225.jpg 300w, https:\/\/www.vakantiehuis-zuid-frankrijk-barcares.nl\/wp-content\/uploads\/2015\/12\/Canet-en-Roussillon-boulevard-vakantiehuisje-huren-zuid-frankrijk-768x576.jpg 768w, https:\/\/www.vakantiehuis-zuid-frankrijk-barcares.nl\/wp-content\/uploads\/2015\/12\/Canet-en-Roussillon-boulevard-vakantiehuisje-huren-zuid-frankrijk-1024x768.jpg 1024w, https:\/\/www.vakantiehuis-zuid-frankrijk-barcares.nl\/wp-content\/uploads\/2015\/12\/Canet-en-Roussillon-boulevard-vakantiehuisje-huren-zuid-frankrijk-938x704.jpg 938w, https:\/\/www.vakantiehuis-zuid-frankrijk-barcares.nl\/wp-content\/uploads\/2015\/12\/Canet-en-Roussillon-boulevard-vakantiehuisje-huren-zuid-frankrijk-1309x982.jpg 1309w\" sizes=\"auto, (max-width: 2048px) 100vw, 2048px\" \/><\/a>&nbsp;&nbsp;&nbsp;&nbsp;&nbsp;&nbsp;&nbsp;&nbsp;&nbsp;&nbsp;&nbsp;&nbsp;&nbsp;&nbsp; <a href=\"https:\/\/www.vakantiehuis-zuid-frankrijk-barcares.nl\/wp-content\/uploads\/2015\/12\/Canet-en-Roussillon-kermis-vakantiehuis-zuid-frankrijk.jpg\" target=\"_blank\" rel=\"attachment wp-att-629 noopener noreferrer\"><img loading=\"lazy\" decoding=\"async\" width=\"2048\" height=\"1536\" class=\"alignnone wp-image-629 size-full\" alt=\"Canet-en-Roussillon kermis vakantiehuis-zuid-frankrijk\" src=\"https:\/\/www.vakantiehuis-zuid-frankrijk-barcares.nl\/wp-content\/uploads\/2015\/12\/Canet-en-Roussillon-kermis-vakantiehuis-zuid-frankrijk.jpg\" srcset=\"https:\/\/www.vakantiehuis-zuid-frankrijk-barcares.nl\/wp-content\/uploads\/2015\/12\/Canet-en-Roussillon-kermis-vakantiehuis-zuid-frankrijk.jpg 2048w, https:\/\/www.vakantiehuis-zuid-frankrijk-barcares.nl\/wp-content\/uploads\/2015\/12\/Canet-en-Roussillon-kermis-vakantiehuis-zuid-frankrijk-300x225.jpg 300w, https:\/\/www.vakantiehuis-zuid-frankrijk-barcares.nl\/wp-content\/uploads\/2015\/12\/Canet-en-Roussillon-kermis-vakantiehuis-zuid-frankrijk-768x576.jpg 768w, https:\/\/www.vakantiehuis-zuid-frankrijk-barcares.nl\/wp-content\/uploads\/2015\/12\/Canet-en-Roussillon-kermis-vakantiehuis-zuid-frankrijk-1024x768.jpg 1024w, https:\/\/www.vakantiehuis-zuid-frankrijk-barcares.nl\/wp-content\/uploads\/2015\/12\/Canet-en-Roussillon-kermis-vakantiehuis-zuid-frankrijk-938x704.jpg 938w, https:\/\/www.vakantiehuis-zuid-frankrijk-barcares.nl\/wp-content\/uploads\/2015\/12\/Canet-en-Roussillon-kermis-vakantiehuis-zuid-frankrijk-1309x982.jpg 1309w\" sizes=\"auto, (max-width: 2048px) 100vw, 2048px\" \/><\/a><\/p>\n<p><strong><span style=\"color: #000000; font-family: Times New Roman;\"><a href=\"https:\/\/www.vakantiehuis-zuid-frankrijk-barcares.nl\/wp-content\/uploads\/2015\/12\/Canet-en-Roussillon-vakantievilla-huren-zuid-frankrijk.jpg\" target=\"_blank\" rel=\"attachment wp-att-524 noopener noreferrer\"><img loading=\"lazy\" decoding=\"async\" width=\"550\" height=\"412\" class=\"alignleft wp-image-524 size-full\" alt=\"Canet-en-Roussillon vakantievilla-huren-zuid-frankrijk\" src=\"https:\/\/www.vakantiehuis-zuid-frankrijk-barcares.nl\/wp-content\/uploads\/2015\/12\/Canet-en-Roussillon-vakantievilla-huren-zuid-frankrijk.jpg\" srcset=\"https:\/\/www.vakantiehuis-zuid-frankrijk-barcares.nl\/wp-content\/uploads\/2015\/12\/Canet-en-Roussillon-vakantievilla-huren-zuid-frankrijk.jpg 550w, https:\/\/www.vakantiehuis-zuid-frankrijk-barcares.nl\/wp-content\/uploads\/2015\/12\/Canet-en-Roussillon-vakantievilla-huren-zuid-frankrijk-300x225.jpg 300w\" sizes=\"auto, (max-width: 550px) 100vw, 550px\" \/><\/a>&nbsp;&nbsp;&nbsp;&nbsp;&nbsp;&nbsp;&nbsp;&nbsp;&nbsp;&nbsp;&nbsp;&nbsp;&nbsp;&nbsp; <a href=\"https:\/\/www.vakantiehuis-zuid-frankrijk-barcares.nl\/wp-content\/uploads\/2015\/12\/Canet-en-Roussillon-vakantiehuisje-huren-zuid-frankrijk.jpg\" target=\"_blank\" rel=\"attachment wp-att-529 noopener noreferrer\"><img loading=\"lazy\" decoding=\"async\" width=\"300\" height=\"199\" class=\"size-medium wp-image-529 aligncenter\" alt=\"Canet-en-Roussillon vakantiehuisje-huren-zuid-frankrijk\" src=\"https:\/\/www.vakantiehuis-zuid-frankrijk-barcares.nl\/wp-content\/uploads\/2015\/12\/Canet-en-Roussillon-vakantiehuisje-huren-zuid-frankrijk-300x199.jpg\"><\/a><\/span><\/strong><\/p>\n<p><strong><em>&nbsp;&nbsp;&nbsp;&nbsp; Cliquez sur les photos pour agrandissement<\/em><\/strong><\/p>\n<p><strong>Canet<\/strong><\/p>\n<p><span style=\"font-family: 'Proxima Nova';\"><span style=\"color: #000000;\">De grote badplaats <\/span><a href=\"http:\/\/www.france-voyage.com\/frankrijk-gids\/canet-en-roussillon-commune-26179.htm\" target=\"_blank\" rel=\"noopener noreferrer\"><b><span style=\"color: #3b5e97;\">Canet-en-Roussillon<\/span><\/b><\/a><span style=\"color: #000000;\"> heeft het ecolabel &#8220;Pavillon Bleu&#8221; toegekend gekregen voor de kwaliteit van zijn <\/span><span style=\"color: #000000;\">9 kilometer<\/span><span style=\"color: #000000;\"> lange zandstrand. <\/span><\/span><\/p>\n<p><span style=\"font-family: 'Proxima Nova';\"><span style=\"color: #000000;\">Dus de perfecte plek voor waterratten die gewoon lekker willen luieren tijdens de vakantie&#8230; Maar ook als u sport en recreatie aan de kust zoekt, heeft Canet-en-Roussillon veel te bieden! Windsurfen, kitesurfen, beachvolleybal, kajakken, paddle of jet ski\u00ebn zijn een greep uit de mogelijkheden die geboden worden. De aanwezigheid van een casino met geldmachines, restaurants, caf\u00e9&#8217;s en nachtclubs maken dat ook voor de nachtbrakers veel te beleven valt.<\/span><\/span><\/p>\n<p><span style=\"font-family: 'Proxima Nova';\"><span style=\"color: #000000;\">De Natura 2000 vijver van Canet, favoriete plek voor een groot aantal vogelsoorten, nodigt de vogelliefhebbers uit voor een wandelingetje over het ontdekkingspad met de vele vogelspotplaatsen.<\/span><\/span><\/p>\n<h3>Visnettrekken<\/h3>\n<p>Bij deze activiteit worden visnetten die achter boten aanslepen naar het strand getrokken. Daar wordt de vangst gesorteerd en verdeeld onder diegenen die geholpen hebben bij het&nbsp;aan&nbsp;strand brengen van de netten.<\/p>\n<h2><\/h2>\n<h2><strong>Leucate<\/strong><\/h2>\n<p><a href=\"https:\/\/www.vakantiehuis-zuid-frankrijk-barcares.nl\/wp-content\/uploads\/2015\/12\/Leucate-huis-huren-frankrijk.jpg\" rel=\"attachment wp-att-556\"><img loading=\"lazy\" decoding=\"async\" width=\"200\" height=\"150\" class=\"alignnone wp-image-556\" alt=\"Leucate huis-huren-frankrijk\" src=\"https:\/\/www.vakantiehuis-zuid-frankrijk-barcares.nl\/wp-content\/uploads\/2015\/12\/Leucate-huis-huren-frankrijk.jpg\"><\/a>&nbsp;&nbsp;&nbsp;&nbsp; <a href=\"https:\/\/www.vakantiehuis-zuid-frankrijk-barcares.nl\/wp-content\/uploads\/2015\/12\/Leucate-vakantiehuis-Frankrijk.jpg\" rel=\"attachment wp-att-558\"><img loading=\"lazy\" decoding=\"async\" width=\"300\" height=\"225\" class=\"alignnone wp-image-558\" alt=\"Leucate vakantiehuis-Frankrijk\" src=\"https:\/\/www.vakantiehuis-zuid-frankrijk-barcares.nl\/wp-content\/uploads\/2015\/12\/Leucate-vakantiehuis-Frankrijk.jpg\"><\/a>&nbsp;&nbsp;&nbsp; <a href=\"https:\/\/www.vakantiehuis-zuid-frankrijk-barcares.nl\/wp-content\/uploads\/2015\/12\/Leucate-vakantiehuisje-huren-zuid-frankrijk.jpg\" rel=\"attachment wp-att-560\"><img loading=\"lazy\" decoding=\"async\" width=\"600\" height=\"450\" class=\"alignnone wp-image-560\" alt=\"Leucate vakantiehuisje-huren-zuid-frankrijk\" src=\"https:\/\/www.vakantiehuis-zuid-frankrijk-barcares.nl\/wp-content\/uploads\/2015\/12\/Leucate-vakantiehuisje-huren-zuid-frankrijk.jpg\"><\/a><\/p>\n<p>Als u dan toch in Le Barcar\u00e8s op vakantie bent, is het een absolute aanrader om&nbsp;een halve of hele dag uit te trekken om te kunnen genieten van de mooie uitzichten die de havenplaats Leucate u te bieden heeft. U zult er zeker geen spijt van krijgen. Al is het alleen maar om even te verpozen en af te koelen op&nbsp;de geweldig mooie terrassen en de vele modellen jachten die daar liggen aangemeerd in de jachthaven. U zult niet de eerste zijn waarbij de zintuigen geprikkeld worden om je hele vermogen van thuis te willen gaan besteden&nbsp;voor de aanschaf van zo&#8217;n luxueuze boot&nbsp;die van alle gemakken is&nbsp;voorzien. De combinatie van het meestal erg mooie zonnige weer met het uitzicht op die gigantisch grote Middellandse Zee maakt het allemaal nog veel aantrekkelijker en brengt veel toeristen&nbsp;in extase en een fantasierijke wereld. Ook al blijken dromen vaak bedrog, u heeft na het bezoek heel zeker een serie mooie foto&#8217;s op zak, waar u nog lang thuis van kunt genieten en waarvan uw familie, vrienden en kennissen alleen maar&nbsp;van kunnen dromen dat zij dit gebied ook eens life zouden kunnen meemaken.<\/p>\n<p>Op een heldere dag kunt u vanaf&nbsp;Leucate over de gehele Middellandse Zee heen kijken richting de Spaanse grens naar de Camargue. Leucate ligt&nbsp;direct&nbsp;aan de kust van de Middellandse Zee en&nbsp;grenst aan Le Barcar\u00e8s, het maakt deel uit&nbsp;van een gedeelte van de bergketen van de Oostelijke Corbi\u00e8res,&nbsp;maritieme Corbi\u00e8res genaamd. Het ligt op 30 km afstand van de plaats Narbonne en ongeveer 30 km vanaf Perpignan. Ook deze plaatsen zijn meer dan de moeite waard voor het maken van een dagtrip vanaf Le Barcar\u00e8s en het vakantiepark La Pin\u00e8de.<\/p>\n<p>&nbsp;<\/p>\n<p>&nbsp;<\/p>\n<p>&nbsp;<\/p>\n<p>&nbsp;<\/p>\n<p>&nbsp;<\/p>\n<p>&nbsp;<\/p>","protected":false},"excerpt":{"rendered":"<p>&nbsp;&nbsp;&nbsp;&nbsp;&nbsp;&nbsp;&nbsp;&nbsp;&nbsp;&nbsp;&nbsp;&nbsp;&nbsp;&nbsp; &nbsp;&nbsp;&nbsp;&nbsp;&nbsp;&nbsp;&nbsp;&nbsp;&nbsp;&nbsp;&nbsp;&nbsp;&nbsp;&nbsp; &nbsp;&nbsp;&nbsp;&nbsp; Klik op de foto&#8217;s voor vergroting Canet De grote badplaats Canet-en-Roussillon heeft het ecolabel &#8220;Pavillon Bleu&#8221; toegekend gekregen voor de kwaliteit van zijn 9 kilometer lange zandstrand. Dus de perfecte plek voor waterratten die gewoon lekker willen luieren tijdens de vakantie&#8230; Maar ook als u sport en recreatie aan de kust zoekt, [&hellip;]<\/p>\n","protected":false},"author":2,"featured_media":0,"parent":0,"menu_order":0,"comment_status":"closed","ping_status":"closed","template":"page-templates\/full-width-wide.php","meta":{"footnotes":""},"class_list":["post-53","page","type-page","status-publish","hentry"],"yoast_head":"<!-- This site is optimized with the Yoast SEO plugin v27.4 - https:\/\/yoast.com\/product\/yoast-seo-wordpress\/ -->\n<title>Canet en Leucate - Vakantiehuis te huur in Zuid-Frankrijk<\/title>\n<meta name=\"robots\" content=\"index, follow, max-snippet:-1, max-image-preview:large, max-video-preview:-1\" \/>\n<link rel=\"canonical\" href=\"https:\/\/www.vakantiehuis-zuid-frankrijk-barcares.nl\/fr\/canet-en-leucate\/\" \/>\n<meta property=\"og:locale\" content=\"fr_FR\" \/>\n<meta property=\"og:type\" content=\"article\" \/>\n<meta property=\"og:title\" content=\"Canet en Leucate - Vakantiehuis te huur in Zuid-Frankrijk\" \/>\n<meta property=\"og:description\" content=\"&nbsp;&nbsp;&nbsp;&nbsp;&nbsp;&nbsp;&nbsp;&nbsp;&nbsp;&nbsp;&nbsp;&nbsp;&nbsp;&nbsp; &nbsp;&nbsp;&nbsp;&nbsp;&nbsp;&nbsp;&nbsp;&nbsp;&nbsp;&nbsp;&nbsp;&nbsp;&nbsp;&nbsp; &nbsp;&nbsp;&nbsp;&nbsp; Klik op de foto&#8217;s voor vergroting Canet De grote badplaats Canet-en-Roussillon heeft het ecolabel &#8220;Pavillon Bleu&#8221; toegekend gekregen voor de kwaliteit van zijn 9 kilometer lange zandstrand. Dus de perfecte plek voor waterratten die gewoon lekker willen luieren tijdens de vakantie&#8230; Maar ook als u sport en recreatie aan de kust zoekt, [&hellip;]\" \/>\n<meta property=\"og:url\" content=\"https:\/\/www.vakantiehuis-zuid-frankrijk-barcares.nl\/fr\/canet-en-leucate\/\" \/>\n<meta property=\"og:site_name\" content=\"Vakantiehuis te huur in Zuid-Frankrijk\" \/>\n<meta property=\"article:publisher\" content=\"https:\/\/www.facebook.com\/vakantiehuiszuidfrankrijkbarcares\/\" \/>\n<meta property=\"article:modified_time\" content=\"2019-05-01T05:00:08+00:00\" \/>\n<meta property=\"og:image\" content=\"https:\/\/www.vakantiehuis-zuid-frankrijk-barcares.nl\/wp-content\/uploads\/2015\/12\/Canet-en-Roussillon-boulevard-vakantiehuisje-huren-zuid-frankrijk.jpg\" \/>\n<meta name=\"twitter:card\" content=\"summary_large_image\" \/>\n<meta name=\"twitter:label1\" content=\"Dur\u00e9e de lecture estim\u00e9e\" \/>\n\t<meta name=\"twitter:data1\" content=\"3 minutes\" \/>\n<script type=\"application\/ld+json\" class=\"yoast-schema-graph\">{\"@context\":\"https:\\\/\\\/schema.org\",\"@graph\":[{\"@type\":\"WebPage\",\"@id\":\"https:\\\/\\\/www.vakantiehuis-zuid-frankrijk-barcares.nl\\\/canet-en-leucate\\\/\",\"url\":\"https:\\\/\\\/www.vakantiehuis-zuid-frankrijk-barcares.nl\\\/canet-en-leucate\\\/\",\"name\":\"Canet en Leucate - Vakantiehuis te huur in Zuid-Frankrijk\",\"isPartOf\":{\"@id\":\"https:\\\/\\\/www.vakantiehuis-zuid-frankrijk-barcares.nl\\\/#website\"},\"primaryImageOfPage\":{\"@id\":\"https:\\\/\\\/www.vakantiehuis-zuid-frankrijk-barcares.nl\\\/canet-en-leucate\\\/#primaryimage\"},\"image\":{\"@id\":\"https:\\\/\\\/www.vakantiehuis-zuid-frankrijk-barcares.nl\\\/canet-en-leucate\\\/#primaryimage\"},\"thumbnailUrl\":\"https:\\\/\\\/www.vakantiehuis-zuid-frankrijk-barcares.nl\\\/wp-content\\\/uploads\\\/2015\\\/12\\\/Canet-en-Roussillon-boulevard-vakantiehuisje-huren-zuid-frankrijk.jpg\",\"datePublished\":\"2015-12-15T09:57:36+00:00\",\"dateModified\":\"2019-05-01T05:00:08+00:00\",\"breadcrumb\":{\"@id\":\"https:\\\/\\\/www.vakantiehuis-zuid-frankrijk-barcares.nl\\\/canet-en-leucate\\\/#breadcrumb\"},\"inLanguage\":\"fr-FR\",\"potentialAction\":[{\"@type\":\"ReadAction\",\"target\":[\"https:\\\/\\\/www.vakantiehuis-zuid-frankrijk-barcares.nl\\\/canet-en-leucate\\\/\"]}]},{\"@type\":\"ImageObject\",\"inLanguage\":\"fr-FR\",\"@id\":\"https:\\\/\\\/www.vakantiehuis-zuid-frankrijk-barcares.nl\\\/canet-en-leucate\\\/#primaryimage\",\"url\":\"https:\\\/\\\/www.vakantiehuis-zuid-frankrijk-barcares.nl\\\/wp-content\\\/uploads\\\/2015\\\/12\\\/Canet-en-Roussillon-boulevard-vakantiehuisje-huren-zuid-frankrijk.jpg\",\"contentUrl\":\"https:\\\/\\\/www.vakantiehuis-zuid-frankrijk-barcares.nl\\\/wp-content\\\/uploads\\\/2015\\\/12\\\/Canet-en-Roussillon-boulevard-vakantiehuisje-huren-zuid-frankrijk.jpg\"},{\"@type\":\"BreadcrumbList\",\"@id\":\"https:\\\/\\\/www.vakantiehuis-zuid-frankrijk-barcares.nl\\\/canet-en-leucate\\\/#breadcrumb\",\"itemListElement\":[{\"@type\":\"ListItem\",\"position\":1,\"name\":\"Home\",\"item\":\"https:\\\/\\\/www.vakantiehuis-zuid-frankrijk-barcares.nl\\\/\"},{\"@type\":\"ListItem\",\"position\":2,\"name\":\"Canet en Leucate\"}]},{\"@type\":\"WebSite\",\"@id\":\"https:\\\/\\\/www.vakantiehuis-zuid-frankrijk-barcares.nl\\\/#website\",\"url\":\"https:\\\/\\\/www.vakantiehuis-zuid-frankrijk-barcares.nl\\\/\",\"name\":\"Vakantiehuis te huur in Zuid-Frankrijk\",\"description\":\"Aan Middellandse zee (400 m) op vakantiepark met zwembad &#039;R\u00e9sidence La Pin\u00e8de&#039; in Le Barcar\u00e8s in de prachtige streek Languedoc-Roussillon, Pyr\u00e9n\u00e9es-Orientales, dichtbij Perpignan. Huur direct van Nederlandse eigenaar.\",\"potentialAction\":[{\"@type\":\"SearchAction\",\"target\":{\"@type\":\"EntryPoint\",\"urlTemplate\":\"https:\\\/\\\/www.vakantiehuis-zuid-frankrijk-barcares.nl\\\/?s={search_term_string}\"},\"query-input\":{\"@type\":\"PropertyValueSpecification\",\"valueRequired\":true,\"valueName\":\"search_term_string\"}}],\"inLanguage\":\"fr-FR\"}]}<\/script>\n<!-- \/ Yoast SEO plugin. -->","yoast_head_json":{"title":"Canet en Leucate - Vakantiehuis te huur in Zuid-Frankrijk","robots":{"index":"index","follow":"follow","max-snippet":"max-snippet:-1","max-image-preview":"max-image-preview:large","max-video-preview":"max-video-preview:-1"},"canonical":"https:\/\/www.vakantiehuis-zuid-frankrijk-barcares.nl\/fr\/canet-en-leucate\/","og_locale":"fr_FR","og_type":"article","og_title":"Canet en Leucate - Vakantiehuis te huur in Zuid-Frankrijk","og_description":"&nbsp;&nbsp;&nbsp;&nbsp;&nbsp;&nbsp;&nbsp;&nbsp;&nbsp;&nbsp;&nbsp;&nbsp;&nbsp;&nbsp; &nbsp;&nbsp;&nbsp;&nbsp;&nbsp;&nbsp;&nbsp;&nbsp;&nbsp;&nbsp;&nbsp;&nbsp;&nbsp;&nbsp; &nbsp;&nbsp;&nbsp;&nbsp; Klik op de foto&#8217;s voor vergroting Canet De grote badplaats Canet-en-Roussillon heeft het ecolabel &#8220;Pavillon Bleu&#8221; toegekend gekregen voor de kwaliteit van zijn 9 kilometer lange zandstrand. Dus de perfecte plek voor waterratten die gewoon lekker willen luieren tijdens de vakantie&#8230; Maar ook als u sport en recreatie aan de kust zoekt, [&hellip;]","og_url":"https:\/\/www.vakantiehuis-zuid-frankrijk-barcares.nl\/fr\/canet-en-leucate\/","og_site_name":"Vakantiehuis te huur in Zuid-Frankrijk","article_publisher":"https:\/\/www.facebook.com\/vakantiehuiszuidfrankrijkbarcares\/","article_modified_time":"2019-05-01T05:00:08+00:00","og_image":[{"url":"https:\/\/www.vakantiehuis-zuid-frankrijk-barcares.nl\/wp-content\/uploads\/2015\/12\/Canet-en-Roussillon-boulevard-vakantiehuisje-huren-zuid-frankrijk.jpg","type":"","width":"","height":""}],"twitter_card":"summary_large_image","twitter_misc":{"Dur\u00e9e de lecture estim\u00e9e":"3 minutes"},"schema":{"@context":"https:\/\/schema.org","@graph":[{"@type":"WebPage","@id":"https:\/\/www.vakantiehuis-zuid-frankrijk-barcares.nl\/canet-en-leucate\/","url":"https:\/\/www.vakantiehuis-zuid-frankrijk-barcares.nl\/canet-en-leucate\/","name":"Canet en Leucate - Vakantiehuis te huur in Zuid-Frankrijk","isPartOf":{"@id":"https:\/\/www.vakantiehuis-zuid-frankrijk-barcares.nl\/#website"},"primaryImageOfPage":{"@id":"https:\/\/www.vakantiehuis-zuid-frankrijk-barcares.nl\/canet-en-leucate\/#primaryimage"},"image":{"@id":"https:\/\/www.vakantiehuis-zuid-frankrijk-barcares.nl\/canet-en-leucate\/#primaryimage"},"thumbnailUrl":"https:\/\/www.vakantiehuis-zuid-frankrijk-barcares.nl\/wp-content\/uploads\/2015\/12\/Canet-en-Roussillon-boulevard-vakantiehuisje-huren-zuid-frankrijk.jpg","datePublished":"2015-12-15T09:57:36+00:00","dateModified":"2019-05-01T05:00:08+00:00","breadcrumb":{"@id":"https:\/\/www.vakantiehuis-zuid-frankrijk-barcares.nl\/canet-en-leucate\/#breadcrumb"},"inLanguage":"fr-FR","potentialAction":[{"@type":"ReadAction","target":["https:\/\/www.vakantiehuis-zuid-frankrijk-barcares.nl\/canet-en-leucate\/"]}]},{"@type":"ImageObject","inLanguage":"fr-FR","@id":"https:\/\/www.vakantiehuis-zuid-frankrijk-barcares.nl\/canet-en-leucate\/#primaryimage","url":"https:\/\/www.vakantiehuis-zuid-frankrijk-barcares.nl\/wp-content\/uploads\/2015\/12\/Canet-en-Roussillon-boulevard-vakantiehuisje-huren-zuid-frankrijk.jpg","contentUrl":"https:\/\/www.vakantiehuis-zuid-frankrijk-barcares.nl\/wp-content\/uploads\/2015\/12\/Canet-en-Roussillon-boulevard-vakantiehuisje-huren-zuid-frankrijk.jpg"},{"@type":"BreadcrumbList","@id":"https:\/\/www.vakantiehuis-zuid-frankrijk-barcares.nl\/canet-en-leucate\/#breadcrumb","itemListElement":[{"@type":"ListItem","position":1,"name":"Home","item":"https:\/\/www.vakantiehuis-zuid-frankrijk-barcares.nl\/"},{"@type":"ListItem","position":2,"name":"Canet en Leucate"}]},{"@type":"WebSite","@id":"https:\/\/www.vakantiehuis-zuid-frankrijk-barcares.nl\/#website","url":"https:\/\/www.vakantiehuis-zuid-frankrijk-barcares.nl\/","name":"Vakantiehuis te huur in Zuid-Frankrijk","description":"Aan Middellandse zee (400 m) op vakantiepark met zwembad &#039;R\u00e9sidence La Pin\u00e8de&#039; in Le Barcar\u00e8s in de prachtige streek Languedoc-Roussillon, Pyr\u00e9n\u00e9es-Orientales, dichtbij Perpignan. Huur direct van Nederlandse eigenaar.","potentialAction":[{"@type":"SearchAction","target":{"@type":"EntryPoint","urlTemplate":"https:\/\/www.vakantiehuis-zuid-frankrijk-barcares.nl\/?s={search_term_string}"},"query-input":{"@type":"PropertyValueSpecification","valueRequired":true,"valueName":"search_term_string"}}],"inLanguage":"fr-FR"}]}},"_links":{"self":[{"href":"https:\/\/www.vakantiehuis-zuid-frankrijk-barcares.nl\/fr\/wp-json\/wp\/v2\/pages\/53","targetHints":{"allow":["GET"]}}],"collection":[{"href":"https:\/\/www.vakantiehuis-zuid-frankrijk-barcares.nl\/fr\/wp-json\/wp\/v2\/pages"}],"about":[{"href":"https:\/\/www.vakantiehuis-zuid-frankrijk-barcares.nl\/fr\/wp-json\/wp\/v2\/types\/page"}],"author":[{"embeddable":true,"href":"https:\/\/www.vakantiehuis-zuid-frankrijk-barcares.nl\/fr\/wp-json\/wp\/v2\/users\/2"}],"replies":[{"embeddable":true,"href":"https:\/\/www.vakantiehuis-zuid-frankrijk-barcares.nl\/fr\/wp-json\/wp\/v2\/comments?post=53"}],"version-history":[{"count":40,"href":"https:\/\/www.vakantiehuis-zuid-frankrijk-barcares.nl\/fr\/wp-json\/wp\/v2\/pages\/53\/revisions"}],"predecessor-version":[{"id":1717,"href":"https:\/\/www.vakantiehuis-zuid-frankrijk-barcares.nl\/fr\/wp-json\/wp\/v2\/pages\/53\/revisions\/1717"}],"wp:attachment":[{"href":"https:\/\/www.vakantiehuis-zuid-frankrijk-barcares.nl\/fr\/wp-json\/wp\/v2\/media?parent=53"}],"curies":[{"name":"wp","href":"https:\/\/api.w.org\/{rel}","templated":true}]}}