{"id":55,"date":"2015-12-15T09:57:54","date_gmt":"2015-12-15T09:57:54","guid":{"rendered":"http:\/\/www.vakantiehuis-zuid-frankrijk-barcares.nl\/?page_id=55"},"modified":"2019-05-01T05:01:20","modified_gmt":"2019-05-01T05:01:20","slug":"coullioure","status":"publish","type":"page","link":"https:\/\/www.vakantiehuis-zuid-frankrijk-barcares.nl\/fr\/coullioure\/","title":{"rendered":"Coullioure"},"content":{"rendered":"<p><a href=\"http:\/\/www.vakantiehuis-zuid-frankrijk-barcares.nl\/wp-content\/uploads\/2015\/12\/Coullioure-vakantie-huis-frankrijk-aan-zee.jpg\" rel=\"attachment wp-att-446\"><img loading=\"lazy\" decoding=\"async\" width=\"987\" height=\"740\" class=\"alignleft wp-image-446 size-large\" alt=\"Coullioure vakantie-huis-frankrijk-aan-zee\" src=\"http:\/\/www.vakantiehuis-zuid-frankrijk-barcares.nl\/wp-content\/uploads\/2015\/12\/Coullioure-vakantie-huis-frankrijk-aan-zee-1024x768.jpg\" srcset=\"https:\/\/www.vakantiehuis-zuid-frankrijk-barcares.nl\/wp-content\/uploads\/2015\/12\/Coullioure-vakantie-huis-frankrijk-aan-zee-1024x768.jpg 1024w, https:\/\/www.vakantiehuis-zuid-frankrijk-barcares.nl\/wp-content\/uploads\/2015\/12\/Coullioure-vakantie-huis-frankrijk-aan-zee-300x225.jpg 300w, https:\/\/www.vakantiehuis-zuid-frankrijk-barcares.nl\/wp-content\/uploads\/2015\/12\/Coullioure-vakantie-huis-frankrijk-aan-zee-768x576.jpg 768w, https:\/\/www.vakantiehuis-zuid-frankrijk-barcares.nl\/wp-content\/uploads\/2015\/12\/Coullioure-vakantie-huis-frankrijk-aan-zee-938x704.jpg 938w, https:\/\/www.vakantiehuis-zuid-frankrijk-barcares.nl\/wp-content\/uploads\/2015\/12\/Coullioure-vakantie-huis-frankrijk-aan-zee.jpg 1280w\" sizes=\"auto, (max-width: 987px) 100vw, 987px\" \/><\/a><\/p>\n<p><a href=\"http:\/\/www.vakantiehuis-zuid-frankrijk-barcares.nl\/wp-content\/uploads\/2015\/12\/Coullioure-vakantiehuisje-huren-zuid-frankrijk.jpg\" rel=\"attachment wp-att-448\"><img loading=\"lazy\" decoding=\"async\" width=\"987\" height=\"740\" class=\"alignleft wp-image-448 size-large\" alt=\"Coullioure vakantiehuisje-huren-zuid-frankrijk\" src=\"http:\/\/www.vakantiehuis-zuid-frankrijk-barcares.nl\/wp-content\/uploads\/2015\/12\/Coullioure-vakantiehuisje-huren-zuid-frankrijk-1024x768.jpg\" srcset=\"https:\/\/www.vakantiehuis-zuid-frankrijk-barcares.nl\/wp-content\/uploads\/2015\/12\/Coullioure-vakantiehuisje-huren-zuid-frankrijk-1024x768.jpg 1024w, https:\/\/www.vakantiehuis-zuid-frankrijk-barcares.nl\/wp-content\/uploads\/2015\/12\/Coullioure-vakantiehuisje-huren-zuid-frankrijk-300x225.jpg 300w, https:\/\/www.vakantiehuis-zuid-frankrijk-barcares.nl\/wp-content\/uploads\/2015\/12\/Coullioure-vakantiehuisje-huren-zuid-frankrijk-768x576.jpg 768w, https:\/\/www.vakantiehuis-zuid-frankrijk-barcares.nl\/wp-content\/uploads\/2015\/12\/Coullioure-vakantiehuisje-huren-zuid-frankrijk-938x704.jpg 938w, https:\/\/www.vakantiehuis-zuid-frankrijk-barcares.nl\/wp-content\/uploads\/2015\/12\/Coullioure-vakantiehuisje-huren-zuid-frankrijk.jpg 1280w\" sizes=\"auto, (max-width: 987px) 100vw, 987px\" \/><\/a><strong>Collioure<\/strong><\/p>\n<p>In de Middeleeuwen was Collioure een belangrijke havenstad. Het viel onder het koninkrijk Mallorca. De koningen van Mallorca bouwden hun zomerpaleis midden in de huidige stad. Het is een schilderachtig plaatsje dat tegen de rotsen is aangeplakt. Je&nbsp;vindt er o.a.&nbsp;een kerkje uit de 15e eeuw ( <span style=\"color: #333399;\"><strong>Notre-Dame-del-Prats<\/strong> <\/span>) en een klein haventje met veel authentieke vissersbootjes; de Barcas Catalanes. Het imposante kasteel&nbsp; ( <span style=\"color: #333399;\"><strong>Chateaux Royal<\/strong> <\/span>) is nog steeds het middelpunt van de stad en kan worden bezocht, hetgeen zeer de moeite waard is. In 1463 vielen de troepen van <a title=\"Lodewijk XI van Frankrijk\" href=\"https:\/\/nl.wikipedia.org\/wiki\/Lodewijk_XI_van_Frankrijk\" target=\"_blank\" rel=\"noopener noreferrer\"><span style=\"color: #0066cc;\">Lodewijk XI<\/span><\/a> binnen. De stad bleef lang speelbal tussen de Franse en Spaanse machthebbers. Eerst Lodewijk XIV wist de langdurige twisten in zijn voordeel te beslissen. Eind 17e eeuw werd Collioure definitief Frans. Het verloor vrij snel daarna zijn strategische waarde, ondanks dat nog steeds Franse mariniers in de plaats zijn gevestigd, in het fort boven de stad. U kunt ook de grot van Maria Magdalena gaan bezoeken.<\/p>\n<p>Het kustplaatsje heeft een rijke historie en is qua sfeer vergelijkbaar met Saint Tropez. Sinds 1669 hoort dit Catalaanse stadje bij Frankrijk. Schilders als Matisse, Dal\u00ed en Picasso werden verliefd op Collioure vanwege de bijzondere kleuren, de vissersbootjes en de rotsen.<\/p>\n<p>In begin van de 20e eeuw werd Collioure het centrum van artistieke activiteit, met verschillende <a title=\"Fauvisme\" href=\"https:\/\/nl.wikipedia.org\/wiki\/Fauvisme\" target=\"_blank\" rel=\"noopener noreferrer\"><span style=\"color: #0066cc;\">fauvistische<\/span><\/a> kunstschilders die elkaar ontmoeten. Dat waren onder andere <a title=\"Andr\u00e9 Derain\" href=\"https:\/\/nl.wikipedia.org\/wiki\/Andr%C3%A9_Derain\" target=\"_blank\" rel=\"noopener noreferrer\"><span style=\"color: #0066cc;\">Andr\u00e9 Derain<\/span><\/a>, <a title=\"Georges Braque\" href=\"https:\/\/nl.wikipedia.org\/wiki\/Georges_Braque\" target=\"_blank\" rel=\"noopener noreferrer\"><span style=\"color: #0066cc;\">Georges Braque<\/span><\/a>, <a title=\"Othon Friesz\" href=\"https:\/\/nl.wikipedia.org\/wiki\/Othon_Friesz\" target=\"_blank\" rel=\"noopener noreferrer\"><span style=\"color: #0066cc;\">Othon Friesz<\/span><\/a>, <a title=\"Henri Matisse\" href=\"https:\/\/nl.wikipedia.org\/wiki\/Henri_Matisse\" target=\"_blank\" rel=\"noopener noreferrer\"><span style=\"color: #0066cc;\">Henri Matisse<\/span><\/a>, <a title=\"Pablo Picasso\" href=\"https:\/\/nl.wikipedia.org\/wiki\/Pablo_Picasso\" target=\"_blank\" rel=\"noopener noreferrer\"><span style=\"color: #0066cc;\">Pablo Picasso<\/span><\/a>, <a title=\"Charles Rennie Mackintosh\" href=\"https:\/\/nl.wikipedia.org\/wiki\/Charles_Rennie_Mackintosh\" target=\"_blank\" rel=\"noopener noreferrer\"><span style=\"color: #0066cc;\">Charles Rennie Mackintosh<\/span><\/a> et <a title=\"Tsuguharu Foujita\" href=\"https:\/\/nl.wikipedia.org\/wiki\/Tsuguharu_Foujita\"><span style=\"color: #0066cc;\">Tsuguharu Foujita<\/span><\/a>. Ze werden door hun omgeving ge\u00efnspireerd met het kasteel van Collioure, de oude straatjes, de vuurtoren, de Notre-Dame-des-Anges en de Middellandse Zee.<\/p>\n<p>In 1887 schiderde <a title=\"Paul Signac\" href=\"https:\/\/nl.wikipedia.org\/wiki\/Paul_Signac\" target=\"_blank\" rel=\"noopener noreferrer\"><span style=\"color: #0066cc;\">Paul Signac<\/span><\/a> er zijn <i>Gezicht op Collioure<\/i>.<\/p>\n<h3><strong><span class=\"mw-headline\" id=\"Culinair\">Culinair<\/span><\/strong><\/h3>\n<p><span style=\"color: #000080;\"><strong>Ansjovis<\/strong><\/span><\/p>\n<p>Collioure geldt in de culinaire wereld als de hoofdstad van de <a title=\"Ansjovis\" href=\"https:\/\/nl.wikipedia.org\/wiki\/Ansjovis\" target=\"_blank\" rel=\"noopener noreferrer\"><span style=\"color: #0066cc;\">ansjovis<\/span><\/a>.<\/p>\n<dl>\n<dt>\n<h3>Koek<\/h3>\n<\/dt>\n<\/dl>\n<p>Een specialiteit van Collioure is <i>Le Croquant<\/i>, een koek versierd met amandelen of chocoladesnippers.<\/p>\n<dl>\n<dt>\n<h3>Wijn<\/h3>\n<\/dt>\n<\/dl>\n<p>De wijnboeren in het dorp mogen de <a title=\"Appellation d'Origine Contr\u00f4l\u00e9e\" href=\"https:\/\/nl.wikipedia.org\/wiki\/Appellation_d%27Origine_Contr%C3%B4l%C3%A9e\" target=\"_blank\" rel=\"noopener noreferrer\"><span style=\"color: #0066cc;\">AOC<\/span><\/a> Collioure voeren. Sinds 1971 heeft de rode Collioure een AOC, de ros\u00e9 sinds 1991 en de zeldzame witte sinds 2002. De wijnstokken zijn op steile terrassen geplant van zwart leisteen. Deze worden in de zon, die meer dan 300 dagen per jaar schijnt, erg warm. Mooie omstandigheden voor de voor rode wijn gebruikte druivenrassen: <a title=\"Grenache Noir\" href=\"https:\/\/nl.wikipedia.org\/wiki\/Grenache_Noir\" target=\"_blank\" rel=\"noopener noreferrer\"><span style=\"color: #0066cc;\">Grenache Noir<\/span><\/a>, <a title=\"Mourv\u00e8dre\" href=\"https:\/\/nl.wikipedia.org\/wiki\/Mourv%C3%A8dre\" target=\"_blank\" rel=\"noopener noreferrer\"><span style=\"color: #0066cc;\">Mourv\u00e8dre<\/span><\/a> et <a title=\"Syrah\" href=\"https:\/\/nl.wikipedia.org\/wiki\/Syrah\" target=\"_blank\" rel=\"noopener noreferrer\"><span style=\"color: #0066cc;\">Syrah<\/span><\/a>. Maar ook voor de <i>Grenache blanc<\/i> et <i>Grenache gris<\/i>, waaruit de witte wijn gemaakt wordt. Het meest bekende lokale wijnhuis zijn <i>Domaine de Mas Blanc<\/i> et <i>Domaine de Rectorie<\/i>. Erg in opkomst is <i>Coume del Mas<\/i>. Regelmatig scoren de wijnen van Collioure 90 of meer bij <a title=\"Robert M. Parker\" href=\"https:\/\/nl.wikipedia.org\/wiki\/Robert_M._Parker\" target=\"_blank\" rel=\"noopener noreferrer\"><span style=\"color: #0066cc;\">Robert Parker<\/span><\/a> en zijn dus van wereldklasse. Uit <a title=\"Banyuls-sur-Mer\" href=\"https:\/\/nl.wikipedia.org\/wiki\/Banyuls-sur-Mer\" target=\"_blank\" rel=\"noopener noreferrer\"><span style=\"color: #0066cc;\">Banyuls-sur-Mer<\/span><\/a>, dat dichtbij naast Collioure ligt, komt de <a title=\"Banyuls (wijn)\" href=\"https:\/\/nl.wikipedia.org\/wiki\/Banyuls_(wijn)\" target=\"_blank\" rel=\"noopener noreferrer\"><span style=\"color: #0066cc;\">de wijn uit Banyuls<\/span><\/a>.<\/p>\n<h3><strong><span class=\"mw-headline\" id=\"Bezienswaardigheden\">Bezienswaardigheden<\/span><\/strong><\/h3>\n<ul>\n<li>Eiland Ilot St-Vicent<\/li>\n<li>Vieux Quartier du Mour\u00e9<\/li>\n<li>Brasserie van H\u00f4tel des Templiers<\/li>\n<li>Ch\u00e2teau Royal tussen Port d&#8217;Avall en Port d&#8217;Amont<\/li>\n<li>Chemin du Fauvisme<\/li>\n<li>Chapelle Notre-Dame-des-Anges<\/li>\n<li>De \u00c9glise St. Vincent<\/li>\n<li>Het museum van Moderne kunst van Jean Pesk\u00e9<\/li>\n<li><\/li>\n<\/ul>\n<h3><strong><span class=\"mw-headline\" id=\"Musea\">Musea<\/span><\/strong><\/h3>\n<div><\/div>\n<div>Mus\u00e9e d&#8217;Art Moderne, in Villa Pams<\/div>","protected":false},"excerpt":{"rendered":"<p>Collioure In de Middeleeuwen was Collioure een belangrijke havenstad. Het viel onder het koninkrijk Mallorca. De koningen van Mallorca bouwden hun zomerpaleis midden in de huidige stad. Het is een schilderachtig plaatsje dat tegen de rotsen is aangeplakt. Je&nbsp;vindt er o.a.&nbsp;een kerkje uit de 15e eeuw ( Notre-Dame-del-Prats ) en een klein haventje met veel [&hellip;]<\/p>\n","protected":false},"author":2,"featured_media":0,"parent":0,"menu_order":0,"comment_status":"closed","ping_status":"closed","template":"page-templates\/full-width-wide.php","meta":{"footnotes":""},"class_list":["post-55","page","type-page","status-publish","hentry"],"yoast_head":"<!-- This site is optimized with the Yoast SEO plugin v27.4 - https:\/\/yoast.com\/product\/yoast-seo-wordpress\/ -->\n<title>Coullioure - Vakantiehuis te huur in Zuid-Frankrijk<\/title>\n<meta name=\"robots\" content=\"index, follow, max-snippet:-1, max-image-preview:large, max-video-preview:-1\" \/>\n<link rel=\"canonical\" href=\"https:\/\/www.vakantiehuis-zuid-frankrijk-barcares.nl\/fr\/coullioure\/\" \/>\n<meta property=\"og:locale\" content=\"fr_FR\" \/>\n<meta property=\"og:type\" content=\"article\" \/>\n<meta property=\"og:title\" content=\"Coullioure - Vakantiehuis te huur in Zuid-Frankrijk\" \/>\n<meta property=\"og:description\" content=\"Collioure In de Middeleeuwen was Collioure een belangrijke havenstad. Het viel onder het koninkrijk Mallorca. De koningen van Mallorca bouwden hun zomerpaleis midden in de huidige stad. Het is een schilderachtig plaatsje dat tegen de rotsen is aangeplakt. Je&nbsp;vindt er o.a.&nbsp;een kerkje uit de 15e eeuw ( Notre-Dame-del-Prats ) en een klein haventje met veel [&hellip;]\" \/>\n<meta property=\"og:url\" content=\"https:\/\/www.vakantiehuis-zuid-frankrijk-barcares.nl\/fr\/coullioure\/\" \/>\n<meta property=\"og:site_name\" content=\"Vakantiehuis te huur in Zuid-Frankrijk\" \/>\n<meta property=\"article:publisher\" content=\"https:\/\/www.facebook.com\/vakantiehuiszuidfrankrijkbarcares\/\" \/>\n<meta property=\"article:modified_time\" content=\"2019-05-01T05:01:20+00:00\" \/>\n<meta property=\"og:image\" content=\"http:\/\/www.vakantiehuis-zuid-frankrijk-barcares.nl\/wp-content\/uploads\/2015\/12\/Coullioure-vakantie-huis-frankrijk-aan-zee-1024x768.jpg\" \/>\n<meta name=\"twitter:card\" content=\"summary_large_image\" \/>\n<meta name=\"twitter:label1\" content=\"Dur\u00e9e de lecture estim\u00e9e\" \/>\n\t<meta name=\"twitter:data1\" content=\"2 minutes\" \/>\n<script type=\"application\/ld+json\" class=\"yoast-schema-graph\">{\"@context\":\"https:\\\/\\\/schema.org\",\"@graph\":[{\"@type\":\"WebPage\",\"@id\":\"https:\\\/\\\/www.vakantiehuis-zuid-frankrijk-barcares.nl\\\/coullioure\\\/\",\"url\":\"https:\\\/\\\/www.vakantiehuis-zuid-frankrijk-barcares.nl\\\/coullioure\\\/\",\"name\":\"Coullioure - Vakantiehuis te huur in Zuid-Frankrijk\",\"isPartOf\":{\"@id\":\"https:\\\/\\\/www.vakantiehuis-zuid-frankrijk-barcares.nl\\\/#website\"},\"primaryImageOfPage\":{\"@id\":\"https:\\\/\\\/www.vakantiehuis-zuid-frankrijk-barcares.nl\\\/coullioure\\\/#primaryimage\"},\"image\":{\"@id\":\"https:\\\/\\\/www.vakantiehuis-zuid-frankrijk-barcares.nl\\\/coullioure\\\/#primaryimage\"},\"thumbnailUrl\":\"http:\\\/\\\/www.vakantiehuis-zuid-frankrijk-barcares.nl\\\/wp-content\\\/uploads\\\/2015\\\/12\\\/Coullioure-vakantie-huis-frankrijk-aan-zee-1024x768.jpg\",\"datePublished\":\"2015-12-15T09:57:54+00:00\",\"dateModified\":\"2019-05-01T05:01:20+00:00\",\"breadcrumb\":{\"@id\":\"https:\\\/\\\/www.vakantiehuis-zuid-frankrijk-barcares.nl\\\/coullioure\\\/#breadcrumb\"},\"inLanguage\":\"fr-FR\",\"potentialAction\":[{\"@type\":\"ReadAction\",\"target\":[\"https:\\\/\\\/www.vakantiehuis-zuid-frankrijk-barcares.nl\\\/coullioure\\\/\"]}]},{\"@type\":\"ImageObject\",\"inLanguage\":\"fr-FR\",\"@id\":\"https:\\\/\\\/www.vakantiehuis-zuid-frankrijk-barcares.nl\\\/coullioure\\\/#primaryimage\",\"url\":\"http:\\\/\\\/www.vakantiehuis-zuid-frankrijk-barcares.nl\\\/wp-content\\\/uploads\\\/2015\\\/12\\\/Coullioure-vakantie-huis-frankrijk-aan-zee-1024x768.jpg\",\"contentUrl\":\"http:\\\/\\\/www.vakantiehuis-zuid-frankrijk-barcares.nl\\\/wp-content\\\/uploads\\\/2015\\\/12\\\/Coullioure-vakantie-huis-frankrijk-aan-zee-1024x768.jpg\"},{\"@type\":\"BreadcrumbList\",\"@id\":\"https:\\\/\\\/www.vakantiehuis-zuid-frankrijk-barcares.nl\\\/coullioure\\\/#breadcrumb\",\"itemListElement\":[{\"@type\":\"ListItem\",\"position\":1,\"name\":\"Home\",\"item\":\"https:\\\/\\\/www.vakantiehuis-zuid-frankrijk-barcares.nl\\\/\"},{\"@type\":\"ListItem\",\"position\":2,\"name\":\"Coullioure\"}]},{\"@type\":\"WebSite\",\"@id\":\"https:\\\/\\\/www.vakantiehuis-zuid-frankrijk-barcares.nl\\\/#website\",\"url\":\"https:\\\/\\\/www.vakantiehuis-zuid-frankrijk-barcares.nl\\\/\",\"name\":\"Vakantiehuis te huur in Zuid-Frankrijk\",\"description\":\"Aan Middellandse zee (400 m) op vakantiepark met zwembad &#039;R\u00e9sidence La Pin\u00e8de&#039; in Le Barcar\u00e8s in de prachtige streek Languedoc-Roussillon, Pyr\u00e9n\u00e9es-Orientales, dichtbij Perpignan. Huur direct van Nederlandse eigenaar.\",\"potentialAction\":[{\"@type\":\"SearchAction\",\"target\":{\"@type\":\"EntryPoint\",\"urlTemplate\":\"https:\\\/\\\/www.vakantiehuis-zuid-frankrijk-barcares.nl\\\/?s={search_term_string}\"},\"query-input\":{\"@type\":\"PropertyValueSpecification\",\"valueRequired\":true,\"valueName\":\"search_term_string\"}}],\"inLanguage\":\"fr-FR\"}]}<\/script>\n<!-- \/ Yoast SEO plugin. -->","yoast_head_json":{"title":"Coullioure - Vakantiehuis te huur in Zuid-Frankrijk","robots":{"index":"index","follow":"follow","max-snippet":"max-snippet:-1","max-image-preview":"max-image-preview:large","max-video-preview":"max-video-preview:-1"},"canonical":"https:\/\/www.vakantiehuis-zuid-frankrijk-barcares.nl\/fr\/coullioure\/","og_locale":"fr_FR","og_type":"article","og_title":"Coullioure - Vakantiehuis te huur in Zuid-Frankrijk","og_description":"Collioure In de Middeleeuwen was Collioure een belangrijke havenstad. Het viel onder het koninkrijk Mallorca. De koningen van Mallorca bouwden hun zomerpaleis midden in de huidige stad. Het is een schilderachtig plaatsje dat tegen de rotsen is aangeplakt. Je&nbsp;vindt er o.a.&nbsp;een kerkje uit de 15e eeuw ( Notre-Dame-del-Prats ) en een klein haventje met veel [&hellip;]","og_url":"https:\/\/www.vakantiehuis-zuid-frankrijk-barcares.nl\/fr\/coullioure\/","og_site_name":"Vakantiehuis te huur in Zuid-Frankrijk","article_publisher":"https:\/\/www.facebook.com\/vakantiehuiszuidfrankrijkbarcares\/","article_modified_time":"2019-05-01T05:01:20+00:00","og_image":[{"url":"http:\/\/www.vakantiehuis-zuid-frankrijk-barcares.nl\/wp-content\/uploads\/2015\/12\/Coullioure-vakantie-huis-frankrijk-aan-zee-1024x768.jpg","type":"","width":"","height":""}],"twitter_card":"summary_large_image","twitter_misc":{"Dur\u00e9e de lecture estim\u00e9e":"2 minutes"},"schema":{"@context":"https:\/\/schema.org","@graph":[{"@type":"WebPage","@id":"https:\/\/www.vakantiehuis-zuid-frankrijk-barcares.nl\/coullioure\/","url":"https:\/\/www.vakantiehuis-zuid-frankrijk-barcares.nl\/coullioure\/","name":"Coullioure - Vakantiehuis te huur in Zuid-Frankrijk","isPartOf":{"@id":"https:\/\/www.vakantiehuis-zuid-frankrijk-barcares.nl\/#website"},"primaryImageOfPage":{"@id":"https:\/\/www.vakantiehuis-zuid-frankrijk-barcares.nl\/coullioure\/#primaryimage"},"image":{"@id":"https:\/\/www.vakantiehuis-zuid-frankrijk-barcares.nl\/coullioure\/#primaryimage"},"thumbnailUrl":"http:\/\/www.vakantiehuis-zuid-frankrijk-barcares.nl\/wp-content\/uploads\/2015\/12\/Coullioure-vakantie-huis-frankrijk-aan-zee-1024x768.jpg","datePublished":"2015-12-15T09:57:54+00:00","dateModified":"2019-05-01T05:01:20+00:00","breadcrumb":{"@id":"https:\/\/www.vakantiehuis-zuid-frankrijk-barcares.nl\/coullioure\/#breadcrumb"},"inLanguage":"fr-FR","potentialAction":[{"@type":"ReadAction","target":["https:\/\/www.vakantiehuis-zuid-frankrijk-barcares.nl\/coullioure\/"]}]},{"@type":"ImageObject","inLanguage":"fr-FR","@id":"https:\/\/www.vakantiehuis-zuid-frankrijk-barcares.nl\/coullioure\/#primaryimage","url":"http:\/\/www.vakantiehuis-zuid-frankrijk-barcares.nl\/wp-content\/uploads\/2015\/12\/Coullioure-vakantie-huis-frankrijk-aan-zee-1024x768.jpg","contentUrl":"http:\/\/www.vakantiehuis-zuid-frankrijk-barcares.nl\/wp-content\/uploads\/2015\/12\/Coullioure-vakantie-huis-frankrijk-aan-zee-1024x768.jpg"},{"@type":"BreadcrumbList","@id":"https:\/\/www.vakantiehuis-zuid-frankrijk-barcares.nl\/coullioure\/#breadcrumb","itemListElement":[{"@type":"ListItem","position":1,"name":"Home","item":"https:\/\/www.vakantiehuis-zuid-frankrijk-barcares.nl\/"},{"@type":"ListItem","position":2,"name":"Coullioure"}]},{"@type":"WebSite","@id":"https:\/\/www.vakantiehuis-zuid-frankrijk-barcares.nl\/#website","url":"https:\/\/www.vakantiehuis-zuid-frankrijk-barcares.nl\/","name":"Vakantiehuis te huur in Zuid-Frankrijk","description":"Aan Middellandse zee (400 m) op vakantiepark met zwembad &#039;R\u00e9sidence La Pin\u00e8de&#039; in Le Barcar\u00e8s in de prachtige streek Languedoc-Roussillon, Pyr\u00e9n\u00e9es-Orientales, dichtbij Perpignan. Huur direct van Nederlandse eigenaar.","potentialAction":[{"@type":"SearchAction","target":{"@type":"EntryPoint","urlTemplate":"https:\/\/www.vakantiehuis-zuid-frankrijk-barcares.nl\/?s={search_term_string}"},"query-input":{"@type":"PropertyValueSpecification","valueRequired":true,"valueName":"search_term_string"}}],"inLanguage":"fr-FR"}]}},"_links":{"self":[{"href":"https:\/\/www.vakantiehuis-zuid-frankrijk-barcares.nl\/fr\/wp-json\/wp\/v2\/pages\/55","targetHints":{"allow":["GET"]}}],"collection":[{"href":"https:\/\/www.vakantiehuis-zuid-frankrijk-barcares.nl\/fr\/wp-json\/wp\/v2\/pages"}],"about":[{"href":"https:\/\/www.vakantiehuis-zuid-frankrijk-barcares.nl\/fr\/wp-json\/wp\/v2\/types\/page"}],"author":[{"embeddable":true,"href":"https:\/\/www.vakantiehuis-zuid-frankrijk-barcares.nl\/fr\/wp-json\/wp\/v2\/users\/2"}],"replies":[{"embeddable":true,"href":"https:\/\/www.vakantiehuis-zuid-frankrijk-barcares.nl\/fr\/wp-json\/wp\/v2\/comments?post=55"}],"version-history":[{"count":18,"href":"https:\/\/www.vakantiehuis-zuid-frankrijk-barcares.nl\/fr\/wp-json\/wp\/v2\/pages\/55\/revisions"}],"predecessor-version":[{"id":1719,"href":"https:\/\/www.vakantiehuis-zuid-frankrijk-barcares.nl\/fr\/wp-json\/wp\/v2\/pages\/55\/revisions\/1719"}],"wp:attachment":[{"href":"https:\/\/www.vakantiehuis-zuid-frankrijk-barcares.nl\/fr\/wp-json\/wp\/v2\/media?parent=55"}],"curies":[{"name":"wp","href":"https:\/\/api.w.org\/{rel}","templated":true}]}}