{"id":57,"date":"2015-12-15T09:58:08","date_gmt":"2015-12-15T09:58:08","guid":{"rendered":"http:\/\/www.vakantiehuis-zuid-frankrijk-barcares.nl\/?page_id=57"},"modified":"2019-05-01T04:58:34","modified_gmt":"2019-05-01T04:58:34","slug":"carcassonne","status":"publish","type":"page","link":"https:\/\/www.vakantiehuis-zuid-frankrijk-barcares.nl\/fr\/carcassonne\/","title":{"rendered":"Carcassonne"},"content":{"rendered":"<p><a href=\"http:\/\/www.vakantiehuis-zuid-frankrijk-barcares.nl\/wp-content\/uploads\/2015\/12\/Carcassonne-vakantie-zuid-frankrijk.jpg\" rel=\"attachment wp-att-311\"><img loading=\"lazy\" decoding=\"async\" width=\"900\" height=\"300\" class=\"alignnone wp-image-311 size-full\" alt=\"Carcassonne vakantie-zuid-frankrijk\" src=\"http:\/\/www.vakantiehuis-zuid-frankrijk-barcares.nl\/wp-content\/uploads\/2015\/12\/Carcassonne-vakantie-zuid-frankrijk.jpg\" srcset=\"https:\/\/www.vakantiehuis-zuid-frankrijk-barcares.nl\/wp-content\/uploads\/2015\/12\/Carcassonne-vakantie-zuid-frankrijk.jpg 900w, https:\/\/www.vakantiehuis-zuid-frankrijk-barcares.nl\/wp-content\/uploads\/2015\/12\/Carcassonne-vakantie-zuid-frankrijk-300x100.jpg 300w, https:\/\/www.vakantiehuis-zuid-frankrijk-barcares.nl\/wp-content\/uploads\/2015\/12\/Carcassonne-vakantie-zuid-frankrijk-768x256.jpg 768w\" sizes=\"auto, (max-width: 900px) 100vw, 900px\" \/><\/a><\/p>\n<p><a href=\"http:\/\/www.vakantiehuis-zuid-frankrijk-barcares.nl\/wp-content\/uploads\/2015\/12\/Carcassonne-vakantievilla-huren-zuid-frankrijk.jpg\" rel=\"attachment wp-att-310\"><img loading=\"lazy\" decoding=\"async\" width=\"987\" height=\"555\" class=\"alignnone wp-image-310 size-large\" alt=\"Carcassonne vakantievilla-huren-zuid-frankrijk\" src=\"http:\/\/www.vakantiehuis-zuid-frankrijk-barcares.nl\/wp-content\/uploads\/2015\/12\/Carcassonne-vakantievilla-huren-zuid-frankrijk-1024x576.jpg\" srcset=\"https:\/\/www.vakantiehuis-zuid-frankrijk-barcares.nl\/wp-content\/uploads\/2015\/12\/Carcassonne-vakantievilla-huren-zuid-frankrijk.jpg 1024w, https:\/\/www.vakantiehuis-zuid-frankrijk-barcares.nl\/wp-content\/uploads\/2015\/12\/Carcassonne-vakantievilla-huren-zuid-frankrijk-300x169.jpg 300w, https:\/\/www.vakantiehuis-zuid-frankrijk-barcares.nl\/wp-content\/uploads\/2015\/12\/Carcassonne-vakantievilla-huren-zuid-frankrijk-768x432.jpg 768w, https:\/\/www.vakantiehuis-zuid-frankrijk-barcares.nl\/wp-content\/uploads\/2015\/12\/Carcassonne-vakantievilla-huren-zuid-frankrijk-938x528.jpg 938w\" sizes=\"auto, (max-width: 987px) 100vw, 987px\" \/><\/a><\/p>\n<p><a href=\"http:\/\/www.vakantiehuis-zuid-frankrijk-barcares.nl\/wp-content\/uploads\/2015\/12\/Carcassonne-huis-huren-frankrijk.jpg\" rel=\"attachment wp-att-308\"><img loading=\"lazy\" decoding=\"async\" width=\"987\" height=\"136\" class=\"alignnone wp-image-308 size-large\" alt=\"Carcassonne huis-huren-frankrijk\" src=\"http:\/\/www.vakantiehuis-zuid-frankrijk-barcares.nl\/wp-content\/uploads\/2015\/12\/Carcassonne-huis-huren-frankrijk-1024x141.jpg\" srcset=\"https:\/\/www.vakantiehuis-zuid-frankrijk-barcares.nl\/wp-content\/uploads\/2015\/12\/Carcassonne-huis-huren-frankrijk-1024x141.jpg 1024w, https:\/\/www.vakantiehuis-zuid-frankrijk-barcares.nl\/wp-content\/uploads\/2015\/12\/Carcassonne-huis-huren-frankrijk-300x41.jpg 300w, https:\/\/www.vakantiehuis-zuid-frankrijk-barcares.nl\/wp-content\/uploads\/2015\/12\/Carcassonne-huis-huren-frankrijk-768x106.jpg 768w, https:\/\/www.vakantiehuis-zuid-frankrijk-barcares.nl\/wp-content\/uploads\/2015\/12\/Carcassonne-huis-huren-frankrijk-938x129.jpg 938w, https:\/\/www.vakantiehuis-zuid-frankrijk-barcares.nl\/wp-content\/uploads\/2015\/12\/Carcassonne-huis-huren-frankrijk-1309x181.jpg 1309w, https:\/\/www.vakantiehuis-zuid-frankrijk-barcares.nl\/wp-content\/uploads\/2015\/12\/Carcassonne-huis-huren-frankrijk.jpg 1920w\" sizes=\"auto, (max-width: 987px) 100vw, 987px\" \/><\/a><\/p>\n<p><a href=\"http:\/\/www.vakantiehuis-zuid-frankrijk-barcares.nl\/wp-content\/uploads\/2015\/12\/Carcassonne-vakantie-huis-frankrijk-aan-zee.jpg\" rel=\"attachment wp-att-309\"><img loading=\"lazy\" decoding=\"async\" width=\"987\" height=\"279\" class=\"wp-image-309 size-large alignright\" alt=\"Carcassonne vakantie-huis-frankrijk-aan-zee\" src=\"http:\/\/www.vakantiehuis-zuid-frankrijk-barcares.nl\/wp-content\/uploads\/2015\/12\/Carcassonne-vakantie-huis-frankrijk-aan-zee-1024x289.jpg\" srcset=\"https:\/\/www.vakantiehuis-zuid-frankrijk-barcares.nl\/wp-content\/uploads\/2015\/12\/Carcassonne-vakantie-huis-frankrijk-aan-zee-1024x289.jpg 1024w, https:\/\/www.vakantiehuis-zuid-frankrijk-barcares.nl\/wp-content\/uploads\/2015\/12\/Carcassonne-vakantie-huis-frankrijk-aan-zee-300x85.jpg 300w, https:\/\/www.vakantiehuis-zuid-frankrijk-barcares.nl\/wp-content\/uploads\/2015\/12\/Carcassonne-vakantie-huis-frankrijk-aan-zee-768x216.jpg 768w, https:\/\/www.vakantiehuis-zuid-frankrijk-barcares.nl\/wp-content\/uploads\/2015\/12\/Carcassonne-vakantie-huis-frankrijk-aan-zee-938x264.jpg 938w, https:\/\/www.vakantiehuis-zuid-frankrijk-barcares.nl\/wp-content\/uploads\/2015\/12\/Carcassonne-vakantie-huis-frankrijk-aan-zee-1309x369.jpg 1309w, https:\/\/www.vakantiehuis-zuid-frankrijk-barcares.nl\/wp-content\/uploads\/2015\/12\/Carcassonne-vakantie-huis-frankrijk-aan-zee.jpg 1920w\" sizes=\"auto, (max-width: 987px) 100vw, 987px\" \/><\/a><\/p>\n<p><a href=\"http:\/\/www.vakantiehuis-zuid-frankrijk-barcares.nl\/wp-content\/uploads\/2015\/12\/Carcassonne-La-Cit\u00e9-bungalowpark-frankrijk.jpg\" rel=\"attachment wp-att-316\"><img loading=\"lazy\" decoding=\"async\" width=\"300\" height=\"225\" class=\"size-medium wp-image-316 alignleft\" alt=\"Carcassonne La Cit\u00e9 bungalowpark-frankrijk\" src=\"http:\/\/www.vakantiehuis-zuid-frankrijk-barcares.nl\/wp-content\/uploads\/2015\/12\/Carcassonne-La-Cit\u00e9-bungalowpark-frankrijk-300x225.jpg\" srcset=\"https:\/\/www.vakantiehuis-zuid-frankrijk-barcares.nl\/wp-content\/uploads\/2015\/12\/Carcassonne-La-Cit\u00e9-bungalowpark-frankrijk-300x225.jpg 300w, https:\/\/www.vakantiehuis-zuid-frankrijk-barcares.nl\/wp-content\/uploads\/2015\/12\/Carcassonne-La-Cit\u00e9-bungalowpark-frankrijk-768x576.jpg 768w, https:\/\/www.vakantiehuis-zuid-frankrijk-barcares.nl\/wp-content\/uploads\/2015\/12\/Carcassonne-La-Cit\u00e9-bungalowpark-frankrijk-1024x768.jpg 1024w, https:\/\/www.vakantiehuis-zuid-frankrijk-barcares.nl\/wp-content\/uploads\/2015\/12\/Carcassonne-La-Cit\u00e9-bungalowpark-frankrijk-938x704.jpg 938w, https:\/\/www.vakantiehuis-zuid-frankrijk-barcares.nl\/wp-content\/uploads\/2015\/12\/Carcassonne-La-Cit\u00e9-bungalowpark-frankrijk-1309x982.jpg 1309w\" sizes=\"auto, (max-width: 300px) 100vw, 300px\" \/><\/a>&nbsp;&nbsp;&nbsp;&nbsp;&nbsp;&nbsp;&nbsp;&nbsp;&nbsp;&nbsp;&nbsp;&nbsp;&nbsp;&nbsp;&nbsp;&nbsp;&nbsp;&nbsp;&nbsp;&nbsp;&nbsp;&nbsp;&nbsp;&nbsp;&nbsp;&nbsp;&nbsp;&nbsp;&nbsp;&nbsp;&nbsp;&nbsp;&nbsp;&nbsp;&nbsp;&nbsp;&nbsp;&nbsp;&nbsp;&nbsp; <a href=\"http:\/\/www.vakantiehuis-zuid-frankrijk-barcares.nl\/wp-content\/uploads\/2015\/12\/Carcassonne-La-Cit\u00e9-vakantievilla-huren-zuid-frankrijk.jpg\" rel=\"attachment wp-att-317\"><img loading=\"lazy\" decoding=\"async\" width=\"300\" height=\"225\" class=\"size-medium wp-image-317 alignright\" alt=\"Carcassonne La Cit\u00e9 vakantievilla-huren-zuid-frankrijk\" src=\"http:\/\/www.vakantiehuis-zuid-frankrijk-barcares.nl\/wp-content\/uploads\/2015\/12\/Carcassonne-La-Cit\u00e9-vakantievilla-huren-zuid-frankrijk-300x225.jpg\" srcset=\"https:\/\/www.vakantiehuis-zuid-frankrijk-barcares.nl\/wp-content\/uploads\/2015\/12\/Carcassonne-La-Cit\u00e9-vakantievilla-huren-zuid-frankrijk-300x225.jpg 300w, https:\/\/www.vakantiehuis-zuid-frankrijk-barcares.nl\/wp-content\/uploads\/2015\/12\/Carcassonne-La-Cit\u00e9-vakantievilla-huren-zuid-frankrijk-768x576.jpg 768w, https:\/\/www.vakantiehuis-zuid-frankrijk-barcares.nl\/wp-content\/uploads\/2015\/12\/Carcassonne-La-Cit\u00e9-vakantievilla-huren-zuid-frankrijk-1024x768.jpg 1024w, https:\/\/www.vakantiehuis-zuid-frankrijk-barcares.nl\/wp-content\/uploads\/2015\/12\/Carcassonne-La-Cit\u00e9-vakantievilla-huren-zuid-frankrijk-938x704.jpg 938w, https:\/\/www.vakantiehuis-zuid-frankrijk-barcares.nl\/wp-content\/uploads\/2015\/12\/Carcassonne-La-Cit\u00e9-vakantievilla-huren-zuid-frankrijk-1309x982.jpg 1309w\" sizes=\"auto, (max-width: 300px) 100vw, 300px\" \/><\/a><\/p>\n<p>De Middeleeuwse stad <a href=\"http:\/\/www.languedocroussillon.nl\/plaatsen\/carcassonne\/\" target=\"_blank\" rel=\"noopener noreferrer\"><span style=\"color: #0066cc;\">Carcassonne<\/span><\/a> is de hoofdstad van het <a href=\"http:\/\/www.languedocroussillon.nl\/departementen\/aude\/\" target=\"_blank\" rel=\"noopener noreferrer\"><span style=\"color: #0066cc;\">departement Aude<\/span><\/a> en ligt op circa 90 kilometer van Toulouse. De stad wordt doorsneden door het <a href=\"http:\/\/www.languedocroussillon.nl\/bezienswaardigheden\/canal-du-midi\/\" target=\"_blank\" rel=\"noopener noreferrer\"><span style=\"color: #0066cc;\">Canal du Midi<\/span><\/a>.<\/p>\n<p>&nbsp;<\/p>\n<p>De stad staat op de werelderfgoedlijst van <a href=\"http:\/\/www.languedocroussillon.nl\/ontdekken\/cultureel-erfgoed\/unesco-werelderfgoedlijst\/\" target=\"_blank\" rel=\"noopener noreferrer\"><span style=\"color: #0066cc;\">UNESCO<\/span><\/a>. Wees alert want de stad trekt jaarlijks meer dan 3 milijoen toeristen, het kan er dus druk zijn. Maar des al niet te min is Carcassonne een bezoek waard.<\/p>\n<h2><em>Carcassonne<\/em><\/h2>\n<p>Het middeleeuwse Carcassonne is gebouwd op de ru\u00efnes van een oude Romeinse vesting. In de 13e eeuw was de stad het centrum van de kruistochten tegen de Katharen. Na het slopen van de voorsteden aan de voet van de stad gaf koning Saint Louis in 1245 de opdracht een nieuwe stad te bouwen: la Bastide Saint Louis. Vandaag de dag geniet Carcassonne wereldwijde bekendheid vanwege de UNESCO-classificatie van de Bastide Saint Louis en de ommuurde citadel en vanwege zijn ligging naast het Canal du Midi.<\/p>\n<h3><strong>Niet te missen:<\/strong><\/h3>\n<ul>\n<ul>\n<li><span style=\"color: #000000; font-family: Times New Roman;\">In de Cit\u00e9 vind je veel historische gebouwen, daarnaast zijn er leuke winkeltjes, gezellige barretjes en caf\u00e9s aanwezig.<\/span><\/li>\n<li>Middeleeuwse stad met 52 torens en 3 km stadsmuur.<\/li>\n<li>Basiliek Saint Nazaire (11e-13e eeuw) en ramen (12e-16e eeuw).<\/li>\n<li>Gravensteen (11e-13e eeuw) met verdedigingsmuur en slotgracht, edelstenenmuseum en maquette.<\/li>\n<li>De oude brug, ooit de enige verbinding tussen de boven- en benedenstad.<\/li>\n<li>Ontworpen stad Bastide Saint Louis (13e eeuw) met zijn talrijke herenhuizen, de kathedraal Saint Michel, kerk van Saint Vincent, overdekte markthal, en Place Carnot: ontmoetingsplek van inwoners.<\/li>\n<li>Het Canal du Midi, het belangrijkste werk van ingenieur Pierre Paul Riquet ten tijde van de Zonnekoning, die hiermee de Atlantische Oceaan verbond met de Middellandse Zee.<\/li>\n<li>Het ommeland van Carcassonne met zijn vele kastelen en abdijen herinnert aan het tijdperk van de Katharen.<\/li>\n<li>De wijngaarden op loopafstand van de stad zijn vrij toegankelijk.<\/li>\n<li>Festival van Carcassonne (juni-augustus) met theater, circus, opera, klassieke muziek, dans en diverse concerten.<\/li>\n<\/ul>\n<\/ul>\n<div>\n<h2><\/h2>\n<h3><strong>Bezienswaardigheden Carcassonne<\/strong><\/h3>\n<p>De bekendste bezienswaardigheid is de volledig gerestaureerde citadel, La Cit\u00e9 genaamd. De citadel staat bekend als mooiste voorbeeld van een middeleeuwse stad in Europa, die bijna volledig bewaard is gebleven. Het is tevens de grootste burcht van de Katharen.<\/p>\n<p>Het had niet lang geduurd of de stad zou worden gesloopt. Maar tijdens de Romantiek kwamen de <a href=\"http:\/\/www.languedocroussillon.nl\/ontdekken\/cultureel-erfgoed\/geschiedenis\/middeleeuwen\/\" target=\"_blank\" rel=\"noopener noreferrer\"><span style=\"color: #0066cc;\">Middeleeuwen<\/span><\/a> weer in de belangstelling. In de&nbsp;tweede helft van de 19de eeuw wordt de Cit\u00e9 gerestaureerd tot wat het nu is.<\/p>\n<p>De eigenlijke binnenstad, waar ook het stadhuis ligt, is de Ville Basse (Benedenstad) of Bastide St. Louis. Dit centrum is in de 13e eeuw gebouwd als toevluchtsoord voor bewoners uit de voorsteden. Een stenen brug over de Aude verbindt de oude Cit\u00e9 en de nieuwe stad met elkaar.<\/p>\n<p>De stadskern omvat maar liefst 52 torens en twee omwallingen. De wal heeft een totale lengte van drie kilometer. Binnen de wallen staan mooie oude huizen een oude kathedraal \u201cBasiliek Saint-Nazaire\u201d en beeldhouwwerken.<\/p>\n<\/div>","protected":false},"excerpt":{"rendered":"<p>&nbsp;&nbsp;&nbsp;&nbsp;&nbsp;&nbsp;&nbsp;&nbsp;&nbsp;&nbsp;&nbsp;&nbsp;&nbsp;&nbsp;&nbsp;&nbsp;&nbsp;&nbsp;&nbsp;&nbsp;&nbsp;&nbsp;&nbsp;&nbsp;&nbsp;&nbsp;&nbsp;&nbsp;&nbsp;&nbsp;&nbsp;&nbsp;&nbsp;&nbsp;&nbsp;&nbsp;&nbsp;&nbsp;&nbsp;&nbsp; De Middeleeuwse stad Carcassonne is de hoofdstad van het departement Aude en ligt op circa 90 kilometer van Toulouse. De stad wordt doorsneden door het Canal du Midi. &nbsp; De stad staat op de werelderfgoedlijst van UNESCO. Wees alert want de stad trekt jaarlijks meer dan 3 milijoen toeristen, het kan er dus druk [&hellip;]<\/p>\n","protected":false},"author":2,"featured_media":0,"parent":0,"menu_order":0,"comment_status":"closed","ping_status":"closed","template":"page-templates\/full-width-wide.php","meta":{"footnotes":""},"class_list":["post-57","page","type-page","status-publish","hentry"],"yoast_head":"<!-- This site is optimized with the Yoast SEO plugin v27.4 - https:\/\/yoast.com\/product\/yoast-seo-wordpress\/ -->\n<title>Carcassonne - Vakantiehuis te huur in Zuid-Frankrijk<\/title>\n<meta name=\"robots\" content=\"index, follow, max-snippet:-1, max-image-preview:large, max-video-preview:-1\" \/>\n<link rel=\"canonical\" href=\"https:\/\/www.vakantiehuis-zuid-frankrijk-barcares.nl\/fr\/carcassonne\/\" \/>\n<meta property=\"og:locale\" content=\"fr_FR\" \/>\n<meta property=\"og:type\" content=\"article\" \/>\n<meta property=\"og:title\" content=\"Carcassonne - Vakantiehuis te huur in Zuid-Frankrijk\" \/>\n<meta property=\"og:description\" content=\"&nbsp;&nbsp;&nbsp;&nbsp;&nbsp;&nbsp;&nbsp;&nbsp;&nbsp;&nbsp;&nbsp;&nbsp;&nbsp;&nbsp;&nbsp;&nbsp;&nbsp;&nbsp;&nbsp;&nbsp;&nbsp;&nbsp;&nbsp;&nbsp;&nbsp;&nbsp;&nbsp;&nbsp;&nbsp;&nbsp;&nbsp;&nbsp;&nbsp;&nbsp;&nbsp;&nbsp;&nbsp;&nbsp;&nbsp;&nbsp; De Middeleeuwse stad Carcassonne is de hoofdstad van het departement Aude en ligt op circa 90 kilometer van Toulouse. De stad wordt doorsneden door het Canal du Midi. &nbsp; De stad staat op de werelderfgoedlijst van UNESCO. Wees alert want de stad trekt jaarlijks meer dan 3 milijoen toeristen, het kan er dus druk [&hellip;]\" \/>\n<meta property=\"og:url\" content=\"https:\/\/www.vakantiehuis-zuid-frankrijk-barcares.nl\/fr\/carcassonne\/\" \/>\n<meta property=\"og:site_name\" content=\"Vakantiehuis te huur in Zuid-Frankrijk\" \/>\n<meta property=\"article:publisher\" content=\"https:\/\/www.facebook.com\/vakantiehuiszuidfrankrijkbarcares\/\" \/>\n<meta property=\"article:modified_time\" content=\"2019-05-01T04:58:34+00:00\" \/>\n<meta property=\"og:image\" content=\"http:\/\/www.vakantiehuis-zuid-frankrijk-barcares.nl\/wp-content\/uploads\/2015\/12\/Carcassonne-vakantie-zuid-frankrijk.jpg\" \/>\n<meta name=\"twitter:card\" content=\"summary_large_image\" \/>\n<meta name=\"twitter:label1\" content=\"Dur\u00e9e de lecture estim\u00e9e\" \/>\n\t<meta name=\"twitter:data1\" content=\"3 minutes\" \/>\n<script type=\"application\/ld+json\" class=\"yoast-schema-graph\">{\"@context\":\"https:\\\/\\\/schema.org\",\"@graph\":[{\"@type\":\"WebPage\",\"@id\":\"https:\\\/\\\/www.vakantiehuis-zuid-frankrijk-barcares.nl\\\/carcassonne\\\/\",\"url\":\"https:\\\/\\\/www.vakantiehuis-zuid-frankrijk-barcares.nl\\\/carcassonne\\\/\",\"name\":\"Carcassonne - Vakantiehuis te huur in Zuid-Frankrijk\",\"isPartOf\":{\"@id\":\"https:\\\/\\\/www.vakantiehuis-zuid-frankrijk-barcares.nl\\\/#website\"},\"primaryImageOfPage\":{\"@id\":\"https:\\\/\\\/www.vakantiehuis-zuid-frankrijk-barcares.nl\\\/carcassonne\\\/#primaryimage\"},\"image\":{\"@id\":\"https:\\\/\\\/www.vakantiehuis-zuid-frankrijk-barcares.nl\\\/carcassonne\\\/#primaryimage\"},\"thumbnailUrl\":\"http:\\\/\\\/www.vakantiehuis-zuid-frankrijk-barcares.nl\\\/wp-content\\\/uploads\\\/2015\\\/12\\\/Carcassonne-vakantie-zuid-frankrijk.jpg\",\"datePublished\":\"2015-12-15T09:58:08+00:00\",\"dateModified\":\"2019-05-01T04:58:34+00:00\",\"breadcrumb\":{\"@id\":\"https:\\\/\\\/www.vakantiehuis-zuid-frankrijk-barcares.nl\\\/carcassonne\\\/#breadcrumb\"},\"inLanguage\":\"fr-FR\",\"potentialAction\":[{\"@type\":\"ReadAction\",\"target\":[\"https:\\\/\\\/www.vakantiehuis-zuid-frankrijk-barcares.nl\\\/carcassonne\\\/\"]}]},{\"@type\":\"ImageObject\",\"inLanguage\":\"fr-FR\",\"@id\":\"https:\\\/\\\/www.vakantiehuis-zuid-frankrijk-barcares.nl\\\/carcassonne\\\/#primaryimage\",\"url\":\"http:\\\/\\\/www.vakantiehuis-zuid-frankrijk-barcares.nl\\\/wp-content\\\/uploads\\\/2015\\\/12\\\/Carcassonne-vakantie-zuid-frankrijk.jpg\",\"contentUrl\":\"http:\\\/\\\/www.vakantiehuis-zuid-frankrijk-barcares.nl\\\/wp-content\\\/uploads\\\/2015\\\/12\\\/Carcassonne-vakantie-zuid-frankrijk.jpg\"},{\"@type\":\"BreadcrumbList\",\"@id\":\"https:\\\/\\\/www.vakantiehuis-zuid-frankrijk-barcares.nl\\\/carcassonne\\\/#breadcrumb\",\"itemListElement\":[{\"@type\":\"ListItem\",\"position\":1,\"name\":\"Home\",\"item\":\"https:\\\/\\\/www.vakantiehuis-zuid-frankrijk-barcares.nl\\\/\"},{\"@type\":\"ListItem\",\"position\":2,\"name\":\"Carcassonne\"}]},{\"@type\":\"WebSite\",\"@id\":\"https:\\\/\\\/www.vakantiehuis-zuid-frankrijk-barcares.nl\\\/#website\",\"url\":\"https:\\\/\\\/www.vakantiehuis-zuid-frankrijk-barcares.nl\\\/\",\"name\":\"Vakantiehuis te huur in Zuid-Frankrijk\",\"description\":\"Aan Middellandse zee (400 m) op vakantiepark met zwembad &#039;R\u00e9sidence La Pin\u00e8de&#039; in Le Barcar\u00e8s in de prachtige streek Languedoc-Roussillon, Pyr\u00e9n\u00e9es-Orientales, dichtbij Perpignan. Huur direct van Nederlandse eigenaar.\",\"potentialAction\":[{\"@type\":\"SearchAction\",\"target\":{\"@type\":\"EntryPoint\",\"urlTemplate\":\"https:\\\/\\\/www.vakantiehuis-zuid-frankrijk-barcares.nl\\\/?s={search_term_string}\"},\"query-input\":{\"@type\":\"PropertyValueSpecification\",\"valueRequired\":true,\"valueName\":\"search_term_string\"}}],\"inLanguage\":\"fr-FR\"}]}<\/script>\n<!-- \/ Yoast SEO plugin. -->","yoast_head_json":{"title":"Carcassonne - Vakantiehuis te huur in Zuid-Frankrijk","robots":{"index":"index","follow":"follow","max-snippet":"max-snippet:-1","max-image-preview":"max-image-preview:large","max-video-preview":"max-video-preview:-1"},"canonical":"https:\/\/www.vakantiehuis-zuid-frankrijk-barcares.nl\/fr\/carcassonne\/","og_locale":"fr_FR","og_type":"article","og_title":"Carcassonne - Vakantiehuis te huur in Zuid-Frankrijk","og_description":"&nbsp;&nbsp;&nbsp;&nbsp;&nbsp;&nbsp;&nbsp;&nbsp;&nbsp;&nbsp;&nbsp;&nbsp;&nbsp;&nbsp;&nbsp;&nbsp;&nbsp;&nbsp;&nbsp;&nbsp;&nbsp;&nbsp;&nbsp;&nbsp;&nbsp;&nbsp;&nbsp;&nbsp;&nbsp;&nbsp;&nbsp;&nbsp;&nbsp;&nbsp;&nbsp;&nbsp;&nbsp;&nbsp;&nbsp;&nbsp; De Middeleeuwse stad Carcassonne is de hoofdstad van het departement Aude en ligt op circa 90 kilometer van Toulouse. De stad wordt doorsneden door het Canal du Midi. &nbsp; De stad staat op de werelderfgoedlijst van UNESCO. Wees alert want de stad trekt jaarlijks meer dan 3 milijoen toeristen, het kan er dus druk [&hellip;]","og_url":"https:\/\/www.vakantiehuis-zuid-frankrijk-barcares.nl\/fr\/carcassonne\/","og_site_name":"Vakantiehuis te huur in Zuid-Frankrijk","article_publisher":"https:\/\/www.facebook.com\/vakantiehuiszuidfrankrijkbarcares\/","article_modified_time":"2019-05-01T04:58:34+00:00","og_image":[{"url":"http:\/\/www.vakantiehuis-zuid-frankrijk-barcares.nl\/wp-content\/uploads\/2015\/12\/Carcassonne-vakantie-zuid-frankrijk.jpg","type":"","width":"","height":""}],"twitter_card":"summary_large_image","twitter_misc":{"Dur\u00e9e de lecture estim\u00e9e":"3 minutes"},"schema":{"@context":"https:\/\/schema.org","@graph":[{"@type":"WebPage","@id":"https:\/\/www.vakantiehuis-zuid-frankrijk-barcares.nl\/carcassonne\/","url":"https:\/\/www.vakantiehuis-zuid-frankrijk-barcares.nl\/carcassonne\/","name":"Carcassonne - Vakantiehuis te huur in Zuid-Frankrijk","isPartOf":{"@id":"https:\/\/www.vakantiehuis-zuid-frankrijk-barcares.nl\/#website"},"primaryImageOfPage":{"@id":"https:\/\/www.vakantiehuis-zuid-frankrijk-barcares.nl\/carcassonne\/#primaryimage"},"image":{"@id":"https:\/\/www.vakantiehuis-zuid-frankrijk-barcares.nl\/carcassonne\/#primaryimage"},"thumbnailUrl":"http:\/\/www.vakantiehuis-zuid-frankrijk-barcares.nl\/wp-content\/uploads\/2015\/12\/Carcassonne-vakantie-zuid-frankrijk.jpg","datePublished":"2015-12-15T09:58:08+00:00","dateModified":"2019-05-01T04:58:34+00:00","breadcrumb":{"@id":"https:\/\/www.vakantiehuis-zuid-frankrijk-barcares.nl\/carcassonne\/#breadcrumb"},"inLanguage":"fr-FR","potentialAction":[{"@type":"ReadAction","target":["https:\/\/www.vakantiehuis-zuid-frankrijk-barcares.nl\/carcassonne\/"]}]},{"@type":"ImageObject","inLanguage":"fr-FR","@id":"https:\/\/www.vakantiehuis-zuid-frankrijk-barcares.nl\/carcassonne\/#primaryimage","url":"http:\/\/www.vakantiehuis-zuid-frankrijk-barcares.nl\/wp-content\/uploads\/2015\/12\/Carcassonne-vakantie-zuid-frankrijk.jpg","contentUrl":"http:\/\/www.vakantiehuis-zuid-frankrijk-barcares.nl\/wp-content\/uploads\/2015\/12\/Carcassonne-vakantie-zuid-frankrijk.jpg"},{"@type":"BreadcrumbList","@id":"https:\/\/www.vakantiehuis-zuid-frankrijk-barcares.nl\/carcassonne\/#breadcrumb","itemListElement":[{"@type":"ListItem","position":1,"name":"Home","item":"https:\/\/www.vakantiehuis-zuid-frankrijk-barcares.nl\/"},{"@type":"ListItem","position":2,"name":"Carcassonne"}]},{"@type":"WebSite","@id":"https:\/\/www.vakantiehuis-zuid-frankrijk-barcares.nl\/#website","url":"https:\/\/www.vakantiehuis-zuid-frankrijk-barcares.nl\/","name":"Vakantiehuis te huur in Zuid-Frankrijk","description":"Aan Middellandse zee (400 m) op vakantiepark met zwembad &#039;R\u00e9sidence La Pin\u00e8de&#039; in Le Barcar\u00e8s in de prachtige streek Languedoc-Roussillon, Pyr\u00e9n\u00e9es-Orientales, dichtbij Perpignan. Huur direct van Nederlandse eigenaar.","potentialAction":[{"@type":"SearchAction","target":{"@type":"EntryPoint","urlTemplate":"https:\/\/www.vakantiehuis-zuid-frankrijk-barcares.nl\/?s={search_term_string}"},"query-input":{"@type":"PropertyValueSpecification","valueRequired":true,"valueName":"search_term_string"}}],"inLanguage":"fr-FR"}]}},"_links":{"self":[{"href":"https:\/\/www.vakantiehuis-zuid-frankrijk-barcares.nl\/fr\/wp-json\/wp\/v2\/pages\/57","targetHints":{"allow":["GET"]}}],"collection":[{"href":"https:\/\/www.vakantiehuis-zuid-frankrijk-barcares.nl\/fr\/wp-json\/wp\/v2\/pages"}],"about":[{"href":"https:\/\/www.vakantiehuis-zuid-frankrijk-barcares.nl\/fr\/wp-json\/wp\/v2\/types\/page"}],"author":[{"embeddable":true,"href":"https:\/\/www.vakantiehuis-zuid-frankrijk-barcares.nl\/fr\/wp-json\/wp\/v2\/users\/2"}],"replies":[{"embeddable":true,"href":"https:\/\/www.vakantiehuis-zuid-frankrijk-barcares.nl\/fr\/wp-json\/wp\/v2\/comments?post=57"}],"version-history":[{"count":19,"href":"https:\/\/www.vakantiehuis-zuid-frankrijk-barcares.nl\/fr\/wp-json\/wp\/v2\/pages\/57\/revisions"}],"predecessor-version":[{"id":1716,"href":"https:\/\/www.vakantiehuis-zuid-frankrijk-barcares.nl\/fr\/wp-json\/wp\/v2\/pages\/57\/revisions\/1716"}],"wp:attachment":[{"href":"https:\/\/www.vakantiehuis-zuid-frankrijk-barcares.nl\/fr\/wp-json\/wp\/v2\/media?parent=57"}],"curies":[{"name":"wp","href":"https:\/\/api.w.org\/{rel}","templated":true}]}}