{"id":59,"date":"2015-12-15T09:58:27","date_gmt":"2015-12-15T09:58:27","guid":{"rendered":"http:\/\/www.vakantiehuis-zuid-frankrijk-barcares.nl\/?page_id=59"},"modified":"2019-01-26T16:51:18","modified_gmt":"2019-01-26T16:51:18","slug":"perpignan","status":"publish","type":"page","link":"https:\/\/www.vakantiehuis-zuid-frankrijk-barcares.nl\/fr\/perpignan\/","title":{"rendered":"Perpignan"},"content":{"rendered":"<p><a href=\"http:\/\/www.vakantiehuis-zuid-frankrijk-barcares.nl\/wp-content\/uploads\/2015\/12\/Perpignan-vakantiepark-Frankrijk.jpg\" rel=\"attachment wp-att-324\"><img loading=\"lazy\" decoding=\"async\" width=\"987\" height=\"740\" class=\"alignnone wp-image-324 size-large\" alt=\"Perpignan vakantiepark-Frankrijk\" src=\"http:\/\/www.vakantiehuis-zuid-frankrijk-barcares.nl\/wp-content\/uploads\/2015\/12\/Perpignan-vakantiepark-Frankrijk-1024x768.jpg\" srcset=\"https:\/\/www.vakantiehuis-zuid-frankrijk-barcares.nl\/wp-content\/uploads\/2015\/12\/Perpignan-vakantiepark-Frankrijk-1024x768.jpg 1024w, https:\/\/www.vakantiehuis-zuid-frankrijk-barcares.nl\/wp-content\/uploads\/2015\/12\/Perpignan-vakantiepark-Frankrijk-300x225.jpg 300w, https:\/\/www.vakantiehuis-zuid-frankrijk-barcares.nl\/wp-content\/uploads\/2015\/12\/Perpignan-vakantiepark-Frankrijk-768x576.jpg 768w, https:\/\/www.vakantiehuis-zuid-frankrijk-barcares.nl\/wp-content\/uploads\/2015\/12\/Perpignan-vakantiepark-Frankrijk-938x704.jpg 938w, https:\/\/www.vakantiehuis-zuid-frankrijk-barcares.nl\/wp-content\/uploads\/2015\/12\/Perpignan-vakantiepark-Frankrijk-1309x982.jpg 1309w\" sizes=\"auto, (max-width: 987px) 100vw, 987px\" \/><\/a><\/p>\n<p><a href=\"http:\/\/www.vakantiehuis-zuid-frankrijk-barcares.nl\/wp-content\/uploads\/2015\/12\/Perpignan-huis-huren-frankrijk.jpg\" rel=\"attachment wp-att-323\"><img loading=\"lazy\" decoding=\"async\" width=\"987\" height=\"740\" class=\"alignnone wp-image-323 size-large\" alt=\"Perpignan huis-huren-frankrijk\" src=\"http:\/\/www.vakantiehuis-zuid-frankrijk-barcares.nl\/wp-content\/uploads\/2015\/12\/Perpignan-huis-huren-frankrijk-1024x768.jpg\" srcset=\"https:\/\/www.vakantiehuis-zuid-frankrijk-barcares.nl\/wp-content\/uploads\/2015\/12\/Perpignan-huis-huren-frankrijk-1024x768.jpg 1024w, https:\/\/www.vakantiehuis-zuid-frankrijk-barcares.nl\/wp-content\/uploads\/2015\/12\/Perpignan-huis-huren-frankrijk-300x225.jpg 300w, https:\/\/www.vakantiehuis-zuid-frankrijk-barcares.nl\/wp-content\/uploads\/2015\/12\/Perpignan-huis-huren-frankrijk-768x576.jpg 768w, https:\/\/www.vakantiehuis-zuid-frankrijk-barcares.nl\/wp-content\/uploads\/2015\/12\/Perpignan-huis-huren-frankrijk-938x704.jpg 938w, https:\/\/www.vakantiehuis-zuid-frankrijk-barcares.nl\/wp-content\/uploads\/2015\/12\/Perpignan-huis-huren-frankrijk-1309x982.jpg 1309w\" sizes=\"auto, (max-width: 987px) 100vw, 987px\" \/><\/a><\/p>\n<p><a href=\"http:\/\/www.vakantiehuis-zuid-frankrijk-barcares.nl\/wp-content\/uploads\/2015\/12\/Barcar\u00e8s-omgeving-vakantiehuisje-huren-zuid-frankrijk.jpg\" rel=\"attachment wp-att-321\"><img loading=\"lazy\" decoding=\"async\" width=\"987\" height=\"740\" class=\"alignnone wp-image-321 size-large\" alt=\"Barcar\u00e8s omgeving vakantiehuisje-huren-zuid-frankrijk\" src=\"http:\/\/www.vakantiehuis-zuid-frankrijk-barcares.nl\/wp-content\/uploads\/2015\/12\/Barcar\u00e8s-omgeving-vakantiehuisje-huren-zuid-frankrijk-1024x768.jpg\" srcset=\"https:\/\/www.vakantiehuis-zuid-frankrijk-barcares.nl\/wp-content\/uploads\/2015\/12\/Barcar\u00e8s-omgeving-vakantiehuisje-huren-zuid-frankrijk-1024x768.jpg 1024w, https:\/\/www.vakantiehuis-zuid-frankrijk-barcares.nl\/wp-content\/uploads\/2015\/12\/Barcar\u00e8s-omgeving-vakantiehuisje-huren-zuid-frankrijk-300x225.jpg 300w, https:\/\/www.vakantiehuis-zuid-frankrijk-barcares.nl\/wp-content\/uploads\/2015\/12\/Barcar\u00e8s-omgeving-vakantiehuisje-huren-zuid-frankrijk-768x576.jpg 768w, https:\/\/www.vakantiehuis-zuid-frankrijk-barcares.nl\/wp-content\/uploads\/2015\/12\/Barcar\u00e8s-omgeving-vakantiehuisje-huren-zuid-frankrijk-938x704.jpg 938w, https:\/\/www.vakantiehuis-zuid-frankrijk-barcares.nl\/wp-content\/uploads\/2015\/12\/Barcar\u00e8s-omgeving-vakantiehuisje-huren-zuid-frankrijk-1309x982.jpg 1309w\" sizes=\"auto, (max-width: 987px) 100vw, 987px\" \/><\/a><\/p>\n<p><a href=\"http:\/\/www.vakantiehuis-zuid-frankrijk-barcares.nl\/wp-content\/uploads\/2015\/12\/Barcar\u00e8s-vakantiepark-zuid-frankrijk.jpg\" rel=\"attachment wp-att-322\"><img loading=\"lazy\" decoding=\"async\" width=\"987\" height=\"740\" class=\"alignright wp-image-322 size-large\" alt=\"Barcar\u00e8s vakantiepark-zuid-frankrijk\" src=\"http:\/\/www.vakantiehuis-zuid-frankrijk-barcares.nl\/wp-content\/uploads\/2015\/12\/Barcar\u00e8s-vakantiepark-zuid-frankrijk-1024x768.jpg\" srcset=\"https:\/\/www.vakantiehuis-zuid-frankrijk-barcares.nl\/wp-content\/uploads\/2015\/12\/Barcar\u00e8s-vakantiepark-zuid-frankrijk-1024x768.jpg 1024w, https:\/\/www.vakantiehuis-zuid-frankrijk-barcares.nl\/wp-content\/uploads\/2015\/12\/Barcar\u00e8s-vakantiepark-zuid-frankrijk-300x225.jpg 300w, https:\/\/www.vakantiehuis-zuid-frankrijk-barcares.nl\/wp-content\/uploads\/2015\/12\/Barcar\u00e8s-vakantiepark-zuid-frankrijk-768x576.jpg 768w, https:\/\/www.vakantiehuis-zuid-frankrijk-barcares.nl\/wp-content\/uploads\/2015\/12\/Barcar\u00e8s-vakantiepark-zuid-frankrijk-938x704.jpg 938w, https:\/\/www.vakantiehuis-zuid-frankrijk-barcares.nl\/wp-content\/uploads\/2015\/12\/Barcar\u00e8s-vakantiepark-zuid-frankrijk-1309x982.jpg 1309w\" sizes=\"auto, (max-width: 987px) 100vw, 987px\" \/><\/a><\/p>\n<p><strong><em>&nbsp;<\/em><\/strong><\/p>\n<h2><strong>Perpignan, de Catalaanse stad<\/strong><\/h2>\n<p>Met het hart naar het zuiden en een gekruid accent kijkt Perpignan naar Spanje en het Oosten, een blik naar het verleden en een glimlach naar de toekomst.&nbsp;Platanen en palmbomen staan zij aan zij langs de met zon overgoten lange <a href=\"http:\/\/www.vakantiehuis-zuid-frankrijk-barcares.nl\/fr\/le-barcares-village\/\" target=\"_blank\" rel=\"noopener\">boulevards<\/a>. In hun schaduw dansen de mooie vrouwen van Maillol, naakt en trots op een binnenplaats of op een klein pleintje met het ruisende water van een marmeren fontein. De hautaine pracht van de Koningen van Mallorca overheersen de volksstraatjes met een overdaad aan kruiden, fruit of vis, met vele smaken en geuren die van elders komen.<\/p>\n<h2><span style=\"color: #000000; font-family: Times New Roman;\">Leuke bezienswaardigheden in Perpignan zijn<\/span><\/h2>\n<p><a href=\"https:\/\/www.routard.com\/idees-week-end\/cid137741-perpignan-seduisante-catalane.html\" target=\"_blank\" rel=\"noopener\">Bezienswaardigheden Perpignan<\/a><\/p>\n<p><span style=\"color: #000000; font-family: Times New Roman;\">&#8211; De kerk van St. Mary&#8217;s, die werd gebouwd in de 16e eeuw. &#8211; De kathedraal van Saint-Jean, men begon in 1324 met de bouw van deze kathedraal en dit duurde meer dan 200 jaar voordat deze klaar was. &#8211; Het Rigaud museum. Hier vind je werken van meestersschilders uit de middeleeuwen. &#8211; &#8220;Chateau Royal de Collioure&#8221;. Dit kasteel is gebouwd in de 13e eeuw. Vele jaren was het woonhuis van de Koningen van Mallorca. &#8211; La Miranda, een park in Perpignan waar je heerlijk kunt wandelen of lekker kunt gaan picknicken.<\/span><\/p>","protected":false},"excerpt":{"rendered":"<p>&nbsp; Perpignan, de Catalaanse stad Met het hart naar het zuiden en een gekruid accent kijkt Perpignan naar Spanje en het Oosten, een blik naar het verleden en een glimlach naar de toekomst.&nbsp;Platanen en palmbomen staan zij aan zij langs de met zon overgoten lange boulevards. In hun schaduw dansen de mooie vrouwen van Maillol, [&hellip;]<\/p>\n","protected":false},"author":3,"featured_media":0,"parent":0,"menu_order":0,"comment_status":"closed","ping_status":"closed","template":"page-templates\/full-width-wide.php","meta":{"footnotes":""},"class_list":["post-59","page","type-page","status-publish","hentry"],"yoast_head":"<!-- This site is optimized with the Yoast SEO plugin v27.4 - https:\/\/yoast.com\/product\/yoast-seo-wordpress\/ -->\n<title>Perpignan - Vakantiehuis te huur in Zuid-Frankrijk<\/title>\n<meta name=\"description\" content=\"Perpignan, Catalaanse stad, Spanje, plantanen, palmbomen, lange boulevards\" \/>\n<meta name=\"robots\" content=\"index, follow, max-snippet:-1, max-image-preview:large, max-video-preview:-1\" \/>\n<link rel=\"canonical\" href=\"https:\/\/www.vakantiehuis-zuid-frankrijk-barcares.nl\/fr\/perpignan\/\" \/>\n<meta property=\"og:locale\" content=\"fr_FR\" \/>\n<meta property=\"og:type\" content=\"article\" \/>\n<meta property=\"og:title\" content=\"Perpignan - Vakantiehuis te huur in Zuid-Frankrijk\" \/>\n<meta property=\"og:description\" content=\"Perpignan, Catalaanse stad, Spanje, plantanen, palmbomen, lange boulevards\" \/>\n<meta property=\"og:url\" content=\"https:\/\/www.vakantiehuis-zuid-frankrijk-barcares.nl\/fr\/perpignan\/\" \/>\n<meta property=\"og:site_name\" content=\"Vakantiehuis te huur in Zuid-Frankrijk\" \/>\n<meta property=\"article:publisher\" content=\"https:\/\/www.facebook.com\/vakantiehuiszuidfrankrijkbarcares\/\" \/>\n<meta property=\"article:modified_time\" content=\"2019-01-26T16:51:18+00:00\" \/>\n<meta property=\"og:image\" content=\"http:\/\/www.vakantiehuis-zuid-frankrijk-barcares.nl\/wp-content\/uploads\/2015\/12\/Perpignan-vakantiepark-Frankrijk-1024x768.jpg\" \/>\n<meta name=\"twitter:card\" content=\"summary_large_image\" \/>\n<meta name=\"twitter:label1\" content=\"Dur\u00e9e de lecture estim\u00e9e\" \/>\n\t<meta name=\"twitter:data1\" content=\"1 minute\" \/>\n<script type=\"application\/ld+json\" class=\"yoast-schema-graph\">{\"@context\":\"https:\\\/\\\/schema.org\",\"@graph\":[{\"@type\":\"WebPage\",\"@id\":\"https:\\\/\\\/www.vakantiehuis-zuid-frankrijk-barcares.nl\\\/perpignan\\\/\",\"url\":\"https:\\\/\\\/www.vakantiehuis-zuid-frankrijk-barcares.nl\\\/perpignan\\\/\",\"name\":\"Perpignan - Vakantiehuis te huur in Zuid-Frankrijk\",\"isPartOf\":{\"@id\":\"https:\\\/\\\/www.vakantiehuis-zuid-frankrijk-barcares.nl\\\/#website\"},\"primaryImageOfPage\":{\"@id\":\"https:\\\/\\\/www.vakantiehuis-zuid-frankrijk-barcares.nl\\\/perpignan\\\/#primaryimage\"},\"image\":{\"@id\":\"https:\\\/\\\/www.vakantiehuis-zuid-frankrijk-barcares.nl\\\/perpignan\\\/#primaryimage\"},\"thumbnailUrl\":\"http:\\\/\\\/www.vakantiehuis-zuid-frankrijk-barcares.nl\\\/wp-content\\\/uploads\\\/2015\\\/12\\\/Perpignan-vakantiepark-Frankrijk-1024x768.jpg\",\"datePublished\":\"2015-12-15T09:58:27+00:00\",\"dateModified\":\"2019-01-26T16:51:18+00:00\",\"description\":\"Perpignan, Catalaanse stad, Spanje, plantanen, palmbomen, lange boulevards\",\"breadcrumb\":{\"@id\":\"https:\\\/\\\/www.vakantiehuis-zuid-frankrijk-barcares.nl\\\/perpignan\\\/#breadcrumb\"},\"inLanguage\":\"fr-FR\",\"potentialAction\":[{\"@type\":\"ReadAction\",\"target\":[\"https:\\\/\\\/www.vakantiehuis-zuid-frankrijk-barcares.nl\\\/perpignan\\\/\"]}]},{\"@type\":\"ImageObject\",\"inLanguage\":\"fr-FR\",\"@id\":\"https:\\\/\\\/www.vakantiehuis-zuid-frankrijk-barcares.nl\\\/perpignan\\\/#primaryimage\",\"url\":\"http:\\\/\\\/www.vakantiehuis-zuid-frankrijk-barcares.nl\\\/wp-content\\\/uploads\\\/2015\\\/12\\\/Perpignan-vakantiepark-Frankrijk-1024x768.jpg\",\"contentUrl\":\"http:\\\/\\\/www.vakantiehuis-zuid-frankrijk-barcares.nl\\\/wp-content\\\/uploads\\\/2015\\\/12\\\/Perpignan-vakantiepark-Frankrijk-1024x768.jpg\"},{\"@type\":\"BreadcrumbList\",\"@id\":\"https:\\\/\\\/www.vakantiehuis-zuid-frankrijk-barcares.nl\\\/perpignan\\\/#breadcrumb\",\"itemListElement\":[{\"@type\":\"ListItem\",\"position\":1,\"name\":\"Home\",\"item\":\"https:\\\/\\\/www.vakantiehuis-zuid-frankrijk-barcares.nl\\\/\"},{\"@type\":\"ListItem\",\"position\":2,\"name\":\"Perpignan\"}]},{\"@type\":\"WebSite\",\"@id\":\"https:\\\/\\\/www.vakantiehuis-zuid-frankrijk-barcares.nl\\\/#website\",\"url\":\"https:\\\/\\\/www.vakantiehuis-zuid-frankrijk-barcares.nl\\\/\",\"name\":\"Vakantiehuis te huur in Zuid-Frankrijk\",\"description\":\"Aan Middellandse zee (400 m) op vakantiepark met zwembad &#039;R\u00e9sidence La Pin\u00e8de&#039; in Le Barcar\u00e8s in de prachtige streek Languedoc-Roussillon, Pyr\u00e9n\u00e9es-Orientales, dichtbij Perpignan. Huur direct van Nederlandse eigenaar.\",\"potentialAction\":[{\"@type\":\"SearchAction\",\"target\":{\"@type\":\"EntryPoint\",\"urlTemplate\":\"https:\\\/\\\/www.vakantiehuis-zuid-frankrijk-barcares.nl\\\/?s={search_term_string}\"},\"query-input\":{\"@type\":\"PropertyValueSpecification\",\"valueRequired\":true,\"valueName\":\"search_term_string\"}}],\"inLanguage\":\"fr-FR\"}]}<\/script>\n<!-- \/ Yoast SEO plugin. -->","yoast_head_json":{"title":"Perpignan - Vakantiehuis te huur in Zuid-Frankrijk","description":"Perpignan, Catalaanse stad, Spanje, plantanen, palmbomen, lange boulevards","robots":{"index":"index","follow":"follow","max-snippet":"max-snippet:-1","max-image-preview":"max-image-preview:large","max-video-preview":"max-video-preview:-1"},"canonical":"https:\/\/www.vakantiehuis-zuid-frankrijk-barcares.nl\/fr\/perpignan\/","og_locale":"fr_FR","og_type":"article","og_title":"Perpignan - Vakantiehuis te huur in Zuid-Frankrijk","og_description":"Perpignan, Catalaanse stad, Spanje, plantanen, palmbomen, lange boulevards","og_url":"https:\/\/www.vakantiehuis-zuid-frankrijk-barcares.nl\/fr\/perpignan\/","og_site_name":"Vakantiehuis te huur in Zuid-Frankrijk","article_publisher":"https:\/\/www.facebook.com\/vakantiehuiszuidfrankrijkbarcares\/","article_modified_time":"2019-01-26T16:51:18+00:00","og_image":[{"url":"http:\/\/www.vakantiehuis-zuid-frankrijk-barcares.nl\/wp-content\/uploads\/2015\/12\/Perpignan-vakantiepark-Frankrijk-1024x768.jpg","type":"","width":"","height":""}],"twitter_card":"summary_large_image","twitter_misc":{"Dur\u00e9e de lecture estim\u00e9e":"1 minute"},"schema":{"@context":"https:\/\/schema.org","@graph":[{"@type":"WebPage","@id":"https:\/\/www.vakantiehuis-zuid-frankrijk-barcares.nl\/perpignan\/","url":"https:\/\/www.vakantiehuis-zuid-frankrijk-barcares.nl\/perpignan\/","name":"Perpignan - Vakantiehuis te huur in Zuid-Frankrijk","isPartOf":{"@id":"https:\/\/www.vakantiehuis-zuid-frankrijk-barcares.nl\/#website"},"primaryImageOfPage":{"@id":"https:\/\/www.vakantiehuis-zuid-frankrijk-barcares.nl\/perpignan\/#primaryimage"},"image":{"@id":"https:\/\/www.vakantiehuis-zuid-frankrijk-barcares.nl\/perpignan\/#primaryimage"},"thumbnailUrl":"http:\/\/www.vakantiehuis-zuid-frankrijk-barcares.nl\/wp-content\/uploads\/2015\/12\/Perpignan-vakantiepark-Frankrijk-1024x768.jpg","datePublished":"2015-12-15T09:58:27+00:00","dateModified":"2019-01-26T16:51:18+00:00","description":"Perpignan, Catalaanse stad, Spanje, plantanen, palmbomen, lange boulevards","breadcrumb":{"@id":"https:\/\/www.vakantiehuis-zuid-frankrijk-barcares.nl\/perpignan\/#breadcrumb"},"inLanguage":"fr-FR","potentialAction":[{"@type":"ReadAction","target":["https:\/\/www.vakantiehuis-zuid-frankrijk-barcares.nl\/perpignan\/"]}]},{"@type":"ImageObject","inLanguage":"fr-FR","@id":"https:\/\/www.vakantiehuis-zuid-frankrijk-barcares.nl\/perpignan\/#primaryimage","url":"http:\/\/www.vakantiehuis-zuid-frankrijk-barcares.nl\/wp-content\/uploads\/2015\/12\/Perpignan-vakantiepark-Frankrijk-1024x768.jpg","contentUrl":"http:\/\/www.vakantiehuis-zuid-frankrijk-barcares.nl\/wp-content\/uploads\/2015\/12\/Perpignan-vakantiepark-Frankrijk-1024x768.jpg"},{"@type":"BreadcrumbList","@id":"https:\/\/www.vakantiehuis-zuid-frankrijk-barcares.nl\/perpignan\/#breadcrumb","itemListElement":[{"@type":"ListItem","position":1,"name":"Home","item":"https:\/\/www.vakantiehuis-zuid-frankrijk-barcares.nl\/"},{"@type":"ListItem","position":2,"name":"Perpignan"}]},{"@type":"WebSite","@id":"https:\/\/www.vakantiehuis-zuid-frankrijk-barcares.nl\/#website","url":"https:\/\/www.vakantiehuis-zuid-frankrijk-barcares.nl\/","name":"Vakantiehuis te huur in Zuid-Frankrijk","description":"Aan Middellandse zee (400 m) op vakantiepark met zwembad &#039;R\u00e9sidence La Pin\u00e8de&#039; in Le Barcar\u00e8s in de prachtige streek Languedoc-Roussillon, Pyr\u00e9n\u00e9es-Orientales, dichtbij Perpignan. Huur direct van Nederlandse eigenaar.","potentialAction":[{"@type":"SearchAction","target":{"@type":"EntryPoint","urlTemplate":"https:\/\/www.vakantiehuis-zuid-frankrijk-barcares.nl\/?s={search_term_string}"},"query-input":{"@type":"PropertyValueSpecification","valueRequired":true,"valueName":"search_term_string"}}],"inLanguage":"fr-FR"}]}},"_links":{"self":[{"href":"https:\/\/www.vakantiehuis-zuid-frankrijk-barcares.nl\/fr\/wp-json\/wp\/v2\/pages\/59","targetHints":{"allow":["GET"]}}],"collection":[{"href":"https:\/\/www.vakantiehuis-zuid-frankrijk-barcares.nl\/fr\/wp-json\/wp\/v2\/pages"}],"about":[{"href":"https:\/\/www.vakantiehuis-zuid-frankrijk-barcares.nl\/fr\/wp-json\/wp\/v2\/types\/page"}],"author":[{"embeddable":true,"href":"https:\/\/www.vakantiehuis-zuid-frankrijk-barcares.nl\/fr\/wp-json\/wp\/v2\/users\/3"}],"replies":[{"embeddable":true,"href":"https:\/\/www.vakantiehuis-zuid-frankrijk-barcares.nl\/fr\/wp-json\/wp\/v2\/comments?post=59"}],"version-history":[{"count":15,"href":"https:\/\/www.vakantiehuis-zuid-frankrijk-barcares.nl\/fr\/wp-json\/wp\/v2\/pages\/59\/revisions"}],"predecessor-version":[{"id":1654,"href":"https:\/\/www.vakantiehuis-zuid-frankrijk-barcares.nl\/fr\/wp-json\/wp\/v2\/pages\/59\/revisions\/1654"}],"wp:attachment":[{"href":"https:\/\/www.vakantiehuis-zuid-frankrijk-barcares.nl\/fr\/wp-json\/wp\/v2\/media?parent=59"}],"curies":[{"name":"wp","href":"https:\/\/api.w.org\/{rel}","templated":true}]}}