{"id":6,"date":"2015-12-14T12:17:50","date_gmt":"2015-12-14T12:17:50","guid":{"rendered":"http:\/\/www.vakantiehuis-zuid-frankrijk-barcares.nl\/?page_id=6"},"modified":"2019-05-16T05:12:03","modified_gmt":"2019-05-16T05:12:03","slug":"villa-de-oranje-tulp","status":"publish","type":"page","link":"https:\/\/www.vakantiehuis-zuid-frankrijk-barcares.nl\/fr\/villa-de-oranje-tulp\/","title":{"rendered":"VILLA 8 THE ORANGE TULIP"},"content":{"rendered":"<figure class=\"wp-block-image\"><img loading=\"lazy\" decoding=\"async\" width=\"1024\" height=\"683\" src=\"https:\/\/www.vakantiehuis-zuid-frankrijk-barcares.nl\/wp-content\/uploads\/2018\/02\/villa-la-pinede-terras-1024x683.gif\" alt=\"\" class=\"wp-image-1507\" srcset=\"https:\/\/www.vakantiehuis-zuid-frankrijk-barcares.nl\/wp-content\/uploads\/2018\/02\/villa-la-pinede-terras-1024x683.gif 1024w, https:\/\/www.vakantiehuis-zuid-frankrijk-barcares.nl\/wp-content\/uploads\/2018\/02\/villa-la-pinede-terras-300x200.gif 300w, https:\/\/www.vakantiehuis-zuid-frankrijk-barcares.nl\/wp-content\/uploads\/2018\/02\/villa-la-pinede-terras-768x512.gif 768w, https:\/\/www.vakantiehuis-zuid-frankrijk-barcares.nl\/wp-content\/uploads\/2018\/02\/villa-la-pinede-terras-1278x852.gif 1278w, https:\/\/www.vakantiehuis-zuid-frankrijk-barcares.nl\/wp-content\/uploads\/2018\/02\/villa-la-pinede-terras-1309x873.gif 1309w\" sizes=\"auto, (max-width: 1024px) 100vw, 1024px\" \/><\/figure>\n\n\n<p><\/p>\n<div class=\"mceTemp\">\n<dl><\/dl>\n<p><figure id=\"attachment_417\" aria-describedby=\"caption-attachment-417\" style=\"width: 300px\" class=\"wp-caption alignnone\"><img loading=\"lazy\" decoding=\"async\" width=\"300\" height=\"199\" class=\"wp-image-417 size-medium\" alt=\"Massif du Canigou vakantiepark-zuid-frankrijk\" src=\"https:\/\/www.vakantiehuis-zuid-frankrijk-barcares.nl\/wp-content\/uploads\/2015\/12\/Massif-du-Canigou-vakantiepark-zuid-frankrijk-300x199.jpg\" srcset=\"https:\/\/www.vakantiehuis-zuid-frankrijk-barcares.nl\/wp-content\/uploads\/2015\/12\/Massif-du-Canigou-vakantiepark-zuid-frankrijk-300x199.jpg 300w, https:\/\/www.vakantiehuis-zuid-frankrijk-barcares.nl\/wp-content\/uploads\/2015\/12\/Massif-du-Canigou-vakantiepark-zuid-frankrijk.jpg 399w\" sizes=\"auto, (max-width: 300px) 100vw, 300px\" \/><figcaption id=\"caption-attachment-417\" class=\"wp-caption-text\">Belle vue depuis Resid\u00e9nce La Pin\u00e8de<\/figcaption><\/figure><br>\n<figure id=\"attachment_387\" aria-describedby=\"caption-attachment-387\" style=\"width: 300px\" class=\"wp-caption alignright\"><a href=\"http:\/\/www.vakantiehuis-zuid-frankrijk-barcares.nl\/wp-content\/uploads\/2015\/12\/Barcar\u00e8s-zandstrand-vakantiepark-zuid-frankrijk.jpg\" rel=\"attachment wp-att-387\"><img loading=\"lazy\" decoding=\"async\" width=\"300\" height=\"225\" class=\"wp-image-387 size-medium\" alt=\"Barcar\u00e8s zandstrand vakantiepark-zuid-frankrijk\" src=\"https:\/\/www.vakantiehuis-zuid-frankrijk-barcares.nl\/wp-content\/uploads\/2015\/12\/Barcar\u00e8s-zandstrand-vakantiepark-zuid-frankrijk-300x225.jpg\" srcset=\"https:\/\/www.vakantiehuis-zuid-frankrijk-barcares.nl\/wp-content\/uploads\/2015\/12\/Barcar\u00e8s-zandstrand-vakantiepark-zuid-frankrijk-300x225.jpg 300w, https:\/\/www.vakantiehuis-zuid-frankrijk-barcares.nl\/wp-content\/uploads\/2015\/12\/Barcar\u00e8s-zandstrand-vakantiepark-zuid-frankrijk-768x576.jpg 768w, https:\/\/www.vakantiehuis-zuid-frankrijk-barcares.nl\/wp-content\/uploads\/2015\/12\/Barcar\u00e8s-zandstrand-vakantiepark-zuid-frankrijk-1024x768.jpg 1024w, https:\/\/www.vakantiehuis-zuid-frankrijk-barcares.nl\/wp-content\/uploads\/2015\/12\/Barcar\u00e8s-zandstrand-vakantiepark-zuid-frankrijk-938x704.jpg 938w, https:\/\/www.vakantiehuis-zuid-frankrijk-barcares.nl\/wp-content\/uploads\/2015\/12\/Barcar\u00e8s-zandstrand-vakantiepark-zuid-frankrijk-1309x982.jpg 1309w, https:\/\/www.vakantiehuis-zuid-frankrijk-barcares.nl\/wp-content\/uploads\/2015\/12\/Barcar\u00e8s-zandstrand-vakantiepark-zuid-frankrijk.jpg 2048w\" sizes=\"auto, (max-width: 300px) 100vw, 300px\" \/><\/a><figcaption id=\"caption-attachment-387\" class=\"wp-caption-text\">Situ\u00e9 \u00e0 seulement 400 m\u00e8tres de la Resid\u00e9nce La Pin\u00e8de, vous trouverez de magnifiques plages de sable de la Mer M\u00e9diterran\u00e9e<\/figcaption><\/figure><\/p>\n<h2>Emplacement magnifique sur la Mer M\u00e9diterran\u00e9e<\/h2>\n<p><strong>Villa de Oranje Tulp est d\u00e9tenue par Piet et Paula Knops qui est situ\u00e9 \u00e0&nbsp;<b>R\u00e9sidence La Pin\u00e8de dans le Barcar\u00e8s <\/b>dans le sud de la France, sous le soleil, o\u00f9 vous pourrez assister \u00e0 une r\u00e9union entre le <a href=\"http:\/\/www.vakantiehuis-zuid-frankrijk-barcares.nl\/fr\/middellandse-zee\/\" target=\"_blank\" rel=\"noopener noreferrer\">Mer M\u00e9diterran\u00e9e <\/a>et les Pyr\u00e9n\u00e9es. La plus proche \u00e0 la plus grande ville de l&#039;est de Perpignan, \u00e0 environ un quart d&#039;heure de route du Barcar\u00e8s.<\/strong><\/p>\n<p><strong>Bient\u00f4t, vous vous sentirez \u00e0 la maison dans la villa de vacances en France et il ressemble et se sent comme vous avez fini dans un paradis sur terre! <\/strong><\/p>\n<p>320 jours de soleil par an: et ce n&#039;est pas une l\u00e9gende!<\/p>\n<p>\u00c0 40 km de l&#039;amende <a href=\"http:\/\/www.vakantiehuis-zuid-frankrijk-barcares.nl\/fr\/middellandse-zee\/\" target=\"_blank\" rel=\"noopener noreferrer\">plages de sable fin<\/a>, \u00c0 20 km de belles criques, de la p\u00eache et de plaisance ports...<\/p>\n<p><strong>Catalan mode de vie<\/strong><\/p>\n<p>Donnez-vous quelques jours de bonheur, un verre de Muscat de Rivesaltes dans la main que vous fondre dans l&#039; <a href=\"http:\/\/www.vakantiehuis-zuid-frankrijk-barcares.nl\/fr\/eten\/\" target=\"_blank\" rel=\"noopener noreferrer\">Catalan mode de vie<\/a>. Suivez les traces laiss\u00e9es par des artistes tels que Matisse, Derain, Charles Renie Macintosh, Maillol, ils ont aim\u00e9 cette terre... les vins, la culture, La L\u00e9gende.... Les amateurs de sport peuvent changer les sports nautiques en fonction de leur humeur, de l&#039;adr\u00e9naline et de la libert\u00e9 garanti!<\/p>\n<p>Il y a ceux <a href=\"http:\/\/www.vakantiehuis-zuid-frankrijk-barcares.nl\/fr\/natuur\/\" target=\"_blank\" rel=\"noopener noreferrer\">vacances <\/a>que vous n&#039;oublierez jamais et de vos vacances dans le pays Catalan est l&#039;un d&#039;entre eux!<\/p>\n<p>Vous pouvez <a href=\"http:\/\/www.vakantiehuis-zuid-frankrijk-barcares.nl\/fr\/natuur\/\" target=\"_blank\" rel=\"noopener noreferrer\">ne pas tout faire <\/a>et \u00e0 voir. C&#039;est pourquoi vous \u00eates de retour! C&#039;est notre fiert\u00e9 et de l&#039;honneur.<\/p>\n<p>Le d\u00e9partement des Pyr\u00e9n\u00e9es Orientales sur la Mer M\u00e9diterran\u00e9e, <a href=\"http:\/\/www.vakantiehuis-zuid-frankrijk-barcares.nl\/fr\/canet-en-leucate\/\" target=\"_blank\" rel=\"noopener noreferrer\">lieux de baignade<\/a> o\u00f9 il est agr\u00e9able de rester en toutes saisons!<\/p>\n<p><strong>Terre de vins, saveurs et de l&#039;inspiration... <\/strong><\/p>\n<p>Les Pyr\u00e9n\u00e9es-Orientales ... terre de vins, saveurs et de l&#039;inspiration... vins de caract\u00e8re, tels que le rouge, blanc et ros\u00e9, C\u00f4tes du Roussillon. <a href=\"http:\/\/www.vakantiehuis-zuid-frankrijk-barcares.nl\/fr\/eten\/\" target=\"_blank\" rel=\"noopener noreferrer\">De f\u00eate des vins <\/a>comme le Muscat de Rivesaltes, Banyuls ou Maury, de l&#039;Acier pour le forgeron, le Grenat pour le bijoutier, le <a href=\"http:\/\/www.vakantiehuis-zuid-frankrijk-barcares.nl\/fr\/natuur\/\" target=\"_blank\" rel=\"noopener noreferrer\">la nature <\/a>a \u00e9t\u00e9 g\u00e9n\u00e9reux pour le pays Catalan. Vous trouverez le Catalan de caract\u00e8re \u00e0 chaque fois, que de soufflage de verre, qui s&#039;\u00e9tend sur les p\u00e2tes de la bunyettes, le tissage de la f\u00eate multicolore tissus ou vigatanes pour Danser La Sardane ou de pr\u00e9parer les boles de picolat ou de lapin aux escargots...<\/p>\n<p><figure id=\"attachment_996\" aria-describedby=\"caption-attachment-996\" style=\"width: 300px\" class=\"wp-caption alignleft\"><a href=\"http:\/\/www.vakantiehuis-zuid-frankrijk-barcares.nl\/wp-content\/uploads\/2015\/12\/Appartement-vakantie-zuid-frankrijk-luxe-vakantiewoning-GF.jpg\" target=\"_blank\" rel=\"attachment noopener wp-att-996 noreferrer\"><img loading=\"lazy\" decoding=\"async\" width=\"300\" height=\"200\" class=\"wp-image-996 size-medium\" alt=\"Appartement vakantie-zuid-frankrijk-luxe vakantiewoning GF\" src=\"https:\/\/www.vakantiehuis-zuid-frankrijk-barcares.nl\/wp-content\/uploads\/2015\/12\/Appartement-vakantie-zuid-frankrijk-luxe-vakantiewoning-GF-300x200.jpg\" srcset=\"https:\/\/www.vakantiehuis-zuid-frankrijk-barcares.nl\/wp-content\/uploads\/2015\/12\/Appartement-vakantie-zuid-frankrijk-luxe-vakantiewoning-GF-300x200.jpg 300w, https:\/\/www.vakantiehuis-zuid-frankrijk-barcares.nl\/wp-content\/uploads\/2015\/12\/Appartement-vakantie-zuid-frankrijk-luxe-vakantiewoning-GF.jpg 640w\" sizes=\"auto, (max-width: 300px) 100vw, 300px\" \/><\/a><figcaption id=\"caption-attachment-996\" class=\"wp-caption-text\">Appartements divis\u00e9es en plusieurs blocs avec une tr\u00e8s belle architecture<\/figcaption><\/figure><br>\n<figure id=\"attachment_993\" aria-describedby=\"caption-attachment-993\" style=\"width: 300px\" class=\"wp-caption alignright\"><a href=\"http:\/\/www.vakantiehuis-zuid-frankrijk-barcares.nl\/wp-content\/uploads\/2015\/12\/Zwembad-bungalowpark-frankrijk-vakantie-villa-GF.jpg\" target=\"_blank\" rel=\"attachment noopener wp-att-993 noreferrer\"><img loading=\"lazy\" decoding=\"async\" width=\"300\" height=\"200\" class=\"wp-image-993 size-medium\" alt=\"Zwembad bungalowpark-frankrijk-vakantie villa GF\" src=\"http:\/\/www.vakantiehuis-zuid-frankrijk-barcares.nl\/wp-content\/uploads\/2015\/12\/Zwembad-bungalowpark-frankrijk-vakantie-villa-GF-300x200.jpg\" srcset=\"https:\/\/www.vakantiehuis-zuid-frankrijk-barcares.nl\/wp-content\/uploads\/2015\/12\/Zwembad-bungalowpark-frankrijk-vakantie-villa-GF-300x200.jpg 300w, https:\/\/www.vakantiehuis-zuid-frankrijk-barcares.nl\/wp-content\/uploads\/2015\/12\/Zwembad-bungalowpark-frankrijk-vakantie-villa-GF.jpg 640w\" sizes=\"auto, (max-width: 300px) 100vw, 300px\" \/><\/a><figcaption id=\"caption-attachment-993\" class=\"wp-caption-text\">Belle piscine dans le parc avec des terrasses spacieuses<\/figcaption><\/figure>\n<\/p><\/div>","protected":false},"excerpt":{"rendered":"<p>Schitterende ligging aan de Middellandse Zee Villa de Oranje Tulp is eigendom van Piet en Paula Knops&nbsp;die gelegen is op&nbsp;R\u00e9sidence La Pin\u00e8de in Barcar\u00e8s in het zuiden van Frankrijk, precies onder de zon, waar u getuigen kunt zijn van een ontmoeting tussen de Middellandse Zee en de Pyrenee\u00ebn. De dichtstbijzijnde grotere stad is Perpignan op [&hellip;]<\/p>\n","protected":false},"author":3,"featured_media":0,"parent":0,"menu_order":0,"comment_status":"closed","ping_status":"closed","template":"page-templates\/left-sidebar.php","meta":{"footnotes":""},"class_list":["post-6","page","type-page","status-publish","hentry"],"yoast_head":"<!-- This site is optimized with the Yoast SEO plugin v27.4 - https:\/\/yoast.com\/product\/yoast-seo-wordpress\/ -->\n<title>VILLA 8 DE ORANJE TULP - Vakantiehuis te huur in Zuid-Frankrijk<\/title>\n<meta name=\"robots\" content=\"index, follow, max-snippet:-1, max-image-preview:large, max-video-preview:-1\" \/>\n<link rel=\"canonical\" href=\"https:\/\/www.vakantiehuis-zuid-frankrijk-barcares.nl\/fr\/villa-de-oranje-tulp\/\" \/>\n<meta property=\"og:locale\" content=\"fr_FR\" \/>\n<meta property=\"og:type\" content=\"article\" \/>\n<meta property=\"og:title\" content=\"VILLA 8 DE ORANJE TULP - Vakantiehuis te huur in Zuid-Frankrijk\" \/>\n<meta property=\"og:description\" content=\"Schitterende ligging aan de Middellandse Zee Villa de Oranje Tulp is eigendom van Piet en Paula Knops&nbsp;die gelegen is op&nbsp;R\u00e9sidence La Pin\u00e8de in Barcar\u00e8s in het zuiden van Frankrijk, precies onder de zon, waar u getuigen kunt zijn van een ontmoeting tussen de Middellandse Zee en de Pyrenee\u00ebn. De dichtstbijzijnde grotere stad is Perpignan op [&hellip;]\" \/>\n<meta property=\"og:url\" content=\"https:\/\/www.vakantiehuis-zuid-frankrijk-barcares.nl\/fr\/villa-de-oranje-tulp\/\" \/>\n<meta property=\"og:site_name\" content=\"Vakantiehuis te huur in Zuid-Frankrijk\" \/>\n<meta property=\"article:publisher\" content=\"https:\/\/www.facebook.com\/vakantiehuiszuidfrankrijkbarcares\/\" \/>\n<meta property=\"article:modified_time\" content=\"2019-05-16T05:12:03+00:00\" \/>\n<meta property=\"og:image\" content=\"https:\/\/www.vakantiehuis-zuid-frankrijk-barcares.nl\/wp-content\/uploads\/2018\/02\/villa-la-pinede-terras-1024x683.gif\" \/>\n<meta name=\"twitter:card\" content=\"summary_large_image\" \/>\n<meta name=\"twitter:label1\" content=\"Dur\u00e9e de lecture estim\u00e9e\" \/>\n\t<meta name=\"twitter:data1\" content=\"2 minutes\" \/>\n<script type=\"application\/ld+json\" class=\"yoast-schema-graph\">{\"@context\":\"https:\\\/\\\/schema.org\",\"@graph\":[{\"@type\":\"WebPage\",\"@id\":\"https:\\\/\\\/www.vakantiehuis-zuid-frankrijk-barcares.nl\\\/villa-de-oranje-tulp\\\/\",\"url\":\"https:\\\/\\\/www.vakantiehuis-zuid-frankrijk-barcares.nl\\\/villa-de-oranje-tulp\\\/\",\"name\":\"VILLA 8 DE ORANJE TULP - Vakantiehuis te huur in Zuid-Frankrijk\",\"isPartOf\":{\"@id\":\"https:\\\/\\\/www.vakantiehuis-zuid-frankrijk-barcares.nl\\\/#website\"},\"primaryImageOfPage\":{\"@id\":\"https:\\\/\\\/www.vakantiehuis-zuid-frankrijk-barcares.nl\\\/villa-de-oranje-tulp\\\/#primaryimage\"},\"image\":{\"@id\":\"https:\\\/\\\/www.vakantiehuis-zuid-frankrijk-barcares.nl\\\/villa-de-oranje-tulp\\\/#primaryimage\"},\"thumbnailUrl\":\"https:\\\/\\\/www.vakantiehuis-zuid-frankrijk-barcares.nl\\\/wp-content\\\/uploads\\\/2018\\\/02\\\/villa-la-pinede-terras-1024x683.gif\",\"datePublished\":\"2015-12-14T12:17:50+00:00\",\"dateModified\":\"2019-05-16T05:12:03+00:00\",\"breadcrumb\":{\"@id\":\"https:\\\/\\\/www.vakantiehuis-zuid-frankrijk-barcares.nl\\\/villa-de-oranje-tulp\\\/#breadcrumb\"},\"inLanguage\":\"fr-FR\",\"potentialAction\":[{\"@type\":\"ReadAction\",\"target\":[\"https:\\\/\\\/www.vakantiehuis-zuid-frankrijk-barcares.nl\\\/villa-de-oranje-tulp\\\/\"]}]},{\"@type\":\"ImageObject\",\"inLanguage\":\"fr-FR\",\"@id\":\"https:\\\/\\\/www.vakantiehuis-zuid-frankrijk-barcares.nl\\\/villa-de-oranje-tulp\\\/#primaryimage\",\"url\":\"https:\\\/\\\/www.vakantiehuis-zuid-frankrijk-barcares.nl\\\/wp-content\\\/uploads\\\/2018\\\/02\\\/villa-la-pinede-terras-1024x683.gif\",\"contentUrl\":\"https:\\\/\\\/www.vakantiehuis-zuid-frankrijk-barcares.nl\\\/wp-content\\\/uploads\\\/2018\\\/02\\\/villa-la-pinede-terras-1024x683.gif\"},{\"@type\":\"BreadcrumbList\",\"@id\":\"https:\\\/\\\/www.vakantiehuis-zuid-frankrijk-barcares.nl\\\/villa-de-oranje-tulp\\\/#breadcrumb\",\"itemListElement\":[{\"@type\":\"ListItem\",\"position\":1,\"name\":\"Home\",\"item\":\"https:\\\/\\\/www.vakantiehuis-zuid-frankrijk-barcares.nl\\\/\"},{\"@type\":\"ListItem\",\"position\":2,\"name\":\"VILLA 8 DE ORANJE TULP\"}]},{\"@type\":\"WebSite\",\"@id\":\"https:\\\/\\\/www.vakantiehuis-zuid-frankrijk-barcares.nl\\\/#website\",\"url\":\"https:\\\/\\\/www.vakantiehuis-zuid-frankrijk-barcares.nl\\\/\",\"name\":\"Vakantiehuis te huur in Zuid-Frankrijk\",\"description\":\"Aan Middellandse zee (400 m) op vakantiepark met zwembad &#039;R\u00e9sidence La Pin\u00e8de&#039; in Le Barcar\u00e8s in de prachtige streek Languedoc-Roussillon, Pyr\u00e9n\u00e9es-Orientales, dichtbij Perpignan. Huur direct van Nederlandse eigenaar.\",\"potentialAction\":[{\"@type\":\"SearchAction\",\"target\":{\"@type\":\"EntryPoint\",\"urlTemplate\":\"https:\\\/\\\/www.vakantiehuis-zuid-frankrijk-barcares.nl\\\/?s={search_term_string}\"},\"query-input\":{\"@type\":\"PropertyValueSpecification\",\"valueRequired\":true,\"valueName\":\"search_term_string\"}}],\"inLanguage\":\"fr-FR\"}]}<\/script>\n<!-- \/ Yoast SEO plugin. -->","yoast_head_json":{"title":"VILLA 8 DE ORANJE TULP - Vakantiehuis te huur in Zuid-Frankrijk","robots":{"index":"index","follow":"follow","max-snippet":"max-snippet:-1","max-image-preview":"max-image-preview:large","max-video-preview":"max-video-preview:-1"},"canonical":"https:\/\/www.vakantiehuis-zuid-frankrijk-barcares.nl\/fr\/villa-de-oranje-tulp\/","og_locale":"fr_FR","og_type":"article","og_title":"VILLA 8 DE ORANJE TULP - Vakantiehuis te huur in Zuid-Frankrijk","og_description":"Schitterende ligging aan de Middellandse Zee Villa de Oranje Tulp is eigendom van Piet en Paula Knops&nbsp;die gelegen is op&nbsp;R\u00e9sidence La Pin\u00e8de in Barcar\u00e8s in het zuiden van Frankrijk, precies onder de zon, waar u getuigen kunt zijn van een ontmoeting tussen de Middellandse Zee en de Pyrenee\u00ebn. De dichtstbijzijnde grotere stad is Perpignan op [&hellip;]","og_url":"https:\/\/www.vakantiehuis-zuid-frankrijk-barcares.nl\/fr\/villa-de-oranje-tulp\/","og_site_name":"Vakantiehuis te huur in Zuid-Frankrijk","article_publisher":"https:\/\/www.facebook.com\/vakantiehuiszuidfrankrijkbarcares\/","article_modified_time":"2019-05-16T05:12:03+00:00","og_image":[{"url":"https:\/\/www.vakantiehuis-zuid-frankrijk-barcares.nl\/wp-content\/uploads\/2018\/02\/villa-la-pinede-terras-1024x683.gif","type":"","width":"","height":""}],"twitter_card":"summary_large_image","twitter_misc":{"Dur\u00e9e de lecture estim\u00e9e":"2 minutes"},"schema":{"@context":"https:\/\/schema.org","@graph":[{"@type":"WebPage","@id":"https:\/\/www.vakantiehuis-zuid-frankrijk-barcares.nl\/villa-de-oranje-tulp\/","url":"https:\/\/www.vakantiehuis-zuid-frankrijk-barcares.nl\/villa-de-oranje-tulp\/","name":"VILLA 8 DE ORANJE TULP - Vakantiehuis te huur in Zuid-Frankrijk","isPartOf":{"@id":"https:\/\/www.vakantiehuis-zuid-frankrijk-barcares.nl\/#website"},"primaryImageOfPage":{"@id":"https:\/\/www.vakantiehuis-zuid-frankrijk-barcares.nl\/villa-de-oranje-tulp\/#primaryimage"},"image":{"@id":"https:\/\/www.vakantiehuis-zuid-frankrijk-barcares.nl\/villa-de-oranje-tulp\/#primaryimage"},"thumbnailUrl":"https:\/\/www.vakantiehuis-zuid-frankrijk-barcares.nl\/wp-content\/uploads\/2018\/02\/villa-la-pinede-terras-1024x683.gif","datePublished":"2015-12-14T12:17:50+00:00","dateModified":"2019-05-16T05:12:03+00:00","breadcrumb":{"@id":"https:\/\/www.vakantiehuis-zuid-frankrijk-barcares.nl\/villa-de-oranje-tulp\/#breadcrumb"},"inLanguage":"fr-FR","potentialAction":[{"@type":"ReadAction","target":["https:\/\/www.vakantiehuis-zuid-frankrijk-barcares.nl\/villa-de-oranje-tulp\/"]}]},{"@type":"ImageObject","inLanguage":"fr-FR","@id":"https:\/\/www.vakantiehuis-zuid-frankrijk-barcares.nl\/villa-de-oranje-tulp\/#primaryimage","url":"https:\/\/www.vakantiehuis-zuid-frankrijk-barcares.nl\/wp-content\/uploads\/2018\/02\/villa-la-pinede-terras-1024x683.gif","contentUrl":"https:\/\/www.vakantiehuis-zuid-frankrijk-barcares.nl\/wp-content\/uploads\/2018\/02\/villa-la-pinede-terras-1024x683.gif"},{"@type":"BreadcrumbList","@id":"https:\/\/www.vakantiehuis-zuid-frankrijk-barcares.nl\/villa-de-oranje-tulp\/#breadcrumb","itemListElement":[{"@type":"ListItem","position":1,"name":"Home","item":"https:\/\/www.vakantiehuis-zuid-frankrijk-barcares.nl\/"},{"@type":"ListItem","position":2,"name":"VILLA 8 DE ORANJE TULP"}]},{"@type":"WebSite","@id":"https:\/\/www.vakantiehuis-zuid-frankrijk-barcares.nl\/#website","url":"https:\/\/www.vakantiehuis-zuid-frankrijk-barcares.nl\/","name":"Vakantiehuis te huur in Zuid-Frankrijk","description":"Aan Middellandse zee (400 m) op vakantiepark met zwembad &#039;R\u00e9sidence La Pin\u00e8de&#039; in Le Barcar\u00e8s in de prachtige streek Languedoc-Roussillon, Pyr\u00e9n\u00e9es-Orientales, dichtbij Perpignan. Huur direct van Nederlandse eigenaar.","potentialAction":[{"@type":"SearchAction","target":{"@type":"EntryPoint","urlTemplate":"https:\/\/www.vakantiehuis-zuid-frankrijk-barcares.nl\/?s={search_term_string}"},"query-input":{"@type":"PropertyValueSpecification","valueRequired":true,"valueName":"search_term_string"}}],"inLanguage":"fr-FR"}]}},"_links":{"self":[{"href":"https:\/\/www.vakantiehuis-zuid-frankrijk-barcares.nl\/fr\/wp-json\/wp\/v2\/pages\/6","targetHints":{"allow":["GET"]}}],"collection":[{"href":"https:\/\/www.vakantiehuis-zuid-frankrijk-barcares.nl\/fr\/wp-json\/wp\/v2\/pages"}],"about":[{"href":"https:\/\/www.vakantiehuis-zuid-frankrijk-barcares.nl\/fr\/wp-json\/wp\/v2\/types\/page"}],"author":[{"embeddable":true,"href":"https:\/\/www.vakantiehuis-zuid-frankrijk-barcares.nl\/fr\/wp-json\/wp\/v2\/users\/3"}],"replies":[{"embeddable":true,"href":"https:\/\/www.vakantiehuis-zuid-frankrijk-barcares.nl\/fr\/wp-json\/wp\/v2\/comments?post=6"}],"version-history":[{"count":40,"href":"https:\/\/www.vakantiehuis-zuid-frankrijk-barcares.nl\/fr\/wp-json\/wp\/v2\/pages\/6\/revisions"}],"predecessor-version":[{"id":1742,"href":"https:\/\/www.vakantiehuis-zuid-frankrijk-barcares.nl\/fr\/wp-json\/wp\/v2\/pages\/6\/revisions\/1742"}],"wp:attachment":[{"href":"https:\/\/www.vakantiehuis-zuid-frankrijk-barcares.nl\/fr\/wp-json\/wp\/v2\/media?parent=6"}],"curies":[{"name":"wp","href":"https:\/\/api.w.org\/{rel}","templated":true}]}}