{"id":63,"date":"2015-12-15T09:58:58","date_gmt":"2015-12-15T09:58:58","guid":{"rendered":"http:\/\/www.vakantiehuis-zuid-frankrijk-barcares.nl\/?page_id=63"},"modified":"2016-02-28T19:21:54","modified_gmt":"2016-02-28T19:21:54","slug":"zwemmen","status":"publish","type":"page","link":"https:\/\/www.vakantiehuis-zuid-frankrijk-barcares.nl\/fr\/zwemmen\/","title":{"rendered":"Nager"},"content":{"rendered":"<h2><strong>Verkoeling in het zwembad of\u00a0in de\u00a0Zee<\/strong><\/h2>\n<p>Als u een liefhebber bent\u00a0van<a href=\"http:\/\/www.vakantiehuis-zuid-frankrijk-barcares.nl\/fr\/zwembad\/\" target=\"_blank\"> zwemmen<\/a>, dan bestaat er bijna geen enkele regio in Europa waar je zoveel verschillende mogelijkheden worden geboden om lekker te kunnen zwemmen. Dat kan in het rustige zwembad op La Pin\u00e8de zelf of u kiest voor een dagje strand in de woelige Middellandse Zee op slechts 400 meter van het park. Bent u iemand die meer het avontuur zoekt, dan pakt u de fiets of auto en rijdt langs de eindeloze lange kustwegen en zoekt u naar een uniek plekje waar u vervolgens een frisse duik neemt in de <a href=\"http:\/\/www.vakantiehuis-zuid-frankrijk-barcares.nl\/fr\/middellandse-zee\/\" target=\"_blank\">Mer M\u00e9diterran\u00e9e <\/a>of een van de meren in deze regio.<\/p>\n<h3>Eindeloos strand met veel rust<\/h3>\n<p>Het strand is bijna eindeloos en het ligt absoluut niet helemaal vol omdat er gewoon heel veel ruimte is. Als vakantieganger heeft u alle rust zonder last te hebben van andere die hun radio keihard aanzetten of op een andere manier overlast bezorgen.<\/p>\n<figure id=\"attachment_494\" aria-describedby=\"caption-attachment-494\" style=\"width: 660px\" class=\"wp-caption aligncenter\"><a href=\"http:\/\/www.vakantiehuis-zuid-frankrijk-barcares.nl\/wp-content\/uploads\/2015\/12\/Ontdekkingsreis-Zuid-Frankrijk-vakantie-huis-frankrijk-aan-zee.jpg\" target=\"_blank\" rel=\"attachment wp-att-494\"><img loading=\"lazy\" decoding=\"async\" class=\"wp-image-494 size-full\" src=\"http:\/\/www.vakantiehuis-zuid-frankrijk-barcares.nl\/wp-content\/uploads\/2015\/12\/Ontdekkingsreis-Zuid-Frankrijk-vakantie-huis-frankrijk-aan-zee.jpg\" alt=\"Ontdekkingsreis Zuid-Frankrijk vakantie-huis-frankrijk-aan-zee\" width=\"660\" height=\"396\" srcset=\"https:\/\/www.vakantiehuis-zuid-frankrijk-barcares.nl\/wp-content\/uploads\/2015\/12\/Ontdekkingsreis-Zuid-Frankrijk-vakantie-huis-frankrijk-aan-zee.jpg 660w, https:\/\/www.vakantiehuis-zuid-frankrijk-barcares.nl\/wp-content\/uploads\/2015\/12\/Ontdekkingsreis-Zuid-Frankrijk-vakantie-huis-frankrijk-aan-zee-300x180.jpg 300w\" sizes=\"auto, (max-width: 660px) 100vw, 660px\" \/><\/a><figcaption id=\"caption-attachment-494\" class=\"wp-caption-text\">Prachtig mooi meer in een prachtig landschap met zelfs mogelijkheden voor een frisse duik<\/figcaption><\/figure>\n<p><a href=\"http:\/\/www.vakantiehuis-zuid-frankrijk-barcares.nl\/wp-content\/uploads\/2015\/12\/Barcar\u00e8s-zandstrand-vakantiepark-zuid-frankrijk.jpg\" rel=\"attachment wp-att-387\">\u00a0\u00a0<\/a><\/p>\n<figure id=\"attachment_387\" aria-describedby=\"caption-attachment-387\" style=\"width: 2048px\" class=\"wp-caption alignnone\"><a href=\"http:\/\/www.vakantiehuis-zuid-frankrijk-barcares.nl\/wp-content\/uploads\/2015\/12\/Barcar\u00e8s-zandstrand-vakantiepark-zuid-frankrijk.jpg\" rel=\"attachment wp-att-387\"><img loading=\"lazy\" decoding=\"async\" class=\"wp-image-387 size-full\" src=\"http:\/\/www.vakantiehuis-zuid-frankrijk-barcares.nl\/wp-content\/uploads\/2015\/12\/Barcar\u00e8s-zandstrand-vakantiepark-zuid-frankrijk.jpg\" alt=\"Barcar\u00e8s zandstrand vakantiepark-zuid-frankrijk\" width=\"2048\" height=\"1536\" srcset=\"https:\/\/www.vakantiehuis-zuid-frankrijk-barcares.nl\/wp-content\/uploads\/2015\/12\/Barcar\u00e8s-zandstrand-vakantiepark-zuid-frankrijk.jpg 2048w, https:\/\/www.vakantiehuis-zuid-frankrijk-barcares.nl\/wp-content\/uploads\/2015\/12\/Barcar\u00e8s-zandstrand-vakantiepark-zuid-frankrijk-300x225.jpg 300w, https:\/\/www.vakantiehuis-zuid-frankrijk-barcares.nl\/wp-content\/uploads\/2015\/12\/Barcar\u00e8s-zandstrand-vakantiepark-zuid-frankrijk-768x576.jpg 768w, https:\/\/www.vakantiehuis-zuid-frankrijk-barcares.nl\/wp-content\/uploads\/2015\/12\/Barcar\u00e8s-zandstrand-vakantiepark-zuid-frankrijk-1024x768.jpg 1024w, https:\/\/www.vakantiehuis-zuid-frankrijk-barcares.nl\/wp-content\/uploads\/2015\/12\/Barcar\u00e8s-zandstrand-vakantiepark-zuid-frankrijk-938x704.jpg 938w, https:\/\/www.vakantiehuis-zuid-frankrijk-barcares.nl\/wp-content\/uploads\/2015\/12\/Barcar\u00e8s-zandstrand-vakantiepark-zuid-frankrijk-1309x982.jpg 1309w\" sizes=\"auto, (max-width: 2048px) 100vw, 2048px\" \/><\/a><figcaption id=\"caption-attachment-387\" class=\"wp-caption-text\">Uitgestrekte zandstranden met fantastisch mooi uitzicht op enkele honderden meters van La Pin\u00e8de<\/figcaption><\/figure>\n<p>&nbsp;<\/p>\n<figure id=\"attachment_234\" aria-describedby=\"caption-attachment-234\" style=\"width: 640px\" class=\"wp-caption aligncenter\"><a href=\"http:\/\/www.vakantiehuis-zuid-frankrijk-barcares.nl\/wp-content\/uploads\/2015\/12\/Zwembad-vakantiewoning-zuid-frankrijk.jpg\" rel=\"attachment wp-att-234\"><img loading=\"lazy\" decoding=\"async\" class=\"wp-image-234 size-full\" src=\"http:\/\/www.vakantiehuis-zuid-frankrijk-barcares.nl\/wp-content\/uploads\/2015\/12\/Zwembad-vakantiewoning-zuid-frankrijk.jpg\" alt=\"Zwembad vakantiewoning-zuid-frankrijk\" width=\"640\" height=\"426\" srcset=\"https:\/\/www.vakantiehuis-zuid-frankrijk-barcares.nl\/wp-content\/uploads\/2015\/12\/Zwembad-vakantiewoning-zuid-frankrijk.jpg 640w, https:\/\/www.vakantiehuis-zuid-frankrijk-barcares.nl\/wp-content\/uploads\/2015\/12\/Zwembad-vakantiewoning-zuid-frankrijk-300x200.jpg 300w\" sizes=\"auto, (max-width: 640px) 100vw, 640px\" \/><\/a><figcaption id=\"caption-attachment-234\" class=\"wp-caption-text\">Zwembad tegenover villa&#8217;s is erg comfortabel en handig, u hoeft helemaal niet ver te lopen<\/figcaption><\/figure>","protected":false},"excerpt":{"rendered":"<p>Verkoeling in het zwembad of\u00a0in de\u00a0Zee Als u een liefhebber bent\u00a0van zwemmen, dan bestaat er bijna geen enkele regio in Europa waar je zoveel verschillende mogelijkheden worden geboden om lekker te kunnen zwemmen. Dat kan in het rustige zwembad op La Pin\u00e8de zelf of u kiest voor een dagje strand in de woelige Middellandse Zee [&hellip;]<\/p>\n","protected":false},"author":3,"featured_media":0,"parent":0,"menu_order":0,"comment_status":"closed","ping_status":"closed","template":"page-templates\/left-sidebar.php","meta":{"footnotes":""},"class_list":["post-63","page","type-page","status-publish","hentry"],"yoast_head":"<!-- This site is optimized with the Yoast SEO plugin v27.4 - https:\/\/yoast.com\/product\/yoast-seo-wordpress\/ -->\n<title>Zwemmen - Vakantiehuis te huur in Zuid-Frankrijk<\/title>\n<meta name=\"description\" content=\"Zwemmen, zwembad, verkoeling aan zee, eindeloos strand, dagje strand, zon, middellandse zee, avontuur, kustwegen, meren, rust, ontspanning\" \/>\n<meta name=\"robots\" content=\"index, follow, max-snippet:-1, max-image-preview:large, max-video-preview:-1\" \/>\n<link rel=\"canonical\" href=\"https:\/\/www.vakantiehuis-zuid-frankrijk-barcares.nl\/fr\/zwemmen\/\" \/>\n<meta property=\"og:locale\" content=\"fr_FR\" \/>\n<meta property=\"og:type\" content=\"article\" \/>\n<meta property=\"og:title\" content=\"Zwemmen - Vakantiehuis te huur in Zuid-Frankrijk\" \/>\n<meta property=\"og:description\" content=\"Zwemmen, zwembad, verkoeling aan zee, eindeloos strand, dagje strand, zon, middellandse zee, avontuur, kustwegen, meren, rust, ontspanning\" \/>\n<meta property=\"og:url\" content=\"https:\/\/www.vakantiehuis-zuid-frankrijk-barcares.nl\/fr\/zwemmen\/\" \/>\n<meta property=\"og:site_name\" content=\"Vakantiehuis te huur in Zuid-Frankrijk\" \/>\n<meta property=\"article:publisher\" content=\"https:\/\/www.facebook.com\/vakantiehuiszuidfrankrijkbarcares\/\" \/>\n<meta property=\"article:modified_time\" content=\"2016-02-28T19:21:54+00:00\" \/>\n<meta property=\"og:image\" content=\"http:\/\/www.vakantiehuis-zuid-frankrijk-barcares.nl\/wp-content\/uploads\/2015\/12\/Ontdekkingsreis-Zuid-Frankrijk-vakantie-huis-frankrijk-aan-zee.jpg\" \/>\n<meta name=\"twitter:card\" content=\"summary_large_image\" \/>\n<meta name=\"twitter:label1\" content=\"Dur\u00e9e de lecture estim\u00e9e\" \/>\n\t<meta name=\"twitter:data1\" content=\"1 minute\" \/>\n<script type=\"application\/ld+json\" class=\"yoast-schema-graph\">{\"@context\":\"https:\\\/\\\/schema.org\",\"@graph\":[{\"@type\":\"WebPage\",\"@id\":\"https:\\\/\\\/www.vakantiehuis-zuid-frankrijk-barcares.nl\\\/zwemmen\\\/\",\"url\":\"https:\\\/\\\/www.vakantiehuis-zuid-frankrijk-barcares.nl\\\/zwemmen\\\/\",\"name\":\"Zwemmen - Vakantiehuis te huur in Zuid-Frankrijk\",\"isPartOf\":{\"@id\":\"https:\\\/\\\/www.vakantiehuis-zuid-frankrijk-barcares.nl\\\/#website\"},\"primaryImageOfPage\":{\"@id\":\"https:\\\/\\\/www.vakantiehuis-zuid-frankrijk-barcares.nl\\\/zwemmen\\\/#primaryimage\"},\"image\":{\"@id\":\"https:\\\/\\\/www.vakantiehuis-zuid-frankrijk-barcares.nl\\\/zwemmen\\\/#primaryimage\"},\"thumbnailUrl\":\"http:\\\/\\\/www.vakantiehuis-zuid-frankrijk-barcares.nl\\\/wp-content\\\/uploads\\\/2015\\\/12\\\/Ontdekkingsreis-Zuid-Frankrijk-vakantie-huis-frankrijk-aan-zee.jpg\",\"datePublished\":\"2015-12-15T09:58:58+00:00\",\"dateModified\":\"2016-02-28T19:21:54+00:00\",\"description\":\"Zwemmen, zwembad, verkoeling aan zee, eindeloos strand, dagje strand, zon, middellandse zee, avontuur, kustwegen, meren, rust, ontspanning\",\"breadcrumb\":{\"@id\":\"https:\\\/\\\/www.vakantiehuis-zuid-frankrijk-barcares.nl\\\/zwemmen\\\/#breadcrumb\"},\"inLanguage\":\"fr-FR\",\"potentialAction\":[{\"@type\":\"ReadAction\",\"target\":[\"https:\\\/\\\/www.vakantiehuis-zuid-frankrijk-barcares.nl\\\/zwemmen\\\/\"]}]},{\"@type\":\"ImageObject\",\"inLanguage\":\"fr-FR\",\"@id\":\"https:\\\/\\\/www.vakantiehuis-zuid-frankrijk-barcares.nl\\\/zwemmen\\\/#primaryimage\",\"url\":\"http:\\\/\\\/www.vakantiehuis-zuid-frankrijk-barcares.nl\\\/wp-content\\\/uploads\\\/2015\\\/12\\\/Ontdekkingsreis-Zuid-Frankrijk-vakantie-huis-frankrijk-aan-zee.jpg\",\"contentUrl\":\"http:\\\/\\\/www.vakantiehuis-zuid-frankrijk-barcares.nl\\\/wp-content\\\/uploads\\\/2015\\\/12\\\/Ontdekkingsreis-Zuid-Frankrijk-vakantie-huis-frankrijk-aan-zee.jpg\"},{\"@type\":\"BreadcrumbList\",\"@id\":\"https:\\\/\\\/www.vakantiehuis-zuid-frankrijk-barcares.nl\\\/zwemmen\\\/#breadcrumb\",\"itemListElement\":[{\"@type\":\"ListItem\",\"position\":1,\"name\":\"Home\",\"item\":\"https:\\\/\\\/www.vakantiehuis-zuid-frankrijk-barcares.nl\\\/\"},{\"@type\":\"ListItem\",\"position\":2,\"name\":\"Zwemmen\"}]},{\"@type\":\"WebSite\",\"@id\":\"https:\\\/\\\/www.vakantiehuis-zuid-frankrijk-barcares.nl\\\/#website\",\"url\":\"https:\\\/\\\/www.vakantiehuis-zuid-frankrijk-barcares.nl\\\/\",\"name\":\"Vakantiehuis te huur in Zuid-Frankrijk\",\"description\":\"Aan Middellandse zee (400 m) op vakantiepark met zwembad &#039;R\u00e9sidence La Pin\u00e8de&#039; in Le Barcar\u00e8s in de prachtige streek Languedoc-Roussillon, Pyr\u00e9n\u00e9es-Orientales, dichtbij Perpignan. Huur direct van Nederlandse eigenaar.\",\"potentialAction\":[{\"@type\":\"SearchAction\",\"target\":{\"@type\":\"EntryPoint\",\"urlTemplate\":\"https:\\\/\\\/www.vakantiehuis-zuid-frankrijk-barcares.nl\\\/?s={search_term_string}\"},\"query-input\":{\"@type\":\"PropertyValueSpecification\",\"valueRequired\":true,\"valueName\":\"search_term_string\"}}],\"inLanguage\":\"fr-FR\"}]}<\/script>\n<!-- \/ Yoast SEO plugin. -->","yoast_head_json":{"title":"Zwemmen - Vakantiehuis te huur in Zuid-Frankrijk","description":"Zwemmen, zwembad, verkoeling aan zee, eindeloos strand, dagje strand, zon, middellandse zee, avontuur, kustwegen, meren, rust, ontspanning","robots":{"index":"index","follow":"follow","max-snippet":"max-snippet:-1","max-image-preview":"max-image-preview:large","max-video-preview":"max-video-preview:-1"},"canonical":"https:\/\/www.vakantiehuis-zuid-frankrijk-barcares.nl\/fr\/zwemmen\/","og_locale":"fr_FR","og_type":"article","og_title":"Zwemmen - Vakantiehuis te huur in Zuid-Frankrijk","og_description":"Zwemmen, zwembad, verkoeling aan zee, eindeloos strand, dagje strand, zon, middellandse zee, avontuur, kustwegen, meren, rust, ontspanning","og_url":"https:\/\/www.vakantiehuis-zuid-frankrijk-barcares.nl\/fr\/zwemmen\/","og_site_name":"Vakantiehuis te huur in Zuid-Frankrijk","article_publisher":"https:\/\/www.facebook.com\/vakantiehuiszuidfrankrijkbarcares\/","article_modified_time":"2016-02-28T19:21:54+00:00","og_image":[{"url":"http:\/\/www.vakantiehuis-zuid-frankrijk-barcares.nl\/wp-content\/uploads\/2015\/12\/Ontdekkingsreis-Zuid-Frankrijk-vakantie-huis-frankrijk-aan-zee.jpg","type":"","width":"","height":""}],"twitter_card":"summary_large_image","twitter_misc":{"Dur\u00e9e de lecture estim\u00e9e":"1 minute"},"schema":{"@context":"https:\/\/schema.org","@graph":[{"@type":"WebPage","@id":"https:\/\/www.vakantiehuis-zuid-frankrijk-barcares.nl\/zwemmen\/","url":"https:\/\/www.vakantiehuis-zuid-frankrijk-barcares.nl\/zwemmen\/","name":"Zwemmen - Vakantiehuis te huur in Zuid-Frankrijk","isPartOf":{"@id":"https:\/\/www.vakantiehuis-zuid-frankrijk-barcares.nl\/#website"},"primaryImageOfPage":{"@id":"https:\/\/www.vakantiehuis-zuid-frankrijk-barcares.nl\/zwemmen\/#primaryimage"},"image":{"@id":"https:\/\/www.vakantiehuis-zuid-frankrijk-barcares.nl\/zwemmen\/#primaryimage"},"thumbnailUrl":"http:\/\/www.vakantiehuis-zuid-frankrijk-barcares.nl\/wp-content\/uploads\/2015\/12\/Ontdekkingsreis-Zuid-Frankrijk-vakantie-huis-frankrijk-aan-zee.jpg","datePublished":"2015-12-15T09:58:58+00:00","dateModified":"2016-02-28T19:21:54+00:00","description":"Zwemmen, zwembad, verkoeling aan zee, eindeloos strand, dagje strand, zon, middellandse zee, avontuur, kustwegen, meren, rust, ontspanning","breadcrumb":{"@id":"https:\/\/www.vakantiehuis-zuid-frankrijk-barcares.nl\/zwemmen\/#breadcrumb"},"inLanguage":"fr-FR","potentialAction":[{"@type":"ReadAction","target":["https:\/\/www.vakantiehuis-zuid-frankrijk-barcares.nl\/zwemmen\/"]}]},{"@type":"ImageObject","inLanguage":"fr-FR","@id":"https:\/\/www.vakantiehuis-zuid-frankrijk-barcares.nl\/zwemmen\/#primaryimage","url":"http:\/\/www.vakantiehuis-zuid-frankrijk-barcares.nl\/wp-content\/uploads\/2015\/12\/Ontdekkingsreis-Zuid-Frankrijk-vakantie-huis-frankrijk-aan-zee.jpg","contentUrl":"http:\/\/www.vakantiehuis-zuid-frankrijk-barcares.nl\/wp-content\/uploads\/2015\/12\/Ontdekkingsreis-Zuid-Frankrijk-vakantie-huis-frankrijk-aan-zee.jpg"},{"@type":"BreadcrumbList","@id":"https:\/\/www.vakantiehuis-zuid-frankrijk-barcares.nl\/zwemmen\/#breadcrumb","itemListElement":[{"@type":"ListItem","position":1,"name":"Home","item":"https:\/\/www.vakantiehuis-zuid-frankrijk-barcares.nl\/"},{"@type":"ListItem","position":2,"name":"Zwemmen"}]},{"@type":"WebSite","@id":"https:\/\/www.vakantiehuis-zuid-frankrijk-barcares.nl\/#website","url":"https:\/\/www.vakantiehuis-zuid-frankrijk-barcares.nl\/","name":"Vakantiehuis te huur in Zuid-Frankrijk","description":"Aan Middellandse zee (400 m) op vakantiepark met zwembad &#039;R\u00e9sidence La Pin\u00e8de&#039; in Le Barcar\u00e8s in de prachtige streek Languedoc-Roussillon, Pyr\u00e9n\u00e9es-Orientales, dichtbij Perpignan. Huur direct van Nederlandse eigenaar.","potentialAction":[{"@type":"SearchAction","target":{"@type":"EntryPoint","urlTemplate":"https:\/\/www.vakantiehuis-zuid-frankrijk-barcares.nl\/?s={search_term_string}"},"query-input":{"@type":"PropertyValueSpecification","valueRequired":true,"valueName":"search_term_string"}}],"inLanguage":"fr-FR"}]}},"_links":{"self":[{"href":"https:\/\/www.vakantiehuis-zuid-frankrijk-barcares.nl\/fr\/wp-json\/wp\/v2\/pages\/63","targetHints":{"allow":["GET"]}}],"collection":[{"href":"https:\/\/www.vakantiehuis-zuid-frankrijk-barcares.nl\/fr\/wp-json\/wp\/v2\/pages"}],"about":[{"href":"https:\/\/www.vakantiehuis-zuid-frankrijk-barcares.nl\/fr\/wp-json\/wp\/v2\/types\/page"}],"author":[{"embeddable":true,"href":"https:\/\/www.vakantiehuis-zuid-frankrijk-barcares.nl\/fr\/wp-json\/wp\/v2\/users\/3"}],"replies":[{"embeddable":true,"href":"https:\/\/www.vakantiehuis-zuid-frankrijk-barcares.nl\/fr\/wp-json\/wp\/v2\/comments?post=63"}],"version-history":[{"count":23,"href":"https:\/\/www.vakantiehuis-zuid-frankrijk-barcares.nl\/fr\/wp-json\/wp\/v2\/pages\/63\/revisions"}],"predecessor-version":[{"id":1216,"href":"https:\/\/www.vakantiehuis-zuid-frankrijk-barcares.nl\/fr\/wp-json\/wp\/v2\/pages\/63\/revisions\/1216"}],"wp:attachment":[{"href":"https:\/\/www.vakantiehuis-zuid-frankrijk-barcares.nl\/fr\/wp-json\/wp\/v2\/media?parent=63"}],"curies":[{"name":"wp","href":"https:\/\/api.w.org\/{rel}","templated":true}]}}