{"id":65,"date":"2015-12-15T09:59:12","date_gmt":"2015-12-15T09:59:12","guid":{"rendered":"http:\/\/www.vakantiehuis-zuid-frankrijk-barcares.nl\/?page_id=65"},"modified":"2016-02-28T19:23:46","modified_gmt":"2016-02-28T19:23:46","slug":"fietsen","status":"publish","type":"page","link":"https:\/\/www.vakantiehuis-zuid-frankrijk-barcares.nl\/fr\/fietsen\/","title":{"rendered":"La marche et le v\u00e9lo"},"content":{"rendered":"<h2><strong>Eindeloze boulevard vanuit Barcar\u00e8s voor wandelen en fietsen<\/strong><\/h2>\n<p>Het\u00a0is een geweldige belevenis\u00a0om\u00a0wandelend of fietsend de <a href=\"http:\/\/www.vakantiehuis-zuid-frankrijk-barcares.nl\/fr\/le-barcares-village\/\" target=\"_blank\">boulevard <\/a>te verkennen en te genieten van alles wat de natuur ons heeft gebracht. De boulevard is kilometers lang en lijkt vaak nooit op te houden als je er eenmaal overheen aan het lopen bent. Zelfs met de fiets kun je over de boulevard, of een langere tocht\u00a0maken naar, en door de diverse aangrenzende dorpjes en zelfs naar de stad\u00a0Perpignan of de grotere kustplaats Canet.\u00a0<span style=\"color: #333399;\">Op korte afstand van het vakantiepark\u00a0kunt u eindeloos genieten van een fietstocht in Natuurreservaat La Pin\u00e8de<\/span>. U kunt fietsen\u00a0( ook elektrische fietsen ) huren in Barcar\u00e8s.<\/p>\n<p>U komt weer\u00a0terug op vakantiepark frankrijk in uw vakantiehuis\u00a0met een schat aan nieuwe indrukken en\u00a0schitterende beelden of foto\u2019s van de natuur en de vele <a href=\"http:\/\/www.vakantiehuis-zuid-frankrijk-barcares.nl\/fr\/bezienswaardigheden\/\" target=\"_blank\">gevarieerde landschappen <\/a>die u nog nooit eerder in het echt gezien of beleefd heeft. Het is allemaal nieuw en u geniet van het grote aantal nieuwe belevenissen en bezienswaardigheden. Als u vooraf wat extra tijd besteedt aan de voorbereiding van uw wandel- of fietstocht, dan zult u moeten bekennen dat u in een korte tijd veel nieuws te zien heeft gekregen.<\/p>\n<h3><strong>Wandelen in natuurschoon<\/strong><\/h3>\n<p><span style=\"font-family: 'Arial',sans-serif;\"><span style=\"color: #000000;\">Wanneer je van <a href=\"http:\/\/www.vakantiehuis-zuid-frankrijk-barcares.nl\/fr\/natuur\/\" target=\"_blank\">natuurschoon<\/a> houdt, dan is een bezoek aan de Vall\u00e9e de la T\u00eat een bezoek meer dan waard. Wandel door de omgeving over kronkelende wegen. Bewonder onderweg de prachtige flora en fauna. Volg de bewegwijzerde route (over het \u2018sentier d\u2019interpretation\u2019) en leer tijdens de wandeling van alles over de omgeving aan de hand van anekdotes en verhalen. Je vindt onderweg audiozuilen en informatieborden. In de omgeving kun je ook veel leuke dorpjes bezoeken. Je kunt de omgeving natuurlijk ook met de fiets of met de auto verkennen. <\/span><\/span><\/p>\n<h3><strong>Voor de sportievelingen <\/strong><\/h3>\n<p>Het Catalaanse Land is een waar <a href=\"http:\/\/www.vakantiehuis-zuid-frankrijk-barcares.nl\/fr\/fietsen\/\" target=\"_blank\">wandelparadijs <\/a>dankzij 3.500 km aangelegde paden, waarvan 50 wandelpaden. Hier kunt u eindeloos wandelen, naar gelang het seizoen en tot een hoogte van 3.000 meter. In de Pyr\u00e9n\u00e9es-Orientales is de natuur actief!<\/p>\n<p>Stap naar <a href=\"http:\/\/www.vakantiehuis-zuid-frankrijk-barcares.nl\/fr\/le-barcares-village\/\" target=\"_blank\">Office De Tourisme <\/a>in Barcar\u00e8s en vraag naar de wandelkaarten of neem uw eigen navigatie mee.<\/p>\n<h3><span style=\"font-family: 'Arial',sans-serif;\"><span style=\"font-size: medium;\">De \u2018orgelpijpen\u2019 van Ille-sur-T\u00eat<\/span><\/span><\/h3>\n<h4><span style=\"color: #444444; font-family: helvetica; font-size: medium;\">Ontdek het indrukwekkende landschap dat ontstaan is in 5 miljoen jaar<\/span><\/h4>\n<h4><strong><span style=\"font-family: 'Arial',sans-serif;\"><span style=\"color: #000000;\">De orgelpijpen van Ille-sur-T\u00eat \u00a0\u00a0Orgues d\u201dille sur tet<\/span><\/span><\/strong><\/h4>\n<p><span style=\"font-family: 'Arial',sans-serif;\"><span style=\"color: #000000;\">In het hart van de vallei van de T\u00eat vlakbij het dorpje B\u00e9lesta is het landschap het resultaat van een geologische evolutie van meer dan 5 miljoen jaar. De T\u00eat is een riviertje dat bij Perpignan in de Middellandse Zee stroomt. Door invloeden van de aarde, de zon, de wind en het water zijn hier vreemd verweerde rotsen ontstaan uit zacht zandsteen. De rotsen lijken op orgelpijpen. Sommige pijpen zijn wel 12 meter hoog. De omgeving is er schitterend! <\/span><\/span><\/p>\n<h3><strong><span style=\"font-family: 'Arial',sans-serif;\"><span style=\"color: #000000;\">Badlands<\/span><\/span><\/strong><\/h3>\n<p><span style=\"font-family: 'Arial',sans-serif;\"><span style=\"color: #000000;\">De orgelpijpen worden door geografen ook wel<\/span> <span style=\"color: #000000;\">\u00ab\u00a0badlands\u00a0\u00bb of \u00ab\u00a0schoorstenen \u00bb genoemd. Badlands is een algemene benaming voor een streek met woeste grond. Net als overige \u2018badlands\u2019 in het Middellandse Zeegebied bestaan ze uit een doolhof van smalle ravijnen en diepe, zeer steile hellingen. <\/span><\/span><\/p>\n<p><span id=\"ctl00_ctl00_ContentPlaceHolder1_ContentPlaceHolder3_RegionSubCatDescription\">Dankzij de sterk vari\u00ebrende landschappen en talloze<a href=\"http:\/\/www.vakantiehuis-zuid-frankrijk-barcares.nl\/fr\/bezienswaardigheden\/\" target=\"_blank\"> bezienswaardigheden<\/a>, leent de Languedoc-Roussillon zich uitstekend als regio voor wandel- en trektochten. Tal van wandelpaden en wegen doorkruisen de regio en maken deze streek een paradijs voor wandelaars. Als u een meerdaagse wandelvakantie wenst, dan kunt u diverse GR-paden door de streek volgen. U kunt ook wandelen langs historische wandelroutes; deze wandelingen duren vaak enkele uren.<\/span><\/p>\n<h3><strong>Wandelen in Languedoc Roussillon<\/strong><\/h3>\n<p><span id=\"ctl00_ctl00_ContentPlaceHolder1_ContentPlaceHolder3_RegionSubCatDescription\">Dankzij de sterk vari\u00ebrende landschappen en talloze bezienswaardigheden, leent de Languedoc-Roussillon zich uitstekend als regio voor wandel- en trektochten. Tal van wandelpaden en wegen doorkruisen de regio en maken deze streek een paradijs voor wandelaars. Als u een meerdaagse wandelvakantie wenst, dan kunt u diverse GR-paden door de streek volgen. U kunt ook wandelen langs historische wandelroutes; deze wandelingen duren vaak enkele uren.<\/span><\/p>\n<p><a href=\"http:\/\/nl.wikiloc.com\/routes\/wandelen\/frankrijk\/languedoc-roussillon\" target=\"_blank\">wandelroutes-languedoc-roussillon<\/a><\/p>\n<p><a href=\"http:\/\/www.take-a-trip.eu\/nl\/zomervakanties\/artikels\/wandelen-in-de-languedoc\/333\/\" target=\"_blank\">Wandelen in Languedoc-Roussillon<\/a><\/p>","protected":false},"excerpt":{"rendered":"<p>Eindeloze boulevard vanuit Barcar\u00e8s voor wandelen en fietsen Het\u00a0is een geweldige belevenis\u00a0om\u00a0wandelend of fietsend de boulevard te verkennen en te genieten van alles wat de natuur ons heeft gebracht. De boulevard is kilometers lang en lijkt vaak nooit op te houden als je er eenmaal overheen aan het lopen bent. Zelfs met de fiets kun [&hellip;]<\/p>\n","protected":false},"author":3,"featured_media":0,"parent":0,"menu_order":0,"comment_status":"closed","ping_status":"closed","template":"page-templates\/left-sidebar.php","meta":{"footnotes":""},"class_list":["post-65","page","type-page","status-publish","hentry"],"yoast_head":"<!-- This site is optimized with the Yoast SEO plugin v27.4 - https:\/\/yoast.com\/product\/yoast-seo-wordpress\/ -->\n<title>Wandelen en Fietsen - Vakantiehuis te huur in Zuid-Frankrijk<\/title>\n<meta name=\"description\" content=\"Eindeloze boulevard, natuurschoon, badlands, wandelroutes Languedoc Roussillon, fietsen huren, landschappen, Ille-sur-T\u00eat, Pyr\u00e9n\u00e9es-Orientales, trektocht\u00a0\u00a0\u00a0\" \/>\n<meta name=\"robots\" content=\"index, follow, max-snippet:-1, max-image-preview:large, max-video-preview:-1\" \/>\n<link rel=\"canonical\" href=\"https:\/\/www.vakantiehuis-zuid-frankrijk-barcares.nl\/fr\/fietsen\/\" \/>\n<meta property=\"og:locale\" content=\"fr_FR\" \/>\n<meta property=\"og:type\" content=\"article\" \/>\n<meta property=\"og:title\" content=\"Wandelen en Fietsen - Vakantiehuis te huur in Zuid-Frankrijk\" \/>\n<meta property=\"og:description\" content=\"Eindeloze boulevard, natuurschoon, badlands, wandelroutes Languedoc Roussillon, fietsen huren, landschappen, Ille-sur-T\u00eat, Pyr\u00e9n\u00e9es-Orientales, trektocht\u00a0\u00a0\u00a0\" \/>\n<meta property=\"og:url\" content=\"https:\/\/www.vakantiehuis-zuid-frankrijk-barcares.nl\/fr\/fietsen\/\" \/>\n<meta property=\"og:site_name\" content=\"Vakantiehuis te huur in Zuid-Frankrijk\" \/>\n<meta property=\"article:publisher\" content=\"https:\/\/www.facebook.com\/vakantiehuiszuidfrankrijkbarcares\/\" \/>\n<meta property=\"article:modified_time\" content=\"2016-02-28T19:23:46+00:00\" \/>\n<meta name=\"twitter:card\" content=\"summary_large_image\" \/>\n<meta name=\"twitter:label1\" content=\"Dur\u00e9e de lecture estim\u00e9e\" \/>\n\t<meta name=\"twitter:data1\" content=\"3 minutes\" \/>\n<script type=\"application\/ld+json\" class=\"yoast-schema-graph\">{\"@context\":\"https:\\\/\\\/schema.org\",\"@graph\":[{\"@type\":\"WebPage\",\"@id\":\"https:\\\/\\\/www.vakantiehuis-zuid-frankrijk-barcares.nl\\\/fietsen\\\/\",\"url\":\"https:\\\/\\\/www.vakantiehuis-zuid-frankrijk-barcares.nl\\\/fietsen\\\/\",\"name\":\"Wandelen en Fietsen - Vakantiehuis te huur in Zuid-Frankrijk\",\"isPartOf\":{\"@id\":\"https:\\\/\\\/www.vakantiehuis-zuid-frankrijk-barcares.nl\\\/#website\"},\"datePublished\":\"2015-12-15T09:59:12+00:00\",\"dateModified\":\"2016-02-28T19:23:46+00:00\",\"description\":\"Eindeloze boulevard, natuurschoon, badlands, wandelroutes Languedoc Roussillon, fietsen huren, landschappen, Ille-sur-T\u00eat, Pyr\u00e9n\u00e9es-Orientales, trektocht\u00a0\u00a0\u00a0\",\"breadcrumb\":{\"@id\":\"https:\\\/\\\/www.vakantiehuis-zuid-frankrijk-barcares.nl\\\/fietsen\\\/#breadcrumb\"},\"inLanguage\":\"fr-FR\",\"potentialAction\":[{\"@type\":\"ReadAction\",\"target\":[\"https:\\\/\\\/www.vakantiehuis-zuid-frankrijk-barcares.nl\\\/fietsen\\\/\"]}]},{\"@type\":\"BreadcrumbList\",\"@id\":\"https:\\\/\\\/www.vakantiehuis-zuid-frankrijk-barcares.nl\\\/fietsen\\\/#breadcrumb\",\"itemListElement\":[{\"@type\":\"ListItem\",\"position\":1,\"name\":\"Home\",\"item\":\"https:\\\/\\\/www.vakantiehuis-zuid-frankrijk-barcares.nl\\\/\"},{\"@type\":\"ListItem\",\"position\":2,\"name\":\"Wandelen en Fietsen\"}]},{\"@type\":\"WebSite\",\"@id\":\"https:\\\/\\\/www.vakantiehuis-zuid-frankrijk-barcares.nl\\\/#website\",\"url\":\"https:\\\/\\\/www.vakantiehuis-zuid-frankrijk-barcares.nl\\\/\",\"name\":\"Vakantiehuis te huur in Zuid-Frankrijk\",\"description\":\"Aan Middellandse zee (400 m) op vakantiepark met zwembad &#039;R\u00e9sidence La Pin\u00e8de&#039; in Le Barcar\u00e8s in de prachtige streek Languedoc-Roussillon, Pyr\u00e9n\u00e9es-Orientales, dichtbij Perpignan. Huur direct van Nederlandse eigenaar.\",\"potentialAction\":[{\"@type\":\"SearchAction\",\"target\":{\"@type\":\"EntryPoint\",\"urlTemplate\":\"https:\\\/\\\/www.vakantiehuis-zuid-frankrijk-barcares.nl\\\/?s={search_term_string}\"},\"query-input\":{\"@type\":\"PropertyValueSpecification\",\"valueRequired\":true,\"valueName\":\"search_term_string\"}}],\"inLanguage\":\"fr-FR\"}]}<\/script>\n<!-- \/ Yoast SEO plugin. -->","yoast_head_json":{"title":"Wandelen en Fietsen - Vakantiehuis te huur in Zuid-Frankrijk","description":"Eindeloze boulevard, natuurschoon, badlands, wandelroutes Languedoc Roussillon, fietsen huren, landschappen, Ille-sur-T\u00eat, Pyr\u00e9n\u00e9es-Orientales, trektocht\u00a0\u00a0\u00a0","robots":{"index":"index","follow":"follow","max-snippet":"max-snippet:-1","max-image-preview":"max-image-preview:large","max-video-preview":"max-video-preview:-1"},"canonical":"https:\/\/www.vakantiehuis-zuid-frankrijk-barcares.nl\/fr\/fietsen\/","og_locale":"fr_FR","og_type":"article","og_title":"Wandelen en Fietsen - Vakantiehuis te huur in Zuid-Frankrijk","og_description":"Eindeloze boulevard, natuurschoon, badlands, wandelroutes Languedoc Roussillon, fietsen huren, landschappen, Ille-sur-T\u00eat, Pyr\u00e9n\u00e9es-Orientales, trektocht\u00a0\u00a0\u00a0","og_url":"https:\/\/www.vakantiehuis-zuid-frankrijk-barcares.nl\/fr\/fietsen\/","og_site_name":"Vakantiehuis te huur in Zuid-Frankrijk","article_publisher":"https:\/\/www.facebook.com\/vakantiehuiszuidfrankrijkbarcares\/","article_modified_time":"2016-02-28T19:23:46+00:00","twitter_card":"summary_large_image","twitter_misc":{"Dur\u00e9e de lecture estim\u00e9e":"3 minutes"},"schema":{"@context":"https:\/\/schema.org","@graph":[{"@type":"WebPage","@id":"https:\/\/www.vakantiehuis-zuid-frankrijk-barcares.nl\/fietsen\/","url":"https:\/\/www.vakantiehuis-zuid-frankrijk-barcares.nl\/fietsen\/","name":"Wandelen en Fietsen - Vakantiehuis te huur in Zuid-Frankrijk","isPartOf":{"@id":"https:\/\/www.vakantiehuis-zuid-frankrijk-barcares.nl\/#website"},"datePublished":"2015-12-15T09:59:12+00:00","dateModified":"2016-02-28T19:23:46+00:00","description":"Eindeloze boulevard, natuurschoon, badlands, wandelroutes Languedoc Roussillon, fietsen huren, landschappen, Ille-sur-T\u00eat, Pyr\u00e9n\u00e9es-Orientales, trektocht\u00a0\u00a0\u00a0","breadcrumb":{"@id":"https:\/\/www.vakantiehuis-zuid-frankrijk-barcares.nl\/fietsen\/#breadcrumb"},"inLanguage":"fr-FR","potentialAction":[{"@type":"ReadAction","target":["https:\/\/www.vakantiehuis-zuid-frankrijk-barcares.nl\/fietsen\/"]}]},{"@type":"BreadcrumbList","@id":"https:\/\/www.vakantiehuis-zuid-frankrijk-barcares.nl\/fietsen\/#breadcrumb","itemListElement":[{"@type":"ListItem","position":1,"name":"Home","item":"https:\/\/www.vakantiehuis-zuid-frankrijk-barcares.nl\/"},{"@type":"ListItem","position":2,"name":"Wandelen en Fietsen"}]},{"@type":"WebSite","@id":"https:\/\/www.vakantiehuis-zuid-frankrijk-barcares.nl\/#website","url":"https:\/\/www.vakantiehuis-zuid-frankrijk-barcares.nl\/","name":"Vakantiehuis te huur in Zuid-Frankrijk","description":"Aan Middellandse zee (400 m) op vakantiepark met zwembad &#039;R\u00e9sidence La Pin\u00e8de&#039; in Le Barcar\u00e8s in de prachtige streek Languedoc-Roussillon, Pyr\u00e9n\u00e9es-Orientales, dichtbij Perpignan. Huur direct van Nederlandse eigenaar.","potentialAction":[{"@type":"SearchAction","target":{"@type":"EntryPoint","urlTemplate":"https:\/\/www.vakantiehuis-zuid-frankrijk-barcares.nl\/?s={search_term_string}"},"query-input":{"@type":"PropertyValueSpecification","valueRequired":true,"valueName":"search_term_string"}}],"inLanguage":"fr-FR"}]}},"_links":{"self":[{"href":"https:\/\/www.vakantiehuis-zuid-frankrijk-barcares.nl\/fr\/wp-json\/wp\/v2\/pages\/65","targetHints":{"allow":["GET"]}}],"collection":[{"href":"https:\/\/www.vakantiehuis-zuid-frankrijk-barcares.nl\/fr\/wp-json\/wp\/v2\/pages"}],"about":[{"href":"https:\/\/www.vakantiehuis-zuid-frankrijk-barcares.nl\/fr\/wp-json\/wp\/v2\/types\/page"}],"author":[{"embeddable":true,"href":"https:\/\/www.vakantiehuis-zuid-frankrijk-barcares.nl\/fr\/wp-json\/wp\/v2\/users\/3"}],"replies":[{"embeddable":true,"href":"https:\/\/www.vakantiehuis-zuid-frankrijk-barcares.nl\/fr\/wp-json\/wp\/v2\/comments?post=65"}],"version-history":[{"count":27,"href":"https:\/\/www.vakantiehuis-zuid-frankrijk-barcares.nl\/fr\/wp-json\/wp\/v2\/pages\/65\/revisions"}],"predecessor-version":[{"id":1178,"href":"https:\/\/www.vakantiehuis-zuid-frankrijk-barcares.nl\/fr\/wp-json\/wp\/v2\/pages\/65\/revisions\/1178"}],"wp:attachment":[{"href":"https:\/\/www.vakantiehuis-zuid-frankrijk-barcares.nl\/fr\/wp-json\/wp\/v2\/media?parent=65"}],"curies":[{"name":"wp","href":"https:\/\/api.w.org\/{rel}","templated":true}]}}