{"id":67,"date":"2015-12-15T09:59:26","date_gmt":"2015-12-15T09:59:26","guid":{"rendered":"http:\/\/www.vakantiehuis-zuid-frankrijk-barcares.nl\/?page_id=67"},"modified":"2019-05-01T04:56:51","modified_gmt":"2019-05-01T04:56:51","slug":"auto-uitstapjes","status":"publish","type":"page","link":"https:\/\/www.vakantiehuis-zuid-frankrijk-barcares.nl\/fr\/auto-uitstapjes\/","title":{"rendered":"Les voyages en voiture"},"content":{"rendered":"<h2><strong>Uitstapjes&nbsp;met de auto naar diverse kustplaatsen en wijnroutes<\/strong><\/h2>\n<p>Met de auto heeft u uiteraard ook de nodige mogelijkheden om erop uit te kunnen trekken. Denk hierbij aan dagelijkse uitstapjes naar de diverse kustplaatsen grenzend aan Barcar\u00e8s zoals Canet en Leucat met een schitterende jachthaven met vele gezellige terrassen waar het goed toeven is. Ook zijn er wijnroutes speciaal uitgezet voor mensen die gebruik willen maken van de auto.<\/p>\n<h2><strong>Dagtrip&nbsp;naar Andorra<\/strong><\/h2>\n<p>Wat dacht u van een dagtrip naar het&nbsp;dwergstaatje&nbsp;( Vorstendom ) Andorra. Het ge\u00efsoleerde land is tegenwoordig vooral afhankelijk van toerisme en zijn status als &#8216;belastingparadijs&#8217;. Andorra is geen lid van de <a title=\"Europese Unie\" href=\"https:\/\/nl.wikipedia.org\/wiki\/Europese_Unie\" target=\"_blank\" rel=\"noopener noreferrer\"><span style=\"color: #0066cc;\">Europese Unie<\/span><\/a>. De offici\u00eble taal is <a title=\"Catalaans (taal)\" href=\"https:\/\/nl.wikipedia.org\/wiki\/Catalaans_(taal)\" target=\"_blank\" rel=\"noopener noreferrer\"><span style=\"color: #0066cc;\">Catalaans<\/span><\/a>.<\/p>\n<h2><strong>Wijnroutes&nbsp;<\/strong><\/h2>\n<p>De wijnroutes van de Provence en van Languedoc-Roussillon bewijzen dat de verschillende appellations het waard zijn om hier halt te houden.<\/p>\n<h2><strong>Villefrance<\/strong><\/h2>\n<p>In het dal van Vann\u00e9e de la T\u00e9t, aan de voet van de beroemde berg Canigou, ligt het prachtige middeleeuwse dorpje Villefrance de Conflent, met de klassificatie \u2018Mooiste Dorpen van Frankrijk\u2019<\/p>\n<p>Dit door haar omgeving en architectuur zo indrukwekkende dorp, is ook het startpunt voor wandeltochten en de Gele Trein van Cerdagne.<\/p>\n<p>In dit stadje uit de 11e eeuw zijn nog overblijfselen van de oorspronkelijke wallen te zien. Het Fort Liberia, gebouwd in de 17e eeuw en versterkt door de beroemde architect Vauban, is markant zichtbaar. De prehistorische grotten van Villefrance behoren tot de mooiste van Frankrijk. Een van de zalen van de grotten, heeft een prachtige akoestiek. Hier worden dan ook regelmatig licht- en klankspelen opgevoerd ondermeer van Pavaratti en Carouso. Sinds 2008 staat dit dorp op de werelderfgoedlijst. De grotten zelfs staan ook op de Werelderfgoedlijst.<\/p>\n<h2>Vallespir<\/h2>\n<h3><\/h3>\n<p>Romeinse stad in het hart van Vallespir aan de samenvloeiing van de Tech en Riuferrer, Arles-sur-Tech nodigt u uit om&nbsp;de zonnige pleinen te ontdekken, zijn middeleeuwse straatjes, oude huizen&nbsp;getuigen van een rijk historisch verleden.<\/p>\n<h3><\/h3>\n<h2><strong>Aude<\/strong><\/h2>\n<p>In de Aude vind je een enorme variatie aan landschappen:<\/p>\n<p>Narbonne met het rijke Romeinse erfgoed, de romaanse abdijen in de Corbi\u00e8res of Minervois, de duizelingwekkende citadellen en de kastelen van de Katharen zijn de hoogtepunten uit de rijke geschiedenis van het Land van de Katharen.<\/p>\n<p>Carcassonne, de grootste middeleeuwse vestiging in Europa, blijft een pittoresk stadje waar het fijn is te kuieren doorheen een doolhof van kleine straatjes.<\/p>\n<p>Het Canal du Midi biedt de mogelijkheid om vanuit de jachthavens uitstappen te maken op het water. Ook langs het kanaal fietsen is een onvergetelijke ervaring.<\/p>\n<p>De Aude is de regio met de grootste biodiversiteit in Frankrijk waardoor uitstappen in de natuur of openluchtactiviteiten een absolute aanrader zijn. Wandelen, fietsen, paardrijden of watersport: In de Aude kan het allemaal!<\/p>\n<p>Ten slotte kent de Aude een rijke gastronomie.<\/p>\n<h2><strong>Ceret<\/strong><\/h2>\n<p>Beroemd om zijn museum van moderne kunst of kersen, C\u00e9ret is een stad aan de oostelijke Pyrenee\u00ebn niet zonder gebrek aan charme. Met zijn gunstige klimaat en het historische en natuurlijke erfgoed, stad met een sterk Catalaanse merk heeft een oude oorsprong, die teruggaat tot op zijn minst aan het beroemde Verdrag van de Pyrenee\u00ebn in 866.<\/p>\n<p>C\u00e9ret is gelegen in de vallei van de Tech en&nbsp;grenzend aan de&nbsp;Pyrenee\u00ebn, aan de grens met Spanje. De nabijheid van Iberische buren heeft een sterke invloed gehad, met name door de passie van de stad voor het stierenvechten. Stierengevechten en Sardanes werden inderdaad regelmatig gehouden in deze stad in de schijnwerpers van de kubisten.<\/p>\n<p>De zoetheid van het leven heerst in deze stad van Vallespir, dankzij de heldere rode exploderende kersen boomgaarden met uitzicht op de stad. Deze vrucht is ook de specialiteit van C\u00e9ret, en sinds het begin van de twintigste eeuw. Hazelnoot productie is ook heel belangrijk.<\/p>\n<h3>Rh\u00f4ne Delta<\/h3>\n<p>Meer dan een <a href=\"http:\/\/www.vakantiehuis-zuid-frankrijk-barcares.nl\/fr\/bezienswaardigheden\/\" target=\"_blank\" rel=\"noopener noreferrer\">bezoekje waard <\/a>vanwege de Camarguepaarden, zwarte stieren en roze flamingo&#8217;s. Dit gebied is de enige plek in Frankrijk en een van de weinige plekken rond de Middellandse Zee waar flamingo&#8217;s te vinden zijn. Het aantal wordt geschat op wel 20.000 paartjes. De ziltige vlakte van Salin-de-Giraud zijn zoutwingebieden, met jaarlijks&nbsp;\u00e9\u00e9n miljoen&nbsp;m3 de grootste producent van zeezout in Europa. Door de grote hoeveelheid zout krijgt het water mooie kleuren, soms roze of zelfs rood. Camargue is ook bekend om haar niet bloederige stierengevechten, de zogenaamde Course Camarguaise, in de arena&#8217;s van Saintes-Maries-de-la-Mer en Mauguio.<\/p>\n<p>Het <a href=\"http:\/\/www.vakantiehuis-zuid-frankrijk-barcares.nl\/fr\/eten\/\" target=\"_blank\" rel=\"noopener noreferrer\">gastronomisch aanbod <\/a>is zonder meer exquis. Van de berghellingen uit de Luberon in de Val\u00e9e de la Rh\u00f4ne komen de meest begeerde kersen, uit de vlakten de beroemde Cavaillon meloen. Zwarte truffels uit de Vaucluse noemt men het zwarte diamant. Hier speuren naar deze kostbaarheid gebeurt door honden. Je kunt hier ook een varken voor nemen, maar wie wil zo&#8217;n beest als huisdier. Nee dan wel een vrouwtjeshond. Die is maar een paar keer per jaar seksueel afgeleid, terwijl de mannetjes dat permanent zijn, vertelde&nbsp;ooit een truffelzoeker. In september, tijdens het seizoensbegin, is in Richerenches, de grootste markt voor zwarte truffel in Frankrijk, zij wordt geopend door de Commanderie des Templiers. De absolute specialiteit bij kaas is de Picodon. Al 2.000 jaar maken boeren uit de streek deze lekkernij uit rauwe geitenmelk, De kaas heeft een rulle eetbare witte korst die na rijping blauwgroene plekjes vertoond en is ongekend aromatisch.<\/p>\n<p>Volkeren, koningen, pausen, bouwkunst, wijn en landbouw, flora en fauna. Culturen die ooit begonnen met een rivier die haar eigen bodem meebracht en verspreidde. Echter, het meest voorname wat de Rh\u00f4ne meebracht is het water, want&nbsp;waar water is, is&nbsp;ook leven.<\/p>","protected":false},"excerpt":{"rendered":"<p>Uitstapjes&nbsp;met de auto naar diverse kustplaatsen en wijnroutes Met de auto heeft u uiteraard ook de nodige mogelijkheden om erop uit te kunnen trekken. Denk hierbij aan dagelijkse uitstapjes naar de diverse kustplaatsen grenzend aan Barcar\u00e8s zoals Canet en Leucat met een schitterende jachthaven met vele gezellige terrassen waar het goed toeven is. Ook zijn [&hellip;]<\/p>\n","protected":false},"author":2,"featured_media":0,"parent":0,"menu_order":0,"comment_status":"closed","ping_status":"closed","template":"page-templates\/left-sidebar.php","meta":{"footnotes":""},"class_list":["post-67","page","type-page","status-publish","hentry"],"yoast_head":"<!-- This site is optimized with the Yoast SEO plugin v27.4 - https:\/\/yoast.com\/product\/yoast-seo-wordpress\/ -->\n<title>Auto-uitstapjes - Vakantiehuis te huur in Zuid-Frankrijk<\/title>\n<meta name=\"description\" content=\"dagelijkse\u00a0auto-uitstapjes met de auto, kustplaatsen, jachthaven, \u00a0wijnroutes, Languedoc-Roussilon Andorra, Villefrance, Vallespir, Aude, Ceret\" \/>\n<meta name=\"robots\" content=\"index, follow, max-snippet:-1, max-image-preview:large, max-video-preview:-1\" \/>\n<link rel=\"canonical\" href=\"https:\/\/www.vakantiehuis-zuid-frankrijk-barcares.nl\/fr\/auto-uitstapjes\/\" \/>\n<meta property=\"og:locale\" content=\"fr_FR\" \/>\n<meta property=\"og:type\" content=\"article\" \/>\n<meta property=\"og:title\" content=\"Auto-uitstapjes - Vakantiehuis te huur in Zuid-Frankrijk\" \/>\n<meta property=\"og:description\" content=\"dagelijkse\u00a0auto-uitstapjes met de auto, kustplaatsen, jachthaven, \u00a0wijnroutes, Languedoc-Roussilon Andorra, Villefrance, Vallespir, Aude, Ceret\" \/>\n<meta property=\"og:url\" content=\"https:\/\/www.vakantiehuis-zuid-frankrijk-barcares.nl\/fr\/auto-uitstapjes\/\" \/>\n<meta property=\"og:site_name\" content=\"Vakantiehuis te huur in Zuid-Frankrijk\" \/>\n<meta property=\"article:publisher\" content=\"https:\/\/www.facebook.com\/vakantiehuiszuidfrankrijkbarcares\/\" \/>\n<meta property=\"article:modified_time\" content=\"2019-05-01T04:56:51+00:00\" \/>\n<meta name=\"twitter:card\" content=\"summary_large_image\" \/>\n<meta name=\"twitter:label1\" content=\"Dur\u00e9e de lecture estim\u00e9e\" \/>\n\t<meta name=\"twitter:data1\" content=\"5 minutes\" \/>\n<script type=\"application\/ld+json\" class=\"yoast-schema-graph\">{\"@context\":\"https:\\\/\\\/schema.org\",\"@graph\":[{\"@type\":\"WebPage\",\"@id\":\"https:\\\/\\\/www.vakantiehuis-zuid-frankrijk-barcares.nl\\\/auto-uitstapjes\\\/\",\"url\":\"https:\\\/\\\/www.vakantiehuis-zuid-frankrijk-barcares.nl\\\/auto-uitstapjes\\\/\",\"name\":\"Auto-uitstapjes - Vakantiehuis te huur in Zuid-Frankrijk\",\"isPartOf\":{\"@id\":\"https:\\\/\\\/www.vakantiehuis-zuid-frankrijk-barcares.nl\\\/#website\"},\"datePublished\":\"2015-12-15T09:59:26+00:00\",\"dateModified\":\"2019-05-01T04:56:51+00:00\",\"description\":\"dagelijkse\u00a0auto-uitstapjes met de auto, kustplaatsen, jachthaven, \u00a0wijnroutes, Languedoc-Roussilon Andorra, Villefrance, Vallespir, Aude, Ceret\",\"breadcrumb\":{\"@id\":\"https:\\\/\\\/www.vakantiehuis-zuid-frankrijk-barcares.nl\\\/auto-uitstapjes\\\/#breadcrumb\"},\"inLanguage\":\"fr-FR\",\"potentialAction\":[{\"@type\":\"ReadAction\",\"target\":[\"https:\\\/\\\/www.vakantiehuis-zuid-frankrijk-barcares.nl\\\/auto-uitstapjes\\\/\"]}]},{\"@type\":\"BreadcrumbList\",\"@id\":\"https:\\\/\\\/www.vakantiehuis-zuid-frankrijk-barcares.nl\\\/auto-uitstapjes\\\/#breadcrumb\",\"itemListElement\":[{\"@type\":\"ListItem\",\"position\":1,\"name\":\"Home\",\"item\":\"https:\\\/\\\/www.vakantiehuis-zuid-frankrijk-barcares.nl\\\/\"},{\"@type\":\"ListItem\",\"position\":2,\"name\":\"Auto-uitstapjes\"}]},{\"@type\":\"WebSite\",\"@id\":\"https:\\\/\\\/www.vakantiehuis-zuid-frankrijk-barcares.nl\\\/#website\",\"url\":\"https:\\\/\\\/www.vakantiehuis-zuid-frankrijk-barcares.nl\\\/\",\"name\":\"Vakantiehuis te huur in Zuid-Frankrijk\",\"description\":\"Aan Middellandse zee (400 m) op vakantiepark met zwembad &#039;R\u00e9sidence La Pin\u00e8de&#039; in Le Barcar\u00e8s in de prachtige streek Languedoc-Roussillon, Pyr\u00e9n\u00e9es-Orientales, dichtbij Perpignan. Huur direct van Nederlandse eigenaar.\",\"potentialAction\":[{\"@type\":\"SearchAction\",\"target\":{\"@type\":\"EntryPoint\",\"urlTemplate\":\"https:\\\/\\\/www.vakantiehuis-zuid-frankrijk-barcares.nl\\\/?s={search_term_string}\"},\"query-input\":{\"@type\":\"PropertyValueSpecification\",\"valueRequired\":true,\"valueName\":\"search_term_string\"}}],\"inLanguage\":\"fr-FR\"}]}<\/script>\n<!-- \/ Yoast SEO plugin. -->","yoast_head_json":{"title":"Auto-uitstapjes - Vakantiehuis te huur in Zuid-Frankrijk","description":"dagelijkse\u00a0auto-uitstapjes met de auto, kustplaatsen, jachthaven, \u00a0wijnroutes, Languedoc-Roussilon Andorra, Villefrance, Vallespir, Aude, Ceret","robots":{"index":"index","follow":"follow","max-snippet":"max-snippet:-1","max-image-preview":"max-image-preview:large","max-video-preview":"max-video-preview:-1"},"canonical":"https:\/\/www.vakantiehuis-zuid-frankrijk-barcares.nl\/fr\/auto-uitstapjes\/","og_locale":"fr_FR","og_type":"article","og_title":"Auto-uitstapjes - Vakantiehuis te huur in Zuid-Frankrijk","og_description":"dagelijkse\u00a0auto-uitstapjes met de auto, kustplaatsen, jachthaven, \u00a0wijnroutes, Languedoc-Roussilon Andorra, Villefrance, Vallespir, Aude, Ceret","og_url":"https:\/\/www.vakantiehuis-zuid-frankrijk-barcares.nl\/fr\/auto-uitstapjes\/","og_site_name":"Vakantiehuis te huur in Zuid-Frankrijk","article_publisher":"https:\/\/www.facebook.com\/vakantiehuiszuidfrankrijkbarcares\/","article_modified_time":"2019-05-01T04:56:51+00:00","twitter_card":"summary_large_image","twitter_misc":{"Dur\u00e9e de lecture estim\u00e9e":"5 minutes"},"schema":{"@context":"https:\/\/schema.org","@graph":[{"@type":"WebPage","@id":"https:\/\/www.vakantiehuis-zuid-frankrijk-barcares.nl\/auto-uitstapjes\/","url":"https:\/\/www.vakantiehuis-zuid-frankrijk-barcares.nl\/auto-uitstapjes\/","name":"Auto-uitstapjes - Vakantiehuis te huur in Zuid-Frankrijk","isPartOf":{"@id":"https:\/\/www.vakantiehuis-zuid-frankrijk-barcares.nl\/#website"},"datePublished":"2015-12-15T09:59:26+00:00","dateModified":"2019-05-01T04:56:51+00:00","description":"dagelijkse\u00a0auto-uitstapjes met de auto, kustplaatsen, jachthaven, \u00a0wijnroutes, Languedoc-Roussilon Andorra, Villefrance, Vallespir, Aude, Ceret","breadcrumb":{"@id":"https:\/\/www.vakantiehuis-zuid-frankrijk-barcares.nl\/auto-uitstapjes\/#breadcrumb"},"inLanguage":"fr-FR","potentialAction":[{"@type":"ReadAction","target":["https:\/\/www.vakantiehuis-zuid-frankrijk-barcares.nl\/auto-uitstapjes\/"]}]},{"@type":"BreadcrumbList","@id":"https:\/\/www.vakantiehuis-zuid-frankrijk-barcares.nl\/auto-uitstapjes\/#breadcrumb","itemListElement":[{"@type":"ListItem","position":1,"name":"Home","item":"https:\/\/www.vakantiehuis-zuid-frankrijk-barcares.nl\/"},{"@type":"ListItem","position":2,"name":"Auto-uitstapjes"}]},{"@type":"WebSite","@id":"https:\/\/www.vakantiehuis-zuid-frankrijk-barcares.nl\/#website","url":"https:\/\/www.vakantiehuis-zuid-frankrijk-barcares.nl\/","name":"Vakantiehuis te huur in Zuid-Frankrijk","description":"Aan Middellandse zee (400 m) op vakantiepark met zwembad &#039;R\u00e9sidence La Pin\u00e8de&#039; in Le Barcar\u00e8s in de prachtige streek Languedoc-Roussillon, Pyr\u00e9n\u00e9es-Orientales, dichtbij Perpignan. Huur direct van Nederlandse eigenaar.","potentialAction":[{"@type":"SearchAction","target":{"@type":"EntryPoint","urlTemplate":"https:\/\/www.vakantiehuis-zuid-frankrijk-barcares.nl\/?s={search_term_string}"},"query-input":{"@type":"PropertyValueSpecification","valueRequired":true,"valueName":"search_term_string"}}],"inLanguage":"fr-FR"}]}},"_links":{"self":[{"href":"https:\/\/www.vakantiehuis-zuid-frankrijk-barcares.nl\/fr\/wp-json\/wp\/v2\/pages\/67","targetHints":{"allow":["GET"]}}],"collection":[{"href":"https:\/\/www.vakantiehuis-zuid-frankrijk-barcares.nl\/fr\/wp-json\/wp\/v2\/pages"}],"about":[{"href":"https:\/\/www.vakantiehuis-zuid-frankrijk-barcares.nl\/fr\/wp-json\/wp\/v2\/types\/page"}],"author":[{"embeddable":true,"href":"https:\/\/www.vakantiehuis-zuid-frankrijk-barcares.nl\/fr\/wp-json\/wp\/v2\/users\/2"}],"replies":[{"embeddable":true,"href":"https:\/\/www.vakantiehuis-zuid-frankrijk-barcares.nl\/fr\/wp-json\/wp\/v2\/comments?post=67"}],"version-history":[{"count":35,"href":"https:\/\/www.vakantiehuis-zuid-frankrijk-barcares.nl\/fr\/wp-json\/wp\/v2\/pages\/67\/revisions"}],"predecessor-version":[{"id":1712,"href":"https:\/\/www.vakantiehuis-zuid-frankrijk-barcares.nl\/fr\/wp-json\/wp\/v2\/pages\/67\/revisions\/1712"}],"wp:attachment":[{"href":"https:\/\/www.vakantiehuis-zuid-frankrijk-barcares.nl\/fr\/wp-json\/wp\/v2\/media?parent=67"}],"curies":[{"name":"wp","href":"https:\/\/api.w.org\/{rel}","templated":true}]}}