{"id":681,"date":"2015-12-31T18:17:29","date_gmt":"2015-12-31T18:17:29","guid":{"rendered":"http:\/\/www.vakantiehuis-zuid-frankrijk-barcares.nl\/?page_id=681"},"modified":"2019-05-01T04:57:32","modified_gmt":"2019-05-01T04:57:32","slug":"bereikbaarheid-2","status":"publish","type":"page","link":"https:\/\/www.vakantiehuis-zuid-frankrijk-barcares.nl\/fr\/bereikbaarheid-2\/","title":{"rendered":"L&#039;accessibilit\u00e9"},"content":{"rendered":"<p>De bereikbaarheid van R\u00e9sidence la Pin\u00e8de is uitstekend&nbsp;te noemen door de goede Franse infrastructuur&nbsp;o.a. met de auto. Normaliter dient u vanuit centraal&nbsp;Nederland met een reistijd van circa 12 tot 13 uur rekening te houden. Er leiden meerdere wegen naar Perpignan. Daar vandaan is het nog geen 15 minuten rijden naar <a href=\"http:\/\/www.vakantiehuis-zuid-frankrijk-barcares.nl\/fr\/het-park\/\" target=\"_blank\" rel=\"noopener noreferrer\"><span style=\"color: #009de0;\">R\u00e9sidence la Pin\u00e8de<\/span><\/a>. Enkele mogelijke routes zijn de volgende:<\/p>\n<h4><strong>Route 1<\/strong><\/h4>\n<p>Maastricht ( E25 ) * Luxemburg * Nancy ( A31 ) * Lyon ( A7 ) * Montelimar * Orange ( A9 ) Nimes * Montpellier * B\u00e9ziers * Narbonne * Perpignan * Le Barcar\u00e8s.<\/p>\n<h4><strong>Route 2<\/strong><\/h4>\n<p>Breda * Antwerpen ( E17 ) * Lille \/ Rijssel ( A1 ) * Parijs ( A10 ) Orl\u00e9ans ( A71 ) * Vierzon ( A71 ) * Clermont-Ferrand ( A75 ) * S\u00e9v\u00e9rac-leChateau ( N9 ) * Lod\u00e8ve * Montpellier ( A9 ) * Narbonne ( A61 ) * Perpignan * Le Barcar\u00e8s.<\/p>\n<h4><strong>Route 3<\/strong><\/h4>\n<p>Breda * Antwerpen ( A17 ) * Lille \/ Rijssel ( A1 ) * Parijs ( A10 ) * Orl\u00e9ans ( A71 ) * Vierzon ( A20 ) * Limoges * Montauban ( A62 ) * Toulouse ( A61 ) Carcassonne * Perpignan * Le Barcar\u00e8s.<\/p>\n<h4><strong>Vliegtuig<\/strong><\/h4>\n<p>Zowel <a href=\"http:\/\/www.vakantiehuis-zuid-frankrijk-barcares.nl\/fr\/carcassonne\/\" target=\"_blank\" rel=\"noopener noreferrer\"><span style=\"color: #009de0;\">Carcassonne <\/span><\/a>et <a href=\"http:\/\/www.vakantiehuis-zuid-frankrijk-barcares.nl\/fr\/perpignan\/\" target=\"_blank\" rel=\"noopener noreferrer\"><span style=\"color: #009de0;\">Perpignan <\/span><\/a>in Frankrijk als Girona en Barcelona in Spanje hebben goede luchthavens. Diverse goedkope vliegmaatschappijen vliegen vanaf meerdere vliegvelden in Nederland of o.a. vliegvelden Charleroi ( Brussel Zuid ), D\u00fcsseldorf of Londen. De tarieven zijn erg aantrekkelijk, zeker als u ruim van tevoren boekt. Uiteraard kunt u vanaf Schiphol met onder andere KLM ( Air France ) of andere maatschappijen vliegen. Dit is echter een iets duurdere variant. Prijzen en reisschema\u2019s wijzigen regelmatig. Raadpleegt u hiervoor het internet, uw reisbureau of neem contact met ons op.<\/p>\n<h4><strong>Trein<\/strong><\/h4>\n<p>Per trein is er tegenwoordig door de komst van de TGV \/ Thalys een zeer goede verbinding, Amsterdam ( CS ) is het beginpunt en het eindpunt is Perpignan. Met de trein bent u zo in Perpignan. U reist met Thalys naar Parijs of per stoptrein en Intercity naar Brussel. Daar stapt u over op TGV. Tijdens uw reis wordt u van alle gemakken voorzien, zodat u heerlijk kunt ontspannen in een comfortabele stoel.<\/p>","protected":false},"excerpt":{"rendered":"<p>De bereikbaarheid van R\u00e9sidence la Pin\u00e8de is uitstekend&nbsp;te noemen door de goede Franse infrastructuur&nbsp;o.a. met de auto. Normaliter dient u vanuit centraal&nbsp;Nederland met een reistijd van circa 12 tot 13 uur rekening te houden. Er leiden meerdere wegen naar Perpignan. Daar vandaan is het nog geen 15 minuten rijden naar R\u00e9sidence la Pin\u00e8de. Enkele mogelijke [&hellip;]<\/p>\n","protected":false},"author":2,"featured_media":0,"parent":0,"menu_order":0,"comment_status":"closed","ping_status":"closed","template":"","meta":{"footnotes":""},"class_list":["post-681","page","type-page","status-publish","hentry"],"yoast_head":"<!-- This site is optimized with the Yoast SEO plugin v27.4 - https:\/\/yoast.com\/product\/yoast-seo-wordpress\/ -->\n<title>Bereikbaarheid - Vakantiehuis te huur in Zuid-Frankrijk<\/title>\n<meta name=\"robots\" content=\"index, follow, max-snippet:-1, max-image-preview:large, max-video-preview:-1\" \/>\n<link rel=\"canonical\" href=\"https:\/\/www.vakantiehuis-zuid-frankrijk-barcares.nl\/fr\/bereikbaarheid-2\/\" \/>\n<meta property=\"og:locale\" content=\"fr_FR\" \/>\n<meta property=\"og:type\" content=\"article\" \/>\n<meta property=\"og:title\" content=\"Bereikbaarheid - Vakantiehuis te huur in Zuid-Frankrijk\" \/>\n<meta property=\"og:description\" content=\"De bereikbaarheid van R\u00e9sidence la Pin\u00e8de is uitstekend&nbsp;te noemen door de goede Franse infrastructuur&nbsp;o.a. met de auto. Normaliter dient u vanuit centraal&nbsp;Nederland met een reistijd van circa 12 tot 13 uur rekening te houden. Er leiden meerdere wegen naar Perpignan. Daar vandaan is het nog geen 15 minuten rijden naar R\u00e9sidence la Pin\u00e8de. Enkele mogelijke [&hellip;]\" \/>\n<meta property=\"og:url\" content=\"https:\/\/www.vakantiehuis-zuid-frankrijk-barcares.nl\/fr\/bereikbaarheid-2\/\" \/>\n<meta property=\"og:site_name\" content=\"Vakantiehuis te huur in Zuid-Frankrijk\" \/>\n<meta property=\"article:publisher\" content=\"https:\/\/www.facebook.com\/vakantiehuiszuidfrankrijkbarcares\/\" \/>\n<meta property=\"article:modified_time\" content=\"2019-05-01T04:57:32+00:00\" \/>\n<meta name=\"twitter:card\" content=\"summary_large_image\" \/>\n<meta name=\"twitter:label1\" content=\"Dur\u00e9e de lecture estim\u00e9e\" \/>\n\t<meta name=\"twitter:data1\" content=\"2 minutes\" \/>\n<script type=\"application\/ld+json\" class=\"yoast-schema-graph\">{\"@context\":\"https:\\\/\\\/schema.org\",\"@graph\":[{\"@type\":\"WebPage\",\"@id\":\"https:\\\/\\\/www.vakantiehuis-zuid-frankrijk-barcares.nl\\\/bereikbaarheid-2\\\/\",\"url\":\"https:\\\/\\\/www.vakantiehuis-zuid-frankrijk-barcares.nl\\\/bereikbaarheid-2\\\/\",\"name\":\"Bereikbaarheid - Vakantiehuis te huur in Zuid-Frankrijk\",\"isPartOf\":{\"@id\":\"https:\\\/\\\/www.vakantiehuis-zuid-frankrijk-barcares.nl\\\/#website\"},\"datePublished\":\"2015-12-31T18:17:29+00:00\",\"dateModified\":\"2019-05-01T04:57:32+00:00\",\"breadcrumb\":{\"@id\":\"https:\\\/\\\/www.vakantiehuis-zuid-frankrijk-barcares.nl\\\/bereikbaarheid-2\\\/#breadcrumb\"},\"inLanguage\":\"fr-FR\",\"potentialAction\":[{\"@type\":\"ReadAction\",\"target\":[\"https:\\\/\\\/www.vakantiehuis-zuid-frankrijk-barcares.nl\\\/bereikbaarheid-2\\\/\"]}]},{\"@type\":\"BreadcrumbList\",\"@id\":\"https:\\\/\\\/www.vakantiehuis-zuid-frankrijk-barcares.nl\\\/bereikbaarheid-2\\\/#breadcrumb\",\"itemListElement\":[{\"@type\":\"ListItem\",\"position\":1,\"name\":\"Home\",\"item\":\"https:\\\/\\\/www.vakantiehuis-zuid-frankrijk-barcares.nl\\\/\"},{\"@type\":\"ListItem\",\"position\":2,\"name\":\"Bereikbaarheid\"}]},{\"@type\":\"WebSite\",\"@id\":\"https:\\\/\\\/www.vakantiehuis-zuid-frankrijk-barcares.nl\\\/#website\",\"url\":\"https:\\\/\\\/www.vakantiehuis-zuid-frankrijk-barcares.nl\\\/\",\"name\":\"Vakantiehuis te huur in Zuid-Frankrijk\",\"description\":\"Aan Middellandse zee (400 m) op vakantiepark met zwembad &#039;R\u00e9sidence La Pin\u00e8de&#039; in Le Barcar\u00e8s in de prachtige streek Languedoc-Roussillon, Pyr\u00e9n\u00e9es-Orientales, dichtbij Perpignan. Huur direct van Nederlandse eigenaar.\",\"potentialAction\":[{\"@type\":\"SearchAction\",\"target\":{\"@type\":\"EntryPoint\",\"urlTemplate\":\"https:\\\/\\\/www.vakantiehuis-zuid-frankrijk-barcares.nl\\\/?s={search_term_string}\"},\"query-input\":{\"@type\":\"PropertyValueSpecification\",\"valueRequired\":true,\"valueName\":\"search_term_string\"}}],\"inLanguage\":\"fr-FR\"}]}<\/script>\n<!-- \/ Yoast SEO plugin. -->","yoast_head_json":{"title":"Bereikbaarheid - Vakantiehuis te huur in Zuid-Frankrijk","robots":{"index":"index","follow":"follow","max-snippet":"max-snippet:-1","max-image-preview":"max-image-preview:large","max-video-preview":"max-video-preview:-1"},"canonical":"https:\/\/www.vakantiehuis-zuid-frankrijk-barcares.nl\/fr\/bereikbaarheid-2\/","og_locale":"fr_FR","og_type":"article","og_title":"Bereikbaarheid - Vakantiehuis te huur in Zuid-Frankrijk","og_description":"De bereikbaarheid van R\u00e9sidence la Pin\u00e8de is uitstekend&nbsp;te noemen door de goede Franse infrastructuur&nbsp;o.a. met de auto. Normaliter dient u vanuit centraal&nbsp;Nederland met een reistijd van circa 12 tot 13 uur rekening te houden. Er leiden meerdere wegen naar Perpignan. Daar vandaan is het nog geen 15 minuten rijden naar R\u00e9sidence la Pin\u00e8de. Enkele mogelijke [&hellip;]","og_url":"https:\/\/www.vakantiehuis-zuid-frankrijk-barcares.nl\/fr\/bereikbaarheid-2\/","og_site_name":"Vakantiehuis te huur in Zuid-Frankrijk","article_publisher":"https:\/\/www.facebook.com\/vakantiehuiszuidfrankrijkbarcares\/","article_modified_time":"2019-05-01T04:57:32+00:00","twitter_card":"summary_large_image","twitter_misc":{"Dur\u00e9e de lecture estim\u00e9e":"2 minutes"},"schema":{"@context":"https:\/\/schema.org","@graph":[{"@type":"WebPage","@id":"https:\/\/www.vakantiehuis-zuid-frankrijk-barcares.nl\/bereikbaarheid-2\/","url":"https:\/\/www.vakantiehuis-zuid-frankrijk-barcares.nl\/bereikbaarheid-2\/","name":"Bereikbaarheid - Vakantiehuis te huur in Zuid-Frankrijk","isPartOf":{"@id":"https:\/\/www.vakantiehuis-zuid-frankrijk-barcares.nl\/#website"},"datePublished":"2015-12-31T18:17:29+00:00","dateModified":"2019-05-01T04:57:32+00:00","breadcrumb":{"@id":"https:\/\/www.vakantiehuis-zuid-frankrijk-barcares.nl\/bereikbaarheid-2\/#breadcrumb"},"inLanguage":"fr-FR","potentialAction":[{"@type":"ReadAction","target":["https:\/\/www.vakantiehuis-zuid-frankrijk-barcares.nl\/bereikbaarheid-2\/"]}]},{"@type":"BreadcrumbList","@id":"https:\/\/www.vakantiehuis-zuid-frankrijk-barcares.nl\/bereikbaarheid-2\/#breadcrumb","itemListElement":[{"@type":"ListItem","position":1,"name":"Home","item":"https:\/\/www.vakantiehuis-zuid-frankrijk-barcares.nl\/"},{"@type":"ListItem","position":2,"name":"Bereikbaarheid"}]},{"@type":"WebSite","@id":"https:\/\/www.vakantiehuis-zuid-frankrijk-barcares.nl\/#website","url":"https:\/\/www.vakantiehuis-zuid-frankrijk-barcares.nl\/","name":"Vakantiehuis te huur in Zuid-Frankrijk","description":"Aan Middellandse zee (400 m) op vakantiepark met zwembad &#039;R\u00e9sidence La Pin\u00e8de&#039; in Le Barcar\u00e8s in de prachtige streek Languedoc-Roussillon, Pyr\u00e9n\u00e9es-Orientales, dichtbij Perpignan. Huur direct van Nederlandse eigenaar.","potentialAction":[{"@type":"SearchAction","target":{"@type":"EntryPoint","urlTemplate":"https:\/\/www.vakantiehuis-zuid-frankrijk-barcares.nl\/?s={search_term_string}"},"query-input":{"@type":"PropertyValueSpecification","valueRequired":true,"valueName":"search_term_string"}}],"inLanguage":"fr-FR"}]}},"_links":{"self":[{"href":"https:\/\/www.vakantiehuis-zuid-frankrijk-barcares.nl\/fr\/wp-json\/wp\/v2\/pages\/681","targetHints":{"allow":["GET"]}}],"collection":[{"href":"https:\/\/www.vakantiehuis-zuid-frankrijk-barcares.nl\/fr\/wp-json\/wp\/v2\/pages"}],"about":[{"href":"https:\/\/www.vakantiehuis-zuid-frankrijk-barcares.nl\/fr\/wp-json\/wp\/v2\/types\/page"}],"author":[{"embeddable":true,"href":"https:\/\/www.vakantiehuis-zuid-frankrijk-barcares.nl\/fr\/wp-json\/wp\/v2\/users\/2"}],"replies":[{"embeddable":true,"href":"https:\/\/www.vakantiehuis-zuid-frankrijk-barcares.nl\/fr\/wp-json\/wp\/v2\/comments?post=681"}],"version-history":[{"count":6,"href":"https:\/\/www.vakantiehuis-zuid-frankrijk-barcares.nl\/fr\/wp-json\/wp\/v2\/pages\/681\/revisions"}],"predecessor-version":[{"id":1714,"href":"https:\/\/www.vakantiehuis-zuid-frankrijk-barcares.nl\/fr\/wp-json\/wp\/v2\/pages\/681\/revisions\/1714"}],"wp:attachment":[{"href":"https:\/\/www.vakantiehuis-zuid-frankrijk-barcares.nl\/fr\/wp-json\/wp\/v2\/media?parent=681"}],"curies":[{"name":"wp","href":"https:\/\/api.w.org\/{rel}","templated":true}]}}