{"id":71,"date":"2015-12-15T09:59:53","date_gmt":"2015-12-15T09:59:53","guid":{"rendered":"http:\/\/www.vakantiehuis-zuid-frankrijk-barcares.nl\/?page_id=71"},"modified":"2019-05-01T04:58:06","modified_gmt":"2019-05-01T04:58:06","slug":"bezienswaardigheden","status":"publish","type":"page","link":"https:\/\/www.vakantiehuis-zuid-frankrijk-barcares.nl\/fr\/bezienswaardigheden\/","title":{"rendered":"Vue de dignit\u00e9s"},"content":{"rendered":"<h1><strong>Veel activiteiten in de buurt van het vakantiepark La Pin\u00e8de<\/strong><\/h1>\n<p>In de omgeving van de vakantiewoningen frankrijk is een heleboel te beleven en zijn er vele bezienswaardigheden voor elke leeftijdsgroep. U kiest voor een eenvoudige en korte wandeling naar het <a href=\"http:\/\/www.vakantiehuis-zuid-frankrijk-barcares.nl\/fr\/le-barcares-village\/\" target=\"_blank\" rel=\"noopener noreferrer\">centrum <\/a>van Barcar\u00e8s. Of u maakt een stevige en lange wandeling over de boulevard die bijna eindeloos lijkt. De doordouwers en de sportievelingen kiezen voor een avontuurlijke wandeling door de <a href=\"http:\/\/www.vakantiehuis-zuid-frankrijk-barcares.nl\/fr\/natuur\/\" target=\"_blank\" rel=\"noopener noreferrer\">la nature <\/a>die zij nog nooit eerder ergens gezien of beleefd hebben. In de <a href=\"http:\/\/www.vakantiehuis-zuid-frankrijk-barcares.nl\/fr\/omgeving\/\" target=\"_blank\" rel=\"noopener noreferrer\">omgeving <\/a>bevinden zich een aantal zeer aantrekkelijke<a href=\"http:\/\/www.vakantiehuis-zuid-frankrijk-barcares.nl\/fr\/fietsen\/\" target=\"_blank\" rel=\"noopener noreferrer\"> wandelgebieden <\/a>die een schat aan&nbsp;verrassende ontdekkingen voor u in de aanbieding hebben.<\/p>\n<p>Onderstaande plaatsen zijn zeer de moeite waard om deze tijdens uw vakantie te bezoeken en worden aanbevolen door diverse kenners en ook in folders en <a href=\"http:\/\/www.vakantiehuis-zuid-frankrijk-barcares.nl\/fr\/le-barcares-village\/\" target=\"_blank\" rel=\"noopener noreferrer\">Office de Tourisme <\/a>geven aan dat de toeristen hier hun hart kunnen ophalen.<\/p>\n<h3><strong>Argel\u00e8s-sur-Mer<\/strong><\/h3>\n<p>Een aangename badplaats gelegen aan de voet van Les Alb\u00e8res.<\/p>\n<h4><strong>Font-Romeu Pyr\u00e9n\u00e9es 2000<\/strong><\/h4>\n<p>Bekend skigebied in de Catalaanse Pyrenee\u00ebn.<\/p>\n<h2><strong>Grande Camargue <\/strong><\/h2>\n<p><strong>(<a href=\"http:\/\/www.frankrijkpuur.nl\/wat-te-doen-in-de-camargue\" target=\"_blank\" rel=\"noopener noreferrer\"> www.frankrijkpuur.nl\/wat-te-doen-in-de-camargue<\/a> )<\/strong><\/p>\n<p>Cowboys, flamingo\u2019s en rijstvelden zien op \u00e9\u00e9n vakantie? Het kan, en je hoeft er niet eens Europa voor uit! Je vindt dit allemaal in het zuiden van Frankrijk, in de Grande Camargue. Deze streek wordt ook wel het \u2018wilde westen\u2019 van Frankrijk genoemd. Met zo\u2019n grote verscheidenheid aan bezienswaardigheden is het moeilijk kiezen, dus hier een lijstje \u2018must-do\u2019s\u2019, oftewel incontournables zoals de Fransen dat zo mooi zeggen.<\/p>\n<h3><strong>For\u00e7a R\u00e9al<\/strong><\/h3>\n<p>Een geweldig uitzichtoren boven de Roussillon!<\/p>\n<h3><strong>La Cerdagne<\/strong><\/h3>\n<p>Een uitzonderlijk zonnig hoog plateau.<\/p>\n<p><strong>De bergengten van Galamus<\/strong><\/p>\n<p>Duizelwekkende kalkwanden heersen over de wateren van Agly.<\/p>\n<h3><strong>Port-Vendres<\/strong><\/h3>\n<p>Badplaatsje aan de c\u00f4te Vermeille, bekend om zijn vissershaven.<\/p>\n<p><strong>Kathedraal en klooster van Elne<\/strong><\/p>\n<p><strong>Het klooster van Font-Romeu<\/strong><\/p>\n<p>Een van de bekendste bedevaartsoorden in de Pyrenee\u00ebn.<\/p>\n<p><strong>De kerk van Saint-G\u00e9nis-des-Fontaines<\/strong><\/p>\n<p><a href=\"http:\/\/www.france-voyage.com\/frankrijk-toerisme\/kerk-saint-genis-fontaines-2064.htm\"><img width=\"375\" height=\"281\" alt=\"\" border=\"0\"><\/a>De gebeeldhouwde bovendorpel is het oudst gedateerde romaanse beeldhouwwerk in steen<\/p>\n<h3><strong>Prats-de-Mollo-la-Preste<\/strong><\/h3>\n<p>Middeleeuws plaatsje in de Haut Vallespir, versterkt door Vauban.<\/p>\n<p><strong>Meer van Bouillouses<\/strong><\/p>\n<p>Een beschermd natuurgebied, genesteld in het hart van de Catalaanse Pyrenee\u00ebn op 2.016 meter hoogte.<\/p>\n<p><strong>Het prehistorisch museum van Tautavel<\/strong><\/p>\n<p><a href=\"http:\/\/www.france-voyage.com\/frankrijk-toerisme\/prats-mollo-preste-2067.htm\"><img width=\"375\" height=\"281\" alt=\"\" border=\"0\"><\/a>Maak kennis met de Man van Tautavel, de eerste Fransman!<\/p>\n<h2><strong>Canet-en-Roussillon<\/strong><\/h2>\n<p>Een grote badplaats aan de Catalaanse kust, voor sport en ontspanning.<\/p>\n<h3><strong>C\u00e9ret<\/strong><\/h3>\n<p>Ga vooral even langs zijn beroemde museum voor moderne kunst, een ode aan de grote artiesten van de 20ste eeuw!<\/p>\n<p><strong>Am\u00e9lie-les-Bains-Palalda<\/strong><\/p>\n<p>Kuuroord van Le Vallespir<\/p>\n<p><strong>Vernet-les-Bains<\/strong><\/p>\n<p>Kuuroord genesteld aan de voet van het Canigou gebergte.<\/p>\n<h4><strong>Saint-Cyprien<\/strong><\/h4>\n<p>Badplaats aan de Roussillon kust.<\/p>\n<h4><strong>Mont-Louis<\/strong><\/h4>\n<p>De hoogst gelegen vestingstad van Frankrijk!<\/p>\n<h4><strong>\u00c9vol<\/strong><\/h4>\n<p>Een schilderachtig gehucht waarvan de daken van de leistenen huizen met lauze bedekt zijn.<\/p>\n<h3><strong>Le Boulou<\/strong><\/h3>\n<p>Kuuroord genesteld tussen berg en zee.<\/p>\n<h5><strong>De priorij van Marcevol<\/strong><\/h5>\n<p>Het kerkportaal van roze marmer is werkelijk prachtig!<\/p>\n<p><strong>Kerk van Corneilla-de-Conflent<\/strong><\/p>\n<p>Zijn romaanse portaal heeft een prachtig gebeeldhouwde timpaan.<\/p>\n<h4><strong>Llivia<\/strong><\/h4>\n<p>Spaanse enclave op Frans grondgebied.<\/p>\n<p><strong>Prades<\/strong><\/p>\n<p>In het koor is een prachtig barokke altaarstuk ondergebracht!<\/p>\n<h3><strong>B\u00e9ziers<\/strong><\/h3>\n<p>Een authentieke stad<\/p>\n<p>De stad torent uit boven de rivier de Orb en het Canal du Midi. De stad dankt zijn welvaart aan de ontwikkeling van de wijnbouw in de 19e eeuw en bevat een groot aantal verborgen schatten.<\/p>\n<p><strong>B\u00e9ziers<\/strong> (H\u00e9rault) is ontoegankelijk&nbsp;als men de stad benadert vanaf&nbsp;de brug-kanaal over de Orb en&nbsp;troont vanaf de hoogte van zijn&nbsp;majestueuze kathedraal Saint-Nazaire over een geschiedenis&nbsp;van meer dan zevenentwintig eeuwen. Om&nbsp;naar boven te komen biedt de stad de wandelaar&nbsp;een wirwar van hellingen en trappen&nbsp;die de zeventig meter overbruggen die de&nbsp;rivier van de twee heuvels scheidt, de wijken&nbsp;Saint-Jacques en Saint-Nazaire, waar&nbsp;de kathedraal staat. De stad is rijk geworden&nbsp;in de tweede helft van de 19e eeuw dankzij&nbsp;de opkomst van de wijnbouw en waakt nog&nbsp;altijd jaloers over zijn architectonische schatten:&nbsp;hier een gotisch pinakel, daar een Renaissance-raam en zo\u2019n beetje overal verbergen zware deuren schitterende herenhuizen&nbsp;in particulier bezit, bewijzen van&nbsp;de \u201cdwaasheid\u201d die de mensen van B\u00e9ziers&nbsp;aan het begin van de 19e eeuw in zijn greep&nbsp;had. In die tijd kwam de hele Parijse beaumonde&nbsp;naar deze provincie. Dankzij het&nbsp;<a href=\"http:\/\/nl.destinationsuddefrance.com\/Ontdekken\/Musts\/Canal-du-Midi\" target=\"_blank\" rel=\"noopener noreferrer\">Canal du Midi<\/a> en de aanleg van een spoorwegverbinding&nbsp;\u00e9n omdat het gebied&nbsp;rondom de stad deels gevrijwaard bleef van&nbsp;o\u00efdium, meeldauw en vooral van de druifluisziekte,&nbsp;werd B\u00e9ziers de rijkste stad van&nbsp;de Languedoc. Het lot dat de zelf uitgeroepen&nbsp;\u201c<strong>Wereldhoofdstad van de wijn<\/strong>\u201d over&nbsp;zich afriep is al net zo buitensporig als de&nbsp;stad zelf. Van dit verleden getuigen nog altijd&nbsp;de brede boulevards die zijn aangelegd&nbsp;volgens de traditie van de stadsarchitect&nbsp;baron Haussmann.<\/p>\n<p>Een voorbeeld hiervan is&nbsp;de <strong>All\u00e9es Paul-Riquet<\/strong>, de wervelkolom van&nbsp;de stad. In 1838 werd de laan verfraait met&nbsp;het standbeeld van Paul Riquet (een werk&nbsp;van David d&#8217;Angers) en in 1848 werden er&nbsp;langs de hele all\u00e9e platanen geplant. Aan&nbsp;ieder uiteinde staat een successymbool: in&nbsp;het noorden het prachtige theater Bonbonni\u00e8re, een Italiaanse zaal, dat in 1844 werd&nbsp;gebouwd. In het zuiden is het <strong>plateau van&nbsp;de Dichters<\/strong> een aangename Engelse tuin,&nbsp;ontworpen door B\u00fchler. Hier eren de beschaduwde&nbsp;lanen, de waterpartijen en de&nbsp;borrelende fonteinen een van de beroemdste&nbsp;kinderen van de regio, de beeldhouwer&nbsp;Injalbert, die hier een kolonie tritons en waternimfen&nbsp;heeft achtergelaten naast zijn&nbsp;monumentale Titan.<\/p>\n<p>Ieder jaar lopen hier&nbsp;700.000 bezoekers naar beneden in de richting&nbsp;van de Gallo-Romeinse arena&#8217;s die omringd&nbsp;worden door de flatgebouwen van de wijk Saint-Jacques. Of naar de modernere&nbsp;arena&#8217;s die in 1905 door Fernand Castelbon&nbsp;de Beauxhostes &#8211; een mecenas die verzot&nbsp;was op theater en de lyrische kunst &#8211; werden gebouwd naar voorbeeld van de&nbsp;Spaanse arena&#8217;s. In de grootste arena&#8217;s van&nbsp;Frankrijk (13.100 plaatsen) worden tijdens&nbsp;de beroemde <a href=\"http:\/\/nl.destinationsuddefrance.com\/Uitgaan\/Evenementen-in-Languedoc-Roussillon\/Feria-van-Beziers\" target=\"_blank\" rel=\"noopener noreferrer\">feria<\/a> van 15 augustus de stierengevechten&nbsp;gehouden. De oude wijnstad&nbsp;is nu een stad van kunst, theater en cultuur&nbsp;en is de perfecte omlijsting voor dit culturele&nbsp;erfgoed.<\/p>\n<p><strong>\u201cWaanzin\u201d in de wijngaarden<\/strong><\/p>\n<p>Deze kasteeltjes, de \u201cdwaasheden uit B\u00e9ziers\u201d getuigen van de economische bloei die B\u00e9ziers&nbsp;doormaakte dankzij de wijnbouw. Terwijl de druivensoort \u201csaint Aramon\u201d aan het einde van de&nbsp;19e eeuw de dorst leste van de grote massa arbeiders uit de mijnen- en staalindustrie, bloeide&nbsp;buiten de stad in een oceaan van wijngaarden de \u201cPaleizen van de Aramonie\u201d. Het platteland van&nbsp;B\u00e9ziers werd zodoende overspoeld met deze \u201cwijnkastelen\u201d, die met elkaar wedijverden in architecturale&nbsp;stoutmoedigheid (af en toe op de rand van de slechte smaak).<\/p>\n<p>In die tijd deed het&nbsp;verhaal de ronde dat de winst van een enkele oogst voldoende was om de bouw van een dergelijk&nbsp;kasteel te bekostigen, met medewerking van de grootste architecten van die tijd, zoals Garros,&nbsp;de architect uit Bordeaux. Ba\u00efssan, La Gayonne (foto), La Dev\u00e8ze en Lirou behoren tot deze \u201cdwaasheden\u201d.&nbsp;Het <strong>kasteel van Raissac<\/strong> is de enige van de streek die zijn wijnen commercialiseert. Raissac&nbsp;werd meer dan 20 jaar geleden gerestaureerd in de anticonformistische stijl van zijn eigenaars,&nbsp;Christine en Jean Viennet, en huisvest tegenwoordig een aardewerkmuseum.<\/p>\n<h3><strong>Narbonne<\/strong><\/h3>\n<p>Tussen land en zee<\/p>\n<p>Tijdens de Gallo-Romeinse oudheid droeg deze stad de naam Narbo Martius. Ze was de eerste Romeinse stad van Galli\u00eb en kent nog verschillende overblijfselen.<\/p>\n<p>Dat <strong>Narbonne<\/strong> (Aude) het label&nbsp;\u201cstad van kunst en geschiedenis\u201d&nbsp;heeft ontvangen, is grotendeels&nbsp;te danken aan de&nbsp;sterke Romeinse identiteit die deze stad kenmerkt. Narbonne&nbsp;was dan ook de <strong>eerste Romeinse stad&nbsp;van Galli\u00eb<\/strong>, zelfs al voor de veroveringen van&nbsp;Julius Cesar. De stad werd in 118 voor Christus&nbsp;gesticht en fungeerde als een waar kruispunt&nbsp;vanwege zijn geografische ligging aan&nbsp;de rand van de <a href=\"http:\/\/nl.destinationsuddefrance.com\/Ontdekken\/Bestemmingen\/De-Middellandse-Zeekust\" target=\"_blank\" rel=\"noopener noreferrer\">Mer M\u00e9diterran\u00e9e<\/a> en langs de grote wegen. Narbo Martius profiteerde&nbsp;volop van de haven die de Romeinen<\/p>\n<p>hier&nbsp;aanlegden, net als van de <strong>Via Domitia<\/strong> (Romeinse&nbsp;heerweg) die bij de stichting van de&nbsp;stad werd aangelegd om Itali\u00eb te verbinden&nbsp;met Spanje. Deze weg werd allereerst ontworpen&nbsp;om het verplaatsen van de Romeinse garnizoens te vergemakkelijken, maar de&nbsp;handelaren maakten zich al snel meester van&nbsp;de verbindingsweg. Narbonne werd dan ook&nbsp;een verplichte passage. Zodra de Galli\u00ebrs de&nbsp;stad hadden veroverd, nam de economie een&nbsp;grote vlucht. De wijnhandel werd er ontwikkeld,&nbsp;de graanhandel, de handel in keramiek&#8230;&nbsp;Voor het stadhuis kan men nog altijd&nbsp;een geplaveid stukje van de Via Domitia bewonderen,&nbsp;zoals ze 100 jaar v.Chr. te zien&nbsp;was. Deze weg kwam via de huidige rue de&nbsp;Lattre uit in het stadscentrum. Ze liep over het&nbsp;Bistan-plein en het oude Romeinse Forum om&nbsp;uit te komen bij wat nu de <strong>Pont des Marchands<\/strong>&nbsp;is, boven het kanaal van de Robine.<\/p>\n<p>In&nbsp;Narbonne wordt gezegd dat de bodem nog&nbsp;vele antieke schatten verbergt. Hoewel het&nbsp;grootste deel van de Romeinse monumenten&nbsp;is verwoest, houden een aantal musea en opgravingscentra&nbsp;de herinnering aan Narbo&nbsp;Martius levend. Om dit rijke erfgoed beter tot&nbsp;zijn recht te laten komen, is er voorgesteld&nbsp;een museum, het <strong>Mus\u00e9e R\u00e9gional de la Narbonne&nbsp;Antique<\/strong>, op te richten met 15.000&nbsp;beeldhouwwerken, moza\u00efeken, muurschilderingen, edelstenen, enz. De beroemde Engelse&nbsp;architect <strong>Norman Foster<\/strong> zal instaan voor&nbsp;de bouw van het museum, dat zijn deuren in&nbsp;2016 zal openen.&nbsp;Maar de geschiedenis van Narbonne, gedurende&nbsp;enkele decennia in de VIIIe eeuw een&nbsp;Arabische provincie, is ook rijk omwille van&nbsp;zijn verleden als spiritueel centrum \u2013 gesymboliseerd&nbsp;door de indrukwekkende kathedraal&nbsp;van Saint-Just en Saint-Pasteur \u2013 als handelscentrum in de Middeleeuwen en de Occitaanse vezel.&nbsp;Maar Narbonne doet meer dan alleen zijn&nbsp;verleden uitspelen en blijft aandacht aan levenskunst&nbsp;besteden. De <a href=\"http:\/\/nl.destinationsuddefrance.com\/Ontdekken\/Levenswijze2\/Wijnen-gastronomie\/Focus-op-hallen\" target=\"_blank\" rel=\"noopener noreferrer\">hallen<\/a> in Baltard stijl zijn het kloppende hart van de stadskern,&nbsp;maar Narbonne is ook een hoofdstad met&nbsp;een rijke Middeleeuwse geschiedenis. Narbonne&nbsp;heeft een uitgebreid natuurlijk erfgoed&nbsp;(het Clape-massief, het Fontfroide-massief),&nbsp;met centraal een beroemde wijngaard waar&nbsp;het wijntoerisme zich vooral ontwikkelt dankzij&nbsp;de \u201cwine safari\u2019s\u201d van het VVV-kantoor. In&nbsp;de zomer is er ook <a href=\"http:\/\/nl.destinationsuddefrance.com\/Ontdekken\/Bestemmingen\/De-Middellandse-Zeekust\/Narbonne-Plage\" target=\"_blank\" rel=\"noopener noreferrer\">Narbonne-Plage<\/a> met 5 km&nbsp;fijne zandstranden, de favoriete vakantieplaats&nbsp;van velen.<\/p>\n<p><strong>De enige bewoonde brug van Frankrijk!<\/strong><\/p>\n<p>Deze brug, toen nog de Vetusbrug&nbsp;genoemd, werd in de Romeinse&nbsp;tijd boven het trac\u00e9 de&nbsp;Via Domitia opgetrokken. Ze&nbsp;telt zeven bogen en heeft altijd centraal gestaan binnen&nbsp;de evolutie van Narbonne. De&nbsp;brug werd tijdens de Middeleeuwen&nbsp;verstevigd en is&nbsp;beetje bij beetje ingepalmd&nbsp;door de handelaars, die er hun marktkraampjes installeren,&nbsp;net zoals in Parijs of Itali\u00eb. Het&nbsp;is vandaag de laatste bewoonde&nbsp;brug van Frankrijk.<\/p>\n<h3><strong>C\u00e9ret<\/strong><\/h3>\n<p>Hoofdstad van moderne kunst<\/p>\n<p><strong>De hoofdplaats van Le Vallespir, die beroemd staat om zijn <a href=\"http:\/\/nl.destinationsuddefrance.com\/Uitgaan\/Evenementen-in-Languedoc-Roussillon\/Kersenfeest-in-Ceret\" target=\"_blank\" rel=\"noopener noreferrer\">kersen<\/a>, vormt&nbsp;eveneens een centrum voor moderne kunst. De geschiedenis van het&nbsp;dorp hangt dan ook nauw samen met de grote stromingen in de&nbsp;schilderkunst van de 20ste eeuw. <\/strong><\/p>\n<p><strong>D\u00e9odat de S\u00e9verac<\/strong>, <strong>Pablo Picasso<\/strong>, <strong>Georges&nbsp;Braque<\/strong>, <strong>Max Jacob<\/strong>, <strong>Cha\u00efm Soutine<\/strong>, <strong>Marc Chagall<\/strong> &#8211; en dan vermelden we&nbsp;enkel de meest bekende &#8211; hebben allen in C\u00e9ret verbleven en het dorp komt&nbsp;dan ook voor in hun werken. Er worden in het dorp reeds ongeveer een halve&nbsp;eeuw tentoonstellingen voor hedendaagse kunst georganiseerd en sinds&nbsp;1993 beschikt het dorp over een opmerkelijk <a href=\"http:\/\/nl.destinationsuddefrance.com\/Ontdekken\/Levenswijze2\/Hedendaagse-kunst\/Museum-van-moderne-kunst-van-Ceret\" target=\"_blank\" rel=\"noopener noreferrer\">museum van moderne kunst<\/a> met werken van Matisse, Dufy, Chagall, Masson en een reeks&nbsp;keramische werken van Picasso. Een teken van het kloppende hart van deze&nbsp;gemeente, die ook de belangrijkste bakermat is van de Catalaanse folklore en&nbsp;cultuur en waar de <a href=\"http:\/\/nl.destinationsuddefrance.com\/Uitgaan\/Evenementen-in-Languedoc-Roussillon\/Festival-van-de-Sardane\" target=\"_blank\" rel=\"noopener noreferrer\">sardane<\/a> elk jaar ge\u00eberd wordt.<\/p>\n<p><strong><a href=\"http:\/\/www.ot-ceret.fr\" target=\"_blank\" rel=\"noopener noreferrer\">Ceret<\/a><\/strong><\/p>","protected":false},"excerpt":{"rendered":"<p>Veel activiteiten in de buurt van het vakantiepark La Pin\u00e8de In de omgeving van de vakantiewoningen frankrijk is een heleboel te beleven en zijn er vele bezienswaardigheden voor elke leeftijdsgroep. U kiest voor een eenvoudige en korte wandeling naar het centrum van Barcar\u00e8s. Of u maakt een stevige en lange wandeling over de boulevard die [&hellip;]<\/p>\n","protected":false},"author":2,"featured_media":0,"parent":0,"menu_order":0,"comment_status":"closed","ping_status":"closed","template":"page-templates\/left-sidebar.php","meta":{"footnotes":""},"class_list":["post-71","page","type-page","status-publish","hentry"],"yoast_head":"<!-- This site is optimized with the Yoast SEO plugin v27.4 - https:\/\/yoast.com\/product\/yoast-seo-wordpress\/ -->\n<title>Beziens waardigheden - Vakantiehuis te huur in Zuid-Frankrijk<\/title>\n<meta name=\"robots\" content=\"index, follow, max-snippet:-1, max-image-preview:large, max-video-preview:-1\" \/>\n<link rel=\"canonical\" href=\"https:\/\/www.vakantiehuis-zuid-frankrijk-barcares.nl\/fr\/bezienswaardigheden\/\" \/>\n<meta property=\"og:locale\" content=\"fr_FR\" \/>\n<meta property=\"og:type\" content=\"article\" \/>\n<meta property=\"og:title\" content=\"Beziens waardigheden - Vakantiehuis te huur in Zuid-Frankrijk\" \/>\n<meta property=\"og:description\" content=\"Veel activiteiten in de buurt van het vakantiepark La Pin\u00e8de In de omgeving van de vakantiewoningen frankrijk is een heleboel te beleven en zijn er vele bezienswaardigheden voor elke leeftijdsgroep. U kiest voor een eenvoudige en korte wandeling naar het centrum van Barcar\u00e8s. Of u maakt een stevige en lange wandeling over de boulevard die [&hellip;]\" \/>\n<meta property=\"og:url\" content=\"https:\/\/www.vakantiehuis-zuid-frankrijk-barcares.nl\/fr\/bezienswaardigheden\/\" \/>\n<meta property=\"og:site_name\" content=\"Vakantiehuis te huur in Zuid-Frankrijk\" \/>\n<meta property=\"article:publisher\" content=\"https:\/\/www.facebook.com\/vakantiehuiszuidfrankrijkbarcares\/\" \/>\n<meta property=\"article:modified_time\" content=\"2019-05-01T04:58:06+00:00\" \/>\n<meta name=\"twitter:card\" content=\"summary_large_image\" \/>\n<meta name=\"twitter:label1\" content=\"Dur\u00e9e de lecture estim\u00e9e\" \/>\n\t<meta name=\"twitter:data1\" content=\"10 minutes\" \/>\n<script type=\"application\/ld+json\" class=\"yoast-schema-graph\">{\"@context\":\"https:\\\/\\\/schema.org\",\"@graph\":[{\"@type\":\"WebPage\",\"@id\":\"https:\\\/\\\/www.vakantiehuis-zuid-frankrijk-barcares.nl\\\/bezienswaardigheden\\\/\",\"url\":\"https:\\\/\\\/www.vakantiehuis-zuid-frankrijk-barcares.nl\\\/bezienswaardigheden\\\/\",\"name\":\"Beziens waardigheden - Vakantiehuis te huur in Zuid-Frankrijk\",\"isPartOf\":{\"@id\":\"https:\\\/\\\/www.vakantiehuis-zuid-frankrijk-barcares.nl\\\/#website\"},\"datePublished\":\"2015-12-15T09:59:53+00:00\",\"dateModified\":\"2019-05-01T04:58:06+00:00\",\"breadcrumb\":{\"@id\":\"https:\\\/\\\/www.vakantiehuis-zuid-frankrijk-barcares.nl\\\/bezienswaardigheden\\\/#breadcrumb\"},\"inLanguage\":\"fr-FR\",\"potentialAction\":[{\"@type\":\"ReadAction\",\"target\":[\"https:\\\/\\\/www.vakantiehuis-zuid-frankrijk-barcares.nl\\\/bezienswaardigheden\\\/\"]}]},{\"@type\":\"BreadcrumbList\",\"@id\":\"https:\\\/\\\/www.vakantiehuis-zuid-frankrijk-barcares.nl\\\/bezienswaardigheden\\\/#breadcrumb\",\"itemListElement\":[{\"@type\":\"ListItem\",\"position\":1,\"name\":\"Home\",\"item\":\"https:\\\/\\\/www.vakantiehuis-zuid-frankrijk-barcares.nl\\\/\"},{\"@type\":\"ListItem\",\"position\":2,\"name\":\"Beziens waardigheden\"}]},{\"@type\":\"WebSite\",\"@id\":\"https:\\\/\\\/www.vakantiehuis-zuid-frankrijk-barcares.nl\\\/#website\",\"url\":\"https:\\\/\\\/www.vakantiehuis-zuid-frankrijk-barcares.nl\\\/\",\"name\":\"Vakantiehuis te huur in Zuid-Frankrijk\",\"description\":\"Aan Middellandse zee (400 m) op vakantiepark met zwembad &#039;R\u00e9sidence La Pin\u00e8de&#039; in Le Barcar\u00e8s in de prachtige streek Languedoc-Roussillon, Pyr\u00e9n\u00e9es-Orientales, dichtbij Perpignan. Huur direct van Nederlandse eigenaar.\",\"potentialAction\":[{\"@type\":\"SearchAction\",\"target\":{\"@type\":\"EntryPoint\",\"urlTemplate\":\"https:\\\/\\\/www.vakantiehuis-zuid-frankrijk-barcares.nl\\\/?s={search_term_string}\"},\"query-input\":{\"@type\":\"PropertyValueSpecification\",\"valueRequired\":true,\"valueName\":\"search_term_string\"}}],\"inLanguage\":\"fr-FR\"}]}<\/script>\n<!-- \/ Yoast SEO plugin. -->","yoast_head_json":{"title":"Beziens waardigheden - Vakantiehuis te huur in Zuid-Frankrijk","robots":{"index":"index","follow":"follow","max-snippet":"max-snippet:-1","max-image-preview":"max-image-preview:large","max-video-preview":"max-video-preview:-1"},"canonical":"https:\/\/www.vakantiehuis-zuid-frankrijk-barcares.nl\/fr\/bezienswaardigheden\/","og_locale":"fr_FR","og_type":"article","og_title":"Beziens waardigheden - Vakantiehuis te huur in Zuid-Frankrijk","og_description":"Veel activiteiten in de buurt van het vakantiepark La Pin\u00e8de In de omgeving van de vakantiewoningen frankrijk is een heleboel te beleven en zijn er vele bezienswaardigheden voor elke leeftijdsgroep. U kiest voor een eenvoudige en korte wandeling naar het centrum van Barcar\u00e8s. Of u maakt een stevige en lange wandeling over de boulevard die [&hellip;]","og_url":"https:\/\/www.vakantiehuis-zuid-frankrijk-barcares.nl\/fr\/bezienswaardigheden\/","og_site_name":"Vakantiehuis te huur in Zuid-Frankrijk","article_publisher":"https:\/\/www.facebook.com\/vakantiehuiszuidfrankrijkbarcares\/","article_modified_time":"2019-05-01T04:58:06+00:00","twitter_card":"summary_large_image","twitter_misc":{"Dur\u00e9e de lecture estim\u00e9e":"10 minutes"},"schema":{"@context":"https:\/\/schema.org","@graph":[{"@type":"WebPage","@id":"https:\/\/www.vakantiehuis-zuid-frankrijk-barcares.nl\/bezienswaardigheden\/","url":"https:\/\/www.vakantiehuis-zuid-frankrijk-barcares.nl\/bezienswaardigheden\/","name":"Beziens waardigheden - Vakantiehuis te huur in Zuid-Frankrijk","isPartOf":{"@id":"https:\/\/www.vakantiehuis-zuid-frankrijk-barcares.nl\/#website"},"datePublished":"2015-12-15T09:59:53+00:00","dateModified":"2019-05-01T04:58:06+00:00","breadcrumb":{"@id":"https:\/\/www.vakantiehuis-zuid-frankrijk-barcares.nl\/bezienswaardigheden\/#breadcrumb"},"inLanguage":"fr-FR","potentialAction":[{"@type":"ReadAction","target":["https:\/\/www.vakantiehuis-zuid-frankrijk-barcares.nl\/bezienswaardigheden\/"]}]},{"@type":"BreadcrumbList","@id":"https:\/\/www.vakantiehuis-zuid-frankrijk-barcares.nl\/bezienswaardigheden\/#breadcrumb","itemListElement":[{"@type":"ListItem","position":1,"name":"Home","item":"https:\/\/www.vakantiehuis-zuid-frankrijk-barcares.nl\/"},{"@type":"ListItem","position":2,"name":"Beziens waardigheden"}]},{"@type":"WebSite","@id":"https:\/\/www.vakantiehuis-zuid-frankrijk-barcares.nl\/#website","url":"https:\/\/www.vakantiehuis-zuid-frankrijk-barcares.nl\/","name":"Vakantiehuis te huur in Zuid-Frankrijk","description":"Aan Middellandse zee (400 m) op vakantiepark met zwembad &#039;R\u00e9sidence La Pin\u00e8de&#039; in Le Barcar\u00e8s in de prachtige streek Languedoc-Roussillon, Pyr\u00e9n\u00e9es-Orientales, dichtbij Perpignan. Huur direct van Nederlandse eigenaar.","potentialAction":[{"@type":"SearchAction","target":{"@type":"EntryPoint","urlTemplate":"https:\/\/www.vakantiehuis-zuid-frankrijk-barcares.nl\/?s={search_term_string}"},"query-input":{"@type":"PropertyValueSpecification","valueRequired":true,"valueName":"search_term_string"}}],"inLanguage":"fr-FR"}]}},"_links":{"self":[{"href":"https:\/\/www.vakantiehuis-zuid-frankrijk-barcares.nl\/fr\/wp-json\/wp\/v2\/pages\/71","targetHints":{"allow":["GET"]}}],"collection":[{"href":"https:\/\/www.vakantiehuis-zuid-frankrijk-barcares.nl\/fr\/wp-json\/wp\/v2\/pages"}],"about":[{"href":"https:\/\/www.vakantiehuis-zuid-frankrijk-barcares.nl\/fr\/wp-json\/wp\/v2\/types\/page"}],"author":[{"embeddable":true,"href":"https:\/\/www.vakantiehuis-zuid-frankrijk-barcares.nl\/fr\/wp-json\/wp\/v2\/users\/2"}],"replies":[{"embeddable":true,"href":"https:\/\/www.vakantiehuis-zuid-frankrijk-barcares.nl\/fr\/wp-json\/wp\/v2\/comments?post=71"}],"version-history":[{"count":21,"href":"https:\/\/www.vakantiehuis-zuid-frankrijk-barcares.nl\/fr\/wp-json\/wp\/v2\/pages\/71\/revisions"}],"predecessor-version":[{"id":1715,"href":"https:\/\/www.vakantiehuis-zuid-frankrijk-barcares.nl\/fr\/wp-json\/wp\/v2\/pages\/71\/revisions\/1715"}],"wp:attachment":[{"href":"https:\/\/www.vakantiehuis-zuid-frankrijk-barcares.nl\/fr\/wp-json\/wp\/v2\/media?parent=71"}],"curies":[{"name":"wp","href":"https:\/\/api.w.org\/{rel}","templated":true}]}}