{"id":74,"date":"2015-12-15T10:00:08","date_gmt":"2015-12-15T10:00:08","guid":{"rendered":"http:\/\/www.vakantiehuis-zuid-frankrijk-barcares.nl\/?page_id=74"},"modified":"2018-07-12T07:08:35","modified_gmt":"2018-07-12T07:08:35","slug":"musea-chateaus-abbayes","status":"publish","type":"page","link":"https:\/\/www.vakantiehuis-zuid-frankrijk-barcares.nl\/fr\/musea-chateaus-abbayes\/","title":{"rendered":"Mus\u00e9es, ch\u00e2teaux, abbayes"},"content":{"rendered":"<h1>De Katharenroute<\/h1>\n<h4>De Katharenroute laat u het Zuiden van Frankrijk uit de Middeleeuwen ontdekken.<\/h4>\n<p>De regio Midi-Pyr\u00e9n\u00e9es was de geboortegrond van het Katharisme. De versterkingen van de Katharen zijn overal aanwezig, van het kasteel van Qu\u00e9ribus tot het Mus\u00e9e de la Memoire du Catharisme in Mazamet.<\/p>\n<p>18 uitzonderlijke bezienswaardigheden vindt u terug op de Katharenroute, in de Languedoc-Roussillon in de regio en de Midi-Pyr\u00e9n\u00e9es.<\/p>\n<p><strong>Ten noorden van Carcassonne:<\/strong><\/p>\n<ul>\n<li style=\"list-style-type: none;\">\n<ul>\n<li><a href=\"http:\/\/be.rendezvousenfrance.com\/nl\/node\/18808\" target=\"_blank\" rel=\"noopener\"><strong>Mus\u00e9e de la M\u00e9moire du Catharisme de Mazamet<\/strong><\/a> (Tarn)<\/li>\n<li><a href=\"http:\/\/be.rendezvousenfrance.com\/nl\/node\/18809\" target=\"_blank\" rel=\"noopener\"><strong>Ch\u00e2teau de Saissac<\/strong><\/a><\/li>\n<li><a href=\"http:\/\/be.rendezvousenfrance.com\/nl\/node\/18809\" target=\"_blank\" rel=\"noopener\"><strong>Abbaye de Saint-Papoul<\/strong><\/a><\/li>\n<li><a href=\"http:\/\/be.rendezvousenfrance.com\/nl\/node\/18809\"><strong>Abbaye de Villelongue<\/strong><\/a><\/li>\n<li><a href=\"http:\/\/be.rendezvousenfrance.com\/nl\/node\/32705\" target=\"_blank\" rel=\"noopener\"><strong>Ch\u00e2teau de Lastours<\/strong><\/a><\/li>\n<li><a href=\"http:\/\/be.rendezvousenfrance.com\/nl\/node\/18810\" target=\"_blank\" rel=\"noopener\"><strong>Abbaye de Caunes &#8211; Minervois<\/strong><\/a><\/li>\n<li><a href=\"http:\/\/be.rendezvousenfrance.com\/nl\/node\/32709\" target=\"_blank\" rel=\"noopener\"><strong>Ch\u00e2teau et Remparts de la cit\u00e9 de Carcassonne<\/strong><\/a><\/li>\n<\/ul>\n<\/li>\n<\/ul>\n<p><strong>\u00a0<\/strong><strong>Dans les Hautes-Corbi\u00e8res:<\/strong><\/p>\n<ul>\n<li style=\"list-style-type: none;\">\n<ul>\n<li><a href=\"http:\/\/be.rendezvousenfrance.com\/nl\/node\/32711\" target=\"_blank\" rel=\"noopener\"><strong>Abbaye de Saint Hilaire<\/strong><\/a><\/li>\n<li><a href=\"http:\/\/be.rendezvousenfrance.com\/nl\/node\/32712\" target=\"_blank\" rel=\"noopener\"><strong>Abbaye de Lagrasse<\/strong><\/a><\/li>\n<li><a href=\"http:\/\/be.rendezvousenfrance.com\/nl\/node\/32714\" target=\"_blank\" rel=\"noopener\"><strong>Abbaye de Fontfroide<\/strong><\/a><\/li>\n<li><a href=\"http:\/\/be.rendezvousenfrance.com\/nl\/node\/32716\" target=\"_blank\" rel=\"noopener\"><strong>Ch\u00e2teau de Villerouge-Term\u00e8nes<\/strong><\/a><\/li>\n<li><a href=\"http:\/\/be.rendezvousenfrance.com\/nl\/node\/32719\" target=\"_blank\" rel=\"noopener\"><strong>Ch\u00e2teau de Termes<\/strong><\/a><\/li>\n<li><a href=\"http:\/\/be.rendezvousenfrance.com\/nl\/node\/32720\" target=\"_blank\" rel=\"noopener\"><strong>Ch\u00e2teau d&#8217;Arques<\/strong><\/a><\/li>\n<\/ul>\n<\/li>\n<\/ul>\n<p><strong>\u00a0<\/strong><strong>Dans les Corbi\u00e8res Sauvages:<\/strong><\/p>\n<ul>\n<li style=\"list-style-type: none;\">\n<ul>\n<li><a href=\"http:\/\/be.rendezvousenfrance.com\/nl\/node\/32724\" target=\"_blank\" rel=\"noopener\"><strong>Ch\u00e2teau de Peyrepertuse<\/strong><\/a><\/li>\n<li><a href=\"http:\/\/be.rendezvousenfrance.com\/nl\/node\/32725\" target=\"_blank\" rel=\"noopener\"><strong>Ch\u00e2teau de Qu\u00e9ribus<\/strong><\/a><\/li>\n<\/ul>\n<\/li>\n<\/ul>\n<h3><strong>Au sud-ouest du Pays Cathare:<\/strong><\/h3>\n<ul>\n<li style=\"list-style-type: none;\">\n<ul>\n<li><a href=\"http:\/\/be.rendezvousenfrance.com\/nl\/node\/32742\" target=\"_blank\" rel=\"noopener\"><strong>Mus\u00e9e du Quercorb \u00e0 Puivert<\/strong><\/a><\/li>\n<li><a href=\"http:\/\/be.rendezvousenfrance.com\/nl\/node\/18820\" target=\"_blank\" rel=\"noopener\"><strong>Ch\u00e2teau d&#8217;Usson<\/strong><\/a> (Ari\u00e8ge)<\/li>\n<li><a href=\"http:\/\/be.rendezvousenfrance.com\/nl\/node\/18784\" target=\"_blank\" rel=\"noopener\"><strong>Ch\u00e2teau de Puillaurens<\/strong><\/a><\/li>\n<li><a href=\"http:\/\/be.rendezvousenfrance.com\/nl\/node\/32745\" target=\"_blank\" rel=\"noopener\"><strong>Monts\u00e9gur<\/strong><\/a> (Ari\u00e8ge)<\/li>\n<\/ul>\n<\/li>\n<\/ul>\n<h3><\/h3>\n<h3>Tautavel:<\/h3>\n<ul>\n<li><a href=\"http:\/\/www.tautavel.com\" target=\"_blank\" rel=\"noopener\">Mus\u00e9e de la pr\u00e9histoire de Tautavel <\/a><\/li>\n<\/ul>\n<h3><\/h3>\n<h3>Meer informatie<\/h3>\n<p>Association des Sites du Pays Cathare T\u00e9l +33 468 11 37 97 Fax +33 468 11 37 96<\/p>\n<p><strong>Pont du Gard<\/strong><\/p>\n<figure id=\"attachment_461\" aria-describedby=\"caption-attachment-461\" style=\"width: 660px\" class=\"wp-caption alignnone\"><a href=\"http:\/\/www.vakantiehuis-zuid-frankrijk-barcares.nl\/wp-content\/uploads\/2015\/12\/Pont-du-gard-vakantiepark-zuid-frankrijk.jpg\" target=\"_blank\" rel=\"attachment noopener wp-att-461\"><img loading=\"lazy\" decoding=\"async\" class=\"wp-image-461 size-full\" src=\"http:\/\/www.vakantiehuis-zuid-frankrijk-barcares.nl\/wp-content\/uploads\/2015\/12\/Pont-du-gard-vakantiepark-zuid-frankrijk.jpg\" alt=\"Pont du gard vakantiepark-zuid-frankrijk\" width=\"660\" height=\"396\" srcset=\"https:\/\/www.vakantiehuis-zuid-frankrijk-barcares.nl\/wp-content\/uploads\/2015\/12\/Pont-du-gard-vakantiepark-zuid-frankrijk.jpg 660w, https:\/\/www.vakantiehuis-zuid-frankrijk-barcares.nl\/wp-content\/uploads\/2015\/12\/Pont-du-gard-vakantiepark-zuid-frankrijk-300x180.jpg 300w\" sizes=\"auto, (max-width: 660px) 100vw, 660px\" \/><\/a><figcaption id=\"caption-attachment-461\" class=\"wp-caption-text\">Fantastisch uitzicht Port du gard<\/figcaption><\/figure>\n<ul>\n<li><a href=\"http:\/\/nl.destinationsuddefrance.com\/Ontdekken\/Musts\/Pont-du-Gard#visuel0\" target=\"_blank\" rel=\"noopener\">Video Pont du Gard<\/a><\/li>\n<li><a href=\"http:\/\/nl.destinationsuddefrance.com\/Ontdekken\/Musts\/Pont-du-Gard#visuel1\" target=\"_blank\" rel=\"noopener\">Pont du gard<\/a><\/li>\n<li><a href=\"http:\/\/nl.destinationsuddefrance.com\/Ontdekken\/Musts\/Pont-du-Gard#visuel2\" target=\"_blank\" rel=\"noopener\">Pont du gard + passage<\/a><\/li>\n<li><a href=\"http:\/\/nl.destinationsuddefrance.com\/Ontdekken\/Musts\/Pont-du-Gard#visuel3\" target=\"_blank\" rel=\"noopener\">Pont du gard et 2 hommes<\/a><\/li>\n<li><a href=\"http:\/\/nl.destinationsuddefrance.com\/Ontdekken\/Musts\/Pont-du-Gard#visuel4\" target=\"_blank\" rel=\"noopener\">Pont du gard et eau<\/a><\/li>\n<\/ul>\n<p><strong>De Pont du Gard is geen stijf monument. Het leeft. Bals, concerten, rondleidingen, exposities, zwempartijen\u2026 er is altijd iets te doen voor de menigte die er geen genoeg van krijgt om deze stenen schildwacht te fotograferen.<\/strong><\/p>\n<p>De Pont du Gard. Aan de Rechteroever om 9.00 uur staat voor het aquaduct een groep jonge Japanners. Ze zwaaien met hun armen, kloppen elkaar op de rug en feliciteren elkaar. Eentje klimt op het muurtje en tracht de brug met zijn iPhone te fotograferen. Hij springt ervan af en toont het schermpje van de telefoon aan zijn reisgenoten. Klaarblijkelijk is er een probleem. Ze zijn niet tevreden. De kleinste haalt een Samsung tablet uit zijn tas, klimt op zijn beurt op het muurtje, reikt zijn armen met de tablet in de hand en neemt een nieuwe foto van de brug. Hij stapt van de muur af en toont het resultaat aan zijn vrienden. Vreugdekreten alom! De brug verdient een scherm met behoorlijke afmetingen.<\/p>\n<p>Ja, dat is zo! Iedereen wilt een foto van de Pont du Gard nemen. Van alle kanten, en er zijn er genoeg. De okerkleurige bogen natuurlijk, de familiefoto onder de viaduct mag ook niet ontbreken, en ook de kano&#8217;s op het heldere water van de Gardon. Maar ook de bevallige strohutten op de stranden, waar je lekker kunt uitrusten, de honderdjarige olijfbomen en de capitelles (hutten van gedroogd steen). En niet te vergeten: de reconstructie van de Romeinse steengroeve in het museum.<\/p>\n<p>En er zijn ook de mensen die &#8216;s\u00a0avonds tango dansen, de volgende dag naar discomuziek luisteren en een hapje eten onder de platanen. De Pont du Gard is geen stijf monument. Kinderen speler erbovenop en aan de oever van het water. Er is ook een speelterrein speciaal voor hen ingericht.<\/p>\n<p><strong>Bezoek en patrimonium<\/strong><\/p>\n<p>In het uitgestrekte architecturale landgoed en het prachtige landschap van\u00a0deze streek Languedoc-Roussillon komen\u00a0de culturele schatten goed tot hun recht<\/p>\n<p>Van het kleine Romaanse kerkje van Saint-Flour-du-Pompidou tot de buitengewone akoestiek in de futuristische zonne-oven van Odeillo\/Font-Romeu: het patrimonium van Languedoc-Roussillon is uniek. Niet minder dan zes sites staan geklasseerd als werelderfgoed bij de UNESCO. Verder zijn er tal van architecturale schatten in de streek. De kastelen van het land van de Katharen, het museum van Eph\u00e8be, het museum van Tautavel, het Palais des rois de Majorque, de arena\u2019s van N\u00eemes, de abdij van Fontfroide \u2026 allemaal prestigieuze bezienswaardigheden die u niet mag missen.<\/p>","protected":false},"excerpt":{"rendered":"<p>De Katharenroute De Katharenroute laat u het Zuiden van Frankrijk uit de Middeleeuwen ontdekken. De regio Midi-Pyr\u00e9n\u00e9es was de geboortegrond van het Katharisme. De versterkingen van de Katharen zijn overal aanwezig, van het kasteel van Qu\u00e9ribus tot het Mus\u00e9e de la Memoire du Catharisme in Mazamet. 18 uitzonderlijke bezienswaardigheden vindt u terug op de Katharenroute, [&hellip;]<\/p>\n","protected":false},"author":3,"featured_media":0,"parent":0,"menu_order":0,"comment_status":"closed","ping_status":"closed","template":"page-templates\/left-sidebar.php","meta":{"footnotes":""},"class_list":["post-74","page","type-page","status-publish","hentry"],"yoast_head":"<!-- This site is optimized with the Yoast SEO plugin v27.4 - https:\/\/yoast.com\/product\/yoast-seo-wordpress\/ -->\n<title>Musea, chateaus, abbayes - Vakantiehuis te huur in Zuid-Frankrijk<\/title>\n<meta name=\"robots\" content=\"index, follow, max-snippet:-1, max-image-preview:large, max-video-preview:-1\" \/>\n<link rel=\"canonical\" href=\"https:\/\/www.vakantiehuis-zuid-frankrijk-barcares.nl\/fr\/musea-chateaus-abbayes\/\" \/>\n<meta property=\"og:locale\" content=\"fr_FR\" \/>\n<meta property=\"og:type\" content=\"article\" \/>\n<meta property=\"og:title\" content=\"Musea, chateaus, abbayes - Vakantiehuis te huur in Zuid-Frankrijk\" \/>\n<meta property=\"og:description\" content=\"De Katharenroute De Katharenroute laat u het Zuiden van Frankrijk uit de Middeleeuwen ontdekken. De regio Midi-Pyr\u00e9n\u00e9es was de geboortegrond van het Katharisme. De versterkingen van de Katharen zijn overal aanwezig, van het kasteel van Qu\u00e9ribus tot het Mus\u00e9e de la Memoire du Catharisme in Mazamet. 18 uitzonderlijke bezienswaardigheden vindt u terug op de Katharenroute, [&hellip;]\" \/>\n<meta property=\"og:url\" content=\"https:\/\/www.vakantiehuis-zuid-frankrijk-barcares.nl\/fr\/musea-chateaus-abbayes\/\" \/>\n<meta property=\"og:site_name\" content=\"Vakantiehuis te huur in Zuid-Frankrijk\" \/>\n<meta property=\"article:publisher\" content=\"https:\/\/www.facebook.com\/vakantiehuiszuidfrankrijkbarcares\/\" \/>\n<meta property=\"article:modified_time\" content=\"2018-07-12T07:08:35+00:00\" \/>\n<meta property=\"og:image\" content=\"http:\/\/www.vakantiehuis-zuid-frankrijk-barcares.nl\/wp-content\/uploads\/2015\/12\/Pont-du-gard-vakantiepark-zuid-frankrijk.jpg\" \/>\n<meta name=\"twitter:card\" content=\"summary_large_image\" \/>\n<meta name=\"twitter:label1\" content=\"Dur\u00e9e de lecture estim\u00e9e\" \/>\n\t<meta name=\"twitter:data1\" content=\"3 minutes\" \/>\n<script type=\"application\/ld+json\" class=\"yoast-schema-graph\">{\"@context\":\"https:\\\/\\\/schema.org\",\"@graph\":[{\"@type\":\"WebPage\",\"@id\":\"https:\\\/\\\/www.vakantiehuis-zuid-frankrijk-barcares.nl\\\/musea-chateaus-abbayes\\\/\",\"url\":\"https:\\\/\\\/www.vakantiehuis-zuid-frankrijk-barcares.nl\\\/musea-chateaus-abbayes\\\/\",\"name\":\"Musea, chateaus, abbayes - Vakantiehuis te huur in Zuid-Frankrijk\",\"isPartOf\":{\"@id\":\"https:\\\/\\\/www.vakantiehuis-zuid-frankrijk-barcares.nl\\\/#website\"},\"primaryImageOfPage\":{\"@id\":\"https:\\\/\\\/www.vakantiehuis-zuid-frankrijk-barcares.nl\\\/musea-chateaus-abbayes\\\/#primaryimage\"},\"image\":{\"@id\":\"https:\\\/\\\/www.vakantiehuis-zuid-frankrijk-barcares.nl\\\/musea-chateaus-abbayes\\\/#primaryimage\"},\"thumbnailUrl\":\"http:\\\/\\\/www.vakantiehuis-zuid-frankrijk-barcares.nl\\\/wp-content\\\/uploads\\\/2015\\\/12\\\/Pont-du-gard-vakantiepark-zuid-frankrijk.jpg\",\"datePublished\":\"2015-12-15T10:00:08+00:00\",\"dateModified\":\"2018-07-12T07:08:35+00:00\",\"breadcrumb\":{\"@id\":\"https:\\\/\\\/www.vakantiehuis-zuid-frankrijk-barcares.nl\\\/musea-chateaus-abbayes\\\/#breadcrumb\"},\"inLanguage\":\"fr-FR\",\"potentialAction\":[{\"@type\":\"ReadAction\",\"target\":[\"https:\\\/\\\/www.vakantiehuis-zuid-frankrijk-barcares.nl\\\/musea-chateaus-abbayes\\\/\"]}]},{\"@type\":\"ImageObject\",\"inLanguage\":\"fr-FR\",\"@id\":\"https:\\\/\\\/www.vakantiehuis-zuid-frankrijk-barcares.nl\\\/musea-chateaus-abbayes\\\/#primaryimage\",\"url\":\"http:\\\/\\\/www.vakantiehuis-zuid-frankrijk-barcares.nl\\\/wp-content\\\/uploads\\\/2015\\\/12\\\/Pont-du-gard-vakantiepark-zuid-frankrijk.jpg\",\"contentUrl\":\"http:\\\/\\\/www.vakantiehuis-zuid-frankrijk-barcares.nl\\\/wp-content\\\/uploads\\\/2015\\\/12\\\/Pont-du-gard-vakantiepark-zuid-frankrijk.jpg\"},{\"@type\":\"BreadcrumbList\",\"@id\":\"https:\\\/\\\/www.vakantiehuis-zuid-frankrijk-barcares.nl\\\/musea-chateaus-abbayes\\\/#breadcrumb\",\"itemListElement\":[{\"@type\":\"ListItem\",\"position\":1,\"name\":\"Home\",\"item\":\"https:\\\/\\\/www.vakantiehuis-zuid-frankrijk-barcares.nl\\\/\"},{\"@type\":\"ListItem\",\"position\":2,\"name\":\"Musea, chateaus, abbayes\"}]},{\"@type\":\"WebSite\",\"@id\":\"https:\\\/\\\/www.vakantiehuis-zuid-frankrijk-barcares.nl\\\/#website\",\"url\":\"https:\\\/\\\/www.vakantiehuis-zuid-frankrijk-barcares.nl\\\/\",\"name\":\"Vakantiehuis te huur in Zuid-Frankrijk\",\"description\":\"Aan Middellandse zee (400 m) op vakantiepark met zwembad &#039;R\u00e9sidence La Pin\u00e8de&#039; in Le Barcar\u00e8s in de prachtige streek Languedoc-Roussillon, Pyr\u00e9n\u00e9es-Orientales, dichtbij Perpignan. Huur direct van Nederlandse eigenaar.\",\"potentialAction\":[{\"@type\":\"SearchAction\",\"target\":{\"@type\":\"EntryPoint\",\"urlTemplate\":\"https:\\\/\\\/www.vakantiehuis-zuid-frankrijk-barcares.nl\\\/?s={search_term_string}\"},\"query-input\":{\"@type\":\"PropertyValueSpecification\",\"valueRequired\":true,\"valueName\":\"search_term_string\"}}],\"inLanguage\":\"fr-FR\"}]}<\/script>\n<!-- \/ Yoast SEO plugin. -->","yoast_head_json":{"title":"Musea, chateaus, abbayes - Vakantiehuis te huur in Zuid-Frankrijk","robots":{"index":"index","follow":"follow","max-snippet":"max-snippet:-1","max-image-preview":"max-image-preview:large","max-video-preview":"max-video-preview:-1"},"canonical":"https:\/\/www.vakantiehuis-zuid-frankrijk-barcares.nl\/fr\/musea-chateaus-abbayes\/","og_locale":"fr_FR","og_type":"article","og_title":"Musea, chateaus, abbayes - Vakantiehuis te huur in Zuid-Frankrijk","og_description":"De Katharenroute De Katharenroute laat u het Zuiden van Frankrijk uit de Middeleeuwen ontdekken. De regio Midi-Pyr\u00e9n\u00e9es was de geboortegrond van het Katharisme. De versterkingen van de Katharen zijn overal aanwezig, van het kasteel van Qu\u00e9ribus tot het Mus\u00e9e de la Memoire du Catharisme in Mazamet. 18 uitzonderlijke bezienswaardigheden vindt u terug op de Katharenroute, [&hellip;]","og_url":"https:\/\/www.vakantiehuis-zuid-frankrijk-barcares.nl\/fr\/musea-chateaus-abbayes\/","og_site_name":"Vakantiehuis te huur in Zuid-Frankrijk","article_publisher":"https:\/\/www.facebook.com\/vakantiehuiszuidfrankrijkbarcares\/","article_modified_time":"2018-07-12T07:08:35+00:00","og_image":[{"url":"http:\/\/www.vakantiehuis-zuid-frankrijk-barcares.nl\/wp-content\/uploads\/2015\/12\/Pont-du-gard-vakantiepark-zuid-frankrijk.jpg","type":"","width":"","height":""}],"twitter_card":"summary_large_image","twitter_misc":{"Dur\u00e9e de lecture estim\u00e9e":"3 minutes"},"schema":{"@context":"https:\/\/schema.org","@graph":[{"@type":"WebPage","@id":"https:\/\/www.vakantiehuis-zuid-frankrijk-barcares.nl\/musea-chateaus-abbayes\/","url":"https:\/\/www.vakantiehuis-zuid-frankrijk-barcares.nl\/musea-chateaus-abbayes\/","name":"Musea, chateaus, abbayes - Vakantiehuis te huur in Zuid-Frankrijk","isPartOf":{"@id":"https:\/\/www.vakantiehuis-zuid-frankrijk-barcares.nl\/#website"},"primaryImageOfPage":{"@id":"https:\/\/www.vakantiehuis-zuid-frankrijk-barcares.nl\/musea-chateaus-abbayes\/#primaryimage"},"image":{"@id":"https:\/\/www.vakantiehuis-zuid-frankrijk-barcares.nl\/musea-chateaus-abbayes\/#primaryimage"},"thumbnailUrl":"http:\/\/www.vakantiehuis-zuid-frankrijk-barcares.nl\/wp-content\/uploads\/2015\/12\/Pont-du-gard-vakantiepark-zuid-frankrijk.jpg","datePublished":"2015-12-15T10:00:08+00:00","dateModified":"2018-07-12T07:08:35+00:00","breadcrumb":{"@id":"https:\/\/www.vakantiehuis-zuid-frankrijk-barcares.nl\/musea-chateaus-abbayes\/#breadcrumb"},"inLanguage":"fr-FR","potentialAction":[{"@type":"ReadAction","target":["https:\/\/www.vakantiehuis-zuid-frankrijk-barcares.nl\/musea-chateaus-abbayes\/"]}]},{"@type":"ImageObject","inLanguage":"fr-FR","@id":"https:\/\/www.vakantiehuis-zuid-frankrijk-barcares.nl\/musea-chateaus-abbayes\/#primaryimage","url":"http:\/\/www.vakantiehuis-zuid-frankrijk-barcares.nl\/wp-content\/uploads\/2015\/12\/Pont-du-gard-vakantiepark-zuid-frankrijk.jpg","contentUrl":"http:\/\/www.vakantiehuis-zuid-frankrijk-barcares.nl\/wp-content\/uploads\/2015\/12\/Pont-du-gard-vakantiepark-zuid-frankrijk.jpg"},{"@type":"BreadcrumbList","@id":"https:\/\/www.vakantiehuis-zuid-frankrijk-barcares.nl\/musea-chateaus-abbayes\/#breadcrumb","itemListElement":[{"@type":"ListItem","position":1,"name":"Home","item":"https:\/\/www.vakantiehuis-zuid-frankrijk-barcares.nl\/"},{"@type":"ListItem","position":2,"name":"Musea, chateaus, abbayes"}]},{"@type":"WebSite","@id":"https:\/\/www.vakantiehuis-zuid-frankrijk-barcares.nl\/#website","url":"https:\/\/www.vakantiehuis-zuid-frankrijk-barcares.nl\/","name":"Vakantiehuis te huur in Zuid-Frankrijk","description":"Aan Middellandse zee (400 m) op vakantiepark met zwembad &#039;R\u00e9sidence La Pin\u00e8de&#039; in Le Barcar\u00e8s in de prachtige streek Languedoc-Roussillon, Pyr\u00e9n\u00e9es-Orientales, dichtbij Perpignan. Huur direct van Nederlandse eigenaar.","potentialAction":[{"@type":"SearchAction","target":{"@type":"EntryPoint","urlTemplate":"https:\/\/www.vakantiehuis-zuid-frankrijk-barcares.nl\/?s={search_term_string}"},"query-input":{"@type":"PropertyValueSpecification","valueRequired":true,"valueName":"search_term_string"}}],"inLanguage":"fr-FR"}]}},"_links":{"self":[{"href":"https:\/\/www.vakantiehuis-zuid-frankrijk-barcares.nl\/fr\/wp-json\/wp\/v2\/pages\/74","targetHints":{"allow":["GET"]}}],"collection":[{"href":"https:\/\/www.vakantiehuis-zuid-frankrijk-barcares.nl\/fr\/wp-json\/wp\/v2\/pages"}],"about":[{"href":"https:\/\/www.vakantiehuis-zuid-frankrijk-barcares.nl\/fr\/wp-json\/wp\/v2\/types\/page"}],"author":[{"embeddable":true,"href":"https:\/\/www.vakantiehuis-zuid-frankrijk-barcares.nl\/fr\/wp-json\/wp\/v2\/users\/3"}],"replies":[{"embeddable":true,"href":"https:\/\/www.vakantiehuis-zuid-frankrijk-barcares.nl\/fr\/wp-json\/wp\/v2\/comments?post=74"}],"version-history":[{"count":12,"href":"https:\/\/www.vakantiehuis-zuid-frankrijk-barcares.nl\/fr\/wp-json\/wp\/v2\/pages\/74\/revisions"}],"predecessor-version":[{"id":1562,"href":"https:\/\/www.vakantiehuis-zuid-frankrijk-barcares.nl\/fr\/wp-json\/wp\/v2\/pages\/74\/revisions\/1562"}],"wp:attachment":[{"href":"https:\/\/www.vakantiehuis-zuid-frankrijk-barcares.nl\/fr\/wp-json\/wp\/v2\/media?parent=74"}],"curies":[{"name":"wp","href":"https:\/\/api.w.org\/{rel}","templated":true}]}}