{"id":78,"date":"2015-12-15T10:00:39","date_gmt":"2015-12-15T10:00:39","guid":{"rendered":"http:\/\/www.vakantiehuis-zuid-frankrijk-barcares.nl\/?page_id=78"},"modified":"2024-07-04T06:17:54","modified_gmt":"2024-07-04T06:17:54","slug":"reviews","status":"publish","type":"page","link":"https:\/\/www.vakantiehuis-zuid-frankrijk-barcares.nl\/fr\/reviews\/","title":{"rendered":"COMMENTAIRES"},"content":{"rendered":"<h2>Reviews met hoge scores<\/h2>\n<h6>Voor de reviews van vakantiepark La Pin\u00e8de verwijzen wij u naar\u00a0andere websites zoals [ Trip Advisor ] en [ Zoover ] met onderstaande\u00a0link omdat wij dit jaar voor het eerst onze <a href=\"http:\/\/www.vakantiehuis-zuid-frankrijk-barcares.nl\/villa-8\/\" target=\"_blank\" rel=\"noopener\">vakantievilla <\/a>via een <strong>eigen<\/strong> <strong>website<\/strong> aanbieden. Tijdens het seizoen 2018 zullen wij\u00a0eigen reviews laten invullen die wij vervolgens op deze pagina van de website zullen gaan plaatsen.<\/h6>\n<h4><\/h4>\n<h2>Kinderen blijken zich erg goed te vermaken<\/h2>\n<p>Sinds de ingebruikname van het vakantiepark in 2008 blijkt <a href=\"http:\/\/www.vakantiehuis-zuid-frankrijk-barcares.nl\/het-park\/\" target=\"_blank\" rel=\"noopener\">R\u00e9sidence La Pin\u00e8de <\/a>een gemiddelde review te scoren tussen een 9,0 en 9,5 en heeft het ook een behoorlijk aantal positieve aanbevelingen en bevindingen gekregen van gasten uit diverse Europese landen zoals blijkt uit de reviews. Ook kinderen blijken zich erg goed te vermaken door het mooie zwembad, uitgestrekte strand op slechts enkele honderden meters vanaf het vakantiepark.<\/p>\n<p>Reeds afgegeven reviews kunt u bekijken\u00a0via de link <a href=\"http:\/\/www.zoover.nl\/frankrijk\/languedoc-roussillon\/le-barcares-port-barcares\/la-pinede\/vakantiepark\" target=\"_blank\" rel=\"noopener\"><span style=\"color: #0066cc;\">reviews residence la pinede<\/span><\/a>\u00a0en<\/p>\n","protected":false},"excerpt":{"rendered":"<p>Reviews met hoge scores Voor de reviews van vakantiepark La Pin\u00e8de verwijzen wij u naar\u00a0andere websites zoals [ Trip Advisor ] en [ Zoover ] met onderstaande\u00a0link omdat wij dit jaar voor het eerst onze vakantievilla via een eigen website aanbieden. Tijdens het seizoen 2018 zullen wij\u00a0eigen reviews laten invullen die wij vervolgens op deze [&hellip;]<\/p>\n","protected":false},"author":3,"featured_media":0,"parent":0,"menu_order":0,"comment_status":"closed","ping_status":"closed","template":"page-templates\/full-width-wide.php","meta":{"footnotes":""},"class_list":["post-78","page","type-page","status-publish","hentry"],"yoast_head":"<!-- This site is optimized with the Yoast SEO plugin v27.4 - https:\/\/yoast.com\/product\/yoast-seo-wordpress\/ -->\n<title>REVIEWS - Vakantiehuis te huur in Zuid-Frankrijk<\/title>\n<meta name=\"description\" content=\"Hoge scores reviews,\u00a0La Pin\u00e8de,\u00a0Zoover, TripAdvisor, positieve aanbevelingen, gasten\u00a0 Europese landen, belvila, zwembad, uitgestrekt strand, eigen reviews\" \/>\n<meta name=\"robots\" content=\"index, follow, max-snippet:-1, max-image-preview:large, max-video-preview:-1\" \/>\n<link rel=\"canonical\" href=\"https:\/\/www.vakantiehuis-zuid-frankrijk-barcares.nl\/fr\/reviews\/\" \/>\n<meta property=\"og:locale\" content=\"fr_FR\" \/>\n<meta property=\"og:type\" content=\"article\" \/>\n<meta property=\"og:title\" content=\"REVIEWS - Vakantiehuis te huur in Zuid-Frankrijk\" \/>\n<meta property=\"og:description\" content=\"Hoge scores reviews,\u00a0La Pin\u00e8de,\u00a0Zoover, TripAdvisor, positieve aanbevelingen, gasten\u00a0 Europese landen, belvila, zwembad, uitgestrekt strand, eigen reviews\" \/>\n<meta property=\"og:url\" content=\"https:\/\/www.vakantiehuis-zuid-frankrijk-barcares.nl\/fr\/reviews\/\" \/>\n<meta property=\"og:site_name\" content=\"Vakantiehuis te huur in Zuid-Frankrijk\" \/>\n<meta property=\"article:publisher\" content=\"https:\/\/www.facebook.com\/vakantiehuiszuidfrankrijkbarcares\/\" \/>\n<meta property=\"article:modified_time\" content=\"2024-07-04T06:17:54+00:00\" \/>\n<meta name=\"twitter:card\" content=\"summary_large_image\" \/>\n<meta name=\"twitter:label1\" content=\"Dur\u00e9e de lecture estim\u00e9e\" \/>\n\t<meta name=\"twitter:data1\" content=\"1 minute\" \/>\n<script type=\"application\/ld+json\" class=\"yoast-schema-graph\">{\"@context\":\"https:\\\/\\\/schema.org\",\"@graph\":[{\"@type\":\"WebPage\",\"@id\":\"https:\\\/\\\/www.vakantiehuis-zuid-frankrijk-barcares.nl\\\/reviews\\\/\",\"url\":\"https:\\\/\\\/www.vakantiehuis-zuid-frankrijk-barcares.nl\\\/reviews\\\/\",\"name\":\"REVIEWS - Vakantiehuis te huur in Zuid-Frankrijk\",\"isPartOf\":{\"@id\":\"https:\\\/\\\/www.vakantiehuis-zuid-frankrijk-barcares.nl\\\/#website\"},\"datePublished\":\"2015-12-15T10:00:39+00:00\",\"dateModified\":\"2024-07-04T06:17:54+00:00\",\"description\":\"Hoge scores reviews,\u00a0La Pin\u00e8de,\u00a0Zoover, TripAdvisor, positieve aanbevelingen, gasten\u00a0 Europese landen, belvila, zwembad, uitgestrekt strand, eigen reviews\",\"breadcrumb\":{\"@id\":\"https:\\\/\\\/www.vakantiehuis-zuid-frankrijk-barcares.nl\\\/reviews\\\/#breadcrumb\"},\"inLanguage\":\"fr-FR\",\"potentialAction\":[{\"@type\":\"ReadAction\",\"target\":[\"https:\\\/\\\/www.vakantiehuis-zuid-frankrijk-barcares.nl\\\/reviews\\\/\"]}]},{\"@type\":\"BreadcrumbList\",\"@id\":\"https:\\\/\\\/www.vakantiehuis-zuid-frankrijk-barcares.nl\\\/reviews\\\/#breadcrumb\",\"itemListElement\":[{\"@type\":\"ListItem\",\"position\":1,\"name\":\"Home\",\"item\":\"https:\\\/\\\/www.vakantiehuis-zuid-frankrijk-barcares.nl\\\/\"},{\"@type\":\"ListItem\",\"position\":2,\"name\":\"REVIEWS\"}]},{\"@type\":\"WebSite\",\"@id\":\"https:\\\/\\\/www.vakantiehuis-zuid-frankrijk-barcares.nl\\\/#website\",\"url\":\"https:\\\/\\\/www.vakantiehuis-zuid-frankrijk-barcares.nl\\\/\",\"name\":\"Vakantiehuis te huur in Zuid-Frankrijk\",\"description\":\"Aan Middellandse zee (400 m) op vakantiepark met zwembad &#039;R\u00e9sidence La Pin\u00e8de&#039; in Le Barcar\u00e8s in de prachtige streek Languedoc-Roussillon, Pyr\u00e9n\u00e9es-Orientales, dichtbij Perpignan. Huur direct van Nederlandse eigenaar.\",\"potentialAction\":[{\"@type\":\"SearchAction\",\"target\":{\"@type\":\"EntryPoint\",\"urlTemplate\":\"https:\\\/\\\/www.vakantiehuis-zuid-frankrijk-barcares.nl\\\/?s={search_term_string}\"},\"query-input\":{\"@type\":\"PropertyValueSpecification\",\"valueRequired\":true,\"valueName\":\"search_term_string\"}}],\"inLanguage\":\"fr-FR\"}]}<\/script>\n<!-- \/ Yoast SEO plugin. -->","yoast_head_json":{"title":"REVIEWS - Vakantiehuis te huur in Zuid-Frankrijk","description":"Hoge scores reviews,\u00a0La Pin\u00e8de,\u00a0Zoover, TripAdvisor, positieve aanbevelingen, gasten\u00a0 Europese landen, belvila, zwembad, uitgestrekt strand, eigen reviews","robots":{"index":"index","follow":"follow","max-snippet":"max-snippet:-1","max-image-preview":"max-image-preview:large","max-video-preview":"max-video-preview:-1"},"canonical":"https:\/\/www.vakantiehuis-zuid-frankrijk-barcares.nl\/fr\/reviews\/","og_locale":"fr_FR","og_type":"article","og_title":"REVIEWS - Vakantiehuis te huur in Zuid-Frankrijk","og_description":"Hoge scores reviews,\u00a0La Pin\u00e8de,\u00a0Zoover, TripAdvisor, positieve aanbevelingen, gasten\u00a0 Europese landen, belvila, zwembad, uitgestrekt strand, eigen reviews","og_url":"https:\/\/www.vakantiehuis-zuid-frankrijk-barcares.nl\/fr\/reviews\/","og_site_name":"Vakantiehuis te huur in Zuid-Frankrijk","article_publisher":"https:\/\/www.facebook.com\/vakantiehuiszuidfrankrijkbarcares\/","article_modified_time":"2024-07-04T06:17:54+00:00","twitter_card":"summary_large_image","twitter_misc":{"Dur\u00e9e de lecture estim\u00e9e":"1 minute"},"schema":{"@context":"https:\/\/schema.org","@graph":[{"@type":"WebPage","@id":"https:\/\/www.vakantiehuis-zuid-frankrijk-barcares.nl\/reviews\/","url":"https:\/\/www.vakantiehuis-zuid-frankrijk-barcares.nl\/reviews\/","name":"REVIEWS - Vakantiehuis te huur in Zuid-Frankrijk","isPartOf":{"@id":"https:\/\/www.vakantiehuis-zuid-frankrijk-barcares.nl\/#website"},"datePublished":"2015-12-15T10:00:39+00:00","dateModified":"2024-07-04T06:17:54+00:00","description":"Hoge scores reviews,\u00a0La Pin\u00e8de,\u00a0Zoover, TripAdvisor, positieve aanbevelingen, gasten\u00a0 Europese landen, belvila, zwembad, uitgestrekt strand, eigen reviews","breadcrumb":{"@id":"https:\/\/www.vakantiehuis-zuid-frankrijk-barcares.nl\/reviews\/#breadcrumb"},"inLanguage":"fr-FR","potentialAction":[{"@type":"ReadAction","target":["https:\/\/www.vakantiehuis-zuid-frankrijk-barcares.nl\/reviews\/"]}]},{"@type":"BreadcrumbList","@id":"https:\/\/www.vakantiehuis-zuid-frankrijk-barcares.nl\/reviews\/#breadcrumb","itemListElement":[{"@type":"ListItem","position":1,"name":"Home","item":"https:\/\/www.vakantiehuis-zuid-frankrijk-barcares.nl\/"},{"@type":"ListItem","position":2,"name":"REVIEWS"}]},{"@type":"WebSite","@id":"https:\/\/www.vakantiehuis-zuid-frankrijk-barcares.nl\/#website","url":"https:\/\/www.vakantiehuis-zuid-frankrijk-barcares.nl\/","name":"Vakantiehuis te huur in Zuid-Frankrijk","description":"Aan Middellandse zee (400 m) op vakantiepark met zwembad &#039;R\u00e9sidence La Pin\u00e8de&#039; in Le Barcar\u00e8s in de prachtige streek Languedoc-Roussillon, Pyr\u00e9n\u00e9es-Orientales, dichtbij Perpignan. Huur direct van Nederlandse eigenaar.","potentialAction":[{"@type":"SearchAction","target":{"@type":"EntryPoint","urlTemplate":"https:\/\/www.vakantiehuis-zuid-frankrijk-barcares.nl\/?s={search_term_string}"},"query-input":{"@type":"PropertyValueSpecification","valueRequired":true,"valueName":"search_term_string"}}],"inLanguage":"fr-FR"}]}},"_links":{"self":[{"href":"https:\/\/www.vakantiehuis-zuid-frankrijk-barcares.nl\/fr\/wp-json\/wp\/v2\/pages\/78","targetHints":{"allow":["GET"]}}],"collection":[{"href":"https:\/\/www.vakantiehuis-zuid-frankrijk-barcares.nl\/fr\/wp-json\/wp\/v2\/pages"}],"about":[{"href":"https:\/\/www.vakantiehuis-zuid-frankrijk-barcares.nl\/fr\/wp-json\/wp\/v2\/types\/page"}],"author":[{"embeddable":true,"href":"https:\/\/www.vakantiehuis-zuid-frankrijk-barcares.nl\/fr\/wp-json\/wp\/v2\/users\/3"}],"replies":[{"embeddable":true,"href":"https:\/\/www.vakantiehuis-zuid-frankrijk-barcares.nl\/fr\/wp-json\/wp\/v2\/comments?post=78"}],"version-history":[{"count":31,"href":"https:\/\/www.vakantiehuis-zuid-frankrijk-barcares.nl\/fr\/wp-json\/wp\/v2\/pages\/78\/revisions"}],"predecessor-version":[{"id":2213,"href":"https:\/\/www.vakantiehuis-zuid-frankrijk-barcares.nl\/fr\/wp-json\/wp\/v2\/pages\/78\/revisions\/2213"}],"wp:attachment":[{"href":"https:\/\/www.vakantiehuis-zuid-frankrijk-barcares.nl\/fr\/wp-json\/wp\/v2\/media?parent=78"}],"curies":[{"name":"wp","href":"https:\/\/api.w.org\/{rel}","templated":true}]}}