{"id":8,"date":"2015-12-14T12:21:37","date_gmt":"2015-12-14T12:21:37","guid":{"rendered":"http:\/\/www.vakantiehuis-zuid-frankrijk-barcares.nl\/?page_id=8"},"modified":"2019-05-01T05:06:05","modified_gmt":"2019-05-01T05:06:05","slug":"het-park","status":"publish","type":"page","link":"https:\/\/www.vakantiehuis-zuid-frankrijk-barcares.nl\/fr\/het-park\/","title":{"rendered":"PARC"},"content":{"rendered":"<p><a href=\"http:\/\/www.vakantiehuis-zuid-frankrijk-barcares.nl\/wp-content\/uploads\/2015\/12\/Zwembad-vakantiewoning-zuid-frankrijk.jpg\" rel=\"attachment wp-att-234\"><img loading=\"lazy\" decoding=\"async\" width=\"300\" height=\"200\" class=\"alignnone size-medium wp-image-234\" alt=\"Zwembad vakantiewoning-zuid-frankrijk\" src=\"http:\/\/www.vakantiehuis-zuid-frankrijk-barcares.nl\/wp-content\/uploads\/2015\/12\/Zwembad-vakantiewoning-zuid-frankrijk-300x200.jpg\" srcset=\"https:\/\/www.vakantiehuis-zuid-frankrijk-barcares.nl\/wp-content\/uploads\/2015\/12\/Zwembad-vakantiewoning-zuid-frankrijk-300x200.jpg 300w, https:\/\/www.vakantiehuis-zuid-frankrijk-barcares.nl\/wp-content\/uploads\/2015\/12\/Zwembad-vakantiewoning-zuid-frankrijk.jpg 640w\" sizes=\"auto, (max-width: 300px) 100vw, 300px\" \/><\/a>&nbsp;&nbsp;&nbsp;&nbsp;&nbsp;&nbsp;&nbsp;&nbsp;&nbsp;&nbsp;&nbsp;&nbsp;&nbsp; <a href=\"http:\/\/www.vakantiehuis-zuid-frankrijk-barcares.nl\/wp-content\/uploads\/2015\/12\/Zwembad-vakantiehuis-zuid-frankrijk.jpg\" rel=\"attachment wp-att-260\"><img loading=\"lazy\" decoding=\"async\" width=\"300\" height=\"200\" class=\"alignnone size-medium wp-image-260\" alt=\"Zwembad vakantiehuis-zuid-frankrijk\" src=\"http:\/\/www.vakantiehuis-zuid-frankrijk-barcares.nl\/wp-content\/uploads\/2015\/12\/Zwembad-vakantiehuis-zuid-frankrijk-300x200.jpg\" srcset=\"https:\/\/www.vakantiehuis-zuid-frankrijk-barcares.nl\/wp-content\/uploads\/2015\/12\/Zwembad-vakantiehuis-zuid-frankrijk-300x200.jpg 300w, https:\/\/www.vakantiehuis-zuid-frankrijk-barcares.nl\/wp-content\/uploads\/2015\/12\/Zwembad-vakantiehuis-zuid-frankrijk.jpg 640w\" sizes=\"auto, (max-width: 300px) 100vw, 300px\" \/><\/a><\/p>\n<p><a href=\"http:\/\/www.vakantiehuis-zuid-frankrijk-barcares.nl\/wp-content\/uploads\/2015\/12\/Appartementen-achterzijde-zwembad-huis-huren-frankrijk.jpg\" rel=\"attachment wp-att-221\"><img loading=\"lazy\" decoding=\"async\" width=\"300\" height=\"200\" class=\"alignnone size-medium wp-image-221\" alt=\"Appartementen achterzijde zwembad huis-huren-frankrijk\" src=\"http:\/\/www.vakantiehuis-zuid-frankrijk-barcares.nl\/wp-content\/uploads\/2015\/12\/Appartementen-achterzijde-zwembad-huis-huren-frankrijk-300x200.jpg\" srcset=\"https:\/\/www.vakantiehuis-zuid-frankrijk-barcares.nl\/wp-content\/uploads\/2015\/12\/Appartementen-achterzijde-zwembad-huis-huren-frankrijk-300x200.jpg 300w, https:\/\/www.vakantiehuis-zuid-frankrijk-barcares.nl\/wp-content\/uploads\/2015\/12\/Appartementen-achterzijde-zwembad-huis-huren-frankrijk.jpg 640w\" sizes=\"auto, (max-width: 300px) 100vw, 300px\" \/><\/a>&nbsp;&nbsp;&nbsp;&nbsp;&nbsp;&nbsp;&nbsp;&nbsp;&nbsp;&nbsp;&nbsp;&nbsp;&nbsp; <a href=\"http:\/\/www.vakantiehuis-zuid-frankrijk-barcares.nl\/wp-content\/uploads\/2015\/12\/Appartement-vakantie-zuid-frankrijk.jpg\" rel=\"attachment wp-att-219\"><img loading=\"lazy\" decoding=\"async\" width=\"300\" height=\"200\" class=\"alignnone size-medium wp-image-219\" alt=\"Appartement vakantie-zuid-frankrijk\" src=\"http:\/\/www.vakantiehuis-zuid-frankrijk-barcares.nl\/wp-content\/uploads\/2015\/12\/Appartement-vakantie-zuid-frankrijk-300x200.jpg\" srcset=\"https:\/\/www.vakantiehuis-zuid-frankrijk-barcares.nl\/wp-content\/uploads\/2015\/12\/Appartement-vakantie-zuid-frankrijk-300x200.jpg 300w, https:\/\/www.vakantiehuis-zuid-frankrijk-barcares.nl\/wp-content\/uploads\/2015\/12\/Appartement-vakantie-zuid-frankrijk.jpg 640w\" sizes=\"auto, (max-width: 300px) 100vw, 300px\" \/><\/a><\/p>\n<p><em><strong>Cliquez sur les photos pour agrandissement<\/strong><\/em><\/p>\n<h1><strong>Parc De Vacances La Pin\u00e8de<\/strong><\/h1>\n<p>Le Parc de Vacances R\u00e9sidence La Pin\u00e8de a une taille de plus de 1 ha avec 15 villas mitoyennes et 41 appartements. Ces 56 logements sont r\u00e9partis sur certains de ne pas trop grand b\u00e2timents, donnant \u00e0 l&#039;ensemble un caract\u00e8re ludique qui colle bien avec l&#039;ambiance et l&#039;aspect du village. L&#039;ensemble peut \u00e0 juste titre \u00eatre appel\u00e9 un &#034;R\u00e9sidence&#034;, en particulier parce que dans le milieu de la partie a <a href=\"http:\/\/www.vakantiehuis-zuid-frankrijk-barcares.nl\/fr\/zwembad\/\" target=\"_blank\" rel=\"noopener noreferrer\">grande piscine <\/a>avec des terrasses spacieuses. Pour chaque Maison de, places de stationnement sont pr\u00e9vues sur le site, m\u00eame en cas de s\u00e9paration des garages \u00e0 chaque villa dans laquelle vous pouvez utiliser la voiture pendant vos vacances. Ainsi, tout comme \u00e0 la maison, votre voiture est parfaitement sous le toit et vous n&#039;avez pas \u00e0 vous soucier d&#039;\u00e9ventuels dommages caus\u00e9s \u00e0 votre voiture.<\/p>\n<h2><strong>Villas&nbsp;<\/strong><\/h2>\n<p>Le 15 li\u00e9e villas ont toutes <a href=\"http:\/\/www.vakantiehuis-zuid-frankrijk-barcares.nl\/fr\/slaapkamer-2\/\" target=\"_blank\" rel=\"noopener noreferrer\">3 chambres spacieuses<\/a>, un grand salon, une cuisine, une salle de bains, wc s\u00e9par\u00e9 et un garage int\u00e9rieur. Bien s\u00fbr, les villas disposent d&#039;un grand jardin avec terrasse.<\/p>\n<h3><strong>Appartements<\/strong><\/h3>\n<p>Les 41 appartements de 1, 2 ou 3 chambres \u00e0 coucher, d&#039;un salon, d&#039;une salle de bains et une toilette s\u00e9par\u00e9e. Les appartements ont des balcons spacieux et la possibilit\u00e9 d&#039;une salle de stockage et garage. Les b\u00e2timents 1 et 2 ont un ascenseur.<\/p>\n<h4><strong>De refroidissement et de chauffage<\/strong><\/h4>\n<p>Les diff\u00e9rentes villas et appartements sont \u00e9quip\u00e9s d&#039;une centrale \u201crefrachissement\u201d syst\u00e8me qui rafra\u00eechit en \u00e9t\u00e9 et r\u00e9chauffe en hiver. La gestion et la supervision est \u00e0 r\u00e9glage central. Chaque villa dispose de son propre syst\u00e8me de conditionnement d&#039;air.<\/p>","protected":false},"excerpt":{"rendered":"<p>&nbsp;&nbsp;&nbsp;&nbsp;&nbsp;&nbsp;&nbsp;&nbsp;&nbsp;&nbsp;&nbsp;&nbsp;&nbsp; &nbsp;&nbsp;&nbsp;&nbsp;&nbsp;&nbsp;&nbsp;&nbsp;&nbsp;&nbsp;&nbsp;&nbsp;&nbsp; Klik op de foto&#8217;s voor vergroting Vakantiepark La Pin\u00e8de Het vakantiepark R\u00e9sidence La Pin\u00e8de&nbsp;heeft een afmeting van meer dan 1 ha met 15 geschakelde villa&#8217;s en 41 appartementen. Deze in totaal 56 wooneenheden zijn verdeeld over enkele niet al te grote&nbsp;gebouwen waardoor het geheel een speels karakter krijgt&nbsp;dat goed past binnen de sfeer [&hellip;]<\/p>\n","protected":false},"author":2,"featured_media":0,"parent":0,"menu_order":0,"comment_status":"closed","ping_status":"closed","template":"page-templates\/left-sidebar.php","meta":{"footnotes":""},"class_list":["post-8","page","type-page","status-publish","hentry"],"yoast_head":"<!-- This site is optimized with the Yoast SEO plugin v27.4 - https:\/\/yoast.com\/product\/yoast-seo-wordpress\/ -->\n<title>HET PARK - Vakantiehuis te huur in Zuid-Frankrijk<\/title>\n<meta name=\"description\" content=\"Het Park Residence La Pin\u00e8de, 15 villa&#039;s, 41 appartementen, groot zwembad, parkeerplaatsen, ruime terrassen, tuinen, auto, garage, airco, 3 slaapkamers\" \/>\n<meta name=\"robots\" content=\"index, follow, max-snippet:-1, max-image-preview:large, max-video-preview:-1\" \/>\n<link rel=\"canonical\" href=\"https:\/\/www.vakantiehuis-zuid-frankrijk-barcares.nl\/fr\/het-park\/\" \/>\n<meta property=\"og:locale\" content=\"fr_FR\" \/>\n<meta property=\"og:type\" content=\"article\" \/>\n<meta property=\"og:title\" content=\"HET PARK - Vakantiehuis te huur in Zuid-Frankrijk\" \/>\n<meta property=\"og:description\" content=\"Het Park Residence La Pin\u00e8de, 15 villa&#039;s, 41 appartementen, groot zwembad, parkeerplaatsen, ruime terrassen, tuinen, auto, garage, airco, 3 slaapkamers\" \/>\n<meta property=\"og:url\" content=\"https:\/\/www.vakantiehuis-zuid-frankrijk-barcares.nl\/fr\/het-park\/\" \/>\n<meta property=\"og:site_name\" content=\"Vakantiehuis te huur in Zuid-Frankrijk\" \/>\n<meta property=\"article:publisher\" content=\"https:\/\/www.facebook.com\/vakantiehuiszuidfrankrijkbarcares\/\" \/>\n<meta property=\"article:modified_time\" content=\"2019-05-01T05:06:05+00:00\" \/>\n<meta property=\"og:image\" content=\"http:\/\/www.vakantiehuis-zuid-frankrijk-barcares.nl\/wp-content\/uploads\/2015\/12\/Zwembad-vakantiewoning-zuid-frankrijk-300x200.jpg\" \/>\n<meta name=\"twitter:card\" content=\"summary_large_image\" \/>\n<meta name=\"twitter:label1\" content=\"Dur\u00e9e de lecture estim\u00e9e\" \/>\n\t<meta name=\"twitter:data1\" content=\"1 minute\" \/>\n<script type=\"application\/ld+json\" class=\"yoast-schema-graph\">{\"@context\":\"https:\\\/\\\/schema.org\",\"@graph\":[{\"@type\":\"WebPage\",\"@id\":\"https:\\\/\\\/www.vakantiehuis-zuid-frankrijk-barcares.nl\\\/het-park\\\/\",\"url\":\"https:\\\/\\\/www.vakantiehuis-zuid-frankrijk-barcares.nl\\\/het-park\\\/\",\"name\":\"HET PARK - Vakantiehuis te huur in Zuid-Frankrijk\",\"isPartOf\":{\"@id\":\"https:\\\/\\\/www.vakantiehuis-zuid-frankrijk-barcares.nl\\\/#website\"},\"primaryImageOfPage\":{\"@id\":\"https:\\\/\\\/www.vakantiehuis-zuid-frankrijk-barcares.nl\\\/het-park\\\/#primaryimage\"},\"image\":{\"@id\":\"https:\\\/\\\/www.vakantiehuis-zuid-frankrijk-barcares.nl\\\/het-park\\\/#primaryimage\"},\"thumbnailUrl\":\"http:\\\/\\\/www.vakantiehuis-zuid-frankrijk-barcares.nl\\\/wp-content\\\/uploads\\\/2015\\\/12\\\/Zwembad-vakantiewoning-zuid-frankrijk-300x200.jpg\",\"datePublished\":\"2015-12-14T12:21:37+00:00\",\"dateModified\":\"2019-05-01T05:06:05+00:00\",\"description\":\"Het Park Residence La Pin\u00e8de, 15 villa's, 41 appartementen, groot zwembad, parkeerplaatsen, ruime terrassen, tuinen, auto, garage, airco, 3 slaapkamers\",\"breadcrumb\":{\"@id\":\"https:\\\/\\\/www.vakantiehuis-zuid-frankrijk-barcares.nl\\\/het-park\\\/#breadcrumb\"},\"inLanguage\":\"fr-FR\",\"potentialAction\":[{\"@type\":\"ReadAction\",\"target\":[\"https:\\\/\\\/www.vakantiehuis-zuid-frankrijk-barcares.nl\\\/het-park\\\/\"]}]},{\"@type\":\"ImageObject\",\"inLanguage\":\"fr-FR\",\"@id\":\"https:\\\/\\\/www.vakantiehuis-zuid-frankrijk-barcares.nl\\\/het-park\\\/#primaryimage\",\"url\":\"http:\\\/\\\/www.vakantiehuis-zuid-frankrijk-barcares.nl\\\/wp-content\\\/uploads\\\/2015\\\/12\\\/Zwembad-vakantiewoning-zuid-frankrijk-300x200.jpg\",\"contentUrl\":\"http:\\\/\\\/www.vakantiehuis-zuid-frankrijk-barcares.nl\\\/wp-content\\\/uploads\\\/2015\\\/12\\\/Zwembad-vakantiewoning-zuid-frankrijk-300x200.jpg\"},{\"@type\":\"BreadcrumbList\",\"@id\":\"https:\\\/\\\/www.vakantiehuis-zuid-frankrijk-barcares.nl\\\/het-park\\\/#breadcrumb\",\"itemListElement\":[{\"@type\":\"ListItem\",\"position\":1,\"name\":\"Home\",\"item\":\"https:\\\/\\\/www.vakantiehuis-zuid-frankrijk-barcares.nl\\\/\"},{\"@type\":\"ListItem\",\"position\":2,\"name\":\"HET PARK\"}]},{\"@type\":\"WebSite\",\"@id\":\"https:\\\/\\\/www.vakantiehuis-zuid-frankrijk-barcares.nl\\\/#website\",\"url\":\"https:\\\/\\\/www.vakantiehuis-zuid-frankrijk-barcares.nl\\\/\",\"name\":\"Vakantiehuis te huur in Zuid-Frankrijk\",\"description\":\"Aan Middellandse zee (400 m) op vakantiepark met zwembad &#039;R\u00e9sidence La Pin\u00e8de&#039; in Le Barcar\u00e8s in de prachtige streek Languedoc-Roussillon, Pyr\u00e9n\u00e9es-Orientales, dichtbij Perpignan. Huur direct van Nederlandse eigenaar.\",\"potentialAction\":[{\"@type\":\"SearchAction\",\"target\":{\"@type\":\"EntryPoint\",\"urlTemplate\":\"https:\\\/\\\/www.vakantiehuis-zuid-frankrijk-barcares.nl\\\/?s={search_term_string}\"},\"query-input\":{\"@type\":\"PropertyValueSpecification\",\"valueRequired\":true,\"valueName\":\"search_term_string\"}}],\"inLanguage\":\"fr-FR\"}]}<\/script>\n<!-- \/ Yoast SEO plugin. -->","yoast_head_json":{"title":"HET PARK - Vakantiehuis te huur in Zuid-Frankrijk","description":"Het Park Residence La Pin\u00e8de, 15 villa's, 41 appartementen, groot zwembad, parkeerplaatsen, ruime terrassen, tuinen, auto, garage, airco, 3 slaapkamers","robots":{"index":"index","follow":"follow","max-snippet":"max-snippet:-1","max-image-preview":"max-image-preview:large","max-video-preview":"max-video-preview:-1"},"canonical":"https:\/\/www.vakantiehuis-zuid-frankrijk-barcares.nl\/fr\/het-park\/","og_locale":"fr_FR","og_type":"article","og_title":"HET PARK - Vakantiehuis te huur in Zuid-Frankrijk","og_description":"Het Park Residence La Pin\u00e8de, 15 villa's, 41 appartementen, groot zwembad, parkeerplaatsen, ruime terrassen, tuinen, auto, garage, airco, 3 slaapkamers","og_url":"https:\/\/www.vakantiehuis-zuid-frankrijk-barcares.nl\/fr\/het-park\/","og_site_name":"Vakantiehuis te huur in Zuid-Frankrijk","article_publisher":"https:\/\/www.facebook.com\/vakantiehuiszuidfrankrijkbarcares\/","article_modified_time":"2019-05-01T05:06:05+00:00","og_image":[{"url":"http:\/\/www.vakantiehuis-zuid-frankrijk-barcares.nl\/wp-content\/uploads\/2015\/12\/Zwembad-vakantiewoning-zuid-frankrijk-300x200.jpg","type":"","width":"","height":""}],"twitter_card":"summary_large_image","twitter_misc":{"Dur\u00e9e de lecture estim\u00e9e":"1 minute"},"schema":{"@context":"https:\/\/schema.org","@graph":[{"@type":"WebPage","@id":"https:\/\/www.vakantiehuis-zuid-frankrijk-barcares.nl\/het-park\/","url":"https:\/\/www.vakantiehuis-zuid-frankrijk-barcares.nl\/het-park\/","name":"HET PARK - Vakantiehuis te huur in Zuid-Frankrijk","isPartOf":{"@id":"https:\/\/www.vakantiehuis-zuid-frankrijk-barcares.nl\/#website"},"primaryImageOfPage":{"@id":"https:\/\/www.vakantiehuis-zuid-frankrijk-barcares.nl\/het-park\/#primaryimage"},"image":{"@id":"https:\/\/www.vakantiehuis-zuid-frankrijk-barcares.nl\/het-park\/#primaryimage"},"thumbnailUrl":"http:\/\/www.vakantiehuis-zuid-frankrijk-barcares.nl\/wp-content\/uploads\/2015\/12\/Zwembad-vakantiewoning-zuid-frankrijk-300x200.jpg","datePublished":"2015-12-14T12:21:37+00:00","dateModified":"2019-05-01T05:06:05+00:00","description":"Het Park Residence La Pin\u00e8de, 15 villa's, 41 appartementen, groot zwembad, parkeerplaatsen, ruime terrassen, tuinen, auto, garage, airco, 3 slaapkamers","breadcrumb":{"@id":"https:\/\/www.vakantiehuis-zuid-frankrijk-barcares.nl\/het-park\/#breadcrumb"},"inLanguage":"fr-FR","potentialAction":[{"@type":"ReadAction","target":["https:\/\/www.vakantiehuis-zuid-frankrijk-barcares.nl\/het-park\/"]}]},{"@type":"ImageObject","inLanguage":"fr-FR","@id":"https:\/\/www.vakantiehuis-zuid-frankrijk-barcares.nl\/het-park\/#primaryimage","url":"http:\/\/www.vakantiehuis-zuid-frankrijk-barcares.nl\/wp-content\/uploads\/2015\/12\/Zwembad-vakantiewoning-zuid-frankrijk-300x200.jpg","contentUrl":"http:\/\/www.vakantiehuis-zuid-frankrijk-barcares.nl\/wp-content\/uploads\/2015\/12\/Zwembad-vakantiewoning-zuid-frankrijk-300x200.jpg"},{"@type":"BreadcrumbList","@id":"https:\/\/www.vakantiehuis-zuid-frankrijk-barcares.nl\/het-park\/#breadcrumb","itemListElement":[{"@type":"ListItem","position":1,"name":"Home","item":"https:\/\/www.vakantiehuis-zuid-frankrijk-barcares.nl\/"},{"@type":"ListItem","position":2,"name":"HET PARK"}]},{"@type":"WebSite","@id":"https:\/\/www.vakantiehuis-zuid-frankrijk-barcares.nl\/#website","url":"https:\/\/www.vakantiehuis-zuid-frankrijk-barcares.nl\/","name":"Vakantiehuis te huur in Zuid-Frankrijk","description":"Aan Middellandse zee (400 m) op vakantiepark met zwembad &#039;R\u00e9sidence La Pin\u00e8de&#039; in Le Barcar\u00e8s in de prachtige streek Languedoc-Roussillon, Pyr\u00e9n\u00e9es-Orientales, dichtbij Perpignan. Huur direct van Nederlandse eigenaar.","potentialAction":[{"@type":"SearchAction","target":{"@type":"EntryPoint","urlTemplate":"https:\/\/www.vakantiehuis-zuid-frankrijk-barcares.nl\/?s={search_term_string}"},"query-input":{"@type":"PropertyValueSpecification","valueRequired":true,"valueName":"search_term_string"}}],"inLanguage":"fr-FR"}]}},"_links":{"self":[{"href":"https:\/\/www.vakantiehuis-zuid-frankrijk-barcares.nl\/fr\/wp-json\/wp\/v2\/pages\/8","targetHints":{"allow":["GET"]}}],"collection":[{"href":"https:\/\/www.vakantiehuis-zuid-frankrijk-barcares.nl\/fr\/wp-json\/wp\/v2\/pages"}],"about":[{"href":"https:\/\/www.vakantiehuis-zuid-frankrijk-barcares.nl\/fr\/wp-json\/wp\/v2\/types\/page"}],"author":[{"embeddable":true,"href":"https:\/\/www.vakantiehuis-zuid-frankrijk-barcares.nl\/fr\/wp-json\/wp\/v2\/users\/2"}],"replies":[{"embeddable":true,"href":"https:\/\/www.vakantiehuis-zuid-frankrijk-barcares.nl\/fr\/wp-json\/wp\/v2\/comments?post=8"}],"version-history":[{"count":14,"href":"https:\/\/www.vakantiehuis-zuid-frankrijk-barcares.nl\/fr\/wp-json\/wp\/v2\/pages\/8\/revisions"}],"predecessor-version":[{"id":1725,"href":"https:\/\/www.vakantiehuis-zuid-frankrijk-barcares.nl\/fr\/wp-json\/wp\/v2\/pages\/8\/revisions\/1725"}],"wp:attachment":[{"href":"https:\/\/www.vakantiehuis-zuid-frankrijk-barcares.nl\/fr\/wp-json\/wp\/v2\/media?parent=8"}],"curies":[{"name":"wp","href":"https:\/\/api.w.org\/{rel}","templated":true}]}}