{"id":80,"date":"2015-12-15T10:00:49","date_gmt":"2015-12-15T10:00:49","guid":{"rendered":"http:\/\/www.vakantiehuis-zuid-frankrijk-barcares.nl\/?page_id=80"},"modified":"2023-12-24T08:12:41","modified_gmt":"2023-12-24T08:12:41","slug":"tarieven","status":"publish","type":"page","link":"https:\/\/www.vakantiehuis-zuid-frankrijk-barcares.nl\/fr\/tarieven\/","title":{"rendered":"Prix"},"content":{"rendered":"<h2><strong>Les tarifs s&#039;appliquent pour la location de nos vacances <\/strong><strong>villa pour au moins 7 jours<\/strong><\/h2>\n<table>\n<tbody>\n<tr>\n<td style=\"text-align: center; width: 154px;\" width=\"189\"><strong>01-11 \/ 31-12<\/strong><\/td>\n<td style=\"text-align: center; width: 133px;\" width=\"189\"><strong>\u00a0\u20ac\u00a0 1.199<\/strong><\/td>\n<td style=\"width: 134px;\" width=\"189\"><span style=\"margin: 0px; font-family: 'Verdana',sans-serif; font-size: 10pt;\"><span style=\"color: #000000;\"><strong><span style=\"color: #008000;\">NOTE<\/span><\/strong><\/span><\/span><span style=\"margin: 0px; font-family: 'Verdana',sans-serif; font-size: 10pt;\"><span style=\"color: #000000;\">DES R\u00c9DUCTIONS SONT POSSIBLES<\/span><\/span><\/p>\n<p><span style=\"margin: 0px; font-family: Verdana, sans-serif; font-size: 10pt; color: #333399;\"> EN FONCTION DE LA DATE ET DE LA DUR\u00c9E DU S\u00c9JOUR<\/span><\/td>\n<td style=\"text-align: center; width: 150px;\" width=\"189\"><strong>APPELEZ OU \u00c9CRIVEZ-NOUS<\/strong><strong><a href=\"tel:0031 6 53 96 74 73\">0031 6 53 96 74 73<\/a><\/strong><\/p>\n<p><a href=\"mailto:info@vakantiehuis-zuid-franrkijk-barcares.nl\">info@vakantiehuis-zuid-franrkijk-barcares.nl<\/a><\/td>\n<\/tr>\n<tr>\n<td style=\"text-align: center; width: 154px;\" width=\"189\"><strong>\u00a0 \u00a001-01 \/ 31-05<\/strong><\/td>\n<td style=\"text-align: center; width: 133px;\" width=\"189\"><strong>\u20ac\u00a0 1.399<\/strong><\/td>\n<td style=\"width: 134px;\" width=\"189\"><span style=\"margin: 0px; font-family: 'Verdana',sans-serif; font-size: 10pt;\"><span style=\"color: #000000;\"><strong><span style=\"color: #008000;\">NOTE:<\/span><\/strong>\u00a0 \u00a0 DES R\u00c9DUCTIONS SONT POSSIBLES<\/span><\/span><span style=\"margin: 0px; font-family: Verdana, sans-serif; font-size: 10pt; color: #333399;\"> EN FONCTION DE LA DATE ET DE LA DUR\u00c9E DU S\u00c9JOUR<\/span><\/td>\n<td style=\"text-align: center; width: 150px;\" width=\"189\"><span style=\"color: #0000ff;\">\u00a0<strong>APPELEZ OU \u00c9CRIVEZ-NOUS<\/strong><\/span><strong><a href=\"tel:0031 6 53 96 74 73\">0031 6 53 96 74 73<\/a><\/strong><\/p>\n<p><span style=\"color: #0000ff;\"><a href=\"mailto:info@vakantiehuis-zuid-franrkijk-barcares.nl\">info@vakantiehuis-zuid-franrkijk-barcares.nl<\/a><\/span><\/td>\n<\/tr>\n<tr>\n<td style=\"text-align: center; width: 154px;\" width=\"189\"><strong>\u00a0 \u00a0\u00a0 01-06 \/ 30-06<\/strong><\/td>\n<td style=\"text-align: center; width: 133px;\" width=\"189\"><strong>\u00a0 \u20ac\u00a0\u00a01.440<\/strong><\/td>\n<td style=\"width: 134px;\" width=\"189\"><span style=\"margin: 0px; font-family: 'Verdana',sans-serif; font-size: 10pt;\"><span style=\"color: #000000;\"><span style=\"color: #008000;\"><strong>NOTE:<\/strong><\/span> DES R\u00c9DUCTIONS SONT POSSIBLES <\/span><\/span><span style=\"margin: 0px; font-family: Verdana, sans-serif; font-size: 10pt; color: #333399;\">EN FONCTION DE LA DATE ET DE LA DUR\u00c9E DU S\u00c9JOUR<\/span><\/td>\n<td style=\"text-align: center; width: 150px;\" width=\"189\"><span style=\"color: #0000ff;\">\u00a0<strong>APPELEZ OU \u00c9CRIVEZ-NOUS<\/strong><\/span><strong><a href=\"tel:0031 6 53 96 74 73\">0031 6 53 96 74 73<\/a><\/strong><\/p>\n<p><span style=\"color: #0000ff;\"><a href=\"mailto:info@vakantiehuis-zuid-franrkijk-barcares.nl\">info@vakantiehuis-zuid-franrkijk-barcares.nl<\/a><\/span><\/td>\n<\/tr>\n<tr>\n<td style=\"text-align: center; width: 154px;\" width=\"189\"><strong>01-07 \/ 15-09<\/strong><\/td>\n<td style=\"text-align: center; width: 133px;\" width=\"189\"><strong>\u20ac 1.780<\/strong><\/td>\n<td style=\"width: 134px;\" width=\"189\"><span style=\"margin: 0px; font-family: 'Verdana',sans-serif; font-size: 10pt;\"><span style=\"color: #000000;\"><span style=\"color: #008000;\"><strong>NOTE:<\/strong><\/span> DES R\u00c9DUCTIONS SONT POSSIBLES <\/span><\/span><span style=\"margin: 0px; font-family: Verdana, sans-serif; font-size: 10pt; color: #333399;\">EN FONCTION DE LA DATE ET DE LA DUR\u00c9E DU S\u00c9JOUR<\/span><\/td>\n<td style=\"text-align: center; width: 150px;\" width=\"189\"><span style=\"color: #0000ff;\">\u00a0<strong>APPELEZ OU \u00c9CRIVEZ-NOUS<\/strong><\/span><strong><a href=\"tel:0031 6 53 96 74 73\">0031 6 53 96 74 73<\/a><\/strong><\/p>\n<p><span style=\"color: #0000ff;\"><a href=\"mailto:info@vakantiehuis-zuid-franrkijk-barcares.nl\">info@vakantiehuis-zuid-franrkijk-barcares.nl<\/a><\/span><\/td>\n<\/tr>\n<tr>\n<td style=\"text-align: center; width: 154px;\" width=\"189\"><strong>\u00a016-09 \/ 31-10<\/strong><\/td>\n<td style=\"text-align: center; width: 133px;\" width=\"189\"><strong>\u20ac\u00a0\u00a01.490<\/strong><\/td>\n<td style=\"width: 134px;\" width=\"189\"><span style=\"margin: 0px; font-family: 'Verdana',sans-serif; font-size: 10pt;\"><span style=\"color: #000000;\"><span style=\"color: #008000;\"><strong>NOTE:<\/strong> <\/span>DES R\u00c9DUCTIONS SONT POSSIBLES <\/span><\/span><span style=\"margin: 0px; font-family: Verdana, sans-serif; font-size: 10pt; color: #333399;\">EN FONCTION DE LA DATE ET DE LA DUR\u00c9E DU S\u00c9JOUR<\/span><\/td>\n<td style=\"text-align: center; width: 150px;\" width=\"189\"><span style=\"color: #0000ff;\">\u00a0<strong>APPELEZ OU \u00c9CRIVEZ-NOUS<\/strong><\/span><strong><a href=\"tel:0031 6 53 96 74 73\">0031 6 53 96 74 73<\/a><\/strong><\/p>\n<p><span style=\"color: #0000ff;\"><a href=\"mailto:info@vakantiehuis-zuid-franrkijk-barcares.nl\">info@vakantiehuis-zuid-franrkijk-barcares.nl<\/a><\/span><\/td>\n<\/tr>\n<tr>\n<td style=\"width: 154px;\" width=\"189\"><\/td>\n<td style=\"width: 133px;\" width=\"189\"><\/td>\n<td style=\"width: 134px;\" width=\"189\"><\/td>\n<td style=\"width: 150px;\" width=\"189\"><\/td>\n<\/tr>\n<tr>\n<td style=\"width: 154px;\" width=\"189\">La villa peut accueillir jusqu&#039;\u00e0 8 personnes.<\/td>\n<td style=\"width: 133px;\" width=\"189\">Un canap\u00e9-lit peut \u00eatre utilis\u00e9 pour dormir 1 adulte ou 2 enfants en bas \u00e2ge. Il ya aussi un lit pliant peut \u00eatre ajout\u00e9 \u00e0 l&#039;une des chambres \u00e0 coucher.<\/td>\n<td style=\"width: 134px;\" width=\"189\">Pour le reste il y a 3 spacieuses chambres \u00e0 coucher dans la villa avec 2 lits simples qui peuvent \u00eatre rapproch\u00e9s.<\/td>\n<td style=\"text-align: center; width: 150px;\" width=\"189\"><span style=\"color: #0000ff;\">\u00a0<strong>APPELEZ OU \u00c9CRIVEZ-NOUS<\/strong><\/span><strong><a href=\"tel:0031 6 53 96 74 73\">0031 6 53 96 74 73<\/a><\/strong><\/p>\n<p><span style=\"color: #0000ff;\"><a href=\"mailto:info@vakantiehuis-zuid-franrkijk-barcares.nl\">info@vakantiehuis-zuid-franrkijk-barcares.nl<\/a><\/span><\/td>\n<\/tr>\n<tr>\n<td style=\"width: 154px;\" width=\"189\"><\/td>\n<td style=\"width: 133px;\" width=\"189\"><\/td>\n<td style=\"width: 134px;\" width=\"189\"><\/td>\n<td style=\"width: 150px;\" width=\"189\"><\/td>\n<\/tr>\n<\/tbody>\n<\/table>\n<h5>Selon la saison et la dur\u00e9e de votre s\u00e9jour, il est possible de b\u00e9n\u00e9ficier de r\u00e9ductions sur votre r\u00e9servation. Vous pouvez directement<a href=\"http:\/\/www.vakantiehuis-zuid-frankrijk-barcares.nl\/fr\/contact\/\" target=\"_blank\" rel=\"noopener noreferrer\"> contact <\/a>enregistrement avec les propri\u00e9taires de la Villa 8 de Oranje Tulp qui peuvent vous informer.<\/h5>\n<h2><strong>Inclus:<\/strong><\/h2>\n<ul>\n<li>L&#039;eau et la consommation d&#039;\u00e9lectricit\u00e9;<\/li>\n<li>Chauffage;<\/li>\n<li>Climatisation<\/li>\n<li>Garage<\/li>\n<li>Taxe de s\u00e9jour de \u20ac 1,25 par jour \/ par personne (\u00e0 partir de 12 ans )<\/li>\n<li>Nettoyage Final \u20ac 120,00<\/li>\n<li>Linge de lit \u20ac 10,00 par lit<\/li>\n<li>Le linge de cuisine 5,00 \u20ac par jeu<\/li>\n<li>Serviettes de 8,00 \u20ac par personne<\/li>\n<\/ul>\n<h2><strong>Les co\u00fbts suppl\u00e9mentaires:<\/strong><\/h2>\n<ul>\n<li>La pr\u00e9vention des dommages d\u00e9p\u00f4t de garantie: 500 euros,= (paiement par la banque via la facture) (environ 5 jours avant l&#039;arriv\u00e9e )<\/li>\n<\/ul>\n<h2><strong>Vous pouvez ajouter le suivant ( extras ) :<\/strong><\/h2>\n<ul>\n<li>Un paquet suppl\u00e9mentaire de \u20ac 17,00;<\/li>\n<li>Serviettes de bain suppl\u00e9mentaires; \u20ac 9,00 par personne \/ par changement;<\/li>\n<li>Le linge de cuisine extra; 6,00 \u20ac par changement;<\/li>\n<li>Suppl\u00e9mentaire de linge de lit; \u20ac 11,00 par lit et le changement;<\/li>\n<li>Lits faits \u20ac 9,00 par chambre;<\/li>\n<li>B\u00e9b\u00e9 package de \u20ac 25,00 par semaine (lit, chaise ).<\/li>\n<\/ul>\n<p><strong>Attention !<\/strong><\/p>\n<p>Dans la villa il ya un lave-linge.<\/p>\n<h2><strong>Animaux de compagnie:<\/strong><\/h2>\n<p>Maximum 1 ANIMAL admis \u20ac 50,00 par semaine (sur demande).<\/p>\n<h2><strong>Le tabagisme:<\/strong><\/h2>\n<p>N&#039;est pas autoris\u00e9 dans la villa, mais \u00e0 l&#039;ext\u00e9rieur sur la terrasse (sortie directe depuis le salon )<\/p>","protected":false},"excerpt":{"rendered":"<p>Tarieven gelden voor het huren van onze vakantie villa voor minimaal 7 dagen 01-11 \/ 31-12 \u00a0\u20ac\u00a0 1.199 LET OPKORTINGEN\u00a0 \u00a0 MOGELIJK AFHANKELIJK VAN DATUM EN DUUR VERBLIJF BEL OF MAIL ONS0031 6 53 96 74 73 info@vakantiehuis-zuid-franrkijk-barcares.nl \u00a0 \u00a001-01 \/ 31-05 \u20ac\u00a0 1.399 LET OP:\u00a0 \u00a0 KORTINGEN\u00a0 \u00a0 MOGELIJK AFHANKELIJK VAN DATUM EN DUUR [&hellip;]<\/p>\n","protected":false},"author":3,"featured_media":0,"parent":0,"menu_order":0,"comment_status":"closed","ping_status":"closed","template":"page-templates\/left-sidebar.php","meta":{"footnotes":""},"class_list":["post-80","page","type-page","status-publish","hentry"],"yoast_head":"<!-- This site is optimized with the Yoast SEO plugin v27.4 - https:\/\/yoast.com\/product\/yoast-seo-wordpress\/ -->\n<title>TARIEVEN - Vakantiehuis te huur in Zuid-Frankrijk<\/title>\n<meta name=\"description\" content=\"tarieven, kortingen, bijkomende kosten, welkomstpakket, badlinnen, beddengoed, opgemaakte bedden, babypakket, handdoeken\" \/>\n<meta name=\"robots\" content=\"index, follow, max-snippet:-1, max-image-preview:large, max-video-preview:-1\" \/>\n<link rel=\"canonical\" href=\"https:\/\/www.vakantiehuis-zuid-frankrijk-barcares.nl\/fr\/tarieven\/\" \/>\n<meta property=\"og:locale\" content=\"fr_FR\" \/>\n<meta property=\"og:type\" content=\"article\" \/>\n<meta property=\"og:title\" content=\"TARIEVEN - Vakantiehuis te huur in Zuid-Frankrijk\" \/>\n<meta property=\"og:description\" content=\"tarieven, kortingen, bijkomende kosten, welkomstpakket, badlinnen, beddengoed, opgemaakte bedden, babypakket, handdoeken\" \/>\n<meta property=\"og:url\" content=\"https:\/\/www.vakantiehuis-zuid-frankrijk-barcares.nl\/fr\/tarieven\/\" \/>\n<meta property=\"og:site_name\" content=\"Vakantiehuis te huur in Zuid-Frankrijk\" \/>\n<meta property=\"article:publisher\" content=\"https:\/\/www.facebook.com\/vakantiehuiszuidfrankrijkbarcares\/\" \/>\n<meta property=\"article:modified_time\" content=\"2023-12-24T08:12:41+00:00\" \/>\n<meta name=\"twitter:card\" content=\"summary_large_image\" \/>\n<meta name=\"twitter:label1\" content=\"Dur\u00e9e de lecture estim\u00e9e\" \/>\n\t<meta name=\"twitter:data1\" content=\"2 minutes\" \/>\n<script type=\"application\/ld+json\" class=\"yoast-schema-graph\">{\"@context\":\"https:\\\/\\\/schema.org\",\"@graph\":[{\"@type\":\"WebPage\",\"@id\":\"https:\\\/\\\/www.vakantiehuis-zuid-frankrijk-barcares.nl\\\/tarieven\\\/\",\"url\":\"https:\\\/\\\/www.vakantiehuis-zuid-frankrijk-barcares.nl\\\/tarieven\\\/\",\"name\":\"TARIEVEN - Vakantiehuis te huur in Zuid-Frankrijk\",\"isPartOf\":{\"@id\":\"https:\\\/\\\/www.vakantiehuis-zuid-frankrijk-barcares.nl\\\/#website\"},\"datePublished\":\"2015-12-15T10:00:49+00:00\",\"dateModified\":\"2023-12-24T08:12:41+00:00\",\"description\":\"tarieven, kortingen, bijkomende kosten, welkomstpakket, badlinnen, beddengoed, opgemaakte bedden, babypakket, handdoeken\",\"breadcrumb\":{\"@id\":\"https:\\\/\\\/www.vakantiehuis-zuid-frankrijk-barcares.nl\\\/tarieven\\\/#breadcrumb\"},\"inLanguage\":\"fr-FR\",\"potentialAction\":[{\"@type\":\"ReadAction\",\"target\":[\"https:\\\/\\\/www.vakantiehuis-zuid-frankrijk-barcares.nl\\\/tarieven\\\/\"]}]},{\"@type\":\"BreadcrumbList\",\"@id\":\"https:\\\/\\\/www.vakantiehuis-zuid-frankrijk-barcares.nl\\\/tarieven\\\/#breadcrumb\",\"itemListElement\":[{\"@type\":\"ListItem\",\"position\":1,\"name\":\"Home\",\"item\":\"https:\\\/\\\/www.vakantiehuis-zuid-frankrijk-barcares.nl\\\/\"},{\"@type\":\"ListItem\",\"position\":2,\"name\":\"TARIEVEN\"}]},{\"@type\":\"WebSite\",\"@id\":\"https:\\\/\\\/www.vakantiehuis-zuid-frankrijk-barcares.nl\\\/#website\",\"url\":\"https:\\\/\\\/www.vakantiehuis-zuid-frankrijk-barcares.nl\\\/\",\"name\":\"Vakantiehuis te huur in Zuid-Frankrijk\",\"description\":\"Aan Middellandse zee (400 m) op vakantiepark met zwembad &#039;R\u00e9sidence La Pin\u00e8de&#039; in Le Barcar\u00e8s in de prachtige streek Languedoc-Roussillon, Pyr\u00e9n\u00e9es-Orientales, dichtbij Perpignan. Huur direct van Nederlandse eigenaar.\",\"potentialAction\":[{\"@type\":\"SearchAction\",\"target\":{\"@type\":\"EntryPoint\",\"urlTemplate\":\"https:\\\/\\\/www.vakantiehuis-zuid-frankrijk-barcares.nl\\\/?s={search_term_string}\"},\"query-input\":{\"@type\":\"PropertyValueSpecification\",\"valueRequired\":true,\"valueName\":\"search_term_string\"}}],\"inLanguage\":\"fr-FR\"}]}<\/script>\n<!-- \/ Yoast SEO plugin. -->","yoast_head_json":{"title":"TARIEVEN - Vakantiehuis te huur in Zuid-Frankrijk","description":"tarieven, kortingen, bijkomende kosten, welkomstpakket, badlinnen, beddengoed, opgemaakte bedden, babypakket, handdoeken","robots":{"index":"index","follow":"follow","max-snippet":"max-snippet:-1","max-image-preview":"max-image-preview:large","max-video-preview":"max-video-preview:-1"},"canonical":"https:\/\/www.vakantiehuis-zuid-frankrijk-barcares.nl\/fr\/tarieven\/","og_locale":"fr_FR","og_type":"article","og_title":"TARIEVEN - Vakantiehuis te huur in Zuid-Frankrijk","og_description":"tarieven, kortingen, bijkomende kosten, welkomstpakket, badlinnen, beddengoed, opgemaakte bedden, babypakket, handdoeken","og_url":"https:\/\/www.vakantiehuis-zuid-frankrijk-barcares.nl\/fr\/tarieven\/","og_site_name":"Vakantiehuis te huur in Zuid-Frankrijk","article_publisher":"https:\/\/www.facebook.com\/vakantiehuiszuidfrankrijkbarcares\/","article_modified_time":"2023-12-24T08:12:41+00:00","twitter_card":"summary_large_image","twitter_misc":{"Dur\u00e9e de lecture estim\u00e9e":"2 minutes"},"schema":{"@context":"https:\/\/schema.org","@graph":[{"@type":"WebPage","@id":"https:\/\/www.vakantiehuis-zuid-frankrijk-barcares.nl\/tarieven\/","url":"https:\/\/www.vakantiehuis-zuid-frankrijk-barcares.nl\/tarieven\/","name":"TARIEVEN - Vakantiehuis te huur in Zuid-Frankrijk","isPartOf":{"@id":"https:\/\/www.vakantiehuis-zuid-frankrijk-barcares.nl\/#website"},"datePublished":"2015-12-15T10:00:49+00:00","dateModified":"2023-12-24T08:12:41+00:00","description":"tarieven, kortingen, bijkomende kosten, welkomstpakket, badlinnen, beddengoed, opgemaakte bedden, babypakket, handdoeken","breadcrumb":{"@id":"https:\/\/www.vakantiehuis-zuid-frankrijk-barcares.nl\/tarieven\/#breadcrumb"},"inLanguage":"fr-FR","potentialAction":[{"@type":"ReadAction","target":["https:\/\/www.vakantiehuis-zuid-frankrijk-barcares.nl\/tarieven\/"]}]},{"@type":"BreadcrumbList","@id":"https:\/\/www.vakantiehuis-zuid-frankrijk-barcares.nl\/tarieven\/#breadcrumb","itemListElement":[{"@type":"ListItem","position":1,"name":"Home","item":"https:\/\/www.vakantiehuis-zuid-frankrijk-barcares.nl\/"},{"@type":"ListItem","position":2,"name":"TARIEVEN"}]},{"@type":"WebSite","@id":"https:\/\/www.vakantiehuis-zuid-frankrijk-barcares.nl\/#website","url":"https:\/\/www.vakantiehuis-zuid-frankrijk-barcares.nl\/","name":"Vakantiehuis te huur in Zuid-Frankrijk","description":"Aan Middellandse zee (400 m) op vakantiepark met zwembad &#039;R\u00e9sidence La Pin\u00e8de&#039; in Le Barcar\u00e8s in de prachtige streek Languedoc-Roussillon, Pyr\u00e9n\u00e9es-Orientales, dichtbij Perpignan. Huur direct van Nederlandse eigenaar.","potentialAction":[{"@type":"SearchAction","target":{"@type":"EntryPoint","urlTemplate":"https:\/\/www.vakantiehuis-zuid-frankrijk-barcares.nl\/?s={search_term_string}"},"query-input":{"@type":"PropertyValueSpecification","valueRequired":true,"valueName":"search_term_string"}}],"inLanguage":"fr-FR"}]}},"_links":{"self":[{"href":"https:\/\/www.vakantiehuis-zuid-frankrijk-barcares.nl\/fr\/wp-json\/wp\/v2\/pages\/80","targetHints":{"allow":["GET"]}}],"collection":[{"href":"https:\/\/www.vakantiehuis-zuid-frankrijk-barcares.nl\/fr\/wp-json\/wp\/v2\/pages"}],"about":[{"href":"https:\/\/www.vakantiehuis-zuid-frankrijk-barcares.nl\/fr\/wp-json\/wp\/v2\/types\/page"}],"author":[{"embeddable":true,"href":"https:\/\/www.vakantiehuis-zuid-frankrijk-barcares.nl\/fr\/wp-json\/wp\/v2\/users\/3"}],"replies":[{"embeddable":true,"href":"https:\/\/www.vakantiehuis-zuid-frankrijk-barcares.nl\/fr\/wp-json\/wp\/v2\/comments?post=80"}],"version-history":[{"count":110,"href":"https:\/\/www.vakantiehuis-zuid-frankrijk-barcares.nl\/fr\/wp-json\/wp\/v2\/pages\/80\/revisions"}],"predecessor-version":[{"id":2174,"href":"https:\/\/www.vakantiehuis-zuid-frankrijk-barcares.nl\/fr\/wp-json\/wp\/v2\/pages\/80\/revisions\/2174"}],"wp:attachment":[{"href":"https:\/\/www.vakantiehuis-zuid-frankrijk-barcares.nl\/fr\/wp-json\/wp\/v2\/media?parent=80"}],"curies":[{"name":"wp","href":"https:\/\/api.w.org\/{rel}","templated":true}]}}