{"id":82,"date":"2015-12-15T10:01:00","date_gmt":"2015-12-15T10:01:00","guid":{"rendered":"http:\/\/www.vakantiehuis-zuid-frankrijk-barcares.nl\/?page_id=82"},"modified":"2026-02-15T20:45:02","modified_gmt":"2026-02-15T20:45:02","slug":"reserveren","status":"publish","type":"page","link":"https:\/\/www.vakantiehuis-zuid-frankrijk-barcares.nl\/fr\/reserveren\/","title":{"rendered":"LIVRE"},"content":{"rendered":"<h2>Bellen of mailen voor afstemmen beschikbaarheid<\/h2>\n<p>U kunt het beste\u00a0een\u00a0aanvraag doen\u00a0door ons te <a href=\"http:\/\/www.vakantiehuis-zuid-frankrijk-barcares.nl\/contact\/\">bellen of mailen<\/a>. Wij kunnen u dan snel laten weten, of onze vakantiewoning in de door\u00a0u gewenste periode ook daadwerkelijk beschikbaar is.<\/p>\n<p><span style=\"color: #0000ff;\">U kunt eventueel ook de beschikbaarheid bekijken en een reservering doen via de navolgende websites;<\/span><\/p>\n<ul>\n<li><span style=\"color: #ff9900;\">https:\/\/www.booking.com<\/span><\/li>\n<li><span style=\"color: #ff9900;\">https:\/www. micazu.nl<\/span><\/li>\n<li><span style=\"color: #ff9900;\">https:\/www.vrbo.nl<\/span><\/li>\n<li><span style=\"color: #ff9900;\">https:\/www.airbnb.nl<\/span><\/li>\n<\/ul>\n<p><span style=\"color: #339966;\">Indien bovenstaande links niet direct werken, kunt u ze kopi\u00ebren en plakken in de door u gebruikte browser. Zoek met de tekst [ Villa 8 De Oranje Tulp ] in Le Barcar\u00e8s en zult prijzen en beschikbaarheid kunnen checken.<\/span><\/p>\n<h3>Overige villa&#8217;s en appartementen<\/h3>\n<p>Mocht de door u gewenste periode niet beschikbaar zijn, dan kunt u evengoed contact met ons opnemen om informatie te kunnen krijgen over de mogelijkheid om een andere villa of appartement op R\u00e9sidence La Pin\u00e8de beschikbaar is. U kunt ons daarover het beste een e-mail sturen via het e-mailadres op onze <a href=\"http:\/\/www.vakantiehuis-zuid-frankrijk-barcares.nl\/contact\/\" target=\"_blank\" rel=\"noopener noreferrer\">contactpagina<\/a>.<\/p>\n\n\n<h2 class=\"wp-block-heading\" id=\"beschikbaarheid\">Beschikbaarheid<\/h2>\n\n\n\n<p>Vraag naar de beschikbaarheid via <strong>e-mail;<\/strong> <br><a href=\"mailto:info@vakantiehuis-zuid-frankrijk-barcares.nl\">info@vakantiehuis-zuid-frankrijk-barcares.nl<\/a> <\/p>\n\n\n\n<p>De volgende maanden en datums zijn nog beschikbaar:<\/p>\n\n\n\n<p>Messenger<\/p>\n\n\n\n<p><a aria-label=\"https:\/\/m.me\/vakantiehuiszuidfrankrijkbarcares?fbclid=IwAR28yaabF6zrzneXk8w5KdooHJoFekwnS2hAS-D1TmNNfXUxkEUUWbZRU4k (opent in een nieuwe tab)\" href=\"https:\/\/m.me\/vakantiehuiszuidfrankrijkbarcares?fbclid=IwAR28yaabF6zrzneXk8w5KdooHJoFekwnS2hAS-D1TmNNfXUxkEUUWbZRU4k\" target=\"_blank\" rel=\"noreferrer noopener\">https:\/\/m.me\/vakantiehuiszuidfrankrijkbarcares?fbclid=IwAR28yaabF6zrzneXk8w5KdooHJoFekwnS2hAS-D1TmNNfXUxkEUUWbZRU4k<\/a><\/p>\n\n\n\n<ul class=\"wp-block-list\">\n<li>Januari 2026 ( <mark style=\"background-color:rgba(0, 0, 0, 0)\" class=\"has-inline-color has-vivid-cyan-blue-color\">gehele maand beschikbaar<\/mark> )<\/li>\n\n\n\n<li>Februari 2026 ( <mark style=\"background-color:rgba(0, 0, 0, 0)\" class=\"has-inline-color has-vivid-cyan-blue-color\">gehele maand beschikbaar <\/mark>)<\/li>\n\n\n\n<li>Maart 2026 ( <mark style=\"background-color:rgba(0, 0, 0, 0)\" class=\"has-inline-color has-vivid-cyan-blue-color\">gehele maand beschikbaar<\/mark> )<\/li>\n\n\n\n<li>April 2026 ( <mark style=\"background-color:rgba(0, 0, 0, 0)\" class=\"has-inline-color has-vivid-cyan-blue-color\">gehele maand beschikbaar <\/mark>)<\/li>\n\n\n\n<li>Mei 2026 ( <mark style=\"background-color:rgba(0, 0, 0, 0)\" class=\"has-inline-color has-vivid-cyan-blue-color\">gehele maand beschikbaar<\/mark> )<\/li>\n\n\n\n<li><strong>Maand Juni 202<\/strong>6<\/li>\n\n\n\n<li>( 01 &#8211; 14 ) ( <mark style=\"background-color:rgba(0, 0, 0, 0)\" class=\"has-inline-color has-vivid-cyan-blue-color\">beschikbaar<\/mark> )<\/li>\n\n\n\n<li>(<mark style=\"background-color:rgba(0, 0, 0, 0)\" class=\"has-inline-color has-black-color\"> 14 &#8211; 30 <\/mark>) ( <mark style=\"background-color:rgba(0, 0, 0, 0)\" class=\"has-inline-color has-vivid-cyan-blue-color\">beschikbaar <\/mark>)<\/li>\n\n\n\n<li><strong>Maand <\/strong>J<strong>uli 202<\/strong>6<\/li>\n\n\n\n<li>( <mark style=\"background-color:rgba(0, 0, 0, 0)\" class=\"has-inline-color has-black-color\">01 &#8211; 05 juli<\/mark> ) ( <mark style=\"background-color:rgba(0, 0, 0, 0)\" class=\"has-inline-color has-vivid-cyan-blue-color\">beschikbaar )<\/mark><\/li>\n\n\n\n<li>( <mark style=\"background-color:rgba(0, 0, 0, 0)\" class=\"has-inline-color has-vivid-red-color\">05 &#8211; 12 juli<\/mark><mark style=\"background-color:rgba(0, 0, 0, 0)\" class=\"has-inline-color has-black-color\"> <\/mark>) ( <mark style=\"background-color:rgba(0, 0, 0, 0)\" class=\"has-inline-color has-vivid-red-color\">gereserveerd )<\/mark><\/li>\n\n\n\n<li>( <mark style=\"background-color:rgba(0, 0, 0, 0)\" class=\"has-inline-color has-vivid-red-color\">12 &#8211; 19 juli <\/mark>) ( <mark style=\"background-color:rgba(0, 0, 0, 0)\" class=\"has-inline-color has-vivid-red-color\">gereserveerd <\/mark>)<\/li>\n\n\n\n<li>( <mark style=\"background-color:rgba(0, 0, 0, 0)\" class=\"has-inline-color has-vivid-red-color\">19 &#8211; 26 juli<\/mark><mark style=\"background-color:rgba(0, 0, 0, 0)\" class=\"has-inline-color has-black-color\"> <\/mark>) ( <mark style=\"background-color:rgba(0, 0, 0, 0)\" class=\"has-inline-color has-vivid-cyan-blue-color\"><\/mark><mark style=\"background-color:rgba(0, 0, 0, 0)\" class=\"has-inline-color has-vivid-red-color\">gereserveerd <\/mark>)<\/li>\n\n\n\n<li>( <mark style=\"background-color:rgba(0, 0, 0, 0)\" class=\"has-inline-color has-vivid-red-color\">26 &#8211; 31 juli<\/mark> ) ( <mark style=\"background-color:rgba(0, 0, 0, 0)\" class=\"has-inline-color has-vivid-red-color\">gereserveerd <\/mark>)<\/li>\n\n\n\n<li><strong>Maand Augustus 202<\/strong>6<\/li>\n\n\n\n<li>( <mark style=\"background-color:rgba(0, 0, 0, 0)\" class=\"has-inline-color has-vivid-red-color\">01 &#8211; 08 augustus<\/mark> ) ( <mark style=\"background-color:rgba(0, 0, 0, 0)\" class=\"has-inline-color has-vivid-red-color\">gereserveerd<\/mark> )<\/li>\n\n\n\n<li>( <mark style=\"background-color:rgba(0, 0, 0, 0)\" class=\"has-inline-color has-vivid-red-color\">08 &#8211; 15 augustus<\/mark> ) ( <mark style=\"background-color:rgba(0, 0, 0, 0)\" class=\"has-inline-color has-vivid-red-color\">gereserveerd <\/mark>)<\/li>\n\n\n\n<li>( <mark style=\"background-color:rgba(0, 0, 0, 0)\" class=\"has-inline-color has-black-color\">1<\/mark><mark style=\"background-color:rgba(0, 0, 0, 0)\" class=\"has-inline-color has-vivid-red-color\">5 &#8211; 22 augustus<\/mark><mark style=\"background-color:rgba(0, 0, 0, 0)\" class=\"has-inline-color has-black-color\">) <\/mark><mark style=\"background-color:rgba(0, 0, 0, 0)\" class=\"has-inline-color has-vivid-red-color\"><\/mark><mark style=\"background-color:rgba(0, 0, 0, 0)\" class=\"has-inline-color has-black-color\">( <\/mark><mark style=\"background-color:rgba(0, 0, 0, 0)\" class=\"has-inline-color has-vivid-red-color\">gereserveerd <\/mark><mark style=\"background-color:rgba(0, 0, 0, 0)\" class=\"has-inline-color has-vivid-cyan-blue-color\">)<\/mark><\/li>\n\n\n\n<li>( <mark style=\"background-color:rgba(0, 0, 0, 0)\" class=\"has-inline-color has-vivid-red-color\">22 &#8211; 29 augustus<\/mark><mark style=\"background-color:rgba(0, 0, 0, 0)\" class=\"has-inline-color has-black-color\">)<\/mark> ( <mark style=\"background-color:rgba(0, 0, 0, 0)\" class=\"has-inline-color has-vivid-red-color\">gereserveerd <\/mark>)<\/li>\n\n\n\n<li>( <mark style=\"background-color:rgba(0, 0, 0, 0)\" class=\"has-inline-color has-black-color\">29 &#8211; 31 augustus <\/mark>) ( <mark style=\"background-color:rgba(0, 0, 0, 0)\" class=\"has-inline-color has-vivid-cyan-blue-color\">beschikbaar <\/mark>)<\/li>\n\n\n\n<li><strong>Maand september 202<\/strong>6<\/li>\n\n\n\n<li>(<mark style=\"background-color:rgba(0, 0, 0, 0)\" class=\"has-inline-color has-vivid-cyan-blue-color\"> <\/mark><mark style=\"background-color:rgba(0, 0, 0, 0)\" class=\"has-inline-color has-black-color\">01 &#8211; 05 september ) <\/mark><mark style=\"background-color:rgba(0, 0, 0, 0)\" class=\"has-inline-color has-vivid-cyan-blue-color\">( beschikbaar <\/mark>)<\/li>\n\n\n\n<li>( <mark style=\"background-color:rgba(0, 0, 0, 0)\" class=\"has-inline-color has-black-color\">05 &#8211; 12 september ) <\/mark><mark style=\"background-color:rgba(0, 0, 0, 0)\" class=\"has-inline-color has-vivid-cyan-blue-color\">( beschikbaar <\/mark>)<\/li>\n\n\n\n<li>( <mark style=\"background-color:rgba(0, 0, 0, 0)\" class=\"has-inline-color has-black-color\">12 &#8211; 19 september ) <\/mark><mark style=\"background-color:rgba(0, 0, 0, 0)\" class=\"has-inline-color has-vivid-cyan-blue-color\">( beschikbaar <\/mark>)<\/li>\n\n\n\n<li>( 19<mark style=\"background-color:rgba(0, 0, 0, 0)\" class=\"has-inline-color has-black-color\"> &#8211; 26 september<\/mark><mark style=\"background-color:rgba(0, 0, 0, 0)\" class=\"has-inline-color has-vivid-cyan-blue-color\"> ) ( beschikbaar <\/mark>)<\/li>\n\n\n\n<li>(<mark style=\"background-color:rgba(0, 0, 0, 0)\" class=\"has-inline-color has-black-color\"> 26 &#8211; 30 september <\/mark><mark style=\"background-color:rgba(0, 0, 0, 0)\" class=\"has-inline-color has-vivid-cyan-blue-color\">) ( beschikbaar <\/mark>)<\/li>\n\n\n\n<li>Oktober 2026 ( <mark style=\"background-color:rgba(0, 0, 0, 0)\" class=\"has-inline-color has-vivid-cyan-blue-color\">gehele maand beschikbaar <\/mark>)<\/li>\n\n\n\n<li>November 2026 ( <mark style=\"background-color:rgba(0, 0, 0, 0)\" class=\"has-inline-color has-vivid-cyan-blue-color\">gehele maand beschikbaar<\/mark> )<\/li>\n\n\n\n<li>December 2026 ( <mark style=\"background-color:rgba(0, 0, 0, 0)\" class=\"has-inline-color has-vivid-cyan-blue-color\">gehele maand beschikbaar<\/mark> )<\/li>\n<\/ul>\n\n\n\n<p><\/p>\n","protected":false},"excerpt":{"rendered":"<p>Bellen of mailen voor afstemmen beschikbaarheid U kunt het beste\u00a0een\u00a0aanvraag doen\u00a0door ons te bellen of mailen. Wij kunnen u dan snel laten weten, of onze vakantiewoning in de door\u00a0u gewenste periode ook daadwerkelijk beschikbaar is. U kunt eventueel ook de beschikbaarheid bekijken en een reservering doen via de navolgende websites; https:\/\/www.booking.com https:\/www. micazu.nl https:\/www.vrbo.nl https:\/www.airbnb.nl [&hellip;]<\/p>\n","protected":false},"author":2,"featured_media":0,"parent":0,"menu_order":0,"comment_status":"closed","ping_status":"closed","template":"page-templates\/left-sidebar.php","meta":{"footnotes":""},"class_list":["post-82","page","type-page","status-publish","hentry"],"yoast_head":"<!-- This site is optimized with the Yoast SEO plugin v27.5 - https:\/\/yoast.com\/product\/yoast-seo-wordpress\/ -->\n<title>RESERVEREN - Vakantiehuis te huur in Zuid-Frankrijk<\/title>\n<meta name=\"description\" content=\"Reserveren, beschikbaarheid,\u00a0groen = beschikbaar, rood = niet, bellen of mailen, overige villa&#039;s en appartementen,\u00a0overige villa&#039;s, appartementen,\" \/>\n<meta name=\"robots\" content=\"index, follow, max-snippet:-1, max-image-preview:large, max-video-preview:-1\" \/>\n<link rel=\"canonical\" href=\"https:\/\/www.vakantiehuis-zuid-frankrijk-barcares.nl\/fr\/reserveren\/\" \/>\n<meta property=\"og:locale\" content=\"fr_FR\" \/>\n<meta property=\"og:type\" content=\"article\" \/>\n<meta property=\"og:title\" content=\"RESERVEREN - Vakantiehuis te huur in Zuid-Frankrijk\" \/>\n<meta property=\"og:description\" content=\"Reserveren, beschikbaarheid,\u00a0groen = beschikbaar, rood = niet, bellen of mailen, overige villa&#039;s en appartementen,\u00a0overige villa&#039;s, appartementen,\" \/>\n<meta property=\"og:url\" content=\"https:\/\/www.vakantiehuis-zuid-frankrijk-barcares.nl\/fr\/reserveren\/\" \/>\n<meta property=\"og:site_name\" content=\"Vakantiehuis te huur in Zuid-Frankrijk\" \/>\n<meta property=\"article:publisher\" content=\"https:\/\/www.facebook.com\/vakantiehuiszuidfrankrijkbarcares\/\" \/>\n<meta property=\"article:modified_time\" content=\"2026-02-15T20:45:02+00:00\" \/>\n<meta name=\"twitter:card\" content=\"summary_large_image\" \/>\n<meta name=\"twitter:label1\" content=\"Dur\u00e9e de lecture estim\u00e9e\" \/>\n\t<meta name=\"twitter:data1\" content=\"2 minutes\" \/>\n<script type=\"application\/ld+json\" class=\"yoast-schema-graph\">{\"@context\":\"https:\\\/\\\/schema.org\",\"@graph\":[{\"@type\":\"WebPage\",\"@id\":\"https:\\\/\\\/www.vakantiehuis-zuid-frankrijk-barcares.nl\\\/reserveren\\\/\",\"url\":\"https:\\\/\\\/www.vakantiehuis-zuid-frankrijk-barcares.nl\\\/reserveren\\\/\",\"name\":\"RESERVEREN - Vakantiehuis te huur in Zuid-Frankrijk\",\"isPartOf\":{\"@id\":\"https:\\\/\\\/www.vakantiehuis-zuid-frankrijk-barcares.nl\\\/#website\"},\"datePublished\":\"2015-12-15T10:01:00+00:00\",\"dateModified\":\"2026-02-15T20:45:02+00:00\",\"description\":\"Reserveren, beschikbaarheid,\u00a0groen = beschikbaar, rood = niet, bellen of mailen, overige villa's en appartementen,\u00a0overige villa's, appartementen,\",\"breadcrumb\":{\"@id\":\"https:\\\/\\\/www.vakantiehuis-zuid-frankrijk-barcares.nl\\\/reserveren\\\/#breadcrumb\"},\"inLanguage\":\"fr-FR\",\"potentialAction\":[{\"@type\":\"ReadAction\",\"target\":[\"https:\\\/\\\/www.vakantiehuis-zuid-frankrijk-barcares.nl\\\/reserveren\\\/\"]}]},{\"@type\":\"BreadcrumbList\",\"@id\":\"https:\\\/\\\/www.vakantiehuis-zuid-frankrijk-barcares.nl\\\/reserveren\\\/#breadcrumb\",\"itemListElement\":[{\"@type\":\"ListItem\",\"position\":1,\"name\":\"Home\",\"item\":\"https:\\\/\\\/www.vakantiehuis-zuid-frankrijk-barcares.nl\\\/\"},{\"@type\":\"ListItem\",\"position\":2,\"name\":\"RESERVEREN\"}]},{\"@type\":\"WebSite\",\"@id\":\"https:\\\/\\\/www.vakantiehuis-zuid-frankrijk-barcares.nl\\\/#website\",\"url\":\"https:\\\/\\\/www.vakantiehuis-zuid-frankrijk-barcares.nl\\\/\",\"name\":\"Vakantiehuis te huur in Zuid-Frankrijk\",\"description\":\"Aan Middellandse zee (400 m) op vakantiepark met zwembad &#039;R\u00e9sidence La Pin\u00e8de&#039; in Le Barcar\u00e8s in de prachtige streek Languedoc-Roussillon, Pyr\u00e9n\u00e9es-Orientales, dichtbij Perpignan. Huur direct van Nederlandse eigenaar.\",\"potentialAction\":[{\"@type\":\"SearchAction\",\"target\":{\"@type\":\"EntryPoint\",\"urlTemplate\":\"https:\\\/\\\/www.vakantiehuis-zuid-frankrijk-barcares.nl\\\/?s={search_term_string}\"},\"query-input\":{\"@type\":\"PropertyValueSpecification\",\"valueRequired\":true,\"valueName\":\"search_term_string\"}}],\"inLanguage\":\"fr-FR\"}]}<\/script>\n<!-- \/ Yoast SEO plugin. -->","yoast_head_json":{"title":"RESERVEREN - Vakantiehuis te huur in Zuid-Frankrijk","description":"Reserveren, beschikbaarheid,\u00a0groen = beschikbaar, rood = niet, bellen of mailen, overige villa's en appartementen,\u00a0overige villa's, appartementen,","robots":{"index":"index","follow":"follow","max-snippet":"max-snippet:-1","max-image-preview":"max-image-preview:large","max-video-preview":"max-video-preview:-1"},"canonical":"https:\/\/www.vakantiehuis-zuid-frankrijk-barcares.nl\/fr\/reserveren\/","og_locale":"fr_FR","og_type":"article","og_title":"RESERVEREN - Vakantiehuis te huur in Zuid-Frankrijk","og_description":"Reserveren, beschikbaarheid,\u00a0groen = beschikbaar, rood = niet, bellen of mailen, overige villa's en appartementen,\u00a0overige villa's, appartementen,","og_url":"https:\/\/www.vakantiehuis-zuid-frankrijk-barcares.nl\/fr\/reserveren\/","og_site_name":"Vakantiehuis te huur in Zuid-Frankrijk","article_publisher":"https:\/\/www.facebook.com\/vakantiehuiszuidfrankrijkbarcares\/","article_modified_time":"2026-02-15T20:45:02+00:00","twitter_card":"summary_large_image","twitter_misc":{"Dur\u00e9e de lecture estim\u00e9e":"2 minutes"},"schema":{"@context":"https:\/\/schema.org","@graph":[{"@type":"WebPage","@id":"https:\/\/www.vakantiehuis-zuid-frankrijk-barcares.nl\/reserveren\/","url":"https:\/\/www.vakantiehuis-zuid-frankrijk-barcares.nl\/reserveren\/","name":"RESERVEREN - Vakantiehuis te huur in Zuid-Frankrijk","isPartOf":{"@id":"https:\/\/www.vakantiehuis-zuid-frankrijk-barcares.nl\/#website"},"datePublished":"2015-12-15T10:01:00+00:00","dateModified":"2026-02-15T20:45:02+00:00","description":"Reserveren, beschikbaarheid,\u00a0groen = beschikbaar, rood = niet, bellen of mailen, overige villa's en appartementen,\u00a0overige villa's, appartementen,","breadcrumb":{"@id":"https:\/\/www.vakantiehuis-zuid-frankrijk-barcares.nl\/reserveren\/#breadcrumb"},"inLanguage":"fr-FR","potentialAction":[{"@type":"ReadAction","target":["https:\/\/www.vakantiehuis-zuid-frankrijk-barcares.nl\/reserveren\/"]}]},{"@type":"BreadcrumbList","@id":"https:\/\/www.vakantiehuis-zuid-frankrijk-barcares.nl\/reserveren\/#breadcrumb","itemListElement":[{"@type":"ListItem","position":1,"name":"Home","item":"https:\/\/www.vakantiehuis-zuid-frankrijk-barcares.nl\/"},{"@type":"ListItem","position":2,"name":"RESERVEREN"}]},{"@type":"WebSite","@id":"https:\/\/www.vakantiehuis-zuid-frankrijk-barcares.nl\/#website","url":"https:\/\/www.vakantiehuis-zuid-frankrijk-barcares.nl\/","name":"Vakantiehuis te huur in Zuid-Frankrijk","description":"Aan Middellandse zee (400 m) op vakantiepark met zwembad &#039;R\u00e9sidence La Pin\u00e8de&#039; in Le Barcar\u00e8s in de prachtige streek Languedoc-Roussillon, Pyr\u00e9n\u00e9es-Orientales, dichtbij Perpignan. Huur direct van Nederlandse eigenaar.","potentialAction":[{"@type":"SearchAction","target":{"@type":"EntryPoint","urlTemplate":"https:\/\/www.vakantiehuis-zuid-frankrijk-barcares.nl\/?s={search_term_string}"},"query-input":{"@type":"PropertyValueSpecification","valueRequired":true,"valueName":"search_term_string"}}],"inLanguage":"fr-FR"}]}},"_links":{"self":[{"href":"https:\/\/www.vakantiehuis-zuid-frankrijk-barcares.nl\/fr\/wp-json\/wp\/v2\/pages\/82","targetHints":{"allow":["GET"]}}],"collection":[{"href":"https:\/\/www.vakantiehuis-zuid-frankrijk-barcares.nl\/fr\/wp-json\/wp\/v2\/pages"}],"about":[{"href":"https:\/\/www.vakantiehuis-zuid-frankrijk-barcares.nl\/fr\/wp-json\/wp\/v2\/types\/page"}],"author":[{"embeddable":true,"href":"https:\/\/www.vakantiehuis-zuid-frankrijk-barcares.nl\/fr\/wp-json\/wp\/v2\/users\/2"}],"replies":[{"embeddable":true,"href":"https:\/\/www.vakantiehuis-zuid-frankrijk-barcares.nl\/fr\/wp-json\/wp\/v2\/comments?post=82"}],"version-history":[{"count":130,"href":"https:\/\/www.vakantiehuis-zuid-frankrijk-barcares.nl\/fr\/wp-json\/wp\/v2\/pages\/82\/revisions"}],"predecessor-version":[{"id":2276,"href":"https:\/\/www.vakantiehuis-zuid-frankrijk-barcares.nl\/fr\/wp-json\/wp\/v2\/pages\/82\/revisions\/2276"}],"wp:attachment":[{"href":"https:\/\/www.vakantiehuis-zuid-frankrijk-barcares.nl\/fr\/wp-json\/wp\/v2\/media?parent=82"}],"curies":[{"name":"wp","href":"https:\/\/api.w.org\/{rel}","templated":true}]}}