{"id":84,"date":"2015-12-15T10:01:11","date_gmt":"2015-12-15T10:01:11","guid":{"rendered":"http:\/\/www.vakantiehuis-zuid-frankrijk-barcares.nl\/?page_id=84"},"modified":"2025-04-15T05:25:40","modified_gmt":"2025-04-15T05:25:40","slug":"contact","status":"publish","type":"page","link":"https:\/\/www.vakantiehuis-zuid-frankrijk-barcares.nl\/fr\/contact\/","title":{"rendered":"CONTACT"},"content":{"rendered":"<p><a href=\"http:\/\/www.vakantiehuis-zuid-frankrijk-barcares.nl\/wp-content\/uploads\/2015\/12\/Eigenaren-Piet-Paula.jpg\" rel=\"attachment wp-att-955\"><img loading=\"lazy\" decoding=\"async\" class=\"alignleft wp-image-955 size-medium\" src=\"http:\/\/www.vakantiehuis-zuid-frankrijk-barcares.nl\/wp-content\/uploads\/2015\/12\/Eigenaren-Piet-Paula-210x300.jpg\" alt=\"Eigenaren Piet &amp; Paula\" width=\"210\" height=\"300\" srcset=\"https:\/\/www.vakantiehuis-zuid-frankrijk-barcares.nl\/wp-content\/uploads\/2015\/12\/Eigenaren-Piet-Paula-210x300.jpg 210w, https:\/\/www.vakantiehuis-zuid-frankrijk-barcares.nl\/wp-content\/uploads\/2015\/12\/Eigenaren-Piet-Paula-768x1095.jpg 768w, https:\/\/www.vakantiehuis-zuid-frankrijk-barcares.nl\/wp-content\/uploads\/2015\/12\/Eigenaren-Piet-Paula-718x1024.jpg 718w, https:\/\/www.vakantiehuis-zuid-frankrijk-barcares.nl\/wp-content\/uploads\/2015\/12\/Eigenaren-Piet-Paula-300x428.jpg 300w, https:\/\/www.vakantiehuis-zuid-frankrijk-barcares.nl\/wp-content\/uploads\/2015\/12\/Eigenaren-Piet-Paula.jpg 897w\" sizes=\"auto, (max-width: 210px) 100vw, 210px\" \/><\/a><a href=\"https:\/\/www.vakantiehuis-zuid-frankrijk-barcares.nl\/wp-content\/uploads\/2018\/01\/960-231217-PIET-EN-PAULA-KERSTGALABAL-DANCIEPOINT-2017.jpg\"><img loading=\"lazy\" decoding=\"async\" class=\"alignnone size-medium wp-image-1494\" src=\"https:\/\/www.vakantiehuis-zuid-frankrijk-barcares.nl\/wp-content\/uploads\/2018\/01\/960-231217-PIET-EN-PAULA-KERSTGALABAL-DANCIEPOINT-2017-225x300.jpg\" alt=\"\" width=\"225\" height=\"300\" srcset=\"https:\/\/www.vakantiehuis-zuid-frankrijk-barcares.nl\/wp-content\/uploads\/2018\/01\/960-231217-PIET-EN-PAULA-KERSTGALABAL-DANCIEPOINT-2017-225x300.jpg 225w, https:\/\/www.vakantiehuis-zuid-frankrijk-barcares.nl\/wp-content\/uploads\/2018\/01\/960-231217-PIET-EN-PAULA-KERSTGALABAL-DANCIEPOINT-2017-768x1024.jpg 768w, https:\/\/www.vakantiehuis-zuid-frankrijk-barcares.nl\/wp-content\/uploads\/2018\/01\/960-231217-PIET-EN-PAULA-KERSTGALABAL-DANCIEPOINT-2017-300x400.jpg 300w, https:\/\/www.vakantiehuis-zuid-frankrijk-barcares.nl\/wp-content\/uploads\/2018\/01\/960-231217-PIET-EN-PAULA-KERSTGALABAL-DANCIEPOINT-2017-1278x1704.jpg 1278w, https:\/\/www.vakantiehuis-zuid-frankrijk-barcares.nl\/wp-content\/uploads\/2018\/01\/960-231217-PIET-EN-PAULA-KERSTGALABAL-DANCIEPOINT-2017-1309x1745.jpg 1309w\" sizes=\"auto, (max-width: 225px) 100vw, 225px\" \/><\/a><\/p>\n<h1 class=\"widget-title\">Des Questions et des conseils<\/h1>\n<p class=\"widget-title\">Voor beantwoording van vragen en boekingen kunt u rechtstreeks contact opnemen met ons, de eigenaren van dit vakantiehuis. Dit kan het beste door te bellen of te mailen, wij zullen\u00a0daarop zo spoedig mogelijk reageren.<\/p>\n<p class=\"widget-title\">In bepaalde perioden van het jaar kunnen wij u\u00a0kortingen\u00a0of een bepaald arrangement aanbieden waarvoor u normaal zou moeten betalen. Vraag naar de mogelijkheden, en u hoort\u00a0snel\u00a0van ons door\u00a0ons te bellen of mailen !<\/p>\n<p class=\"widget-title\"><strong>Les propri\u00e9taires<\/strong><\/p>\n<p>Piet\u00a0&amp; Paula Knops<br \/>\nNapol\u00e9on 5<br \/>\n6081 AA Haelen<br \/>\nPays-bas<\/p>\n<div class=\"textwidget\">\n<p>Mobile : <a href=\"tel:0031 6 53 96 74 73\">0031 (0)6 53 96 74 73<\/a><br \/>\nE-mail : <a href=\"mailto:info@vakantiehuis-zuid-frankrijk-barcares.nl\">info@vakantiehuis-zuid-frankrijk-barcares.nl<\/a><\/p>\n<p><span style=\"color: #333399;\"><strong>D\u00c9CLARATION DE CONFIDENTIALIT\u00c9<\/strong><\/span><\/p>\n<p>Les propri\u00e9taires de la maison de vacances Villa 8 de Oranje Tulp, situ\u00e9 au 3 Boulevard Emiel Zola, 66420 Le Barcar\u00e8s, sont responsables du traitement des donn\u00e9es personnelles comme indiqu\u00e9 dans la pr\u00e9sente d\u00e9claration de confidentialit\u00e9.<br \/>\n<strong>Informations de Contact pour les propri\u00e9taires de la pays-bas:<\/strong><br \/>\nhttps:\/\/www.vakantiehuis-zuid-frankrijk-barcares.nl, Napoleonsweg 5 6081 AA Haelen 0031 475 49 77 50<br \/>\nPiet Knops est l&#039;Agent de Protection des Donn\u00e9es de la Villa 8 de Oranje Tulp. Il\/elle peut \u00eatre atteinte par le biais de p.knops@ziggo.nl.<\/p>\n<p><strong>Les donn\u00e9es personnelles que nous traitons<\/strong><br \/>\nVilla 8 de Oranje Tulp traite vos donn\u00e9es personnelles en raison de l&#039;utilisation de nos services et\/ou parce que vous nous les fournissez vous-m\u00eame. Vous trouverez ci-dessous un aper\u00e7u des donn\u00e9es \u00e0 caract\u00e8re personnel que nous traitons dans le cas o\u00f9 vous faites une demande ou r\u00e9servation:<br \/>\n- Nom et pr\u00e9nom<br \/>\nSexe<br \/>\n\u2013 Date de naissance<br \/>\n\u2013 Les informations d&#039;adresse<\/p>\n<p>- Num\u00e9ro de compte bancaire<\/p>\n<p>\u2013 Num\u00e9ro de t\u00e9l\u00e9phone<br \/>\n\u2013 P\u00e9riode de location<br \/>\n- Nombre de personnes<br \/>\n\u2013 E-mail<br \/>\n\u2013 Identification<\/p>\n<p><strong>Sp\u00e9ciaux et \/ ou de donn\u00e9es sensibles \u00e0 caract\u00e8re personnel que nous traitons<\/strong><br \/>\nNotre site web et \/ ou le service n&#039;a pas l&#039;intention de recueillir des donn\u00e9es sur les visiteurs du site qui sont de moins de 16 ans. \u00c0 moins d&#039;avoir la permission des parents ou d&#039;un tuteur. Cependant, nous ne pouvons pas v\u00e9rifier si un visiteur de plus de 16 ans. Par cons\u00e9quent, nous recommandons que les parents soient impliqu\u00e9s dans les activit\u00e9s en ligne de leurs enfants, afin d&#039;\u00e9viter que des donn\u00e9es sur les enfants d&#039;\u00eatre recueillis sans le consentement des parents. Si vous \u00eates convaincu que nous avons recueilli des donn\u00e9es personnelles au sujet d&#039;un mineur sans le consentement, veuillez nous contacter \u00e0 info@vakantiehuis-zuid-frankrijk-barcares.nl puis nous supprimer cette information.<br \/>\n<strong>Dans quel but et sur quelle base peut-on traiter les donn\u00e9es personnelles?<\/strong><br \/>\n<strong>Villa 8 de Oranje Tulp traite vos donn\u00e9es personnelles aux fins suivantes:<\/strong><br \/>\n- Traitement de votre paiement.<br \/>\n-Pour pouvoir t\u00e9l\u00e9phoner ou envoyer un e-mail vous si cela est n\u00e9cessaire pour \u00eatre en mesure de mener \u00e0 bien nos services.<br \/>\n- Pour fournir des biens et des services.<br \/>\n&#8211; Villa 8 De Oranje Tulp verwerkt ook persoonsgegevens als wij hier wettelijk toe verplicht zijn, zoals gegevens die wij nodig\u00a0 hebben voor onze belastingaangifte.<br \/>\n- Le maintien de la nuit s&#039;inscrire pour le b\u00e9n\u00e9fice de la municipalit\u00e9 et dans le contexte du r\u00e8glement de s\u00e9curit\u00e9.<br \/>\n<strong>Automatis\u00e9 de prise de d\u00e9cision<\/strong><br \/>\nVilla 8 de Oranje Tulp ne pas prendre de d\u00e9cisions fond\u00e9e sur un traitement automatis\u00e9 sur des questions qui peuvent avoir (beaucoup) les cons\u00e9quences pour les personnes. Ce sont des d\u00e9cisions qui sont prises par des programmes informatiques ou des syst\u00e8mes, sans qu&#039;une personne (par exemple, un employ\u00e9 de la Villa 8 de Oranje Tulp) assis entre eux.<br \/>\n<strong>Combien de temps nous conservons les donn\u00e9es personnelles<\/strong><br \/>\nVilla 8 de Oranje Tulp ne stocke pas vos donn\u00e9es personnelles plus longtemps que ce qui est strictement n\u00e9cessaire pour atteindre les fins pour lesquelles les donn\u00e9es sont collect\u00e9es. Nous utilisons une p\u00e9riode de r\u00e9tention de 7 ans pour les donn\u00e9es personnelles comme indiqu\u00e9 ci-dessus: la raison se trouve dans l&#039;obligation l\u00e9gale impos\u00e9e par les autorit\u00e9s fiscales et la municipalit\u00e9.<br \/>\n<strong>Le partage des donn\u00e9es personnelles avec des tierces parties<\/strong><br \/>\nVilla 8 de Oranje Tulp seulement fournit \u00e0 des tiers et uniquement si cela est n\u00e9cessaire pour l&#039;ex\u00e9cution de notre contrat avec vous, ou pour se conformer \u00e0 une obligation l\u00e9gale.<br \/>\n<strong>Des Cookies, ou des techniques similaires, que nous utilisons<\/strong><br \/>\nVilla 8 de Oranje Tulp utilise uniquement fonctionnelle et technique des cookies. Et les cookies d&#039;analyse qui ne portent pas atteinte \u00e0 votre vie priv\u00e9e. Un cookie est un petit fichier texte qui est stock\u00e9 sur votre ordinateur, tablette ou smartphone lorsque vous visitez ce site web. Les cookies que nous utilisons sont n\u00e9cessaires pour le fonctionnement technique du site web et votre facilit\u00e9 d&#039;utilisation. Ils veillent \u00e0 ce que le site web fonctionne correctement et n&#039;oubliez pas, par exemple, vos param\u00e8tres pr\u00e9f\u00e9r\u00e9s. Cela nous permet d&#039;optimiser notre site web. Vous pouvez choisir de refuser les cookies en configurant votre Navigateur Internet de sorte qu&#039;il ne stocke plus de cookies. En outre, vous pouvez \u00e9galement supprimer toutes les donn\u00e9es pr\u00e9c\u00e9demment stock\u00e9es via les param\u00e8tres de votre navigateur.<br \/>\n<strong>Afficher, modifier ou supprimer des donn\u00e9es<\/strong><br \/>\nU heeft het recht om uw persoonsgegevens in te zien, te corrigeren of te verwijderen. Daarnaast heeft u het recht om uw eventuele toestemming voor de gegevensverwerking in te trekken of bezwaar te maken tegen de verwerking van uw persoonsgegevens door Villa 8 De Oranje Tulp heeft u het recht op gegevensoverdraagbaarheid. Dat betekent dat u bij ons een verzoek kunt indienen om de persoonsgegevens die wij van u beschikken in een computerbestand naar u of een ander, door u genoemde organisatie, te sturen. U kunt een verzoek tot inzage, correctie, verwijdering, gegevensoverdraging van uw persoonsgegevens of verzoek tot intrekking van uw toestemming of bezwaar op de verwerking van uw persoonsgegevens sturen naar info@vakantiehuis-zuid-frankrijk-barcares.nl. Om er zeker van te zijn dat het verzoek tot inzage door u is gedaan, vragen wij u een kopie van uw identiteitsbewijs met het verzoek mee te sturen. Maak in deze kopie uw pasfoto, MRZ (machine readable zone, de strook met nummers onderaan het paspoort), paspoortnummer en Burgerservicenummer (BSN) zwart. Dit ter bescherming van uw privacy. We reageren zo snel mogelijk, maar binnen vier weken, op uw verzoek. Villa 8 De Oranje Tulp wil u er tevens op wijzen dat u de mogelijkheid heeft om een klacht in te dienen bij de nationale toezichthouder, de Autoriteit Persoonsgegevens. Dat kan via de volgende link: https:\/\/autoriteitpersoonsgegevens.nl\/nl\/contact-met-de-autoriteit-persoonsgegevens\/tip-ons<br \/>\n<strong>Comment nous prot\u00e9geons les donn\u00e9es personnelles<\/strong><br \/>\nVilla 8 de Oranje Tulp prend la protection de vos donn\u00e9es tr\u00e8s au s\u00e9rieux et prend les mesures appropri\u00e9es pour pr\u00e9venir l&#039;utilisation abusive, la perte, l&#039;acc\u00e8s non autoris\u00e9, la divulgation non d\u00e9sir\u00e9e et la modification non autoris\u00e9es. Si vous avez l&#039;impression que vos donn\u00e9es n&#039;est pas correctement fix\u00e9 ou il y a des indications d&#039;une mauvaise utilisation, veuillez contacter notre service client ou via info@benbleudal.nl.<\/p>\n<\/div>","protected":false},"excerpt":{"rendered":"<p>Vragen en advies Voor beantwoording van vragen en boekingen kunt u rechtstreeks contact opnemen met ons, de eigenaren van dit vakantiehuis. Dit kan het beste door te bellen of te mailen, wij zullen\u00a0daarop zo spoedig mogelijk reageren. In bepaalde perioden van het jaar kunnen wij u\u00a0kortingen\u00a0of een bepaald arrangement aanbieden waarvoor u normaal zou moeten [&hellip;]<\/p>\n","protected":false},"author":2,"featured_media":0,"parent":0,"menu_order":0,"comment_status":"closed","ping_status":"closed","template":"page-templates\/full-width-wide.php","meta":{"footnotes":""},"class_list":["post-84","page","type-page","status-publish","hentry"],"yoast_head":"<!-- This site is optimized with the Yoast SEO plugin v27.4 - https:\/\/yoast.com\/product\/yoast-seo-wordpress\/ -->\n<title>CONTACT - Vakantiehuis te huur in Zuid-Frankrijk<\/title>\n<meta name=\"description\" content=\"Rechtstreeks contact, Piet &amp; Paula, vragen, boekingen, kortingen, eigenaren vakantiehuis, telefoon, e-mailadres, mobiel nummer, spoedige reactie\" \/>\n<meta name=\"robots\" content=\"index, follow, max-snippet:-1, max-image-preview:large, max-video-preview:-1\" \/>\n<link rel=\"canonical\" href=\"https:\/\/www.vakantiehuis-zuid-frankrijk-barcares.nl\/fr\/contact\/\" \/>\n<meta property=\"og:locale\" content=\"fr_FR\" \/>\n<meta property=\"og:type\" content=\"article\" \/>\n<meta property=\"og:title\" content=\"CONTACT - Vakantiehuis te huur in Zuid-Frankrijk\" \/>\n<meta property=\"og:description\" content=\"Rechtstreeks contact, Piet &amp; Paula, vragen, boekingen, kortingen, eigenaren vakantiehuis, telefoon, e-mailadres, mobiel nummer, spoedige reactie\" \/>\n<meta property=\"og:url\" content=\"https:\/\/www.vakantiehuis-zuid-frankrijk-barcares.nl\/fr\/contact\/\" \/>\n<meta property=\"og:site_name\" content=\"Vakantiehuis te huur in Zuid-Frankrijk\" \/>\n<meta property=\"article:publisher\" content=\"https:\/\/www.facebook.com\/vakantiehuiszuidfrankrijkbarcares\/\" \/>\n<meta property=\"article:modified_time\" content=\"2025-04-15T05:25:40+00:00\" \/>\n<meta property=\"og:image\" content=\"https:\/\/www.vakantiehuis-zuid-frankrijk-barcares.nl\/wp-content\/uploads\/2015\/12\/Eigenaren-Piet-Paula.jpg\" \/>\n\t<meta property=\"og:image:width\" content=\"897\" \/>\n\t<meta property=\"og:image:height\" content=\"1279\" \/>\n\t<meta property=\"og:image:type\" content=\"image\/jpeg\" \/>\n<meta name=\"twitter:card\" content=\"summary_large_image\" \/>\n<meta name=\"twitter:label1\" content=\"Dur\u00e9e de lecture estim\u00e9e\" \/>\n\t<meta name=\"twitter:data1\" content=\"6 minutes\" \/>\n<script type=\"application\/ld+json\" class=\"yoast-schema-graph\">{\"@context\":\"https:\\\/\\\/schema.org\",\"@graph\":[{\"@type\":\"WebPage\",\"@id\":\"https:\\\/\\\/www.vakantiehuis-zuid-frankrijk-barcares.nl\\\/contact\\\/\",\"url\":\"https:\\\/\\\/www.vakantiehuis-zuid-frankrijk-barcares.nl\\\/contact\\\/\",\"name\":\"CONTACT - Vakantiehuis te huur in Zuid-Frankrijk\",\"isPartOf\":{\"@id\":\"https:\\\/\\\/www.vakantiehuis-zuid-frankrijk-barcares.nl\\\/#website\"},\"primaryImageOfPage\":{\"@id\":\"https:\\\/\\\/www.vakantiehuis-zuid-frankrijk-barcares.nl\\\/contact\\\/#primaryimage\"},\"image\":{\"@id\":\"https:\\\/\\\/www.vakantiehuis-zuid-frankrijk-barcares.nl\\\/contact\\\/#primaryimage\"},\"thumbnailUrl\":\"http:\\\/\\\/www.vakantiehuis-zuid-frankrijk-barcares.nl\\\/wp-content\\\/uploads\\\/2015\\\/12\\\/Eigenaren-Piet-Paula-210x300.jpg\",\"datePublished\":\"2015-12-15T10:01:11+00:00\",\"dateModified\":\"2025-04-15T05:25:40+00:00\",\"description\":\"Rechtstreeks contact, Piet & Paula, vragen, boekingen, kortingen, eigenaren vakantiehuis, telefoon, e-mailadres, mobiel nummer, spoedige reactie\",\"breadcrumb\":{\"@id\":\"https:\\\/\\\/www.vakantiehuis-zuid-frankrijk-barcares.nl\\\/contact\\\/#breadcrumb\"},\"inLanguage\":\"fr-FR\",\"potentialAction\":[{\"@type\":\"ReadAction\",\"target\":[\"https:\\\/\\\/www.vakantiehuis-zuid-frankrijk-barcares.nl\\\/contact\\\/\"]}]},{\"@type\":\"ImageObject\",\"inLanguage\":\"fr-FR\",\"@id\":\"https:\\\/\\\/www.vakantiehuis-zuid-frankrijk-barcares.nl\\\/contact\\\/#primaryimage\",\"url\":\"http:\\\/\\\/www.vakantiehuis-zuid-frankrijk-barcares.nl\\\/wp-content\\\/uploads\\\/2015\\\/12\\\/Eigenaren-Piet-Paula-210x300.jpg\",\"contentUrl\":\"http:\\\/\\\/www.vakantiehuis-zuid-frankrijk-barcares.nl\\\/wp-content\\\/uploads\\\/2015\\\/12\\\/Eigenaren-Piet-Paula-210x300.jpg\"},{\"@type\":\"BreadcrumbList\",\"@id\":\"https:\\\/\\\/www.vakantiehuis-zuid-frankrijk-barcares.nl\\\/contact\\\/#breadcrumb\",\"itemListElement\":[{\"@type\":\"ListItem\",\"position\":1,\"name\":\"Home\",\"item\":\"https:\\\/\\\/www.vakantiehuis-zuid-frankrijk-barcares.nl\\\/\"},{\"@type\":\"ListItem\",\"position\":2,\"name\":\"CONTACT\"}]},{\"@type\":\"WebSite\",\"@id\":\"https:\\\/\\\/www.vakantiehuis-zuid-frankrijk-barcares.nl\\\/#website\",\"url\":\"https:\\\/\\\/www.vakantiehuis-zuid-frankrijk-barcares.nl\\\/\",\"name\":\"Vakantiehuis te huur in Zuid-Frankrijk\",\"description\":\"Aan Middellandse zee (400 m) op vakantiepark met zwembad &#039;R\u00e9sidence La Pin\u00e8de&#039; in Le Barcar\u00e8s in de prachtige streek Languedoc-Roussillon, Pyr\u00e9n\u00e9es-Orientales, dichtbij Perpignan. Huur direct van Nederlandse eigenaar.\",\"potentialAction\":[{\"@type\":\"SearchAction\",\"target\":{\"@type\":\"EntryPoint\",\"urlTemplate\":\"https:\\\/\\\/www.vakantiehuis-zuid-frankrijk-barcares.nl\\\/?s={search_term_string}\"},\"query-input\":{\"@type\":\"PropertyValueSpecification\",\"valueRequired\":true,\"valueName\":\"search_term_string\"}}],\"inLanguage\":\"fr-FR\"}]}<\/script>\n<!-- \/ Yoast SEO plugin. -->","yoast_head_json":{"title":"CONTACT - Vakantiehuis te huur in Zuid-Frankrijk","description":"Rechtstreeks contact, Piet & Paula, vragen, boekingen, kortingen, eigenaren vakantiehuis, telefoon, e-mailadres, mobiel nummer, spoedige reactie","robots":{"index":"index","follow":"follow","max-snippet":"max-snippet:-1","max-image-preview":"max-image-preview:large","max-video-preview":"max-video-preview:-1"},"canonical":"https:\/\/www.vakantiehuis-zuid-frankrijk-barcares.nl\/fr\/contact\/","og_locale":"fr_FR","og_type":"article","og_title":"CONTACT - Vakantiehuis te huur in Zuid-Frankrijk","og_description":"Rechtstreeks contact, Piet & Paula, vragen, boekingen, kortingen, eigenaren vakantiehuis, telefoon, e-mailadres, mobiel nummer, spoedige reactie","og_url":"https:\/\/www.vakantiehuis-zuid-frankrijk-barcares.nl\/fr\/contact\/","og_site_name":"Vakantiehuis te huur in Zuid-Frankrijk","article_publisher":"https:\/\/www.facebook.com\/vakantiehuiszuidfrankrijkbarcares\/","article_modified_time":"2025-04-15T05:25:40+00:00","og_image":[{"width":897,"height":1279,"url":"https:\/\/www.vakantiehuis-zuid-frankrijk-barcares.nl\/wp-content\/uploads\/2015\/12\/Eigenaren-Piet-Paula.jpg","type":"image\/jpeg"}],"twitter_card":"summary_large_image","twitter_misc":{"Dur\u00e9e de lecture estim\u00e9e":"6 minutes"},"schema":{"@context":"https:\/\/schema.org","@graph":[{"@type":"WebPage","@id":"https:\/\/www.vakantiehuis-zuid-frankrijk-barcares.nl\/contact\/","url":"https:\/\/www.vakantiehuis-zuid-frankrijk-barcares.nl\/contact\/","name":"CONTACT - Vakantiehuis te huur in Zuid-Frankrijk","isPartOf":{"@id":"https:\/\/www.vakantiehuis-zuid-frankrijk-barcares.nl\/#website"},"primaryImageOfPage":{"@id":"https:\/\/www.vakantiehuis-zuid-frankrijk-barcares.nl\/contact\/#primaryimage"},"image":{"@id":"https:\/\/www.vakantiehuis-zuid-frankrijk-barcares.nl\/contact\/#primaryimage"},"thumbnailUrl":"http:\/\/www.vakantiehuis-zuid-frankrijk-barcares.nl\/wp-content\/uploads\/2015\/12\/Eigenaren-Piet-Paula-210x300.jpg","datePublished":"2015-12-15T10:01:11+00:00","dateModified":"2025-04-15T05:25:40+00:00","description":"Rechtstreeks contact, Piet & Paula, vragen, boekingen, kortingen, eigenaren vakantiehuis, telefoon, e-mailadres, mobiel nummer, spoedige reactie","breadcrumb":{"@id":"https:\/\/www.vakantiehuis-zuid-frankrijk-barcares.nl\/contact\/#breadcrumb"},"inLanguage":"fr-FR","potentialAction":[{"@type":"ReadAction","target":["https:\/\/www.vakantiehuis-zuid-frankrijk-barcares.nl\/contact\/"]}]},{"@type":"ImageObject","inLanguage":"fr-FR","@id":"https:\/\/www.vakantiehuis-zuid-frankrijk-barcares.nl\/contact\/#primaryimage","url":"http:\/\/www.vakantiehuis-zuid-frankrijk-barcares.nl\/wp-content\/uploads\/2015\/12\/Eigenaren-Piet-Paula-210x300.jpg","contentUrl":"http:\/\/www.vakantiehuis-zuid-frankrijk-barcares.nl\/wp-content\/uploads\/2015\/12\/Eigenaren-Piet-Paula-210x300.jpg"},{"@type":"BreadcrumbList","@id":"https:\/\/www.vakantiehuis-zuid-frankrijk-barcares.nl\/contact\/#breadcrumb","itemListElement":[{"@type":"ListItem","position":1,"name":"Home","item":"https:\/\/www.vakantiehuis-zuid-frankrijk-barcares.nl\/"},{"@type":"ListItem","position":2,"name":"CONTACT"}]},{"@type":"WebSite","@id":"https:\/\/www.vakantiehuis-zuid-frankrijk-barcares.nl\/#website","url":"https:\/\/www.vakantiehuis-zuid-frankrijk-barcares.nl\/","name":"Vakantiehuis te huur in Zuid-Frankrijk","description":"Aan Middellandse zee (400 m) op vakantiepark met zwembad &#039;R\u00e9sidence La Pin\u00e8de&#039; in Le Barcar\u00e8s in de prachtige streek Languedoc-Roussillon, Pyr\u00e9n\u00e9es-Orientales, dichtbij Perpignan. Huur direct van Nederlandse eigenaar.","potentialAction":[{"@type":"SearchAction","target":{"@type":"EntryPoint","urlTemplate":"https:\/\/www.vakantiehuis-zuid-frankrijk-barcares.nl\/?s={search_term_string}"},"query-input":{"@type":"PropertyValueSpecification","valueRequired":true,"valueName":"search_term_string"}}],"inLanguage":"fr-FR"}]}},"_links":{"self":[{"href":"https:\/\/www.vakantiehuis-zuid-frankrijk-barcares.nl\/fr\/wp-json\/wp\/v2\/pages\/84","targetHints":{"allow":["GET"]}}],"collection":[{"href":"https:\/\/www.vakantiehuis-zuid-frankrijk-barcares.nl\/fr\/wp-json\/wp\/v2\/pages"}],"about":[{"href":"https:\/\/www.vakantiehuis-zuid-frankrijk-barcares.nl\/fr\/wp-json\/wp\/v2\/types\/page"}],"author":[{"embeddable":true,"href":"https:\/\/www.vakantiehuis-zuid-frankrijk-barcares.nl\/fr\/wp-json\/wp\/v2\/users\/2"}],"replies":[{"embeddable":true,"href":"https:\/\/www.vakantiehuis-zuid-frankrijk-barcares.nl\/fr\/wp-json\/wp\/v2\/comments?post=84"}],"version-history":[{"count":43,"href":"https:\/\/www.vakantiehuis-zuid-frankrijk-barcares.nl\/fr\/wp-json\/wp\/v2\/pages\/84\/revisions"}],"predecessor-version":[{"id":2237,"href":"https:\/\/www.vakantiehuis-zuid-frankrijk-barcares.nl\/fr\/wp-json\/wp\/v2\/pages\/84\/revisions\/2237"}],"wp:attachment":[{"href":"https:\/\/www.vakantiehuis-zuid-frankrijk-barcares.nl\/fr\/wp-json\/wp\/v2\/media?parent=84"}],"curies":[{"name":"wp","href":"https:\/\/api.w.org\/{rel}","templated":true}]}}